{"id":11643,"date":"2025-02-09T11:08:25","date_gmt":"2025-02-09T10:08:25","guid":{"rendered":"https:\/\/agora.xtec.cat\/ceipsolilluna\/?page_id=11643"},"modified":"2025-02-09T11:58:18","modified_gmt":"2025-02-09T10:58:18","slug":"jornades-esportives","status":"publish","type":"page","link":"https:\/\/agora.xtec.cat\/ceipsolilluna\/moments-a-recordar\/jornades-esportives\/","title":{"rendered":"Jornades esportives"},"content":{"rendered":"<p>\u00c9s una jornada matinal amb propostes matinals per a tota la comunitat educativa actual i per a totes les promocions, d&#8217;alumnat i fam\u00edlies dels anys d&#8217;escola.<\/p>\n<p><img loading=\"lazy\" decoding=\"async\" class=\"wp-image-11649 alignleft\" src=\"https:\/\/agora.xtec.cat\/ceipsolilluna\/wp-content\/uploads\/usu372\/2025\/02\/WhatsApp-Image-2025-02-08-at-14.43.08-2-1024x768.jpeg\" alt=\"\" width=\"264\" height=\"198\" srcset=\"https:\/\/agora.xtec.cat\/ceipsolilluna\/wp-content\/uploads\/usu372\/2025\/02\/WhatsApp-Image-2025-02-08-at-14.43.08-2-1024x768.jpeg 1024w, https:\/\/agora.xtec.cat\/ceipsolilluna\/wp-content\/uploads\/usu372\/2025\/02\/WhatsApp-Image-2025-02-08-at-14.43.08-2-300x225.jpeg 300w, https:\/\/agora.xtec.cat\/ceipsolilluna\/wp-content\/uploads\/usu372\/2025\/02\/WhatsApp-Image-2025-02-08-at-14.43.08-2-768x576.jpeg 768w, https:\/\/agora.xtec.cat\/ceipsolilluna\/wp-content\/uploads\/usu372\/2025\/02\/WhatsApp-Image-2025-02-08-at-14.43.08-2-1536x1152.jpeg 1536w, https:\/\/agora.xtec.cat\/ceipsolilluna\/wp-content\/uploads\/usu372\/2025\/02\/WhatsApp-Image-2025-02-08-at-14.43.08-2-200x150.jpeg 200w, https:\/\/agora.xtec.cat\/ceipsolilluna\/wp-content\/uploads\/usu372\/2025\/02\/WhatsApp-Image-2025-02-08-at-14.43.08-2.jpeg 1600w\" sizes=\"auto, (max-width: 264px) 100vw, 264px\" \/><\/p>\n<p><img loading=\"lazy\" decoding=\"async\" class=\"wp-image-11648 alignleft\" src=\"https:\/\/agora.xtec.cat\/ceipsolilluna\/wp-content\/uploads\/usu372\/2025\/02\/WhatsApp-Image-2025-02-08-at-14.43.08-1-1024x768.jpeg\" alt=\"\" width=\"262\" height=\"196\" srcset=\"https:\/\/agora.xtec.cat\/ceipsolilluna\/wp-content\/uploads\/usu372\/2025\/02\/WhatsApp-Image-2025-02-08-at-14.43.08-1-1024x768.jpeg 1024w, https:\/\/agora.xtec.cat\/ceipsolilluna\/wp-content\/uploads\/usu372\/2025\/02\/WhatsApp-Image-2025-02-08-at-14.43.08-1-300x225.jpeg 300w, https:\/\/agora.xtec.cat\/ceipsolilluna\/wp-content\/uploads\/usu372\/2025\/02\/WhatsApp-Image-2025-02-08-at-14.43.08-1-768x576.jpeg 768w, https:\/\/agora.xtec.cat\/ceipsolilluna\/wp-content\/uploads\/usu372\/2025\/02\/WhatsApp-Image-2025-02-08-at-14.43.08-1-1536x1152.jpeg 1536w, https:\/\/agora.xtec.cat\/ceipsolilluna\/wp-content\/uploads\/usu372\/2025\/02\/WhatsApp-Image-2025-02-08-at-14.43.08-1-200x150.jpeg 200w, https:\/\/agora.xtec.cat\/ceipsolilluna\/wp-content\/uploads\/usu372\/2025\/02\/WhatsApp-Image-2025-02-08-at-14.43.08-1.jpeg 1600w\" sizes=\"auto, (max-width: 262px) 100vw, 262px\" \/>El passat curs 23-24 en v\u00e0rem gaudir de la segona.<img loading=\"lazy\" decoding=\"async\" class=\"wp-image-11644 alignleft\" src=\"https:\/\/agora.xtec.cat\/ceipsolilluna\/wp-content\/uploads\/usu372\/2025\/02\/WhatsApp-Image-2025-02-08-at-14.36.40-1-e1739095147541-150x150.jpeg\" alt=\"\" width=\"118\" height=\"118\" srcset=\"https:\/\/agora.xtec.cat\/ceipsolilluna\/wp-content\/uploads\/usu372\/2025\/02\/WhatsApp-Image-2025-02-08-at-14.36.40-1-e1739095147541-150x150.jpeg 150w, https:\/\/agora.xtec.cat\/ceipsolilluna\/wp-content\/uploads\/usu372\/2025\/02\/WhatsApp-Image-2025-02-08-at-14.36.40-1-e1739095147541-300x300.jpeg 300w, https:\/\/agora.xtec.cat\/ceipsolilluna\/wp-content\/uploads\/usu372\/2025\/02\/WhatsApp-Image-2025-02-08-at-14.36.40-1-e1739095147541.jpeg 725w\" sizes=\"auto, (max-width: 118px) 100vw, 118px\" \/><\/p>\n<p>&nbsp;<\/p>\n<p>&nbsp;<\/p>\n<p>&nbsp;<\/p>\n<p>Diversos espais de l\u2019Escola El Sol i la Lluna i de l\u2019entorn s\u00f3n escenaris d\u2019una jornada esportiva a la qual est\u00e0 convidat a participar tothom que ha format o forma part de la comunitat educativa de l\u2019escola.<\/p>\n<p>Fam\u00edlies, alumnat i mestres, joves, infants i grans de totes les promocions es poden inscriure a diferents propostes d\u2019activitats: \u201cpatxangues\u201d de futbol sala per a menors de 99 anys, partits per a joves i infants, un torneig de tennis taula o de bitlles catalanes, scape room organitzat per les fam\u00edlies teatrer@s,un concert final de les fam\u00edlies Solim\u00fasics&#8230;<\/p>\n<p>Els dos darrers anys hem iniciat la jornada amb una caminada compartida cap al gorg d\u2019en Fit\u00f3, i enguany es va tancar amb un concert del grup de m\u00fasica format per fam\u00edlies de l&#8217;escola. El grup de teatrer@s va organitzar un scape room amb l&#8217;aparici\u00f3 de personatges en viu de redactats dels guanyadors dels escrits de Sant Jordi.<\/p>\n<p><img loading=\"lazy\" decoding=\"async\" class=\"aligncenter size-large wp-image-11645\" src=\"https:\/\/agora.xtec.cat\/ceipsolilluna\/wp-content\/uploads\/usu372\/2025\/02\/WhatsApp-Image-2025-02-08-at-14.36.40-2-1024x768.jpeg\" alt=\"\" width=\"1024\" height=\"768\" srcset=\"https:\/\/agora.xtec.cat\/ceipsolilluna\/wp-content\/uploads\/usu372\/2025\/02\/WhatsApp-Image-2025-02-08-at-14.36.40-2-1024x768.jpeg 1024w, https:\/\/agora.xtec.cat\/ceipsolilluna\/wp-content\/uploads\/usu372\/2025\/02\/WhatsApp-Image-2025-02-08-at-14.36.40-2-300x225.jpeg 300w, https:\/\/agora.xtec.cat\/ceipsolilluna\/wp-content\/uploads\/usu372\/2025\/02\/WhatsApp-Image-2025-02-08-at-14.36.40-2-768x576.jpeg 768w, https:\/\/agora.xtec.cat\/ceipsolilluna\/wp-content\/uploads\/usu372\/2025\/02\/WhatsApp-Image-2025-02-08-at-14.36.40-2-1536x1152.jpeg 1536w, https:\/\/agora.xtec.cat\/ceipsolilluna\/wp-content\/uploads\/usu372\/2025\/02\/WhatsApp-Image-2025-02-08-at-14.36.40-2-200x150.jpeg 200w, https:\/\/agora.xtec.cat\/ceipsolilluna\/wp-content\/uploads\/usu372\/2025\/02\/WhatsApp-Image-2025-02-08-at-14.36.40-2.jpeg 1600w\" sizes=\"auto, (max-width: 1024px) 100vw, 1024px\" \/> <img loading=\"lazy\" decoding=\"async\" class=\"aligncenter size-large wp-image-11646\" src=\"https:\/\/agora.xtec.cat\/ceipsolilluna\/wp-content\/uploads\/usu372\/2025\/02\/WhatsApp-Image-2025-02-08-at-14.36.40-3-1024x768.jpeg\" alt=\"\" width=\"1024\" height=\"768\" srcset=\"https:\/\/agora.xtec.cat\/ceipsolilluna\/wp-content\/uploads\/usu372\/2025\/02\/WhatsApp-Image-2025-02-08-at-14.36.40-3-1024x768.jpeg 1024w, https:\/\/agora.xtec.cat\/ceipsolilluna\/wp-content\/uploads\/usu372\/2025\/02\/WhatsApp-Image-2025-02-08-at-14.36.40-3-300x225.jpeg 300w, https:\/\/agora.xtec.cat\/ceipsolilluna\/wp-content\/uploads\/usu372\/2025\/02\/WhatsApp-Image-2025-02-08-at-14.36.40-3-768x576.jpeg 768w, https:\/\/agora.xtec.cat\/ceipsolilluna\/wp-content\/uploads\/usu372\/2025\/02\/WhatsApp-Image-2025-02-08-at-14.36.40-3-1536x1152.jpeg 1536w, https:\/\/agora.xtec.cat\/ceipsolilluna\/wp-content\/uploads\/usu372\/2025\/02\/WhatsApp-Image-2025-02-08-at-14.36.40-3-200x150.jpeg 200w, https:\/\/agora.xtec.cat\/ceipsolilluna\/wp-content\/uploads\/usu372\/2025\/02\/WhatsApp-Image-2025-02-08-at-14.36.40-3.jpeg 1600w\" sizes=\"auto, (max-width: 1024px) 100vw, 1024px\" \/><\/p>\n<p>\u00c9s una jornada matinal amb propostes dins i fora de l\u2019escola, organitzada per les diferents juntes d&#8217;AFA al llarg dels anys d&#8217;escola, per Mou-te i l&#8217;equip directiu i docent, comptant amb participaci\u00f3 de diferents entitats.<\/p>\n<p>\u00c9s per nosaltres un gran dia de record, per l\u2019escola que hem fet entre tots i totes com va fer en Carles Franch, pare de l\u2019escola, que conjuntament amb altres fam\u00edlies van iniciar i impulsar el projecte d\u2019extraescolars esportives al Sol i la Lluna, del qual ens sentim ben orgullosos.<\/p>\n<p><img loading=\"lazy\" decoding=\"async\" class=\"aligncenter size-large wp-image-11647\" src=\"https:\/\/agora.xtec.cat\/ceipsolilluna\/wp-content\/uploads\/usu372\/2025\/02\/WhatsApp-Image-2025-02-08-at-14.36.40-4-1024x768.jpeg\" alt=\"\" width=\"1024\" height=\"768\" srcset=\"https:\/\/agora.xtec.cat\/ceipsolilluna\/wp-content\/uploads\/usu372\/2025\/02\/WhatsApp-Image-2025-02-08-at-14.36.40-4-1024x768.jpeg 1024w, https:\/\/agora.xtec.cat\/ceipsolilluna\/wp-content\/uploads\/usu372\/2025\/02\/WhatsApp-Image-2025-02-08-at-14.36.40-4-300x225.jpeg 300w, https:\/\/agora.xtec.cat\/ceipsolilluna\/wp-content\/uploads\/usu372\/2025\/02\/WhatsApp-Image-2025-02-08-at-14.36.40-4-768x576.jpeg 768w, https:\/\/agora.xtec.cat\/ceipsolilluna\/wp-content\/uploads\/usu372\/2025\/02\/WhatsApp-Image-2025-02-08-at-14.36.40-4-1536x1152.jpeg 1536w, https:\/\/agora.xtec.cat\/ceipsolilluna\/wp-content\/uploads\/usu372\/2025\/02\/WhatsApp-Image-2025-02-08-at-14.36.40-4-200x150.jpeg 200w, https:\/\/agora.xtec.cat\/ceipsolilluna\/wp-content\/uploads\/usu372\/2025\/02\/WhatsApp-Image-2025-02-08-at-14.36.40-4.jpeg 1600w\" sizes=\"auto, (max-width: 1024px) 100vw, 1024px\" \/><\/p>\n<p>&nbsp;<\/p>\n<p>&nbsp;<\/p>\n<p>\u00c9s, doncs, una jornada matinal amb propostes dins i fora de l\u2019escola, \u201cper a tots i totes els que hem fet, viscut i continuem fent escola, organitzada pel Club Esportiu Mou-te, totes les juntes d\u2019AFA fins al moment i l\u2019equip docent, comptant amb la participaci\u00f3 de diferents entitats\u201d, assenyalen des de l\u2019escola. S\u2019espera que aquesta jornada tingui continu\u00eftat en els propers anys, i \u201cper a nosaltres \u00e9s un gran dia de record, per l\u2019escola que hem fet entre tots i totes com va fer en Carles Franch\u201d, mort l\u2019any passat, \u201cpare de l\u2019escola, que conjuntament amb altres fam\u00edlies van iniciar i impulsar el projecte d\u2019extraescolars esportives al Sol i la Lluna, del qual ens sentim m\u00e9s que orgullosos\u201d.<\/p>\n<p>Per participar a la jornada esportiva de la comunitat educativa de l\u2019Escola El Sol i la Lluna cal fer inscripci\u00f3 pr\u00e8via o oferir-se com a voluntari o volunt\u00e0ria per preparar les activitats. Cal posar-se en contacte amb l\u2019Escola El Sol i la Lluna al tel\u00e8fon 93 747 29 06 o al correu ceipsolilluna@xtec.cat o Mou-te al tel\u00e8fon 639 782 321 o a trav\u00e9s del correu electr\u00f2nic info@moutealescola.cat.<\/p>\n","protected":false},"excerpt":{"rendered":"<p>\u00c9s una jornada matinal amb propostes matinals per a tota la comunitat educativa actual i per a totes les promocions, d&#8217;alumnat i fam\u00edlies dels anys d&#8217;escola. El passat curs 23-24 en v\u00e0rem gaudir de la segona. &nbsp; &nbsp; &nbsp; Diversos espais de l\u2019Escola El Sol i la Lluna i de l\u2019entorn s\u00f3n escenaris d\u2019una jornada [&hellip;]<\/p>\n","protected":false},"author":1,"featured_media":0,"parent":469,"menu_order":0,"comment_status":"closed","ping_status":"closed","template":"","meta":{"_bbp_topic_count":0,"_bbp_reply_count":0,"_bbp_total_topic_count":0,"_bbp_total_reply_count":0,"_bbp_voice_count":0,"_bbp_anonymous_reply_count":0,"_bbp_topic_count_hidden":0,"_bbp_reply_count_hidden":0,"_bbp_forum_subforum_count":0,"site-sidebar-layout":"default","site-content-layout":"","ast-site-content-layout":"","site-content-style":"default","site-sidebar-style":"default","ast-global-header-display":"","ast-banner-title-visibility":"","ast-main-header-display":"","ast-hfb-above-header-display":"","ast-hfb-below-header-display":"","ast-hfb-mobile-header-display":"","site-post-title":"","ast-breadcrumbs-content":"","ast-featured-img":"","footer-sml-layout":"","theme-transparent-header-meta":"","adv-header-id-meta":"","stick-header-meta":"","header-above-stick-meta":"","header-main-stick-meta":"","header-below-stick-meta":"","astra-migrate-meta-layouts":"default","ast-page-background-enabled":"default","ast-page-background-meta":{"desktop":{"background-color":"var(--ast-global-color-4)","background-image":"","background-repeat":"repeat","background-position":"center center","background-size":"auto","background-attachment":"scroll","background-type":"","background-media":"","overlay-type":"","overlay-color":"","overlay-opacity":"","overlay-gradient":""},"tablet":{"background-color":"","background-image":"","background-repeat":"repeat","background-position":"center center","background-size":"auto","background-attachment":"scroll","background-type":"","background-media":"","overlay-type":"","overlay-color":"","overlay-opacity":"","overlay-gradient":""},"mobile":{"background-color":"","background-image":"","background-repeat":"repeat","background-position":"center center","background-size":"auto","background-attachment":"scroll","background-type":"","background-media":"","overlay-type":"","overlay-color":"","overlay-opacity":"","overlay-gradient":""}},"ast-content-background-meta":{"desktop":{"background-color":"var(--ast-global-color-5)","background-image":"","background-repeat":"repeat","background-position":"center center","background-size":"auto","background-attachment":"scroll","background-type":"","background-media":"","overlay-type":"","overlay-color":"","overlay-opacity":"","overlay-gradient":""},"tablet":{"background-color":"var(--ast-global-color-5)","background-image":"","background-repeat":"repeat","background-position":"center center","background-size":"auto","background-attachment":"scroll","background-type":"","background-media":"","overlay-type":"","overlay-color":"","overlay-opacity":"","overlay-gradient":""},"mobile":{"background-color":"var(--ast-global-color-5)","background-image":"","background-repeat":"repeat","background-position":"center center","background-size":"auto","background-attachment":"scroll","background-type":"","background-media":"","overlay-type":"","overlay-color":"","overlay-opacity":"","overlay-gradient":""}},"footnotes":""},"class_list":["post-11643","page","type-page","status-publish","hentry"],"post_mailing_queue_ids":[],"_links":{"self":[{"href":"https:\/\/agora.xtec.cat\/ceipsolilluna\/wp-json\/wp\/v2\/pages\/11643","targetHints":{"allow":["GET"]}}],"collection":[{"href":"https:\/\/agora.xtec.cat\/ceipsolilluna\/wp-json\/wp\/v2\/pages"}],"about":[{"href":"https:\/\/agora.xtec.cat\/ceipsolilluna\/wp-json\/wp\/v2\/types\/page"}],"author":[{"embeddable":true,"href":"https:\/\/agora.xtec.cat\/ceipsolilluna\/wp-json\/wp\/v2\/users\/1"}],"replies":[{"embeddable":true,"href":"https:\/\/agora.xtec.cat\/ceipsolilluna\/wp-json\/wp\/v2\/comments?post=11643"}],"version-history":[{"count":1,"href":"https:\/\/agora.xtec.cat\/ceipsolilluna\/wp-json\/wp\/v2\/pages\/11643\/revisions"}],"predecessor-version":[{"id":11651,"href":"https:\/\/agora.xtec.cat\/ceipsolilluna\/wp-json\/wp\/v2\/pages\/11643\/revisions\/11651"}],"up":[{"embeddable":true,"href":"https:\/\/agora.xtec.cat\/ceipsolilluna\/wp-json\/wp\/v2\/pages\/469"}],"wp:attachment":[{"href":"https:\/\/agora.xtec.cat\/ceipsolilluna\/wp-json\/wp\/v2\/media?parent=11643"}],"curies":[{"name":"wp","href":"https:\/\/api.w.org\/{rel}","templated":true}]}}