{"id":11630,"date":"2025-02-09T10:31:31","date_gmt":"2025-02-09T09:31:31","guid":{"rendered":"https:\/\/agora.xtec.cat\/ceipsolilluna\/?page_id=11630"},"modified":"2025-02-09T10:41:37","modified_gmt":"2025-02-09T09:41:37","slug":"celebrem-10-anys-la-canco-de-lescola","status":"publish","type":"page","link":"https:\/\/agora.xtec.cat\/ceipsolilluna\/moments-a-recordar\/celebrem-10-anys-la-canco-de-lescola\/","title":{"rendered":"Celebrem 10 ANYS-La CAN\u00c7\u00d3 de l&#8217;escola"},"content":{"rendered":"<p><a href=\"https:\/\/photos.google.com\/share\/AF1QipMjaLaNPvcIFwIDYOp-Yfrr-Il1BZDZt3jO0yffQpJWOi7Lb7k2G34AAZp-BBSphA?key=Tlp4eDdySkU4MmZ6UDNnZWo4QmJPZlNwRWx2T2JB&amp;source=ctrlq.org\"><img decoding=\"async\" src=\"https:\/\/lh3.googleusercontent.com\/cc7d7IzZwX5IYHVVGnFGy75p_6hpF4Z7RMJVM3sLf4O9W5iPt07ZsfhBZPYM17x792CTEhqjmaANOhUVJI9sJG9Rs2Z1kLviyeSa_T18fvqdhVkpsUmXMTyvfP9HU0ettm1zLGl8pg=w2400\" \/><\/a><\/p>\n<ul>\n<li><a href=\"http:\/\/agora.xtec.cat\/ceipsolilluna\/general\/logo-10e-aniversari\/\">Concurs per seleccionar el logo guanyador<\/a><\/li>\n<\/ul>\n<ul>\n<li><a href=\"http:\/\/agora.xtec.cat\/ceipsolilluna\/general\/canco-del-10e-aniversari\/\">Can\u00e7\u00f3 (estrenada el 6-4-2018, coincidint amb la cursa solid\u00e0ria)<\/a><\/li>\n<li><a href=\"https:\/\/issuu.com\/ceipsolilluna\/docs\/revista_10_a_os\">Revista especial: projecte de castell\u00e0 (alumnes de 4t)<\/a><\/li>\n<li><a href=\"http:\/\/agora.xtec.cat\/ceipsolilluna\/infantil\/v-jornada-pedagogica-fem-10-anys\/\">V congr\u00e9s: Fem 10 anys<\/a><\/li>\n<li><a href=\"http:\/\/agora.xtec.cat\/ceipsolilluna\/portada\/documentals-10-anys-descola\/\">Documentales: 10 a\u00f1os de escuela<\/a><\/li>\n<\/ul>\n<div class=\"ast-oembed-container \" style=\"height: 100%;\"><iframe loading=\"lazy\" title=\"can\u00e7o 10\u00e8 aniversari\" width=\"500\" height=\"281\" src=\"https:\/\/www.youtube.com\/embed\/bgpqWwGvVso?feature=oembed\" frameborder=\"0\" allow=\"accelerometer; autoplay; clipboard-write; encrypted-media; gyroscope; picture-in-picture; web-share\" referrerpolicy=\"strict-origin-when-cross-origin\" allowfullscreen><\/iframe><\/div>\n","protected":false},"excerpt":{"rendered":"<p>Concurs per seleccionar el logo guanyador Can\u00e7\u00f3 (estrenada el 6-4-2018, coincidint amb la cursa solid\u00e0ria) Revista especial: projecte de castell\u00e0 (alumnes de 4t) V congr\u00e9s: Fem 10 anys Documentales: 10 a\u00f1os de escuela<\/p>\n","protected":false},"author":1,"featured_media":0,"parent":469,"menu_order":0,"comment_status":"closed","ping_status":"closed","template":"","meta":{"_bbp_topic_count":0,"_bbp_reply_count":0,"_bbp_total_topic_count":0,"_bbp_total_reply_count":0,"_bbp_voice_count":0,"_bbp_anonymous_reply_count":0,"_bbp_topic_count_hidden":0,"_bbp_reply_count_hidden":0,"_bbp_forum_subforum_count":0,"site-sidebar-layout":"default","site-content-layout":"","ast-site-content-layout":"","site-content-style":"default","site-sidebar-style":"default","ast-global-header-display":"","ast-banner-title-visibility":"","ast-main-header-display":"","ast-hfb-above-header-display":"","ast-hfb-below-header-display":"","ast-hfb-mobile-header-display":"","site-post-title":"","ast-breadcrumbs-content":"","ast-featured-img":"","footer-sml-layout":"","theme-transparent-header-meta":"","adv-header-id-meta":"","stick-header-meta":"","header-above-stick-meta":"","header-main-stick-meta":"","header-below-stick-meta":"","astra-migrate-meta-layouts":"default","ast-page-background-enabled":"default","ast-page-background-meta":{"desktop":{"background-color":"var(--ast-global-color-4)","background-image":"","background-repeat":"repeat","background-position":"center center","background-size":"auto","background-attachment":"scroll","background-type":"","background-media":"","overlay-type":"","overlay-color":"","overlay-opacity":"","overlay-gradient":""},"tablet":{"background-color":"","background-image":"","background-repeat":"repeat","background-position":"center center","background-size":"auto","background-attachment":"scroll","background-type":"","background-media":"","overlay-type":"","overlay-color":"","overlay-opacity":"","overlay-gradient":""},"mobile":{"background-color":"","background-image":"","background-repeat":"repeat","background-position":"center center","background-size":"auto","background-attachment":"scroll","background-type":"","background-media":"","overlay-type":"","overlay-color":"","overlay-opacity":"","overlay-gradient":""}},"ast-content-background-meta":{"desktop":{"background-color":"var(--ast-global-color-5)","background-image":"","background-repeat":"repeat","background-position":"center center","background-size":"auto","background-attachment":"scroll","background-type":"","background-media":"","overlay-type":"","overlay-color":"","overlay-opacity":"","overlay-gradient":""},"tablet":{"background-color":"var(--ast-global-color-5)","background-image":"","background-repeat":"repeat","background-position":"center center","background-size":"auto","background-attachment":"scroll","background-type":"","background-media":"","overlay-type":"","overlay-color":"","overlay-opacity":"","overlay-gradient":""},"mobile":{"background-color":"var(--ast-global-color-5)","background-image":"","background-repeat":"repeat","background-position":"center center","background-size":"auto","background-attachment":"scroll","background-type":"","background-media":"","overlay-type":"","overlay-color":"","overlay-opacity":"","overlay-gradient":""}},"footnotes":""},"class_list":["post-11630","page","type-page","status-publish","hentry"],"post_mailing_queue_ids":[],"_links":{"self":[{"href":"https:\/\/agora.xtec.cat\/ceipsolilluna\/wp-json\/wp\/v2\/pages\/11630","targetHints":{"allow":["GET"]}}],"collection":[{"href":"https:\/\/agora.xtec.cat\/ceipsolilluna\/wp-json\/wp\/v2\/pages"}],"about":[{"href":"https:\/\/agora.xtec.cat\/ceipsolilluna\/wp-json\/wp\/v2\/types\/page"}],"author":[{"embeddable":true,"href":"https:\/\/agora.xtec.cat\/ceipsolilluna\/wp-json\/wp\/v2\/users\/1"}],"replies":[{"embeddable":true,"href":"https:\/\/agora.xtec.cat\/ceipsolilluna\/wp-json\/wp\/v2\/comments?post=11630"}],"version-history":[{"count":3,"href":"https:\/\/agora.xtec.cat\/ceipsolilluna\/wp-json\/wp\/v2\/pages\/11630\/revisions"}],"predecessor-version":[{"id":11636,"href":"https:\/\/agora.xtec.cat\/ceipsolilluna\/wp-json\/wp\/v2\/pages\/11630\/revisions\/11636"}],"up":[{"embeddable":true,"href":"https:\/\/agora.xtec.cat\/ceipsolilluna\/wp-json\/wp\/v2\/pages\/469"}],"wp:attachment":[{"href":"https:\/\/agora.xtec.cat\/ceipsolilluna\/wp-json\/wp\/v2\/media?parent=11630"}],"curies":[{"name":"wp","href":"https:\/\/api.w.org\/{rel}","templated":true}]}}