{"id":11572,"date":"2025-02-06T22:27:09","date_gmt":"2025-02-06T21:27:09","guid":{"rendered":"https:\/\/agora.xtec.cat\/ceipsolilluna\/?page_id=11572"},"modified":"2026-03-03T15:35:05","modified_gmt":"2026-03-03T14:35:05","slug":"certificat-dinnovacio-programa-steamcat-i-comunitat-de-practica","status":"publish","type":"page","link":"https:\/\/agora.xtec.cat\/ceipsolilluna\/certificat-dinnovacio-programa-steamcat-i-comunitat-de-practica\/","title":{"rendered":"Certificat d&#8217;innovaci\u00f3 Programa SteamCat i Comunitat de Pr\u00e0ctica"},"content":{"rendered":"<p><span style=\"font-weight: 400;\">La participaci\u00f3 i formaci\u00f3 en el Programa d&#8217;innovaci\u00f3 SteamCat, ens va permetre consolidar i fomentar en el nostre centre de la perspectiva STEAM, dins els projectes de comunitat d&#8217;aula,\u00a0 amb impacte en la formaci\u00f3 del claustre, en la generaci\u00f3 i millora de les pr\u00e0ctiques STEAM del centre i en els aprenentatges i compet\u00e8ncies STEAM del nostre alumnat. Tamb\u00e9 possibilita enfortir i crear aliances amb l&#8217;entorn en el marc dels projectes d&#8217;aula i ens possibilita viure experi\u00e8ncies per compartir amb tota la comunitat educativa. Volem continuar sent i definint-nos com a un centre innovador que promou la renovaci\u00f3 pedag\u00f2gica i s&#8217;adapta a les necessitats i reptes actuals, i enguany som centre de comunitat de pr\u00e0ctiques, un referent en pr\u00e0ctiques STEAM, col\u00b7laborant en el proc\u00e9s de transformaci\u00f3 d&#8217;altres centres i en la visi\u00f3 social de les STEAM.<\/span><\/p>\n<p>En paral\u00b7lel al treball de la perspectiva STEAM als projectes d&#8217;aula, participem al projecte Missi\u00f3 Alba a 5\u00e8 de prim\u00e0ria i a Nanoinventum a 6\u00e8, amb col\u00b7laboraci\u00f3 del LAB 0.6 de Castellar del Vall\u00e8s.<\/p>\n<p>Tenim dos espais habilitats, l&#8217;aula Tinkering i el lab STEAM\/Ci\u00e8ncies.<\/p>\n<p>Aqu\u00ed teniu una mem\u00f2ria digital d&#8217;un d&#8217;aquests projectes.<\/p>\n<p><a href=\"https:\/\/drive.google.com\/file\/d\/1tX7jgHXaUhGjW8SMDoWcyH71nkeCj4lS\/view?usp=sharing\"><img loading=\"lazy\" decoding=\"async\" class=\"aligncenter wp-image-11573 size-large\" src=\"https:\/\/agora.xtec.cat\/ceipsolilluna\/wp-content\/uploads\/usu372\/2025\/02\/Captura-de-pantalla-2025-02-06-222602-1024x578.jpg\" alt=\"\" width=\"1024\" height=\"578\" srcset=\"https:\/\/agora.xtec.cat\/ceipsolilluna\/wp-content\/uploads\/usu372\/2025\/02\/Captura-de-pantalla-2025-02-06-222602-1024x578.jpg 1024w, https:\/\/agora.xtec.cat\/ceipsolilluna\/wp-content\/uploads\/usu372\/2025\/02\/Captura-de-pantalla-2025-02-06-222602-300x169.jpg 300w, https:\/\/agora.xtec.cat\/ceipsolilluna\/wp-content\/uploads\/usu372\/2025\/02\/Captura-de-pantalla-2025-02-06-222602-768x434.jpg 768w, https:\/\/agora.xtec.cat\/ceipsolilluna\/wp-content\/uploads\/usu372\/2025\/02\/Captura-de-pantalla-2025-02-06-222602.jpg 1192w\" sizes=\"auto, (max-width: 1024px) 100vw, 1024px\" \/><\/a><\/p>\n","protected":false},"excerpt":{"rendered":"<p>La participaci\u00f3 i formaci\u00f3 en el Programa d&#8217;innovaci\u00f3 SteamCat, ens va permetre consolidar i fomentar en el nostre centre de la perspectiva STEAM, dins els projectes de comunitat d&#8217;aula,\u00a0 amb impacte en la formaci\u00f3 del claustre, en la generaci\u00f3 i millora de les pr\u00e0ctiques STEAM del centre i en els aprenentatges i compet\u00e8ncies STEAM del [&hellip;]<\/p>\n","protected":false},"author":1,"featured_media":0,"parent":0,"menu_order":0,"comment_status":"closed","ping_status":"closed","template":"","meta":{"_bbp_topic_count":0,"_bbp_reply_count":0,"_bbp_total_topic_count":0,"_bbp_total_reply_count":0,"_bbp_voice_count":0,"_bbp_anonymous_reply_count":0,"_bbp_topic_count_hidden":0,"_bbp_reply_count_hidden":0,"_bbp_forum_subforum_count":0,"site-sidebar-layout":"default","site-content-layout":"","ast-site-content-layout":"default","site-content-style":"default","site-sidebar-style":"default","ast-global-header-display":"","ast-banner-title-visibility":"","ast-main-header-display":"","ast-hfb-above-header-display":"","ast-hfb-below-header-display":"","ast-hfb-mobile-header-display":"","site-post-title":"","ast-breadcrumbs-content":"","ast-featured-img":"","footer-sml-layout":"","theme-transparent-header-meta":"default","adv-header-id-meta":"","stick-header-meta":"","header-above-stick-meta":"","header-main-stick-meta":"","header-below-stick-meta":"","astra-migrate-meta-layouts":"set","ast-page-background-enabled":"default","ast-page-background-meta":{"desktop":{"background-color":"var(--ast-global-color-4)","background-image":"","background-repeat":"repeat","background-position":"center center","background-size":"auto","background-attachment":"scroll","background-type":"","background-media":"","overlay-type":"","overlay-color":"","overlay-opacity":"","overlay-gradient":""},"tablet":{"background-color":"","background-image":"","background-repeat":"repeat","background-position":"center center","background-size":"auto","background-attachment":"scroll","background-type":"","background-media":"","overlay-type":"","overlay-color":"","overlay-opacity":"","overlay-gradient":""},"mobile":{"background-color":"","background-image":"","background-repeat":"repeat","background-position":"center center","background-size":"auto","background-attachment":"scroll","background-type":"","background-media":"","overlay-type":"","overlay-color":"","overlay-opacity":"","overlay-gradient":""}},"ast-content-background-meta":{"desktop":{"background-color":"var(--ast-global-color-5)","background-image":"","background-repeat":"repeat","background-position":"center center","background-size":"auto","background-attachment":"scroll","background-type":"","background-media":"","overlay-type":"","overlay-color":"","overlay-opacity":"","overlay-gradient":""},"tablet":{"background-color":"var(--ast-global-color-5)","background-image":"","background-repeat":"repeat","background-position":"center center","background-size":"auto","background-attachment":"scroll","background-type":"","background-media":"","overlay-type":"","overlay-color":"","overlay-opacity":"","overlay-gradient":""},"mobile":{"background-color":"var(--ast-global-color-5)","background-image":"","background-repeat":"repeat","background-position":"center center","background-size":"auto","background-attachment":"scroll","background-type":"","background-media":"","overlay-type":"","overlay-color":"","overlay-opacity":"","overlay-gradient":""}},"footnotes":""},"class_list":["post-11572","page","type-page","status-publish","hentry"],"post_mailing_queue_ids":[],"_links":{"self":[{"href":"https:\/\/agora.xtec.cat\/ceipsolilluna\/wp-json\/wp\/v2\/pages\/11572","targetHints":{"allow":["GET"]}}],"collection":[{"href":"https:\/\/agora.xtec.cat\/ceipsolilluna\/wp-json\/wp\/v2\/pages"}],"about":[{"href":"https:\/\/agora.xtec.cat\/ceipsolilluna\/wp-json\/wp\/v2\/types\/page"}],"author":[{"embeddable":true,"href":"https:\/\/agora.xtec.cat\/ceipsolilluna\/wp-json\/wp\/v2\/users\/1"}],"replies":[{"embeddable":true,"href":"https:\/\/agora.xtec.cat\/ceipsolilluna\/wp-json\/wp\/v2\/comments?post=11572"}],"version-history":[{"count":3,"href":"https:\/\/agora.xtec.cat\/ceipsolilluna\/wp-json\/wp\/v2\/pages\/11572\/revisions"}],"predecessor-version":[{"id":12009,"href":"https:\/\/agora.xtec.cat\/ceipsolilluna\/wp-json\/wp\/v2\/pages\/11572\/revisions\/12009"}],"wp:attachment":[{"href":"https:\/\/agora.xtec.cat\/ceipsolilluna\/wp-json\/wp\/v2\/media?parent=11572"}],"curies":[{"name":"wp","href":"https:\/\/api.w.org\/{rel}","templated":true}]}}