{"id":10476,"date":"2021-02-07T16:48:12","date_gmt":"2021-02-07T15:48:12","guid":{"rendered":"https:\/\/agora.xtec.cat\/ceipsolilluna\/?page_id=10476"},"modified":"2025-02-05T18:52:55","modified_gmt":"2025-02-05T17:52:55","slug":"avancem-visio-descola","status":"publish","type":"page","link":"https:\/\/agora.xtec.cat\/ceipsolilluna\/avancem-visio-descola\/","title":{"rendered":"AVANCEM: Visi\u00f3 d&#8217;escola"},"content":{"rendered":"<p style=\"text-align: justify;\">Les idees for\u00e7a del nostre projecte educatiu actual neixen el curs 2007-2008, quan l&#8217;escola el Sol i la Lluna inicia el seu cam\u00ed amb l&#8217;objectiu d&#8217;educar infants del s.XXI, amb un marc metodol\u00f2gic en context, global i innovador. El curs 2016-2017 la nostra escola va comen\u00e7ar a formar part d&#8217;una xarxa d&#8217;escoles amb un prop\u00f2sit d\u2019intercanvi i aprenentatge mutu, transformaci\u00f3 i millora d\u2019un sistema educatiu avan\u00e7at, Escola Nova 21. La participaci\u00f3 en la xarxa ens va oferir l\u2019oportunitat de compartir les nostres pr\u00e0ctiques amb d\u2019altres centres educatius de la zona, alhora que f\u00e8iem una reflexi\u00f3 sobre les pr\u00f2pies pr\u00e0ctiques. Durant aquest cam\u00ed, <span style=\"color: #000000;\"><strong>mestres, alumnat i fam\u00edlies <span style=\"color: #800080;\">v\u00e0rem definir la nostra visi\u00f3 d\u2019escola<\/span>, \u00e9s a dir, les actuacions que calia anar implementant per arribar a l\u2019escola que somi\u00e0vem l\u2019any 2030. <\/strong><\/span><\/p>\n<p style=\"text-align: justify;\">\u00c9s aquesta <strong>visi\u00f3 d\u2019escola<\/strong> la que guia el nostre <strong>Projecte Educatiu de Centre, el present Projecte de Direcci\u00f3 i les diferents Programacions Generals Anuals<\/strong>. Tamb\u00e9 determina les Formacions Internes de Centre i les <span style=\"color: #800080;\"><strong>Trobades Pedag\u00f2giques<\/strong><\/span> amb les fam\u00edlies, trets identitari de la nostra escola. Podreu veure els quatre grans eixos de la nostra visi\u00f3 d\u2019escola, la planificaci\u00f3 i el proc\u00e9s en la seg\u00fcent presentaci\u00f3.<\/p>\n<p>&nbsp;<\/p>\n<p style=\"padding-left: 80px;\"><iframe loading=\"lazy\" src=\"https:\/\/view.genial.ly\/601fd855a198a90d2050f271\" width=\"600\" height=\"338\" frameborder=\"0\"><\/iframe><\/p>\n<p>&nbsp;<\/p>\n","protected":false},"excerpt":{"rendered":"<p>Les idees for\u00e7a del nostre projecte educatiu actual neixen el curs 2007-2008, quan l&#8217;escola el Sol i la Lluna inicia el seu cam\u00ed amb l&#8217;objectiu d&#8217;educar infants del s.XXI, amb un marc metodol\u00f2gic en context, global i innovador. El curs 2016-2017 la nostra escola va comen\u00e7ar a formar part d&#8217;una xarxa d&#8217;escoles amb un prop\u00f2sit [&hellip;]<\/p>\n","protected":false},"author":1,"featured_media":0,"parent":0,"menu_order":0,"comment_status":"closed","ping_status":"closed","template":"","meta":{"_bbp_topic_count":0,"_bbp_reply_count":0,"_bbp_total_topic_count":0,"_bbp_total_reply_count":0,"_bbp_voice_count":0,"_bbp_anonymous_reply_count":0,"_bbp_topic_count_hidden":0,"_bbp_reply_count_hidden":0,"_bbp_forum_subforum_count":0,"site-sidebar-layout":"default","site-content-layout":"","ast-site-content-layout":"","site-content-style":"default","site-sidebar-style":"default","ast-global-header-display":"","ast-banner-title-visibility":"","ast-main-header-display":"","ast-hfb-above-header-display":"","ast-hfb-below-header-display":"","ast-hfb-mobile-header-display":"","site-post-title":"","ast-breadcrumbs-content":"","ast-featured-img":"","footer-sml-layout":"","theme-transparent-header-meta":"","adv-header-id-meta":"","stick-header-meta":"","header-above-stick-meta":"","header-main-stick-meta":"","header-below-stick-meta":"","astra-migrate-meta-layouts":"default","ast-page-background-enabled":"default","ast-page-background-meta":{"desktop":{"background-color":"var(--ast-global-color-4)","background-image":"","background-repeat":"repeat","background-position":"center center","background-size":"auto","background-attachment":"scroll","background-type":"","background-media":"","overlay-type":"","overlay-color":"","overlay-opacity":"","overlay-gradient":""},"tablet":{"background-color":"","background-image":"","background-repeat":"repeat","background-position":"center center","background-size":"auto","background-attachment":"scroll","background-type":"","background-media":"","overlay-type":"","overlay-color":"","overlay-opacity":"","overlay-gradient":""},"mobile":{"background-color":"","background-image":"","background-repeat":"repeat","background-position":"center center","background-size":"auto","background-attachment":"scroll","background-type":"","background-media":"","overlay-type":"","overlay-color":"","overlay-opacity":"","overlay-gradient":""}},"ast-content-background-meta":{"desktop":{"background-color":"var(--ast-global-color-5)","background-image":"","background-repeat":"repeat","background-position":"center center","background-size":"auto","background-attachment":"scroll","background-type":"","background-media":"","overlay-type":"","overlay-color":"","overlay-opacity":"","overlay-gradient":""},"tablet":{"background-color":"var(--ast-global-color-5)","background-image":"","background-repeat":"repeat","background-position":"center center","background-size":"auto","background-attachment":"scroll","background-type":"","background-media":"","overlay-type":"","overlay-color":"","overlay-opacity":"","overlay-gradient":""},"mobile":{"background-color":"var(--ast-global-color-5)","background-image":"","background-repeat":"repeat","background-position":"center center","background-size":"auto","background-attachment":"scroll","background-type":"","background-media":"","overlay-type":"","overlay-color":"","overlay-opacity":"","overlay-gradient":""}},"footnotes":""},"class_list":["post-10476","page","type-page","status-publish","hentry"],"post_mailing_queue_ids":[],"_links":{"self":[{"href":"https:\/\/agora.xtec.cat\/ceipsolilluna\/wp-json\/wp\/v2\/pages\/10476","targetHints":{"allow":["GET"]}}],"collection":[{"href":"https:\/\/agora.xtec.cat\/ceipsolilluna\/wp-json\/wp\/v2\/pages"}],"about":[{"href":"https:\/\/agora.xtec.cat\/ceipsolilluna\/wp-json\/wp\/v2\/types\/page"}],"author":[{"embeddable":true,"href":"https:\/\/agora.xtec.cat\/ceipsolilluna\/wp-json\/wp\/v2\/users\/1"}],"replies":[{"embeddable":true,"href":"https:\/\/agora.xtec.cat\/ceipsolilluna\/wp-json\/wp\/v2\/comments?post=10476"}],"version-history":[{"count":5,"href":"https:\/\/agora.xtec.cat\/ceipsolilluna\/wp-json\/wp\/v2\/pages\/10476\/revisions"}],"predecessor-version":[{"id":11538,"href":"https:\/\/agora.xtec.cat\/ceipsolilluna\/wp-json\/wp\/v2\/pages\/10476\/revisions\/11538"}],"wp:attachment":[{"href":"https:\/\/agora.xtec.cat\/ceipsolilluna\/wp-json\/wp\/v2\/media?parent=10476"}],"curies":[{"name":"wp","href":"https:\/\/api.w.org\/{rel}","templated":true}]}}