{"id":30,"date":"2014-09-18T12:30:23","date_gmt":"2014-09-18T11:30:23","guid":{"rendered":"http:\/\/agora.xtec.cat\/ceipsfamiliascg\/?page_id=30"},"modified":"2019-03-28T15:53:26","modified_gmt":"2019-03-28T14:53:26","slug":"instal%c2%b7lacions","status":"publish","type":"page","link":"https:\/\/agora.xtec.cat\/ceipsfamiliascg\/lescola\/instal%c2%b7lacions\/","title":{"rendered":"Instal\u00b7lacions"},"content":{"rendered":"<ul>\n<li><b>Ed. Principal: <\/b><\/li>\n<\/ul>\n<p><b>\u00a0\u00a0\u00a0\u00a0\u00a0\u00a0\u00a0\u00a0\u00a0\u00a0\u00a0\u00a0\u00a0\u00a0\u00a0 de 2n a 6\u00e8<\/b><\/p>\n<ul>\n<li><b> <\/b>Secretaria.<\/li>\n<li>3 aules complement\u00e0ries.<\/li>\n<li>Gimn\u00e0s.<\/li>\n<li>Biblioteca.<\/li>\n<li>M\u00fasica \/ Angl\u00e8s.<\/li>\n<li>Inform\u00e0tica.<\/li>\n<li>2 patis.<\/li>\n<li>AMPA.<\/li>\n<\/ul>\n<ul>\n<li><b>Ed.Annex<\/b><b>:<\/b><\/li>\n<\/ul>\n<p><b>\u00a0\u00a0\u00a0 <\/b><b>\u00a0\u00a0\u00a0<\/b><b>Infantil i<\/b> <b>primer<\/b><\/p>\n<ul>\n<li><b> <\/b>Menjador i cuina.<\/li>\n<li>Aula psicomotricitat.<\/li>\n<li>Aula d\u2019inform\u00e0tica.<\/li>\n<li>Terrassa coberta.<\/li>\n<li>Pati amb sorral<\/li>\n<\/ul>\n<p>(estructures de fusta,&#8230;).<\/p>\n","protected":false},"excerpt":{"rendered":"<p>Ed. Principal: \u00a0\u00a0\u00a0\u00a0\u00a0\u00a0\u00a0\u00a0\u00a0\u00a0\u00a0\u00a0\u00a0\u00a0\u00a0 de 2n a 6\u00e8 Secretaria. 3 aules complement\u00e0ries. Gimn\u00e0s. Biblioteca. M\u00fasica \/ Angl\u00e8s. Inform\u00e0tica. 2 patis. AMPA. Ed.Annex: \u00a0\u00a0\u00a0 \u00a0\u00a0\u00a0Infantil i primer Menjador i cuina. Aula psicomotricitat. Aula d\u2019inform\u00e0tica. Terrassa coberta. Pati amb sorral (estructures de fusta,&#8230;).<\/p>\n","protected":false},"author":1,"featured_media":0,"parent":22,"menu_order":40,"comment_status":"closed","ping_status":"closed","template":"page-templates\/side-menu.php","meta":{"_bbp_topic_count":0,"_bbp_reply_count":0,"_bbp_total_topic_count":0,"_bbp_total_reply_count":0,"_bbp_voice_count":0,"_bbp_anonymous_reply_count":0,"_bbp_topic_count_hidden":0,"_bbp_reply_count_hidden":0,"_bbp_forum_subforum_count":0,"site-sidebar-layout":"default","site-content-layout":"","ast-site-content-layout":"","site-content-style":"default","site-sidebar-style":"default","ast-global-header-display":"","ast-banner-title-visibility":"","ast-main-header-display":"","ast-hfb-above-header-display":"","ast-hfb-below-header-display":"","ast-hfb-mobile-header-display":"","site-post-title":"","ast-breadcrumbs-content":"","ast-featured-img":"","footer-sml-layout":"","theme-transparent-header-meta":"","adv-header-id-meta":"","stick-header-meta":"","header-above-stick-meta":"","header-main-stick-meta":"","header-below-stick-meta":"","astra-migrate-meta-layouts":"default","ast-page-background-enabled":"default","ast-page-background-meta":{"desktop":{"background-color":"var(--ast-global-color-4)","background-image":"","background-repeat":"repeat","background-position":"center center","background-size":"auto","background-attachment":"scroll","background-type":"","background-media":"","overlay-type":"","overlay-color":"","overlay-opacity":"","overlay-gradient":""},"tablet":{"background-color":"","background-image":"","background-repeat":"repeat","background-position":"center center","background-size":"auto","background-attachment":"scroll","background-type":"","background-media":"","overlay-type":"","overlay-color":"","overlay-opacity":"","overlay-gradient":""},"mobile":{"background-color":"","background-image":"","background-repeat":"repeat","background-position":"center center","background-size":"auto","background-attachment":"scroll","background-type":"","background-media":"","overlay-type":"","overlay-color":"","overlay-opacity":"","overlay-gradient":""}},"ast-content-background-meta":{"desktop":{"background-color":"var(--ast-global-color-5)","background-image":"","background-repeat":"repeat","background-position":"center center","background-size":"auto","background-attachment":"scroll","background-type":"","background-media":"","overlay-type":"","overlay-color":"","overlay-opacity":"","overlay-gradient":""},"tablet":{"background-color":"var(--ast-global-color-5)","background-image":"","background-repeat":"repeat","background-position":"center center","background-size":"auto","background-attachment":"scroll","background-type":"","background-media":"","overlay-type":"","overlay-color":"","overlay-opacity":"","overlay-gradient":""},"mobile":{"background-color":"var(--ast-global-color-5)","background-image":"","background-repeat":"repeat","background-position":"center center","background-size":"auto","background-attachment":"scroll","background-type":"","background-media":"","overlay-type":"","overlay-color":"","overlay-opacity":"","overlay-gradient":""}},"footnotes":""},"class_list":["post-30","page","type-page","status-publish","hentry"],"post_mailing_queue_ids":[],"_links":{"self":[{"href":"https:\/\/agora.xtec.cat\/ceipsfamiliascg\/wp-json\/wp\/v2\/pages\/30","targetHints":{"allow":["GET"]}}],"collection":[{"href":"https:\/\/agora.xtec.cat\/ceipsfamiliascg\/wp-json\/wp\/v2\/pages"}],"about":[{"href":"https:\/\/agora.xtec.cat\/ceipsfamiliascg\/wp-json\/wp\/v2\/types\/page"}],"author":[{"embeddable":true,"href":"https:\/\/agora.xtec.cat\/ceipsfamiliascg\/wp-json\/wp\/v2\/users\/1"}],"replies":[{"embeddable":true,"href":"https:\/\/agora.xtec.cat\/ceipsfamiliascg\/wp-json\/wp\/v2\/comments?post=30"}],"version-history":[{"count":1,"href":"https:\/\/agora.xtec.cat\/ceipsfamiliascg\/wp-json\/wp\/v2\/pages\/30\/revisions"}],"predecessor-version":[{"id":522,"href":"https:\/\/agora.xtec.cat\/ceipsfamiliascg\/wp-json\/wp\/v2\/pages\/30\/revisions\/522"}],"up":[{"embeddable":true,"href":"https:\/\/agora.xtec.cat\/ceipsfamiliascg\/wp-json\/wp\/v2\/pages\/22"}],"wp:attachment":[{"href":"https:\/\/agora.xtec.cat\/ceipsfamiliascg\/wp-json\/wp\/v2\/media?parent=30"}],"curies":[{"name":"wp","href":"https:\/\/api.w.org\/{rel}","templated":true}]}}