{"id":9991,"date":"2025-01-15T23:32:07","date_gmt":"2025-01-15T22:32:07","guid":{"rendered":"https:\/\/agora.xtec.cat\/ceipsesmondolo\/?page_id=9991"},"modified":"2025-03-31T23:01:59","modified_gmt":"2025-03-31T21:01:59","slug":"temperaratura-iv","status":"publish","type":"page","link":"https:\/\/agora.xtec.cat\/ceipsesmondolo\/steam\/microbit\/temperaratura-iv\/","title":{"rendered":"Temperatura &#8211; funciones"},"content":{"rendered":"<p>En esta pr\u00e1ctica se dar\u00e1 soluci\u00f3n a una puntualizaci\u00f3n que maestras y alumnos han detectado en la soluci\u00f3n final de la pr\u00e1ctica Temperatura I.<\/p>\n<p><a href=\"https:\/\/agora.xtec.cat\/ceipsesmondolo\/wp-content\/uploads\/usu311\/2025\/01\/SolucioCompletaTemperatura.png\"><img loading=\"lazy\" decoding=\"async\" class=\"size-full wp-image-9993 aligncenter\" src=\"https:\/\/agora.xtec.cat\/ceipsesmondolo\/wp-content\/uploads\/usu311\/2025\/01\/SolucioCompletaTemperatura.png\" alt=\"\" width=\"856\" height=\"928\" srcset=\"https:\/\/agora.xtec.cat\/ceipsesmondolo\/wp-content\/uploads\/usu311\/2025\/01\/SolucioCompletaTemperatura.png 856w, https:\/\/agora.xtec.cat\/ceipsesmondolo\/wp-content\/uploads\/usu311\/2025\/01\/SolucioCompletaTemperatura-277x300.png 277w, https:\/\/agora.xtec.cat\/ceipsesmondolo\/wp-content\/uploads\/usu311\/2025\/01\/SolucioCompletaTemperatura-768x833.png 768w\" sizes=\"auto, (max-width: 856px) 100vw, 856px\" \/><\/a><\/p>\n<p>La observaci\u00f3n que han realizado, es que hay un conjunto de instrucci\u00f3nes que se repiten hasta cinco veces en el programa. El grupo de instrucciones es, variando dos par\u00e1metros, este:<\/p>\n<p><a href=\"https:\/\/agora.xtec.cat\/ceipsesmondolo\/wp-content\/uploads\/usu311\/2025\/01\/cinc-parametres.png\"><img loading=\"lazy\" decoding=\"async\" class=\"size-full wp-image-9997 aligncenter\" src=\"https:\/\/agora.xtec.cat\/ceipsesmondolo\/wp-content\/uploads\/usu311\/2025\/01\/cinc-parametres.png\" alt=\"\" width=\"358\" height=\"259\" srcset=\"https:\/\/agora.xtec.cat\/ceipsesmondolo\/wp-content\/uploads\/usu311\/2025\/01\/cinc-parametres.png 358w, https:\/\/agora.xtec.cat\/ceipsesmondolo\/wp-content\/uploads\/usu311\/2025\/01\/cinc-parametres-300x217.png 300w\" sizes=\"auto, (max-width: 358px) 100vw, 358px\" \/><\/a><\/p>\n<p>Pues bien, makecode aporta una soluci\u00f3n, para este y muchos casos similares a \u00e9l, como por ejemplo repetir un n\u00famero de instrucciones y donde, en nuestro caso, la diferencia es\u00e1 en dos par\u00e1metros, el texto y la variable.<\/p>\n<p>La soluci\u00f3n que makecode aporta est\u00e1 en el apartado funciones:<\/p>\n<p><a href=\"https:\/\/agora.xtec.cat\/ceipsesmondolo\/wp-content\/uploads\/usu311\/2025\/01\/funcions.png\"><img loading=\"lazy\" decoding=\"async\" class=\"size-full wp-image-10001 aligncenter\" src=\"https:\/\/agora.xtec.cat\/ceipsesmondolo\/wp-content\/uploads\/usu311\/2025\/01\/funcions.png\" alt=\"\" width=\"220\" height=\"58\" \/><\/a><\/p>\n<p>Crearemos una funci\u00f3n que cuando sea llamada, ejecutar\u00e1 las instrucciones que tenga dentro con el texto y n\u00famero (variable) que se le indique.<\/p>\n<p><a href=\"https:\/\/agora.xtec.cat\/ceipsesmondolo\/wp-content\/uploads\/usu311\/2025\/01\/fesalgunacosa.png\"><img loading=\"lazy\" decoding=\"async\" class=\" wp-image-10002 aligncenter\" src=\"https:\/\/agora.xtec.cat\/ceipsesmondolo\/wp-content\/uploads\/usu311\/2025\/01\/fesalgunacosa.png\" alt=\"\" width=\"488\" height=\"175\" srcset=\"https:\/\/agora.xtec.cat\/ceipsesmondolo\/wp-content\/uploads\/usu311\/2025\/01\/fesalgunacosa.png 688w, https:\/\/agora.xtec.cat\/ceipsesmondolo\/wp-content\/uploads\/usu311\/2025\/01\/fesalgunacosa-300x108.png 300w\" sizes=\"auto, (max-width: 488px) 100vw, 488px\" \/><\/a><\/p>\n<p>Por ejemplo:<\/p>\n<p><a href=\"https:\/\/agora.xtec.cat\/ceipsesmondolo\/wp-content\/uploads\/usu311\/2025\/01\/funcio.png\"><img loading=\"lazy\" decoding=\"async\" class=\"wp-image-10000 aligncenter\" src=\"https:\/\/agora.xtec.cat\/ceipsesmondolo\/wp-content\/uploads\/usu311\/2025\/01\/funcio.png\" alt=\"\" width=\"465\" height=\"455\" srcset=\"https:\/\/agora.xtec.cat\/ceipsesmondolo\/wp-content\/uploads\/usu311\/2025\/01\/funcio.png 613w, https:\/\/agora.xtec.cat\/ceipsesmondolo\/wp-content\/uploads\/usu311\/2025\/01\/funcio-300x294.png 300w\" sizes=\"auto, (max-width: 465px) 100vw, 465px\" \/><\/a><\/p>\n<p>El texto y el n\u00famero a mostrar, se indicara en la llamada a la funci\u00f3n, ejemplo:<\/p>\n<p><a href=\"https:\/\/agora.xtec.cat\/ceipsesmondolo\/wp-content\/uploads\/usu311\/2025\/01\/crida-1.png\"><img loading=\"lazy\" decoding=\"async\" class=\"size-full wp-image-10008 aligncenter\" src=\"https:\/\/agora.xtec.cat\/ceipsesmondolo\/wp-content\/uploads\/usu311\/2025\/01\/crida-1.png\" alt=\"\" width=\"478\" height=\"151\" srcset=\"https:\/\/agora.xtec.cat\/ceipsesmondolo\/wp-content\/uploads\/usu311\/2025\/01\/crida-1.png 478w, https:\/\/agora.xtec.cat\/ceipsesmondolo\/wp-content\/uploads\/usu311\/2025\/01\/crida-1-300x95.png 300w\" sizes=\"auto, (max-width: 478px) 100vw, 478px\" \/><\/a><\/p>\n<p>Ahora la soluci\u00f3n completa, quedaria de esta manera:<\/p>\n<p><a href=\"https:\/\/agora.xtec.cat\/ceipsesmondolo\/wp-content\/uploads\/usu311\/2025\/01\/CompletoConFuncion.png\"><img loading=\"lazy\" decoding=\"async\" class=\"wp-image-10006 aligncenter\" src=\"https:\/\/agora.xtec.cat\/ceipsesmondolo\/wp-content\/uploads\/usu311\/2025\/01\/CompletoConFuncion-1024x847.png\" alt=\"\" width=\"949\" height=\"785\" srcset=\"https:\/\/agora.xtec.cat\/ceipsesmondolo\/wp-content\/uploads\/usu311\/2025\/01\/CompletoConFuncion-1024x847.png 1024w, https:\/\/agora.xtec.cat\/ceipsesmondolo\/wp-content\/uploads\/usu311\/2025\/01\/CompletoConFuncion-300x248.png 300w, https:\/\/agora.xtec.cat\/ceipsesmondolo\/wp-content\/uploads\/usu311\/2025\/01\/CompletoConFuncion-768x635.png 768w, https:\/\/agora.xtec.cat\/ceipsesmondolo\/wp-content\/uploads\/usu311\/2025\/01\/CompletoConFuncion.png 1194w\" sizes=\"auto, (max-width: 949px) 100vw, 949px\" \/><\/a><\/p>\n<p>&nbsp;<\/p>\n<p>&nbsp;<\/p>\n<p>&nbsp;<\/p>\n<p>&nbsp;<\/p>\n<p>&nbsp;<\/p>\n<p>&nbsp;<\/p>\n<p>&nbsp;<\/p>\n<p>&nbsp;<\/p>\n","protected":false},"excerpt":{"rendered":"<p>En esta pr\u00e1ctica se dar\u00e1 soluci\u00f3n a una puntualizaci\u00f3n que maestras y alumnos han detectado en la soluci\u00f3n final de la pr\u00e1ctica Temperatura I.<br \/>\n<a href=\"https:\/\/agora.xtec.cat\/ceipsesmondolo\/wp-content\/uploads\/usu311\/2025\/01\/SolucioCompletaTemperatura.png\"><\/a><br \/>\nLa observaci\u00f3n que han realizado, es que hay un conjunto de instrucci\u00f3nes que se repiten hasta cinco veces en el programa.&hellip;  <a href=\"https:\/\/agora.xtec.cat\/ceipsesmondolo\/steam\/microbit\/temperaratura-iv\/\" title=\"Read Temperatura &#8211; funciones\">Llegeix m\u00e9s\u00bb<\/a><\/p>\n","protected":false},"author":36,"featured_media":0,"parent":8960,"menu_order":33,"comment_status":"closed","ping_status":"closed","template":"page-templates\/side-menu.php","meta":{"_bbp_topic_count":0,"_bbp_reply_count":0,"_bbp_total_topic_count":0,"_bbp_total_reply_count":0,"_bbp_voice_count":0,"_bbp_anonymous_reply_count":0,"_bbp_topic_count_hidden":0,"_bbp_reply_count_hidden":0,"_bbp_forum_subforum_count":0,"footnotes":""},"class_list":["post-9991","page","type-page","status-publish","hentry"],"post_mailing_queue_ids":[],"_links":{"self":[{"href":"https:\/\/agora.xtec.cat\/ceipsesmondolo\/wp-json\/wp\/v2\/pages\/9991","targetHints":{"allow":["GET"]}}],"collection":[{"href":"https:\/\/agora.xtec.cat\/ceipsesmondolo\/wp-json\/wp\/v2\/pages"}],"about":[{"href":"https:\/\/agora.xtec.cat\/ceipsesmondolo\/wp-json\/wp\/v2\/types\/page"}],"author":[{"embeddable":true,"href":"https:\/\/agora.xtec.cat\/ceipsesmondolo\/wp-json\/wp\/v2\/users\/36"}],"replies":[{"embeddable":true,"href":"https:\/\/agora.xtec.cat\/ceipsesmondolo\/wp-json\/wp\/v2\/comments?post=9991"}],"version-history":[{"count":7,"href":"https:\/\/agora.xtec.cat\/ceipsesmondolo\/wp-json\/wp\/v2\/pages\/9991\/revisions"}],"predecessor-version":[{"id":10199,"href":"https:\/\/agora.xtec.cat\/ceipsesmondolo\/wp-json\/wp\/v2\/pages\/9991\/revisions\/10199"}],"up":[{"embeddable":true,"href":"https:\/\/agora.xtec.cat\/ceipsesmondolo\/wp-json\/wp\/v2\/pages\/8960"}],"wp:attachment":[{"href":"https:\/\/agora.xtec.cat\/ceipsesmondolo\/wp-json\/wp\/v2\/media?parent=9991"}],"curies":[{"name":"wp","href":"https:\/\/api.w.org\/{rel}","templated":true}]}}