{"id":9925,"date":"2025-01-08T18:03:30","date_gmt":"2025-01-08T17:03:30","guid":{"rendered":"https:\/\/agora.xtec.cat\/ceipsesmondolo\/?page_id=9925"},"modified":"2025-03-31T23:03:30","modified_gmt":"2025-03-31T21:03:30","slug":"sensor-de-temperatura-ii","status":"publish","type":"page","link":"https:\/\/agora.xtec.cat\/ceipsesmondolo\/steam\/microbit\/sensor-de-temperatura-ii\/","title":{"rendered":"Temperatura &#8211; Gr\u00e1ficas"},"content":{"rendered":"<p><strong>Reporte de la temperatura en los 25 x LED de la placa micro:bit y tambi\u00e9n se reportar\u00e1 via el cable USB a la aplicaci\u00f3n que estar\u00e1 abierta en makeCode, podremos observar dos situaciones:<\/strong><\/p>\n<p><a href=\"https:\/\/agora.xtec.cat\/ceipsesmondolo\/wp-content\/uploads\/usu311\/2025\/01\/excel-1.png\"><img loading=\"lazy\" decoding=\"async\" class=\"alignnone size-large wp-image-9954\" src=\"https:\/\/agora.xtec.cat\/ceipsesmondolo\/wp-content\/uploads\/usu311\/2025\/01\/excel-1-1024x499.png\" alt=\"\" width=\"1024\" height=\"499\" srcset=\"https:\/\/agora.xtec.cat\/ceipsesmondolo\/wp-content\/uploads\/usu311\/2025\/01\/excel-1-1024x499.png 1024w, https:\/\/agora.xtec.cat\/ceipsesmondolo\/wp-content\/uploads\/usu311\/2025\/01\/excel-1-300x146.png 300w, https:\/\/agora.xtec.cat\/ceipsesmondolo\/wp-content\/uploads\/usu311\/2025\/01\/excel-1-768x375.png 768w, https:\/\/agora.xtec.cat\/ceipsesmondolo\/wp-content\/uploads\/usu311\/2025\/01\/excel-1-1536x749.png 1536w, https:\/\/agora.xtec.cat\/ceipsesmondolo\/wp-content\/uploads\/usu311\/2025\/01\/excel-1-2048x999.png 2048w\" sizes=\"auto, (max-width: 1024px) 100vw, 1024px\" \/><\/a><\/p>\n<p>y si presionamos en <strong>&#8220;Mostra las dades&#8221;,<\/strong> MakeCode cambiar\u00e1 de pantalla y se observar\u00e1 el resultado de la orden<strong>:<\/strong><\/p>\n<p><strong>&#8220;escriu el valor &#8220;temperatura&#8221; = temperatura al port serie&#8221;<\/strong><\/p>\n<p><a href=\"https:\/\/agora.xtec.cat\/ceipsesmondolo\/wp-content\/uploads\/usu311\/2024\/11\/temperatura-serie-full.png\"><img loading=\"lazy\" decoding=\"async\" class=\" wp-image-9696 aligncenter\" src=\"https:\/\/agora.xtec.cat\/ceipsesmondolo\/wp-content\/uploads\/usu311\/2024\/11\/temperatura-serie-full.png\" alt=\"\" width=\"923\" height=\"559\" srcset=\"https:\/\/agora.xtec.cat\/ceipsesmondolo\/wp-content\/uploads\/usu311\/2024\/11\/temperatura-serie-full.png 1012w, https:\/\/agora.xtec.cat\/ceipsesmondolo\/wp-content\/uploads\/usu311\/2024\/11\/temperatura-serie-full-300x182.png 300w, https:\/\/agora.xtec.cat\/ceipsesmondolo\/wp-content\/uploads\/usu311\/2024\/11\/temperatura-serie-full-768x465.png 768w\" sizes=\"auto, (max-width: 923px) 100vw, 923px\" \/><\/a><\/p>\n<p>Podremos ver como todas las lecturas de la temperatura que se obtienen del sensor, pueden ser descargadas en un fichero con extensi\u00f3n, .csv\u00a0 (valor separado por comas), por ejemplo, al finalizar el dia y ser analizadas y comentadas en clase. Ejemplo:<\/p>\n<p><a href=\"https:\/\/agora.xtec.cat\/ceipsesmondolo\/wp-content\/uploads\/usu311\/2024\/11\/csv.png\"><img loading=\"lazy\" decoding=\"async\" class=\"alignnone size-large wp-image-9739\" src=\"https:\/\/agora.xtec.cat\/ceipsesmondolo\/wp-content\/uploads\/usu311\/2024\/11\/csv-1024x77.png\" alt=\"\" width=\"1024\" height=\"77\" srcset=\"https:\/\/agora.xtec.cat\/ceipsesmondolo\/wp-content\/uploads\/usu311\/2024\/11\/csv-1024x77.png 1024w, https:\/\/agora.xtec.cat\/ceipsesmondolo\/wp-content\/uploads\/usu311\/2024\/11\/csv-300x23.png 300w, https:\/\/agora.xtec.cat\/ceipsesmondolo\/wp-content\/uploads\/usu311\/2024\/11\/csv-768x58.png 768w, https:\/\/agora.xtec.cat\/ceipsesmondolo\/wp-content\/uploads\/usu311\/2024\/11\/csv.png 1329w\" sizes=\"auto, (max-width: 1024px) 100vw, 1024px\" \/><\/a><\/p>\n<p><strong>Apertura del fichero con el bloc de notas (Llibreta)<\/strong><\/p>\n<p><a href=\"https:\/\/agora.xtec.cat\/ceipsesmondolo\/wp-content\/uploads\/usu311\/2024\/11\/Llibreta.png\"><img loading=\"lazy\" decoding=\"async\" class=\"alignnone wp-image-9740\" src=\"https:\/\/agora.xtec.cat\/ceipsesmondolo\/wp-content\/uploads\/usu311\/2024\/11\/Llibreta.png\" alt=\"\" width=\"485\" height=\"294\" srcset=\"https:\/\/agora.xtec.cat\/ceipsesmondolo\/wp-content\/uploads\/usu311\/2024\/11\/Llibreta.png 715w, https:\/\/agora.xtec.cat\/ceipsesmondolo\/wp-content\/uploads\/usu311\/2024\/11\/Llibreta-300x182.png 300w\" sizes=\"auto, (max-width: 485px) 100vw, 485px\" \/><\/a><\/p>\n<p>El bloc de notas es una herramienta que informa del contenido exacto de un fichero, en este caso indica que el fichero .csv utiliza el separador &#8220;tabulaci\u00f3n&#8221;<\/p>\n<p><strong>Apertura del fichero con libre office.<\/strong><\/p>\n<p>Al abrir el fichero con el programa libre office, este detecta que \u00e9s un fichero tipo csv y nos informa de ello, con la siguiente pantalla.<\/p>\n<p><a href=\"https:\/\/agora.xtec.cat\/ceipsesmondolo\/wp-content\/uploads\/usu311\/2024\/11\/Captura-de-pantalla-2024-11-14-122410-LibreOffice-Import.png\"><img loading=\"lazy\" decoding=\"async\" class=\"wp-image-9743 aligncenter\" src=\"https:\/\/agora.xtec.cat\/ceipsesmondolo\/wp-content\/uploads\/usu311\/2024\/11\/Captura-de-pantalla-2024-11-14-122410-LibreOffice-Import.png\" alt=\"\" width=\"373\" height=\"405\" srcset=\"https:\/\/agora.xtec.cat\/ceipsesmondolo\/wp-content\/uploads\/usu311\/2024\/11\/Captura-de-pantalla-2024-11-14-122410-LibreOffice-Import.png 729w, https:\/\/agora.xtec.cat\/ceipsesmondolo\/wp-content\/uploads\/usu311\/2024\/11\/Captura-de-pantalla-2024-11-14-122410-LibreOffice-Import-277x300.png 277w\" sizes=\"auto, (max-width: 373px) 100vw, 373px\" \/><\/a><\/p>\n<p>Como normalmente la detecci\u00f3n es correcta, en este caso ha detectado que los valores estan separados por tabulaciones, coincidiendo con lo que hemos visto en el bloc de notas, as\u00ed que aceptamos y ya se pasa a la hoja de c\u00e1lculo.<\/p>\n<p><a href=\"https:\/\/agora.xtec.cat\/ceipsesmondolo\/wp-content\/uploads\/usu311\/2024\/11\/Captura-de-pantalla-2024-11-14-122935LibreOfficeCal.png\"><img loading=\"lazy\" decoding=\"async\" class=\"size-large wp-image-9744 aligncenter\" src=\"https:\/\/agora.xtec.cat\/ceipsesmondolo\/wp-content\/uploads\/usu311\/2024\/11\/Captura-de-pantalla-2024-11-14-122935LibreOfficeCal-1024x463.png\" alt=\"\" width=\"1024\" height=\"463\" srcset=\"https:\/\/agora.xtec.cat\/ceipsesmondolo\/wp-content\/uploads\/usu311\/2024\/11\/Captura-de-pantalla-2024-11-14-122935LibreOfficeCal-1024x463.png 1024w, https:\/\/agora.xtec.cat\/ceipsesmondolo\/wp-content\/uploads\/usu311\/2024\/11\/Captura-de-pantalla-2024-11-14-122935LibreOfficeCal-300x136.png 300w, https:\/\/agora.xtec.cat\/ceipsesmondolo\/wp-content\/uploads\/usu311\/2024\/11\/Captura-de-pantalla-2024-11-14-122935LibreOfficeCal-768x348.png 768w, https:\/\/agora.xtec.cat\/ceipsesmondolo\/wp-content\/uploads\/usu311\/2024\/11\/Captura-de-pantalla-2024-11-14-122935LibreOfficeCal.png 1275w\" sizes=\"auto, (max-width: 1024px) 100vw, 1024px\" \/><\/a><\/p>\n<p>&nbsp;<\/p>\n<p>&nbsp;<\/p>\n<p><strong>Apertura del fichero con el programa EXCEL de Microsoft Office.<\/strong><\/p>\n<p><a href=\"https:\/\/agora.xtec.cat\/ceipsesmondolo\/wp-content\/uploads\/usu311\/2024\/11\/Grafica.png\"><img loading=\"lazy\" decoding=\"async\" class=\"size-large wp-image-9698 aligncenter\" src=\"https:\/\/agora.xtec.cat\/ceipsesmondolo\/wp-content\/uploads\/usu311\/2024\/11\/Grafica-1024x468.png\" alt=\"\" width=\"1024\" height=\"468\" srcset=\"https:\/\/agora.xtec.cat\/ceipsesmondolo\/wp-content\/uploads\/usu311\/2024\/11\/Grafica-1024x468.png 1024w, https:\/\/agora.xtec.cat\/ceipsesmondolo\/wp-content\/uploads\/usu311\/2024\/11\/Grafica-300x137.png 300w, https:\/\/agora.xtec.cat\/ceipsesmondolo\/wp-content\/uploads\/usu311\/2024\/11\/Grafica-768x351.png 768w, https:\/\/agora.xtec.cat\/ceipsesmondolo\/wp-content\/uploads\/usu311\/2024\/11\/Grafica.png 1188w\" sizes=\"auto, (max-width: 1024px) 100vw, 1024px\" \/><\/a><\/p>\n<p>Nota las capturas aqu\u00ed mostradas han sido tomadas aleatoriamente.<\/p>\n<p>La practica real se realizar\u00e1 conectando una micro:bit y vincul\u00e1ndola al entorno de desarrollo makecode.microbit.org, que a la par ha de tener el mismo programa que se ha descargado a la placa f\u00edsica micro:bit, la cual estar\u00e1 conectada al puerto serie (USB).<\/p>\n<p>&nbsp;<\/p>\n","protected":false},"excerpt":{"rendered":"<p>Reporte de la temperatura en los 25 x LED de la placa micro:bit y tambi\u00e9n se reportar\u00e1 via el cable USB a la aplicaci\u00f3n que estar\u00e1 abierta en makeCode, podremos observar dos situaciones:<br \/>\n<a href=\"https:\/\/agora.xtec.cat\/ceipsesmondolo\/wp-content\/uploads\/usu311\/2025\/01\/excel-1.png\"><\/a><br \/>\ny si presionamos en &#8220;Mostra las dades&#8221;, MakeCode cambiar\u00e1 de pantalla y&hellip;  <a href=\"https:\/\/agora.xtec.cat\/ceipsesmondolo\/steam\/microbit\/sensor-de-temperatura-ii\/\" title=\"Read Temperatura &#8211; Gr\u00e1ficas\">Llegeix m\u00e9s\u00bb<\/a><\/p>\n","protected":false},"author":36,"featured_media":0,"parent":8960,"menu_order":31,"comment_status":"closed","ping_status":"closed","template":"page-templates\/side-menu.php","meta":{"_bbp_topic_count":0,"_bbp_reply_count":0,"_bbp_total_topic_count":0,"_bbp_total_reply_count":0,"_bbp_voice_count":0,"_bbp_anonymous_reply_count":0,"_bbp_topic_count_hidden":0,"_bbp_reply_count_hidden":0,"_bbp_forum_subforum_count":0,"footnotes":""},"class_list":["post-9925","page","type-page","status-publish","hentry"],"post_mailing_queue_ids":[],"_links":{"self":[{"href":"https:\/\/agora.xtec.cat\/ceipsesmondolo\/wp-json\/wp\/v2\/pages\/9925","targetHints":{"allow":["GET"]}}],"collection":[{"href":"https:\/\/agora.xtec.cat\/ceipsesmondolo\/wp-json\/wp\/v2\/pages"}],"about":[{"href":"https:\/\/agora.xtec.cat\/ceipsesmondolo\/wp-json\/wp\/v2\/types\/page"}],"author":[{"embeddable":true,"href":"https:\/\/agora.xtec.cat\/ceipsesmondolo\/wp-json\/wp\/v2\/users\/36"}],"replies":[{"embeddable":true,"href":"https:\/\/agora.xtec.cat\/ceipsesmondolo\/wp-json\/wp\/v2\/comments?post=9925"}],"version-history":[{"count":5,"href":"https:\/\/agora.xtec.cat\/ceipsesmondolo\/wp-json\/wp\/v2\/pages\/9925\/revisions"}],"predecessor-version":[{"id":10201,"href":"https:\/\/agora.xtec.cat\/ceipsesmondolo\/wp-json\/wp\/v2\/pages\/9925\/revisions\/10201"}],"up":[{"embeddable":true,"href":"https:\/\/agora.xtec.cat\/ceipsesmondolo\/wp-json\/wp\/v2\/pages\/8960"}],"wp:attachment":[{"href":"https:\/\/agora.xtec.cat\/ceipsesmondolo\/wp-json\/wp\/v2\/media?parent=9925"}],"curies":[{"name":"wp","href":"https:\/\/api.w.org\/{rel}","templated":true}]}}