{"id":9861,"date":"2024-12-14T18:32:47","date_gmt":"2024-12-14T17:32:47","guid":{"rendered":"https:\/\/agora.xtec.cat\/ceipsesmondolo\/?page_id=9861"},"modified":"2024-12-15T18:55:58","modified_gmt":"2024-12-15T17:55:58","slug":"bon-nadal","status":"publish","type":"page","link":"https:\/\/agora.xtec.cat\/ceipsesmondolo\/steam\/scratch\/bon-nadal\/","title":{"rendered":"Bon Nadal"},"content":{"rendered":"<table class=\" aligncenter\" style=\"border-collapse: collapse; width: 76.4521%;\">\n<tbody>\n<tr>\n<td style=\"width: 100%;\"><iframe loading=\"lazy\" src=\"https:\/\/scratch.mit.edu\/projects\/1110695914\/embed\" width=\"485\" height=\"402\" frameborder=\"0\" scrolling=\"no\" allowfullscreen=\"allowfullscreen\"><\/iframe><\/td>\n<\/tr>\n<\/tbody>\n<\/table>\n<p style=\"text-align: center;\" data-pm-slice=\"1 1 []\"><em>Si ho vols reinventar:\u00a0<a href=\"https:\/\/scratch.mit.edu\/projects\/1110695914\"><strong>Bon Nadal<\/strong><\/a><\/em><\/p>\n<p data-pm-slice=\"1 1 []\">Aquesta proposta de Scratch \u00e9s una variant del treball que es va fer per <a href=\"https:\/\/agora.xtec.cat\/ceipsesmondolo\/steam\/scratch\/fresas-y-bol\/\">Tots Sants a l&#8217;escola SESMON<\/a>. La variant ha estat aportada pels <em>Makers del Moian\u00e8s<\/em>, que han substitu\u00eft la descarregada de caramels per la de regals, amb una soluci\u00f3 molt enginyosa.<\/p>\n<p data-pm-slice=\"1 1 []\"><a href=\"https:\/\/agora.xtec.cat\/ceipsesmondolo\/wp-content\/uploads\/usu311\/2024\/12\/Makers-del-Moianes.jpg\"><img loading=\"lazy\" decoding=\"async\" class=\"wp-image-9872 aligncenter\" src=\"https:\/\/agora.xtec.cat\/ceipsesmondolo\/wp-content\/uploads\/usu311\/2024\/12\/Makers-del-Moianes-1024x461.jpg\" alt=\"\" width=\"338\" height=\"152\" srcset=\"https:\/\/agora.xtec.cat\/ceipsesmondolo\/wp-content\/uploads\/usu311\/2024\/12\/Makers-del-Moianes-1024x461.jpg 1024w, https:\/\/agora.xtec.cat\/ceipsesmondolo\/wp-content\/uploads\/usu311\/2024\/12\/Makers-del-Moianes-300x135.jpg 300w, https:\/\/agora.xtec.cat\/ceipsesmondolo\/wp-content\/uploads\/usu311\/2024\/12\/Makers-del-Moianes-768x346.jpg 768w, https:\/\/agora.xtec.cat\/ceipsesmondolo\/wp-content\/uploads\/usu311\/2024\/12\/Makers-del-Moianes-1536x691.jpg 1536w, https:\/\/agora.xtec.cat\/ceipsesmondolo\/wp-content\/uploads\/usu311\/2024\/12\/Makers-del-Moianes.jpg 1600w\" sizes=\"auto, (max-width: 338px) 100vw, 338px\" \/><\/a><\/p>\n<p style=\"text-align: center;\" data-pm-slice=\"1 1 []\"><em>Club de makers del Moian\u00e8s<\/em><\/p>\n<p><strong>La soluci\u00f3 aportada.<\/strong><\/p>\n<p>Consisteix en substituir els diferents vestits d&#8217;un personatge per altres personatges.<\/p>\n<p><a href=\"https:\/\/agora.xtec.cat\/ceipsesmondolo\/wp-content\/uploads\/usu311\/2024\/12\/Vestits.png\"><img loading=\"lazy\" decoding=\"async\" class=\"wp-image-9874 aligncenter\" src=\"https:\/\/agora.xtec.cat\/ceipsesmondolo\/wp-content\/uploads\/usu311\/2024\/12\/Vestits-1024x759.png\" alt=\"\" width=\"379\" height=\"281\" srcset=\"https:\/\/agora.xtec.cat\/ceipsesmondolo\/wp-content\/uploads\/usu311\/2024\/12\/Vestits-1024x759.png 1024w, https:\/\/agora.xtec.cat\/ceipsesmondolo\/wp-content\/uploads\/usu311\/2024\/12\/Vestits-300x222.png 300w, https:\/\/agora.xtec.cat\/ceipsesmondolo\/wp-content\/uploads\/usu311\/2024\/12\/Vestits-768x569.png 768w, https:\/\/agora.xtec.cat\/ceipsesmondolo\/wp-content\/uploads\/usu311\/2024\/12\/Vestits.png 1377w\" sizes=\"auto, (max-width: 379px) 100vw, 379px\" \/><\/a><\/p>\n<p>A continuaci\u00f3 s&#8217;han substitu\u00eft els noms dels personatges per un n\u00famero, i d&#8217;aquesta manera es poden fer clones, c\u00f2pies d&#8217;un mateix, d&#8217;un original seleccionat a l&#8217;atzar.<\/p>\n<p><a href=\"https:\/\/agora.xtec.cat\/ceipsesmondolo\/wp-content\/uploads\/usu311\/2024\/12\/Vestit-a-latzar.png\"><img loading=\"lazy\" decoding=\"async\" class=\" wp-image-9876 aligncenter\" src=\"https:\/\/agora.xtec.cat\/ceipsesmondolo\/wp-content\/uploads\/usu311\/2024\/12\/Vestit-a-latzar.png\" alt=\"\" width=\"452\" height=\"311\" srcset=\"https:\/\/agora.xtec.cat\/ceipsesmondolo\/wp-content\/uploads\/usu311\/2024\/12\/Vestit-a-latzar.png 694w, https:\/\/agora.xtec.cat\/ceipsesmondolo\/wp-content\/uploads\/usu311\/2024\/12\/Vestit-a-latzar-300x207.png 300w\" sizes=\"auto, (max-width: 452px) 100vw, 452px\" \/><\/a><\/p>\n<p data-pm-slice=\"1 1 []\">La idea que han tingut els <em>makers<\/em> s&#8217;ha reestructurat i ha quedat una proposta per a treballar a classe molt interessant, aix\u00ed que podem dir, que en Picasso tenia molta ra\u00f3, quan deia:<\/p>\n<ul>\n<li>Els <strong>bons<\/strong> artistes creen.<\/li>\n<li>Els &#8220;grans&#8221; artistes copien.<\/li>\n<\/ul>\n<p><strong>Ampliar el joc controlant el n\u00famero de regals:<\/strong><\/p>\n<ul>\n<li>En la primera part del joc:\n<ul>\n<li>Es crear\u00e0 la variable numRegals. (No introduir car\u00e0cters especials com accents, etc. ni espais dintre del nom d&#8217;una variable)<\/li>\n<li>Cada vegada que entri un regal a la caixa, el n\u00famero de regals augmentar\u00e0.<\/li>\n<\/ul>\n<\/li>\n<li>En la segona part\u00a0 del joc:\n<ul>\n<li>Cauran a la neu tants regals com regals ha capturat la caixa en la primera part del joc.<\/li>\n<\/ul>\n<\/li>\n<\/ul>\n<p><a href=\"https:\/\/agora.xtec.cat\/ceipsesmondolo\/wp-content\/uploads\/usu311\/2024\/12\/Captura-de-pantalla-de-2024-12-15-17-58-22.png\"><img loading=\"lazy\" decoding=\"async\" class=\"size-large wp-image-9882 aligncenter\" src=\"https:\/\/agora.xtec.cat\/ceipsesmondolo\/wp-content\/uploads\/usu311\/2024\/12\/Captura-de-pantalla-de-2024-12-15-17-58-22-1024x624.png\" alt=\"\" width=\"1024\" height=\"624\" srcset=\"https:\/\/agora.xtec.cat\/ceipsesmondolo\/wp-content\/uploads\/usu311\/2024\/12\/Captura-de-pantalla-de-2024-12-15-17-58-22-1024x624.png 1024w, https:\/\/agora.xtec.cat\/ceipsesmondolo\/wp-content\/uploads\/usu311\/2024\/12\/Captura-de-pantalla-de-2024-12-15-17-58-22-300x183.png 300w, https:\/\/agora.xtec.cat\/ceipsesmondolo\/wp-content\/uploads\/usu311\/2024\/12\/Captura-de-pantalla-de-2024-12-15-17-58-22-768x468.png 768w, https:\/\/agora.xtec.cat\/ceipsesmondolo\/wp-content\/uploads\/usu311\/2024\/12\/Captura-de-pantalla-de-2024-12-15-17-58-22.png 1487w\" sizes=\"auto, (max-width: 1024px) 100vw, 1024px\" \/><\/a><\/p>\n<p>&nbsp;<\/p>\n<p><strong>Ara augmentar la dificultat del joc, augmentant la velocitat de baixada dels regals<\/strong><\/p>\n<ul>\n<li style=\"text-align: left;\">Es crear\u00e0 la variable controlVelocitat.<\/li>\n<li style=\"text-align: left;\">El valor de la variable controlVelocitat podria variar seguin una d&#8217;aquestes dos propostes.<\/li>\n<\/ul>\n<table class=\" aligncenter\" style=\"border-collapse: collapse; width: 45.8955%;\">\n<tbody>\n<tr>\n<td style=\"width: 25.7695%;\"><a href=\"https:\/\/agora.xtec.cat\/ceipsesmondolo\/wp-content\/uploads\/usu311\/2024\/12\/Captura-de-pantalla-de-2024-12-15-18-16-43.png\"><img loading=\"lazy\" decoding=\"async\" class=\"alignnone size-large wp-image-9885\" src=\"https:\/\/agora.xtec.cat\/ceipsesmondolo\/wp-content\/uploads\/usu311\/2024\/12\/Captura-de-pantalla-de-2024-12-15-18-16-43-461x1024.png\" alt=\"\" width=\"461\" height=\"1024\" srcset=\"https:\/\/agora.xtec.cat\/ceipsesmondolo\/wp-content\/uploads\/usu311\/2024\/12\/Captura-de-pantalla-de-2024-12-15-18-16-43-461x1024.png 461w, https:\/\/agora.xtec.cat\/ceipsesmondolo\/wp-content\/uploads\/usu311\/2024\/12\/Captura-de-pantalla-de-2024-12-15-18-16-43-135x300.png 135w, https:\/\/agora.xtec.cat\/ceipsesmondolo\/wp-content\/uploads\/usu311\/2024\/12\/Captura-de-pantalla-de-2024-12-15-18-16-43.png 684w\" sizes=\"auto, (max-width: 461px) 100vw, 461px\" \/><\/a><\/td>\n<td style=\"width: 20.1263%;\"><a href=\"https:\/\/agora.xtec.cat\/ceipsesmondolo\/wp-content\/uploads\/usu311\/2024\/12\/Captura-de-pantalla-de-2024-12-15-18-12-52.png\"><img loading=\"lazy\" decoding=\"async\" class=\"alignnone size-large wp-image-9884\" src=\"https:\/\/agora.xtec.cat\/ceipsesmondolo\/wp-content\/uploads\/usu311\/2024\/12\/Captura-de-pantalla-de-2024-12-15-18-12-52-461x1024.png\" alt=\"\" width=\"461\" height=\"1024\" srcset=\"https:\/\/agora.xtec.cat\/ceipsesmondolo\/wp-content\/uploads\/usu311\/2024\/12\/Captura-de-pantalla-de-2024-12-15-18-12-52-461x1024.png 461w, https:\/\/agora.xtec.cat\/ceipsesmondolo\/wp-content\/uploads\/usu311\/2024\/12\/Captura-de-pantalla-de-2024-12-15-18-12-52-135x300.png 135w, https:\/\/agora.xtec.cat\/ceipsesmondolo\/wp-content\/uploads\/usu311\/2024\/12\/Captura-de-pantalla-de-2024-12-15-18-12-52.png 684w\" sizes=\"auto, (max-width: 461px) 100vw, 461px\" \/><\/a><\/td>\n<\/tr>\n<\/tbody>\n<\/table>\n<p>&nbsp;<\/p>\n<p style=\"text-align: left;\">I finalment la velocitat s&#8217;hauria de gestionar en basa a una d&#8217;aquestes dues maneres:<\/p>\n<table class=\" aligncenter\" style=\"border-collapse: collapse; width: 61.0494%;\">\n<tbody>\n<tr>\n<td style=\"width: 34.0841%;\"><a href=\"https:\/\/agora.xtec.cat\/ceipsesmondolo\/wp-content\/uploads\/usu311\/2024\/12\/Captura-de-pantalla-de-2024-12-15-18-25-38.png\"><img loading=\"lazy\" decoding=\"async\" class=\"alignnone size-full wp-image-9887\" src=\"https:\/\/agora.xtec.cat\/ceipsesmondolo\/wp-content\/uploads\/usu311\/2024\/12\/Captura-de-pantalla-de-2024-12-15-18-25-38.png\" alt=\"\" width=\"715\" height=\"876\" srcset=\"https:\/\/agora.xtec.cat\/ceipsesmondolo\/wp-content\/uploads\/usu311\/2024\/12\/Captura-de-pantalla-de-2024-12-15-18-25-38.png 715w, https:\/\/agora.xtec.cat\/ceipsesmondolo\/wp-content\/uploads\/usu311\/2024\/12\/Captura-de-pantalla-de-2024-12-15-18-25-38-245x300.png 245w\" sizes=\"auto, (max-width: 715px) 100vw, 715px\" \/><\/a><\/td>\n<td style=\"width: 34.2519%;\"><a href=\"https:\/\/agora.xtec.cat\/ceipsesmondolo\/wp-content\/uploads\/usu311\/2024\/12\/Captura-de-pantalla-de-2024-12-15-18-23-35.png\"><img loading=\"lazy\" decoding=\"async\" class=\"alignnone size-full wp-image-9886\" src=\"https:\/\/agora.xtec.cat\/ceipsesmondolo\/wp-content\/uploads\/usu311\/2024\/12\/Captura-de-pantalla-de-2024-12-15-18-23-35.png\" alt=\"\" width=\"715\" height=\"876\" srcset=\"https:\/\/agora.xtec.cat\/ceipsesmondolo\/wp-content\/uploads\/usu311\/2024\/12\/Captura-de-pantalla-de-2024-12-15-18-23-35.png 715w, https:\/\/agora.xtec.cat\/ceipsesmondolo\/wp-content\/uploads\/usu311\/2024\/12\/Captura-de-pantalla-de-2024-12-15-18-23-35-245x300.png 245w\" sizes=\"auto, (max-width: 715px) 100vw, 715px\" \/><\/a><\/td>\n<\/tr>\n<\/tbody>\n<\/table>\n<p>&nbsp;<\/p>\n<p>&nbsp;<\/p>\n","protected":false},"excerpt":{"rendered":"<p>Si ho vols reinventar:\u00a0<a href=\"https:\/\/scratch.mit.edu\/projects\/1110695914\">Bon Nadal<\/a><br \/>\nAquesta proposta de Scratch \u00e9s una variant del treball que es va fer per <a href=\"https:\/\/agora.xtec.cat\/ceipsesmondolo\/steam\/scratch\/fresas-y-bol\/\">Tots Sants a l&#8217;escola SESMON<\/a>. La variant ha estat aportada pels Makers del Moian\u00e8s, que han substitu\u00eft la descarregada de caramels per la de regals,&hellip;  <a href=\"https:\/\/agora.xtec.cat\/ceipsesmondolo\/steam\/scratch\/bon-nadal\/\" title=\"Read Bon Nadal\">Llegeix m\u00e9s\u00bb<\/a><\/p>\n","protected":false},"author":36,"featured_media":0,"parent":9080,"menu_order":40,"comment_status":"closed","ping_status":"closed","template":"page-templates\/side-menu.php","meta":{"_bbp_topic_count":0,"_bbp_reply_count":0,"_bbp_total_topic_count":0,"_bbp_total_reply_count":0,"_bbp_voice_count":0,"_bbp_anonymous_reply_count":0,"_bbp_topic_count_hidden":0,"_bbp_reply_count_hidden":0,"_bbp_forum_subforum_count":0,"footnotes":""},"class_list":["post-9861","page","type-page","status-publish","hentry"],"post_mailing_queue_ids":[],"_links":{"self":[{"href":"https:\/\/agora.xtec.cat\/ceipsesmondolo\/wp-json\/wp\/v2\/pages\/9861","targetHints":{"allow":["GET"]}}],"collection":[{"href":"https:\/\/agora.xtec.cat\/ceipsesmondolo\/wp-json\/wp\/v2\/pages"}],"about":[{"href":"https:\/\/agora.xtec.cat\/ceipsesmondolo\/wp-json\/wp\/v2\/types\/page"}],"author":[{"embeddable":true,"href":"https:\/\/agora.xtec.cat\/ceipsesmondolo\/wp-json\/wp\/v2\/users\/36"}],"replies":[{"embeddable":true,"href":"https:\/\/agora.xtec.cat\/ceipsesmondolo\/wp-json\/wp\/v2\/comments?post=9861"}],"version-history":[{"count":7,"href":"https:\/\/agora.xtec.cat\/ceipsesmondolo\/wp-json\/wp\/v2\/pages\/9861\/revisions"}],"predecessor-version":[{"id":9892,"href":"https:\/\/agora.xtec.cat\/ceipsesmondolo\/wp-json\/wp\/v2\/pages\/9861\/revisions\/9892"}],"up":[{"embeddable":true,"href":"https:\/\/agora.xtec.cat\/ceipsesmondolo\/wp-json\/wp\/v2\/pages\/9080"}],"wp:attachment":[{"href":"https:\/\/agora.xtec.cat\/ceipsesmondolo\/wp-json\/wp\/v2\/media?parent=9861"}],"curies":[{"name":"wp","href":"https:\/\/api.w.org\/{rel}","templated":true}]}}