{"id":9708,"date":"2024-11-11T19:22:32","date_gmt":"2024-11-11T18:22:32","guid":{"rendered":"https:\/\/agora.xtec.cat\/ceipsesmondolo\/?page_id=9708"},"modified":"2024-12-04T14:06:39","modified_gmt":"2024-12-04T13:06:39","slug":"sensor-de-sonido","status":"publish","type":"page","link":"https:\/\/agora.xtec.cat\/ceipsesmondolo\/steam\/microbit\/sensor-de-sonido\/","title":{"rendered":"Sensor de sonido"},"content":{"rendered":"<p>El sensor de sonido de la placa micro;bit reporta el ruido a su alrededor. Este sensor consiste en el micr\u00f3fono incorporado en las nuevas micro:bits o incorporado a partir de las placas de versi\u00f3n 2.<\/p>\n<p>Podemos desarrollar muchas soluciones para indicar el ruido que hay, por ejemplo, trazar (To plot) el ruido ambiente por medio de los 25 LEDs que incorpora la micro:bit, o bien por medio de los LED Neopixel que incorpora la placa micro:shiel. etc.<\/p>\n<p>La soluci\u00f3n m\u00e1s f\u00e1cil que nos ofrece micro:bit es:<\/p>\n<p><a href=\"https:\/\/agora.xtec.cat\/ceipsesmondolo\/wp-content\/uploads\/usu311\/2024\/11\/grafics-de-so.png\"><img loading=\"lazy\" decoding=\"async\" class=\"wp-image-9715 aligncenter\" src=\"https:\/\/agora.xtec.cat\/ceipsesmondolo\/wp-content\/uploads\/usu311\/2024\/11\/grafics-de-so-1024x557.png\" alt=\"\" width=\"772\" height=\"420\" srcset=\"https:\/\/agora.xtec.cat\/ceipsesmondolo\/wp-content\/uploads\/usu311\/2024\/11\/grafics-de-so-1024x557.png 1024w, https:\/\/agora.xtec.cat\/ceipsesmondolo\/wp-content\/uploads\/usu311\/2024\/11\/grafics-de-so-300x163.png 300w, https:\/\/agora.xtec.cat\/ceipsesmondolo\/wp-content\/uploads\/usu311\/2024\/11\/grafics-de-so-768x418.png 768w, https:\/\/agora.xtec.cat\/ceipsesmondolo\/wp-content\/uploads\/usu311\/2024\/11\/grafics-de-so-1536x836.png 1536w, https:\/\/agora.xtec.cat\/ceipsesmondolo\/wp-content\/uploads\/usu311\/2024\/11\/grafics-de-so.png 1611w\" sizes=\"auto, (max-width: 772px) 100vw, 772px\" \/><\/a><\/p>\n<p>&nbsp;<\/p>\n<p>Donde la pantalla de LEDs ira haciendo gr\u00e1ficas que representan el valor del sonido entre 0 y 255<\/p>\n<p>Tambien, podriamos hacer un ejercicio que consistiese en determinar a partir de qu\u00e9 nivel de ruido en el aula, deja de ser confortable. Es decir se ha de hacer un trabajo de investigaci\u00f3n para determinar ese valor, por ejemplo con este programa de monitorizaci\u00f3n,<\/p>\n<p><a href=\"https:\/\/agora.xtec.cat\/ceipsesmondolo\/wp-content\/uploads\/usu311\/2024\/11\/Monitorizacion-de-so.png\"><img loading=\"lazy\" decoding=\"async\" class=\"wp-image-9718 aligncenter\" src=\"https:\/\/agora.xtec.cat\/ceipsesmondolo\/wp-content\/uploads\/usu311\/2024\/11\/Monitorizacion-de-so.png\" alt=\"\" width=\"500\" height=\"259\" srcset=\"https:\/\/agora.xtec.cat\/ceipsesmondolo\/wp-content\/uploads\/usu311\/2024\/11\/Monitorizacion-de-so.png 897w, https:\/\/agora.xtec.cat\/ceipsesmondolo\/wp-content\/uploads\/usu311\/2024\/11\/Monitorizacion-de-so-300x156.png 300w, https:\/\/agora.xtec.cat\/ceipsesmondolo\/wp-content\/uploads\/usu311\/2024\/11\/Monitorizacion-de-so-768x398.png 768w\" sizes=\"auto, (max-width: 500px) 100vw, 500px\" \/><\/a><\/p>\n<p>&nbsp;<\/p>\n<p>Una vez los alumnos han decidido que nivel de ruido es molesto en la clase, se puede realizar una configuraci\u00f3n donde de manera permanente, se este monitorizando el ruido y en caso de superarse el valor que han determinado los alumnos que es molesto, encender en rojo la tira de LED Neopixels, la tira podria estar en verde en caso de estar la clase con un nivel de ruido bajo y en caso de ir subiendo el nivel de sonido que la tira tome el color amarillo.<\/p>\n<p>Los conocimientos b\u00e1sicos para realizar esta parte del ejercicio se encuentran en: <a href=\"https:\/\/agora.xtec.cat\/ceipsesmondolo\/steam\/recursos-steam\/neopixels\/\">https:\/\/agora.xtec.cat\/ceipsesmondolo\/steam\/recursos-steam\/neopixels\/<\/a><\/p>\n<p><a href=\"https:\/\/agora.xtec.cat\/ceipsesmondolo\/wp-content\/uploads\/usu311\/2024\/11\/RYG.png\"><img loading=\"lazy\" decoding=\"async\" class=\"wp-image-9723 aligncenter\" src=\"https:\/\/agora.xtec.cat\/ceipsesmondolo\/wp-content\/uploads\/usu311\/2024\/11\/RYG-1024x654.png\" alt=\"\" width=\"802\" height=\"512\" srcset=\"https:\/\/agora.xtec.cat\/ceipsesmondolo\/wp-content\/uploads\/usu311\/2024\/11\/RYG-1024x654.png 1024w, https:\/\/agora.xtec.cat\/ceipsesmondolo\/wp-content\/uploads\/usu311\/2024\/11\/RYG-300x192.png 300w, https:\/\/agora.xtec.cat\/ceipsesmondolo\/wp-content\/uploads\/usu311\/2024\/11\/RYG-768x491.png 768w, https:\/\/agora.xtec.cat\/ceipsesmondolo\/wp-content\/uploads\/usu311\/2024\/11\/RYG.png 1413w\" sizes=\"auto, (max-width: 802px) 100vw, 802px\" \/><\/a><\/p>\n","protected":false},"excerpt":{"rendered":"<p>El sensor de sonido de la placa micro;bit reporta el ruido a su alrededor. Este sensor consiste en el micr\u00f3fono incorporado en las nuevas micro:bits o incorporado a partir de las placas de versi\u00f3n 2.<br \/>\nPodemos desarrollar muchas soluciones para indicar el ruido que hay, por&hellip;  <a href=\"https:\/\/agora.xtec.cat\/ceipsesmondolo\/steam\/microbit\/sensor-de-sonido\/\" title=\"Read Sensor de sonido\">Llegeix m\u00e9s\u00bb<\/a><\/p>\n","protected":false},"author":36,"featured_media":0,"parent":8960,"menu_order":40,"comment_status":"closed","ping_status":"closed","template":"page-templates\/side-menu.php","meta":{"_bbp_topic_count":0,"_bbp_reply_count":0,"_bbp_total_topic_count":0,"_bbp_total_reply_count":0,"_bbp_voice_count":0,"_bbp_anonymous_reply_count":0,"_bbp_topic_count_hidden":0,"_bbp_reply_count_hidden":0,"_bbp_forum_subforum_count":0,"footnotes":""},"class_list":["post-9708","page","type-page","status-publish","hentry"],"post_mailing_queue_ids":[],"_links":{"self":[{"href":"https:\/\/agora.xtec.cat\/ceipsesmondolo\/wp-json\/wp\/v2\/pages\/9708","targetHints":{"allow":["GET"]}}],"collection":[{"href":"https:\/\/agora.xtec.cat\/ceipsesmondolo\/wp-json\/wp\/v2\/pages"}],"about":[{"href":"https:\/\/agora.xtec.cat\/ceipsesmondolo\/wp-json\/wp\/v2\/types\/page"}],"author":[{"embeddable":true,"href":"https:\/\/agora.xtec.cat\/ceipsesmondolo\/wp-json\/wp\/v2\/users\/36"}],"replies":[{"embeddable":true,"href":"https:\/\/agora.xtec.cat\/ceipsesmondolo\/wp-json\/wp\/v2\/comments?post=9708"}],"version-history":[{"count":6,"href":"https:\/\/agora.xtec.cat\/ceipsesmondolo\/wp-json\/wp\/v2\/pages\/9708\/revisions"}],"predecessor-version":[{"id":9847,"href":"https:\/\/agora.xtec.cat\/ceipsesmondolo\/wp-json\/wp\/v2\/pages\/9708\/revisions\/9847"}],"up":[{"embeddable":true,"href":"https:\/\/agora.xtec.cat\/ceipsesmondolo\/wp-json\/wp\/v2\/pages\/8960"}],"wp:attachment":[{"href":"https:\/\/agora.xtec.cat\/ceipsesmondolo\/wp-json\/wp\/v2\/media?parent=9708"}],"curies":[{"name":"wp","href":"https:\/\/api.w.org\/{rel}","templated":true}]}}