{"id":9662,"date":"2024-11-05T22:16:14","date_gmt":"2024-11-05T21:16:14","guid":{"rendered":"https:\/\/agora.xtec.cat\/ceipsesmondolo\/?page_id=9662"},"modified":"2024-11-06T20:11:04","modified_gmt":"2024-11-06T19:11:04","slug":"radio-comunicaciones","status":"publish","type":"page","link":"https:\/\/agora.xtec.cat\/ceipsesmondolo\/steam\/microbit\/radio-comunicaciones\/","title":{"rendered":"Radio, comunicaciones"},"content":{"rendered":"<p>En esta pildora formativa los alumnos realizaran con sus placas micro:bit lo mismo que han visto cuando se comunicaban con sus emisoras de radio los ADF de Ol\u00f3. Para ello utilizaran una versi\u00f3n de makecode que permite programar y simular las estaciones emisoras y receptoras en una misma pantalla.<\/p>\n<p>Es decir, se utilizar\u00e1 una versi\u00f3n de <a href=\"https:\/\/makecode.microbit.org\/v3.0---multi#\">makecode multi editor.<\/a><\/p>\n<p><a href=\"https:\/\/agora.xtec.cat\/ceipsesmondolo\/wp-content\/uploads\/usu311\/2024\/11\/makecode-multieditor.png\"><img loading=\"lazy\" decoding=\"async\" class=\"wp-image-9668 aligncenter\" src=\"https:\/\/agora.xtec.cat\/ceipsesmondolo\/wp-content\/uploads\/usu311\/2024\/11\/makecode-multieditor-1024x428.png\" alt=\"\" width=\"794\" height=\"332\" srcset=\"https:\/\/agora.xtec.cat\/ceipsesmondolo\/wp-content\/uploads\/usu311\/2024\/11\/makecode-multieditor-1024x428.png 1024w, https:\/\/agora.xtec.cat\/ceipsesmondolo\/wp-content\/uploads\/usu311\/2024\/11\/makecode-multieditor-300x125.png 300w, https:\/\/agora.xtec.cat\/ceipsesmondolo\/wp-content\/uploads\/usu311\/2024\/11\/makecode-multieditor-768x321.png 768w, https:\/\/agora.xtec.cat\/ceipsesmondolo\/wp-content\/uploads\/usu311\/2024\/11\/makecode-multieditor-1536x642.png 1536w, https:\/\/agora.xtec.cat\/ceipsesmondolo\/wp-content\/uploads\/usu311\/2024\/11\/makecode-multieditor-2048x856.png 2048w\" sizes=\"auto, (max-width: 794px) 100vw, 794px\" \/><\/a><\/p>\n<p>Ejemplo de codificaci\u00f3n<\/p>\n<p><a href=\"https:\/\/agora.xtec.cat\/ceipsesmondolo\/wp-content\/uploads\/usu311\/2024\/11\/makecode-multieditor_2-1.png\"><img loading=\"lazy\" decoding=\"async\" class=\"wp-image-9676 aligncenter\" src=\"https:\/\/agora.xtec.cat\/ceipsesmondolo\/wp-content\/uploads\/usu311\/2024\/11\/makecode-multieditor_2-1-1024x506.png\" alt=\"\" width=\"787\" height=\"389\" srcset=\"https:\/\/agora.xtec.cat\/ceipsesmondolo\/wp-content\/uploads\/usu311\/2024\/11\/makecode-multieditor_2-1-1024x506.png 1024w, https:\/\/agora.xtec.cat\/ceipsesmondolo\/wp-content\/uploads\/usu311\/2024\/11\/makecode-multieditor_2-1-300x148.png 300w, https:\/\/agora.xtec.cat\/ceipsesmondolo\/wp-content\/uploads\/usu311\/2024\/11\/makecode-multieditor_2-1-768x380.png 768w, https:\/\/agora.xtec.cat\/ceipsesmondolo\/wp-content\/uploads\/usu311\/2024\/11\/makecode-multieditor_2-1-1536x759.png 1536w, https:\/\/agora.xtec.cat\/ceipsesmondolo\/wp-content\/uploads\/usu311\/2024\/11\/makecode-multieditor_2-1-2048x1012.png 2048w\" sizes=\"auto, (max-width: 787px) 100vw, 787px\" \/><\/a><\/p>\n<p>Ejemplo de simulaci\u00f3n<\/p>\n<p><a href=\"https:\/\/agora.xtec.cat\/ceipsesmondolo\/wp-content\/uploads\/usu311\/2024\/11\/makecode-multieditor_3.png\"><img loading=\"lazy\" decoding=\"async\" class=\"wp-image-9678 aligncenter\" src=\"https:\/\/agora.xtec.cat\/ceipsesmondolo\/wp-content\/uploads\/usu311\/2024\/11\/makecode-multieditor_3-1024x536.png\" alt=\"\" width=\"791\" height=\"414\" srcset=\"https:\/\/agora.xtec.cat\/ceipsesmondolo\/wp-content\/uploads\/usu311\/2024\/11\/makecode-multieditor_3-1024x536.png 1024w, https:\/\/agora.xtec.cat\/ceipsesmondolo\/wp-content\/uploads\/usu311\/2024\/11\/makecode-multieditor_3-300x157.png 300w, https:\/\/agora.xtec.cat\/ceipsesmondolo\/wp-content\/uploads\/usu311\/2024\/11\/makecode-multieditor_3-768x402.png 768w, https:\/\/agora.xtec.cat\/ceipsesmondolo\/wp-content\/uploads\/usu311\/2024\/11\/makecode-multieditor_3-1536x804.png 1536w, https:\/\/agora.xtec.cat\/ceipsesmondolo\/wp-content\/uploads\/usu311\/2024\/11\/makecode-multieditor_3-2048x1072.png 2048w\" sizes=\"auto, (max-width: 791px) 100vw, 791px\" \/><\/a><\/p>\n<p>Las comunicaciones se emplean, bien para informar, bien para dar ordenes o bien para realizar las dos cosas a la vez. Un ejemplo seria, informar de la llegada de un tsunami , de un huracan o de un tif\u00f3n a una costa y ordenar a toda la gente que vive en esa costa que tome las medidas de protecci\u00f3n m\u00e1s adecuadas para cada caso.<\/p>\n<p>Aqu\u00ed realizaremos un ejercicio donde todas las micro:bits de la clase, menos una, informaran de la temperatura de su processador y solo una de ellas, escuchar\u00e1 la temperatura que estan reportando las dem\u00e1s y tomar\u00e1 nota de todo lo que reciba en una hoja de c\u00e1lculo para posteriormente sacar conclusiones.<\/p>\n<p>&nbsp;<\/p>\n<p>&nbsp;<\/p>\n<p>&nbsp;<\/p>\n<p>&nbsp;<\/p>\n<p>&nbsp;<\/p>\n","protected":false},"excerpt":{"rendered":"<p>En esta pildora formativa los alumnos realizaran con sus placas micro:bit lo mismo que han visto cuando se comunicaban con sus emisoras de radio los ADF de Ol\u00f3. Para ello utilizaran una versi\u00f3n de makecode que permite programar y simular las estaciones emisoras y receptoras&hellip;  <a href=\"https:\/\/agora.xtec.cat\/ceipsesmondolo\/steam\/microbit\/radio-comunicaciones\/\" title=\"Read Radio, comunicaciones\">Llegeix m\u00e9s\u00bb<\/a><\/p>\n","protected":false},"author":36,"featured_media":0,"parent":8960,"menu_order":65,"comment_status":"closed","ping_status":"closed","template":"page-templates\/side-menu.php","meta":{"_bbp_topic_count":0,"_bbp_reply_count":0,"_bbp_total_topic_count":0,"_bbp_total_reply_count":0,"_bbp_voice_count":0,"_bbp_anonymous_reply_count":0,"_bbp_topic_count_hidden":0,"_bbp_reply_count_hidden":0,"_bbp_forum_subforum_count":0,"footnotes":""},"class_list":["post-9662","page","type-page","status-publish","hentry"],"post_mailing_queue_ids":[],"_links":{"self":[{"href":"https:\/\/agora.xtec.cat\/ceipsesmondolo\/wp-json\/wp\/v2\/pages\/9662","targetHints":{"allow":["GET"]}}],"collection":[{"href":"https:\/\/agora.xtec.cat\/ceipsesmondolo\/wp-json\/wp\/v2\/pages"}],"about":[{"href":"https:\/\/agora.xtec.cat\/ceipsesmondolo\/wp-json\/wp\/v2\/types\/page"}],"author":[{"embeddable":true,"href":"https:\/\/agora.xtec.cat\/ceipsesmondolo\/wp-json\/wp\/v2\/users\/36"}],"replies":[{"embeddable":true,"href":"https:\/\/agora.xtec.cat\/ceipsesmondolo\/wp-json\/wp\/v2\/comments?post=9662"}],"version-history":[{"count":6,"href":"https:\/\/agora.xtec.cat\/ceipsesmondolo\/wp-json\/wp\/v2\/pages\/9662\/revisions"}],"predecessor-version":[{"id":9683,"href":"https:\/\/agora.xtec.cat\/ceipsesmondolo\/wp-json\/wp\/v2\/pages\/9662\/revisions\/9683"}],"up":[{"embeddable":true,"href":"https:\/\/agora.xtec.cat\/ceipsesmondolo\/wp-json\/wp\/v2\/pages\/8960"}],"wp:attachment":[{"href":"https:\/\/agora.xtec.cat\/ceipsesmondolo\/wp-json\/wp\/v2\/media?parent=9662"}],"curies":[{"name":"wp","href":"https:\/\/api.w.org\/{rel}","templated":true}]}}