{"id":9541,"date":"2024-10-13T16:08:06","date_gmt":"2024-10-13T14:08:06","guid":{"rendered":"https:\/\/agora.xtec.cat\/ceipsesmondolo\/?page_id=9541"},"modified":"2024-12-15T19:10:58","modified_gmt":"2024-12-15T18:10:58","slug":"fresas-y-bol","status":"publish","type":"page","link":"https:\/\/agora.xtec.cat\/ceipsesmondolo\/steam\/scratch\/fresas-y-bol\/","title":{"rendered":"Fresas y bol"},"content":{"rendered":"<p style=\"text-align: left;\">Este ejercicio est\u00e1 pensado para familiarizar al alumno con los ejes de coordenadas x e y.\u00a0 Se trata de un personaje, un bol o calabaza, que se mueve de izquierda a derecha a lo largo de un eje de las x seg\u00fan indique el puntero del rat\u00f3n. El bol ir\u00e1 tomando el mayor n\u00famero posible de fresas o caramelos que caen aleatoriamente a lo largo de los ejes de las y.<\/p>\n<p style=\"text-align: center;\"><iframe loading=\"lazy\" src=\"https:\/\/scratch.mit.edu\/projects\/1085974090\/embed\" width=\"485\" height=\"402\" frameborder=\"0\" scrolling=\"no\" allowfullscreen=\"allowfullscreen\"><\/iframe><\/p>\n<p style=\"text-align: center;\">Si lo quieres reinventar: <a href=\"https:\/\/scratch.mit.edu\/projects\/1085974090\">TRICK OR TREAT by Patsy49<\/a><\/p>\n<p>Como se puede comprobar en el en el juego, este aumentar\u00e1 de dificultad a medida que se incrementa el n\u00famero de fresas recogidas en el bol, tambi\u00e9n al final se mostrar\u00e1n todas las fresas que se han capturado encima del bol, lo que exigir\u00e1 al alumno adquirir un mayor conocimiento de\u00a0 como situar objetos en un plano, en base a coordenadas x e y.<\/p>\n<p style=\"text-align: left;\">A continuaci\u00f3n, se muestra una posible soluci\u00f3n de la construcci\u00f3n del juego.<\/p>\n<p style=\"text-align: left;\">Se seleccionan los personajes, fresa, bol y un bosque para fondo de escenario.<\/p>\n<table class=\" aligncenter\" style=\"border-collapse: collapse; width: 75.3212%;\">\n<tbody>\n<tr>\n<td style=\"width: 25.7926%;\"><a href=\"https:\/\/agora.xtec.cat\/ceipsesmondolo\/wp-content\/uploads\/usu311\/2024\/10\/strawberry.png\"><img loading=\"lazy\" decoding=\"async\" class=\"alignnone size-full wp-image-9547\" src=\"https:\/\/agora.xtec.cat\/ceipsesmondolo\/wp-content\/uploads\/usu311\/2024\/10\/strawberry.png\" alt=\"\" width=\"249\" height=\"247\" srcset=\"https:\/\/agora.xtec.cat\/ceipsesmondolo\/wp-content\/uploads\/usu311\/2024\/10\/strawberry.png 249w, https:\/\/agora.xtec.cat\/ceipsesmondolo\/wp-content\/uploads\/usu311\/2024\/10\/strawberry-150x150.png 150w\" sizes=\"auto, (max-width: 249px) 100vw, 249px\" \/><\/a><\/td>\n<td style=\"width: 25.2785%;\"><a href=\"https:\/\/agora.xtec.cat\/ceipsesmondolo\/wp-content\/uploads\/usu311\/2024\/10\/bowl.png\"><img loading=\"lazy\" decoding=\"async\" class=\"alignnone size-full wp-image-9549\" src=\"https:\/\/agora.xtec.cat\/ceipsesmondolo\/wp-content\/uploads\/usu311\/2024\/10\/bowl.png\" alt=\"\" width=\"237\" height=\"240\" \/><\/a><\/td>\n<td style=\"width: 24.2501%;\"><a href=\"https:\/\/agora.xtec.cat\/ceipsesmondolo\/wp-content\/uploads\/usu311\/2024\/10\/woods.png\"><img loading=\"lazy\" decoding=\"async\" class=\"alignnone size-full wp-image-9551\" src=\"https:\/\/agora.xtec.cat\/ceipsesmondolo\/wp-content\/uploads\/usu311\/2024\/10\/woods.png\" alt=\"\" width=\"244\" height=\"250\" \/><\/a><\/td>\n<\/tr>\n<\/tbody>\n<\/table>\n<p>Para hacer que caigan fresas por el escenario, obedeciendo a la fuerza de la gravedad, habr\u00e1 que dar las siguientes \u00f3rdenes:<\/p>\n<table style=\"border-collapse: collapse; width: 87.6722%;\">\n<tbody>\n<tr>\n<td style=\"width: 50%;\"><a href=\"https:\/\/agora.xtec.cat\/ceipsesmondolo\/wp-content\/uploads\/usu311\/2024\/10\/Caida-fresas-1.png\"><img loading=\"lazy\" decoding=\"async\" class=\"alignnone size-full wp-image-9558\" src=\"https:\/\/agora.xtec.cat\/ceipsesmondolo\/wp-content\/uploads\/usu311\/2024\/10\/Caida-fresas-1.png\" alt=\"\" width=\"688\" height=\"396\" srcset=\"https:\/\/agora.xtec.cat\/ceipsesmondolo\/wp-content\/uploads\/usu311\/2024\/10\/Caida-fresas-1.png 688w, https:\/\/agora.xtec.cat\/ceipsesmondolo\/wp-content\/uploads\/usu311\/2024\/10\/Caida-fresas-1-300x173.png 300w\" sizes=\"auto, (max-width: 688px) 100vw, 688px\" \/><\/a><\/td>\n<td style=\"width: 37.6722%;\"><iframe loading=\"lazy\" src=\"https:\/\/scratch.mit.edu\/projects\/1078905247\/embed\" width=\"485\" height=\"402\" frameborder=\"0\" scrolling=\"no\" allowfullscreen=\"allowfullscreen\"><\/iframe><\/td>\n<\/tr>\n<\/tbody>\n<\/table>\n<p>Si queremos que las fresas sean recogidas por el personaje bol y que el juego inicie la rutina de contabilizar, y finalizar, una posible soluci\u00f3n seria crear un nuevo personaje y ampliar el c\u00f3digo a lo siguiente:<\/p>\n<table style=\"border-collapse: collapse; width: 84.4053%;\">\n<tbody>\n<tr>\n<td style=\"width: 50%;\"><a href=\"https:\/\/agora.xtec.cat\/ceipsesmondolo\/wp-content\/uploads\/usu311\/2024\/10\/Caida-fresas-2.png\"><img loading=\"lazy\" decoding=\"async\" class=\"alignnone wp-image-9608\" src=\"https:\/\/agora.xtec.cat\/ceipsesmondolo\/wp-content\/uploads\/usu311\/2024\/10\/Caida-fresas-2.png\" alt=\"\" width=\"744\" height=\"662\" srcset=\"https:\/\/agora.xtec.cat\/ceipsesmondolo\/wp-content\/uploads\/usu311\/2024\/10\/Caida-fresas-2.png 939w, https:\/\/agora.xtec.cat\/ceipsesmondolo\/wp-content\/uploads\/usu311\/2024\/10\/Caida-fresas-2-300x267.png 300w, https:\/\/agora.xtec.cat\/ceipsesmondolo\/wp-content\/uploads\/usu311\/2024\/10\/Caida-fresas-2-768x683.png 768w\" sizes=\"auto, (max-width: 744px) 100vw, 744px\" \/><\/a><\/td>\n<td style=\"width: 33.5215%;\">\n<table style=\"border-collapse: collapse; width: 98.5275%;\">\n<tbody>\n<tr>\n<td style=\"width: 100%;\"><a href=\"https:\/\/agora.xtec.cat\/ceipsesmondolo\/wp-content\/uploads\/usu311\/2024\/10\/Codigo-del-bol.png\"><img loading=\"lazy\" decoding=\"async\" class=\"wp-image-9563 aligncenter\" src=\"https:\/\/agora.xtec.cat\/ceipsesmondolo\/wp-content\/uploads\/usu311\/2024\/10\/Codigo-del-bol.png\" alt=\"\" width=\"328\" height=\"254\" srcset=\"https:\/\/agora.xtec.cat\/ceipsesmondolo\/wp-content\/uploads\/usu311\/2024\/10\/Codigo-del-bol.png 505w, https:\/\/agora.xtec.cat\/ceipsesmondolo\/wp-content\/uploads\/usu311\/2024\/10\/Codigo-del-bol-300x232.png 300w\" sizes=\"auto, (max-width: 328px) 100vw, 328px\" \/><\/a><\/td>\n<\/tr>\n<tr>\n<td style=\"width: 100%;\"><a href=\"https:\/\/agora.xtec.cat\/ceipsesmondolo\/wp-content\/uploads\/usu311\/2024\/10\/codi-game-over.png\"><img loading=\"lazy\" decoding=\"async\" class=\"wp-image-9566 aligncenter\" src=\"https:\/\/agora.xtec.cat\/ceipsesmondolo\/wp-content\/uploads\/usu311\/2024\/10\/codi-game-over.png\" alt=\"\" width=\"241\" height=\"239\" srcset=\"https:\/\/agora.xtec.cat\/ceipsesmondolo\/wp-content\/uploads\/usu311\/2024\/10\/codi-game-over.png 316w, https:\/\/agora.xtec.cat\/ceipsesmondolo\/wp-content\/uploads\/usu311\/2024\/10\/codi-game-over-300x297.png 300w, https:\/\/agora.xtec.cat\/ceipsesmondolo\/wp-content\/uploads\/usu311\/2024\/10\/codi-game-over-150x150.png 150w\" sizes=\"auto, (max-width: 241px) 100vw, 241px\" \/><\/a><\/td>\n<\/tr>\n<\/tbody>\n<\/table>\n<\/td>\n<\/tr>\n<\/tbody>\n<\/table>\n<table style=\"border-collapse: collapse; width: 95.0296%;\">\n<tbody>\n<tr>\n<td style=\"width: 50%;\"><a href=\"https:\/\/agora.xtec.cat\/ceipsesmondolo\/wp-content\/uploads\/usu311\/2024\/10\/personaje-game-over.png\"><img loading=\"lazy\" decoding=\"async\" class=\"alignnone size-full wp-image-9564\" src=\"https:\/\/agora.xtec.cat\/ceipsesmondolo\/wp-content\/uploads\/usu311\/2024\/10\/personaje-game-over.png\" alt=\"\" width=\"736\" height=\"559\" srcset=\"https:\/\/agora.xtec.cat\/ceipsesmondolo\/wp-content\/uploads\/usu311\/2024\/10\/personaje-game-over.png 736w, https:\/\/agora.xtec.cat\/ceipsesmondolo\/wp-content\/uploads\/usu311\/2024\/10\/personaje-game-over-300x228.png 300w\" sizes=\"auto, (max-width: 736px) 100vw, 736px\" \/><\/a><\/td>\n<td style=\"width: 45.03%;\"><iframe loading=\"lazy\" src=\"https:\/\/scratch.mit.edu\/projects\/1079173697\/embed\" width=\"485\" height=\"402\" frameborder=\"0\" scrolling=\"no\" allowfullscreen=\"allowfullscreen\"><\/iframe><\/td>\n<\/tr>\n<\/tbody>\n<\/table>\n<p>Se pueden\u00a0 ir a\u00f1adiendo mejoras, por ejemplo, incrementar la dificultat del juego:\u00a0\u00a0Aumentando la velocidad de creaci\u00f3n de clones cada vez que se supere un nivel.<\/p>\n<table class=\" aligncenter\" style=\"border-collapse: collapse; width: 55.355%;\">\n<tbody>\n<tr>\n<td style=\"width: 24.2489%;\"><a href=\"https:\/\/agora.xtec.cat\/ceipsesmondolo\/wp-content\/uploads\/usu311\/2024\/10\/sin-dificultad.png\"><img loading=\"lazy\" decoding=\"async\" class=\"alignnone size-full wp-image-9574\" src=\"https:\/\/agora.xtec.cat\/ceipsesmondolo\/wp-content\/uploads\/usu311\/2024\/10\/sin-dificultad.png\" alt=\"\" width=\"271\" height=\"433\" srcset=\"https:\/\/agora.xtec.cat\/ceipsesmondolo\/wp-content\/uploads\/usu311\/2024\/10\/sin-dificultad.png 271w, https:\/\/agora.xtec.cat\/ceipsesmondolo\/wp-content\/uploads\/usu311\/2024\/10\/sin-dificultad-188x300.png 188w\" sizes=\"auto, (max-width: 271px) 100vw, 271px\" \/><\/a><\/td>\n<td style=\"width: 24.9273%;\"><a href=\"https:\/\/agora.xtec.cat\/ceipsesmondolo\/wp-content\/uploads\/usu311\/2024\/10\/nivel.png\"><img loading=\"lazy\" decoding=\"async\" class=\"alignnone size-full wp-image-9616\" src=\"https:\/\/agora.xtec.cat\/ceipsesmondolo\/wp-content\/uploads\/usu311\/2024\/10\/nivel.png\" alt=\"\" width=\"334\" height=\"982\" srcset=\"https:\/\/agora.xtec.cat\/ceipsesmondolo\/wp-content\/uploads\/usu311\/2024\/10\/nivel.png 334w, https:\/\/agora.xtec.cat\/ceipsesmondolo\/wp-content\/uploads\/usu311\/2024\/10\/nivel-102x300.png 102w\" sizes=\"auto, (max-width: 334px) 100vw, 334px\" \/><\/a><\/td>\n<\/tr>\n<\/tbody>\n<\/table>\n<p style=\"text-align: left;\">&#8211; Al finazar el juego situar un n\u00famero de fresas igual, al numero de fresas capturadas encima del bol; para ello podemos crear un nuevo bol, bol2 y una nueva fresa, la fresa2 y realizar la siguiente programaci\u00f3n:<\/p>\n<table class=\" aligncenter\" style=\"border-collapse: collapse; width: 85.1754%;\">\n<tbody>\n<tr>\n<td style=\"width: 31.9195%;\"><a href=\"https:\/\/agora.xtec.cat\/ceipsesmondolo\/wp-content\/uploads\/usu311\/2024\/10\/bol2.png\"><img loading=\"lazy\" decoding=\"async\" class=\"alignnone size-full wp-image-9579\" src=\"https:\/\/agora.xtec.cat\/ceipsesmondolo\/wp-content\/uploads\/usu311\/2024\/10\/bol2.png\" alt=\"\" width=\"318\" height=\"451\" srcset=\"https:\/\/agora.xtec.cat\/ceipsesmondolo\/wp-content\/uploads\/usu311\/2024\/10\/bol2.png 318w, https:\/\/agora.xtec.cat\/ceipsesmondolo\/wp-content\/uploads\/usu311\/2024\/10\/bol2-212x300.png 212w\" sizes=\"auto, (max-width: 318px) 100vw, 318px\" \/><\/a><\/td>\n<td style=\"width: 53.2562%;\"><a href=\"https:\/\/agora.xtec.cat\/ceipsesmondolo\/wp-content\/uploads\/usu311\/2024\/10\/fresas-capturadas-1.png\"><img loading=\"lazy\" decoding=\"async\" class=\"alignnone size-full wp-image-9581\" src=\"https:\/\/agora.xtec.cat\/ceipsesmondolo\/wp-content\/uploads\/usu311\/2024\/10\/fresas-capturadas-1.png\" alt=\"\" width=\"597\" height=\"786\" srcset=\"https:\/\/agora.xtec.cat\/ceipsesmondolo\/wp-content\/uploads\/usu311\/2024\/10\/fresas-capturadas-1.png 597w, https:\/\/agora.xtec.cat\/ceipsesmondolo\/wp-content\/uploads\/usu311\/2024\/10\/fresas-capturadas-1-228x300.png 228w\" sizes=\"auto, (max-width: 597px) 100vw, 597px\" \/><\/a><\/td>\n<\/tr>\n<\/tbody>\n<\/table>\n<p>Si has llegado hasta aqu\u00ed, puedes reinverntar el juego en <a href=\"https:\/\/scratch.mit.edu\/projects\/1079175765\">https:\/\/scratch.mit.edu\/projects\/1079175765<\/a> , como por ejemplo, adapt\u00e1ndolo a una versi\u00f3n de Halloween, cambiando la fresa por caramelos, el bol por una calabaza, el fondo por algo tenebroso etc.\u00a0 tratar de mejorar el juego, modificar o corregir esta versi\u00f3n si lo deseas&#8230;.<\/p>\n<p>Pero si quieres continuar con el juego que han realizado mestres i alumnes: <a href=\"https:\/\/scratch.mit.edu\/projects\/1085974090\">TRICK OR TREAT by Patsy49<\/a><\/p>\n<p><span style=\"font-family: inherit; font-size: 1em;\">Tambi\u00e9n podemos cambiar efectos del escenario (back drop), fijaremos un color diferente par cada nivel:<\/span><\/p>\n<p><a href=\"https:\/\/agora.xtec.cat\/ceipsesmondolo\/wp-content\/uploads\/usu311\/2024\/10\/backdrop.png\"><img loading=\"lazy\" decoding=\"async\" class=\" wp-image-9618 aligncenter\" src=\"https:\/\/agora.xtec.cat\/ceipsesmondolo\/wp-content\/uploads\/usu311\/2024\/10\/backdrop.png\" alt=\"\" width=\"266\" height=\"487\" srcset=\"https:\/\/agora.xtec.cat\/ceipsesmondolo\/wp-content\/uploads\/usu311\/2024\/10\/backdrop.png 514w, https:\/\/agora.xtec.cat\/ceipsesmondolo\/wp-content\/uploads\/usu311\/2024\/10\/backdrop-164x300.png 164w\" sizes=\"auto, (max-width: 266px) 100vw, 266px\" \/><\/a><\/p>\n<p>&nbsp;<\/p>\n<p>&nbsp;<\/p>\n","protected":false},"excerpt":{"rendered":"<p>Este ejercicio est\u00e1 pensado para familiarizar al alumno con los ejes de coordenadas x e y.\u00a0 Se trata de un personaje, un bol o calabaza, que se mueve de izquierda a derecha a lo largo de un eje de las x seg\u00fan indique el puntero&hellip;  <a href=\"https:\/\/agora.xtec.cat\/ceipsesmondolo\/steam\/scratch\/fresas-y-bol\/\" title=\"Read Fresas y bol\">Llegeix m\u00e9s\u00bb<\/a><\/p>\n","protected":false},"author":36,"featured_media":0,"parent":9080,"menu_order":30,"comment_status":"closed","ping_status":"closed","template":"page-templates\/side-menu.php","meta":{"_bbp_topic_count":0,"_bbp_reply_count":0,"_bbp_total_topic_count":0,"_bbp_total_reply_count":0,"_bbp_voice_count":0,"_bbp_anonymous_reply_count":0,"_bbp_topic_count_hidden":0,"_bbp_reply_count_hidden":0,"_bbp_forum_subforum_count":0,"footnotes":""},"class_list":["post-9541","page","type-page","status-publish","hentry"],"post_mailing_queue_ids":[],"_links":{"self":[{"href":"https:\/\/agora.xtec.cat\/ceipsesmondolo\/wp-json\/wp\/v2\/pages\/9541","targetHints":{"allow":["GET"]}}],"collection":[{"href":"https:\/\/agora.xtec.cat\/ceipsesmondolo\/wp-json\/wp\/v2\/pages"}],"about":[{"href":"https:\/\/agora.xtec.cat\/ceipsesmondolo\/wp-json\/wp\/v2\/types\/page"}],"author":[{"embeddable":true,"href":"https:\/\/agora.xtec.cat\/ceipsesmondolo\/wp-json\/wp\/v2\/users\/36"}],"replies":[{"embeddable":true,"href":"https:\/\/agora.xtec.cat\/ceipsesmondolo\/wp-json\/wp\/v2\/comments?post=9541"}],"version-history":[{"count":7,"href":"https:\/\/agora.xtec.cat\/ceipsesmondolo\/wp-json\/wp\/v2\/pages\/9541\/revisions"}],"predecessor-version":[{"id":9891,"href":"https:\/\/agora.xtec.cat\/ceipsesmondolo\/wp-json\/wp\/v2\/pages\/9541\/revisions\/9891"}],"up":[{"embeddable":true,"href":"https:\/\/agora.xtec.cat\/ceipsesmondolo\/wp-json\/wp\/v2\/pages\/9080"}],"wp:attachment":[{"href":"https:\/\/agora.xtec.cat\/ceipsesmondolo\/wp-json\/wp\/v2\/media?parent=9541"}],"curies":[{"name":"wp","href":"https:\/\/api.w.org\/{rel}","templated":true}]}}