{"id":9474,"date":"2024-09-28T19:52:20","date_gmt":"2024-09-28T17:52:20","guid":{"rendered":"https:\/\/agora.xtec.cat\/ceipsesmondolo\/?page_id=9474"},"modified":"2025-04-29T21:40:16","modified_gmt":"2025-04-29T19:40:16","slug":"detector-de-humedad-a-las-plantas","status":"publish","type":"page","link":"https:\/\/agora.xtec.cat\/ceipsesmondolo\/steam\/microbit\/detector-de-humedad-a-las-plantas\/","title":{"rendered":"Detector de humedad en las macetas"},"content":{"rendered":"<p>En esta actividad realizaremos un detector de humedad; que nos muestrar\u00e0 si una planta necesita ser regada o no. Mediante una tira de LED, podremos mostrar un determinado color en funci\u00f3n del estado de humedad de la tierra de la planta;<\/p>\n<ul>\n<li>Rojo, indica poca humedad<\/li>\n<li>Azul, indica que el suelo tiene la humedad correcta.<\/li>\n<\/ul>\n<p>La actividad puede desarrollarse en el contexto de las causas y consecuencias del cambio clim\u00e1tico, en los ecosistemas y la vida de las personas (ODS 15. Vida terrestre).<\/p>\n<p>1.- Plantear a los alumnos la construcci\u00f3n de un sistema detector de humedad en las plantas<\/p>\n<p>2.\u00a0Material necesario:<\/p>\n<table style=\"border-collapse: collapse; width: 24.0057%;\">\n<tbody>\n<tr>\n<td style=\"width: 12.8375%;\"><a href=\"https:\/\/agora.xtec.cat\/ceipsesmondolo\/wp-content\/uploads\/usu311\/2024\/09\/microbit.png\"><img loading=\"lazy\" decoding=\"async\" class=\"alignnone size-full wp-image-9480\" src=\"https:\/\/agora.xtec.cat\/ceipsesmondolo\/wp-content\/uploads\/usu311\/2024\/09\/microbit.png\" alt=\"\" width=\"220\" height=\"165\" srcset=\"https:\/\/agora.xtec.cat\/ceipsesmondolo\/wp-content\/uploads\/usu311\/2024\/09\/microbit.png 220w, https:\/\/agora.xtec.cat\/ceipsesmondolo\/wp-content\/uploads\/usu311\/2024\/09\/microbit-200x150.png 200w\" sizes=\"auto, (max-width: 220px) 100vw, 220px\" \/><\/a><\/td>\n<td style=\"width: 11.1684%;\"><a href=\"https:\/\/agora.xtec.cat\/ceipsesmondolo\/wp-content\/uploads\/usu311\/2024\/09\/microshield.png\"><img loading=\"lazy\" decoding=\"async\" class=\"alignnone size-full wp-image-9481\" src=\"https:\/\/agora.xtec.cat\/ceipsesmondolo\/wp-content\/uploads\/usu311\/2024\/09\/microshield.png\" alt=\"\" width=\"220\" height=\"165\" srcset=\"https:\/\/agora.xtec.cat\/ceipsesmondolo\/wp-content\/uploads\/usu311\/2024\/09\/microshield.png 220w, https:\/\/agora.xtec.cat\/ceipsesmondolo\/wp-content\/uploads\/usu311\/2024\/09\/microshield-200x150.png 200w\" sizes=\"auto, (max-width: 220px) 100vw, 220px\" \/><\/a><\/td>\n<\/tr>\n<tr>\n<td style=\"width: 12.8375%;\"><a href=\"https:\/\/agora.xtec.cat\/ceipsesmondolo\/wp-content\/uploads\/usu311\/2024\/09\/sensorHumedad.jpg\"><img loading=\"lazy\" decoding=\"async\" class=\"alignnone size-large wp-image-9483\" src=\"https:\/\/agora.xtec.cat\/ceipsesmondolo\/wp-content\/uploads\/usu311\/2024\/09\/sensorHumedad-1024x461.jpg\" alt=\"\" width=\"1024\" height=\"461\" srcset=\"https:\/\/agora.xtec.cat\/ceipsesmondolo\/wp-content\/uploads\/usu311\/2024\/09\/sensorHumedad-1024x461.jpg 1024w, https:\/\/agora.xtec.cat\/ceipsesmondolo\/wp-content\/uploads\/usu311\/2024\/09\/sensorHumedad-300x135.jpg 300w, https:\/\/agora.xtec.cat\/ceipsesmondolo\/wp-content\/uploads\/usu311\/2024\/09\/sensorHumedad-768x346.jpg 768w, https:\/\/agora.xtec.cat\/ceipsesmondolo\/wp-content\/uploads\/usu311\/2024\/09\/sensorHumedad.jpg 1536w\" sizes=\"auto, (max-width: 1024px) 100vw, 1024px\" \/><\/a><\/td>\n<td style=\"width: 11.1684%;\"><\/td>\n<\/tr>\n<\/tbody>\n<\/table>\n<p>3.- El sensor de humedad se conectar\u00e0 a los\u00a0 pines P0, P1, P2, P3, P4 i P10\u00a0 qu\u00e8 son los que pueden leer valores anal\u00f3gicos y lo mantendremos pinchado en la tierra de la maceta. El sensor dar\u00e1 una informaci\u00f3n anal\u00f3gica<\/p>\n<p>4.- Tira de LED. En nuestro ejercicio haremos servir dos tiras de LEDs<\/p>\n<ul>\n<li>La que va integrada en la placa microshiel, 4 LEDs y viene conectada al pin 16<\/li>\n<li>La que va integrada en una cinta, 30 LEDs, conectaremos la cinta al pin 8<\/li>\n<\/ul>\n<p>5.- Inicializaci\u00f3n<\/p>\n<p>Existiran dos tipos de inicicializaci\u00f3n de nuestros programas, dependiendo si utilizamos la tira\u00a0 de LEDs integrada en la microshield o la tira de LEDs integrada en la cinta<\/p>\n<p>Una soluci\u00f3n podria ser:<\/p>\n<p>1.- Primero calibrar el sensor, para ello valoraremos que valores muestra el sensor de humedad con la ayuda de este peque\u00f1o programa:<\/p>\n<p><a href=\"https:\/\/agora.xtec.cat\/ceipsesmondolo\/wp-content\/uploads\/usu311\/2025\/04\/ectura-analogica.jpg\"><img loading=\"lazy\" decoding=\"async\" class=\"wp-image-10340 aligncenter\" src=\"https:\/\/agora.xtec.cat\/ceipsesmondolo\/wp-content\/uploads\/usu311\/2025\/04\/ectura-analogica-1024x199.jpg\" alt=\"\" width=\"426\" height=\"83\" srcset=\"https:\/\/agora.xtec.cat\/ceipsesmondolo\/wp-content\/uploads\/usu311\/2025\/04\/ectura-analogica-1024x199.jpg 1024w, https:\/\/agora.xtec.cat\/ceipsesmondolo\/wp-content\/uploads\/usu311\/2025\/04\/ectura-analogica-300x58.jpg 300w, https:\/\/agora.xtec.cat\/ceipsesmondolo\/wp-content\/uploads\/usu311\/2025\/04\/ectura-analogica-768x149.jpg 768w, https:\/\/agora.xtec.cat\/ceipsesmondolo\/wp-content\/uploads\/usu311\/2025\/04\/ectura-analogica.jpg 1300w\" sizes=\"auto, (max-width: 426px) 100vw, 426px\" \/><\/a><\/p>\n<p>Anotaremos que valores aporta el sensor cuamdo est\u00e1 completamento seco y cuando est\u00e1 sumergido en agua, ser\u00e1n los valores extremos del sensor. Imaginemos que:<\/p>\n<ul>\n<li>Sensor seco &#8211;&gt; 0<\/li>\n<li>Sensor en agua &#8211;&gt; 813<\/li>\n<\/ul>\n<p>Estos valores permitiran plantear la soluci\u00f3n para expresar la humedad de la maceta en valores relativos a 100, es decir en porcentajes\u00a0 %.<\/p>\n<p><a href=\"https:\/\/agora.xtec.cat\/ceipsesmondolo\/wp-content\/uploads\/usu311\/2025\/04\/A.jpg\"><img loading=\"lazy\" decoding=\"async\" class=\"alignnone size-large wp-image-10416\" src=\"https:\/\/agora.xtec.cat\/ceipsesmondolo\/wp-content\/uploads\/usu311\/2025\/04\/A-1024x512.jpg\" alt=\"\" width=\"1024\" height=\"512\" srcset=\"https:\/\/agora.xtec.cat\/ceipsesmondolo\/wp-content\/uploads\/usu311\/2025\/04\/A-1024x512.jpg 1024w, https:\/\/agora.xtec.cat\/ceipsesmondolo\/wp-content\/uploads\/usu311\/2025\/04\/A-300x150.jpg 300w, https:\/\/agora.xtec.cat\/ceipsesmondolo\/wp-content\/uploads\/usu311\/2025\/04\/A-768x384.jpg 768w, https:\/\/agora.xtec.cat\/ceipsesmondolo\/wp-content\/uploads\/usu311\/2025\/04\/A.jpg 1524w\" sizes=\"auto, (max-width: 1024px) 100vw, 1024px\" \/><\/a><\/p>\n<p>Pero, si quisieramos alargar la vida del sensor de humedad, deberiamos suministrar energia al sensor solo durante el momento de ordenar una lectura. En este caso utilizaremos el pin P1 para polarizar es decir para suministar el VCC y el P2 para realizar la lectura.<\/p>\n<p><a href=\"https:\/\/agora.xtec.cat\/ceipsesmondolo\/wp-content\/uploads\/usu311\/2025\/04\/B.jpg\"><img loading=\"lazy\" decoding=\"async\" class=\"alignnone size-large wp-image-10417\" src=\"https:\/\/agora.xtec.cat\/ceipsesmondolo\/wp-content\/uploads\/usu311\/2025\/04\/B-1024x580.jpg\" alt=\"\" width=\"1024\" height=\"580\" srcset=\"https:\/\/agora.xtec.cat\/ceipsesmondolo\/wp-content\/uploads\/usu311\/2025\/04\/B-1024x580.jpg 1024w, https:\/\/agora.xtec.cat\/ceipsesmondolo\/wp-content\/uploads\/usu311\/2025\/04\/B-300x170.jpg 300w, https:\/\/agora.xtec.cat\/ceipsesmondolo\/wp-content\/uploads\/usu311\/2025\/04\/B-768x435.jpg 768w, https:\/\/agora.xtec.cat\/ceipsesmondolo\/wp-content\/uploads\/usu311\/2025\/04\/B.jpg 1537w\" sizes=\"auto, (max-width: 1024px) 100vw, 1024px\" \/><\/a><\/p>\n<p>M\u00e1s informaci\u00f3n<\/p>\n<ul>\n<li><a href=\"https:\/\/projectes.xtec.cat\/pensament-computacional\/recursos\/detector-dhumitat-a-les-plantes-amb-microbit\/\"> Repositorio de la XTEC<\/a><\/li>\n<li><a href=\"https:\/\/sites.google.com\/view\/projectes2024-2025\/projectes-steam4all\/microshield\/reg-autom%C3%A0tic\">Rec amb un servo-motor i una canya<\/a><\/li>\n<li><a href=\"https:\/\/www.thingiverse.com\/thing:4031468\">Connected flowerpot by microbit by davallot on Thingiverse<\/a><\/li>\n<li><a href=\"https:\/\/www.instructables.com\/Connected-Flowerpot-by-Microbit\/\">Connected Flowerpot for Micro:bit<\/a><\/li>\n<\/ul>\n","protected":false},"excerpt":{"rendered":"<p>En esta actividad realizaremos un detector de humedad; que nos muestrar\u00e0 si una planta necesita ser regada o no. Mediante una tira de LED, podremos mostrar un determinado color en funci\u00f3n del estado de humedad de la tierra de la planta;<\/p>\n<ul>\n<li>Rojo, indica poca humedad<\/li>\n<li>Azul, indica&hellip;  <a href=\"https:\/\/agora.xtec.cat\/ceipsesmondolo\/steam\/microbit\/detector-de-humedad-a-las-plantas\/\" title=\"Read Detector de humedad en las macetas\">Llegeix m\u00e9s\u00bb<\/a><br \/>\n","protected":false},"author":36,"featured_media":0,"parent":8960,"menu_order":70,"comment_status":"closed","ping_status":"closed","template":"page-templates\/side-menu.php","meta":{"_bbp_topic_count":0,"_bbp_reply_count":0,"_bbp_total_topic_count":0,"_bbp_total_reply_count":0,"_bbp_voice_count":0,"_bbp_anonymous_reply_count":0,"_bbp_topic_count_hidden":0,"_bbp_reply_count_hidden":0,"_bbp_forum_subforum_count":0,"footnotes":""},"class_list":["post-9474","page","type-page","status-publish","hentry"],"post_mailing_queue_ids":[],"_links":{"self":[{"href":"https:\/\/agora.xtec.cat\/ceipsesmondolo\/wp-json\/wp\/v2\/pages\/9474","targetHints":{"allow":["GET"]}}],"collection":[{"href":"https:\/\/agora.xtec.cat\/ceipsesmondolo\/wp-json\/wp\/v2\/pages"}],"about":[{"href":"https:\/\/agora.xtec.cat\/ceipsesmondolo\/wp-json\/wp\/v2\/types\/page"}],"author":[{"embeddable":true,"href":"https:\/\/agora.xtec.cat\/ceipsesmondolo\/wp-json\/wp\/v2\/users\/36"}],"replies":[{"embeddable":true,"href":"https:\/\/agora.xtec.cat\/ceipsesmondolo\/wp-json\/wp\/v2\/comments?post=9474"}],"version-history":[{"count":6,"href":"https:\/\/agora.xtec.cat\/ceipsesmondolo\/wp-json\/wp\/v2\/pages\/9474\/revisions"}],"predecessor-version":[{"id":10418,"href":"https:\/\/agora.xtec.cat\/ceipsesmondolo\/wp-json\/wp\/v2\/pages\/9474\/revisions\/10418"}],"up":[{"embeddable":true,"href":"https:\/\/agora.xtec.cat\/ceipsesmondolo\/wp-json\/wp\/v2\/pages\/8960"}],"wp:attachment":[{"href":"https:\/\/agora.xtec.cat\/ceipsesmondolo\/wp-json\/wp\/v2\/media?parent=9474"}],"curies":[{"name":"wp","href":"https:\/\/api.w.org\/{rel}","templated":true}]}}