{"id":9406,"date":"2024-09-12T17:30:40","date_gmt":"2024-09-12T15:30:40","guid":{"rendered":"https:\/\/agora.xtec.cat\/ceipsesmondolo\/?page_id=9406"},"modified":"2024-09-13T20:03:09","modified_gmt":"2024-09-13T18:03:09","slug":"introduccion-a-scratch","status":"publish","type":"page","link":"https:\/\/agora.xtec.cat\/ceipsesmondolo\/steam\/scratch\/introduccion-a-scratch\/","title":{"rendered":"Introducci\u00f3n a SCRATCH"},"content":{"rendered":"<header class=\"entry-header\"><\/header>\n<div class=\"entry-content\">\n<p>Muchas de las personas que han dado forma al mundo digital actual, se iniciaron codificando juegos con la intenci\u00f3n de divertirse. Bill Gates, cofundador de Microsoft, escribi\u00f3 su primer programa de computaci\u00f3n a los trece a\u00f1os de edad y este programa consisti\u00f3 en automatizar un juego de tic tac toe \u2013 tres en raya -. A\u00f1os m\u00e1s tarde, un adolescente Steve Jobs y su amigo Steve Wozniak, crearon una variante de un juego \u201carcade\u201d conocido como Breakout, en algunos sitios este juego es conocido como \u201cbrick breaker\u201d a\u00f1os despu\u00e9s Jobs y Wozniak fundaron la compa\u00f1\u00eda Apple. Todos ellos comenzaron a codificar por diversi\u00f3n, nunca pensaron en sus inicios que m\u00e1s tarde crear\u00edan empresas que podr\u00edan cambiar el mundo.<\/p>\n<p>Los alumnos que dentro del curr\u00edculo STEM aprendan a codificar, no es con la intenci\u00f3n de que m\u00e1s tarde escojan carreras profesionales basadas en codificar, como puede ser una ingenier\u00eda inform\u00e1tica, sino que al codificar se doten de habilidades que les permitan escoger dentro de un abanico m\u00e1s amplio de posibilidades en su futura evoluci\u00f3n.<\/p>\n<p>La creaci\u00f3n o construcci\u00f3n de juegos o retos en SCRATCH abre a los alumnos nuevos espacios de imaginaci\u00f3n y lo que es m\u00e1s, en lugar de ser simples consumidores de juegos, durante estas pr\u00e1cticas, se convierten en fabricantes de juegos, que a la par, siguiendo una determinada secuencia pueden aprender de una manera sencilla y atractiva conceptos curriculares que de otra forma les ser\u00eda m\u00e1s dif\u00edcil, o sencillamente se negar\u00edan a aprender.<\/p>\n<p style=\"text-align: left;\">El siguiente <a href=\"https:\/\/scratch.mit.edu\/projects\/459612496\">juego<\/a> puede servir de\u00a0 gu\u00eda para introducir al alumno en el mundo de SCRATCH. (El alumno ha de estar registrado en SCRATCH)<\/p>\n<table class=\" aligncenter\" style=\"border-collapse: collapse; width: 44.3871%;\">\n<tbody>\n<tr>\n<td style=\"width: 100%;\"><iframe loading=\"lazy\" src=\"https:\/\/scratch.mit.edu\/projects\/459612496\/embed\" width=\"485\" height=\"402\" frameborder=\"0\" data-mce-fragment=\"1\"><\/iframe><\/td>\n<\/tr>\n<\/tbody>\n<\/table>\n<p>Durant e este ejercicio, seleccionaremos este juego: <a href=\"https:\/\/scratch.mit.edu\/projects\/459612496\">https:\/\/scratch.mit.edu\/projects\/459612496<\/a> i podremos ir conociendo las diferentes pantallas que aporta el entorno de trabajo de SCRATCH para interactuar con el usuario.<\/p>\n<p>Para entrar en el juego pulsaremos en bot\u00f3n &#8220;Com est\u00e0 fet&#8221;<\/p>\n<p><a href=\"https:\/\/agora.xtec.cat\/ceipsesmondolo\/wp-content\/uploads\/usu311\/2024\/09\/Com-esta-fet.png\"><img loading=\"lazy\" decoding=\"async\" class=\"wp-image-9413 aligncenter\" src=\"https:\/\/agora.xtec.cat\/ceipsesmondolo\/wp-content\/uploads\/usu311\/2024\/09\/Com-esta-fet-1024x659.png\" alt=\"\" width=\"861\" height=\"554\" srcset=\"https:\/\/agora.xtec.cat\/ceipsesmondolo\/wp-content\/uploads\/usu311\/2024\/09\/Com-esta-fet-1024x659.png 1024w, https:\/\/agora.xtec.cat\/ceipsesmondolo\/wp-content\/uploads\/usu311\/2024\/09\/Com-esta-fet-300x193.png 300w, https:\/\/agora.xtec.cat\/ceipsesmondolo\/wp-content\/uploads\/usu311\/2024\/09\/Com-esta-fet-768x494.png 768w, https:\/\/agora.xtec.cat\/ceipsesmondolo\/wp-content\/uploads\/usu311\/2024\/09\/Com-esta-fet.png 1233w\" sizes=\"auto, (max-width: 861px) 100vw, 861px\" \/><\/a><\/p>\n<p>Escenario<\/p>\n<p><a href=\"https:\/\/agora.xtec.cat\/ceipsesmondolo\/wp-content\/uploads\/usu311\/2024\/09\/escenario.png\"><img loading=\"lazy\" decoding=\"async\" class=\"size-large wp-image-9415 aligncenter\" src=\"https:\/\/agora.xtec.cat\/ceipsesmondolo\/wp-content\/uploads\/usu311\/2024\/09\/escenario-1024x551.png\" alt=\"\" width=\"1024\" height=\"551\" srcset=\"https:\/\/agora.xtec.cat\/ceipsesmondolo\/wp-content\/uploads\/usu311\/2024\/09\/escenario-1024x551.png 1024w, https:\/\/agora.xtec.cat\/ceipsesmondolo\/wp-content\/uploads\/usu311\/2024\/09\/escenario-300x161.png 300w, https:\/\/agora.xtec.cat\/ceipsesmondolo\/wp-content\/uploads\/usu311\/2024\/09\/escenario-768x413.png 768w, https:\/\/agora.xtec.cat\/ceipsesmondolo\/wp-content\/uploads\/usu311\/2024\/09\/escenario-1536x826.png 1536w, https:\/\/agora.xtec.cat\/ceipsesmondolo\/wp-content\/uploads\/usu311\/2024\/09\/escenario.png 1606w\" sizes=\"auto, (max-width: 1024px) 100vw, 1024px\" \/><\/a><\/p>\n<p>Entorno de programaci\u00f3n. Pesta\u00f1a c\u00f3digo.<\/p>\n<p><a href=\"https:\/\/agora.xtec.cat\/ceipsesmondolo\/wp-content\/uploads\/usu311\/2024\/09\/Entorno-trabajo.png\"><img loading=\"lazy\" decoding=\"async\" class=\"size-large wp-image-9417 aligncenter\" src=\"https:\/\/agora.xtec.cat\/ceipsesmondolo\/wp-content\/uploads\/usu311\/2024\/09\/Entorno-trabajo-1024x705.png\" alt=\"\" width=\"1024\" height=\"705\" srcset=\"https:\/\/agora.xtec.cat\/ceipsesmondolo\/wp-content\/uploads\/usu311\/2024\/09\/Entorno-trabajo-1024x705.png 1024w, https:\/\/agora.xtec.cat\/ceipsesmondolo\/wp-content\/uploads\/usu311\/2024\/09\/Entorno-trabajo-300x207.png 300w, https:\/\/agora.xtec.cat\/ceipsesmondolo\/wp-content\/uploads\/usu311\/2024\/09\/Entorno-trabajo-768x529.png 768w, https:\/\/agora.xtec.cat\/ceipsesmondolo\/wp-content\/uploads\/usu311\/2024\/09\/Entorno-trabajo.png 1482w\" sizes=\"auto, (max-width: 1024px) 100vw, 1024px\" \/><\/a><\/p>\n<p>Dise\u00f1o disfraces.<\/p>\n<p><a href=\"https:\/\/agora.xtec.cat\/ceipsesmondolo\/wp-content\/uploads\/usu311\/2024\/09\/Disfraces.png\"><img loading=\"lazy\" decoding=\"async\" class=\"size-large wp-image-9419 aligncenter\" src=\"https:\/\/agora.xtec.cat\/ceipsesmondolo\/wp-content\/uploads\/usu311\/2024\/09\/Disfraces-1024x681.png\" alt=\"\" width=\"1024\" height=\"681\" srcset=\"https:\/\/agora.xtec.cat\/ceipsesmondolo\/wp-content\/uploads\/usu311\/2024\/09\/Disfraces-1024x681.png 1024w, https:\/\/agora.xtec.cat\/ceipsesmondolo\/wp-content\/uploads\/usu311\/2024\/09\/Disfraces-300x199.png 300w, https:\/\/agora.xtec.cat\/ceipsesmondolo\/wp-content\/uploads\/usu311\/2024\/09\/Disfraces-768x511.png 768w, https:\/\/agora.xtec.cat\/ceipsesmondolo\/wp-content\/uploads\/usu311\/2024\/09\/Disfraces.png 1489w\" sizes=\"auto, (max-width: 1024px) 100vw, 1024px\" \/><\/a><\/p>\n<p>Sonidos<\/p>\n<p><a href=\"https:\/\/agora.xtec.cat\/ceipsesmondolo\/wp-content\/uploads\/usu311\/2024\/09\/Sonidos.png\"><img loading=\"lazy\" decoding=\"async\" class=\"size-large wp-image-9422 aligncenter\" src=\"https:\/\/agora.xtec.cat\/ceipsesmondolo\/wp-content\/uploads\/usu311\/2024\/09\/Sonidos-1024x675.png\" alt=\"\" width=\"1024\" height=\"675\" srcset=\"https:\/\/agora.xtec.cat\/ceipsesmondolo\/wp-content\/uploads\/usu311\/2024\/09\/Sonidos-1024x675.png 1024w, https:\/\/agora.xtec.cat\/ceipsesmondolo\/wp-content\/uploads\/usu311\/2024\/09\/Sonidos-300x198.png 300w, https:\/\/agora.xtec.cat\/ceipsesmondolo\/wp-content\/uploads\/usu311\/2024\/09\/Sonidos-768x506.png 768w, https:\/\/agora.xtec.cat\/ceipsesmondolo\/wp-content\/uploads\/usu311\/2024\/09\/Sonidos.png 1483w\" sizes=\"auto, (max-width: 1024px) 100vw, 1024px\" \/><\/a><\/p>\n<p>Fondos de escenario<\/p>\n<p><a href=\"https:\/\/agora.xtec.cat\/ceipsesmondolo\/wp-content\/uploads\/usu311\/2024\/09\/fondos.png\"><img loading=\"lazy\" decoding=\"async\" class=\"size-large wp-image-9423 aligncenter\" src=\"https:\/\/agora.xtec.cat\/ceipsesmondolo\/wp-content\/uploads\/usu311\/2024\/09\/fondos-1024x745.png\" alt=\"\" width=\"1024\" height=\"745\" srcset=\"https:\/\/agora.xtec.cat\/ceipsesmondolo\/wp-content\/uploads\/usu311\/2024\/09\/fondos-1024x745.png 1024w, https:\/\/agora.xtec.cat\/ceipsesmondolo\/wp-content\/uploads\/usu311\/2024\/09\/fondos-300x218.png 300w, https:\/\/agora.xtec.cat\/ceipsesmondolo\/wp-content\/uploads\/usu311\/2024\/09\/fondos-768x559.png 768w, https:\/\/agora.xtec.cat\/ceipsesmondolo\/wp-content\/uploads\/usu311\/2024\/09\/fondos.png 1387w\" sizes=\"auto, (max-width: 1024px) 100vw, 1024px\" \/><\/a><\/p>\n<p><strong>Ahora seria un buen momento para realizar el programa HOLA MUNDO!<\/strong><\/p>\n<p>Un ejemplo<\/p>\n<table class=\" aligncenter\" style=\"border-collapse: collapse; width: 44.1301%;\">\n<tbody>\n<tr>\n<td style=\"width: 100%;\"><iframe loading=\"lazy\" src=\"https:\/\/scratch.mit.edu\/projects\/1067423251\/embed\" width=\"485\" height=\"402\" frameborder=\"0\" scrolling=\"no\" allowfullscreen=\"allowfullscreen\"><\/iframe><\/td>\n<\/tr>\n<\/tbody>\n<\/table>\n<p>&nbsp;<\/p>\n<\/div>\n","protected":false},"excerpt":{"rendered":"<p>Muchas de las personas que han dado forma al mundo digital actual, se iniciaron codificando juegos con la intenci\u00f3n de divertirse. Bill Gates, cofundador de Microsoft, escribi\u00f3 su primer programa de computaci\u00f3n a los trece a\u00f1os de edad y este programa consisti\u00f3 en automatizar un&hellip;  <a href=\"https:\/\/agora.xtec.cat\/ceipsesmondolo\/steam\/scratch\/introduccion-a-scratch\/\" title=\"Read Introducci\u00f3n a SCRATCH\">Llegeix m\u00e9s\u00bb<\/a><\/p>\n","protected":false},"author":36,"featured_media":0,"parent":9080,"menu_order":10,"comment_status":"closed","ping_status":"closed","template":"page-templates\/side-menu.php","meta":{"_bbp_topic_count":0,"_bbp_reply_count":0,"_bbp_total_topic_count":0,"_bbp_total_reply_count":0,"_bbp_voice_count":0,"_bbp_anonymous_reply_count":0,"_bbp_topic_count_hidden":0,"_bbp_reply_count_hidden":0,"_bbp_forum_subforum_count":0,"footnotes":""},"class_list":["post-9406","page","type-page","status-publish","hentry"],"post_mailing_queue_ids":[],"_links":{"self":[{"href":"https:\/\/agora.xtec.cat\/ceipsesmondolo\/wp-json\/wp\/v2\/pages\/9406","targetHints":{"allow":["GET"]}}],"collection":[{"href":"https:\/\/agora.xtec.cat\/ceipsesmondolo\/wp-json\/wp\/v2\/pages"}],"about":[{"href":"https:\/\/agora.xtec.cat\/ceipsesmondolo\/wp-json\/wp\/v2\/types\/page"}],"author":[{"embeddable":true,"href":"https:\/\/agora.xtec.cat\/ceipsesmondolo\/wp-json\/wp\/v2\/users\/36"}],"replies":[{"embeddable":true,"href":"https:\/\/agora.xtec.cat\/ceipsesmondolo\/wp-json\/wp\/v2\/comments?post=9406"}],"version-history":[{"count":6,"href":"https:\/\/agora.xtec.cat\/ceipsesmondolo\/wp-json\/wp\/v2\/pages\/9406\/revisions"}],"predecessor-version":[{"id":9426,"href":"https:\/\/agora.xtec.cat\/ceipsesmondolo\/wp-json\/wp\/v2\/pages\/9406\/revisions\/9426"}],"up":[{"embeddable":true,"href":"https:\/\/agora.xtec.cat\/ceipsesmondolo\/wp-json\/wp\/v2\/pages\/9080"}],"wp:attachment":[{"href":"https:\/\/agora.xtec.cat\/ceipsesmondolo\/wp-json\/wp\/v2\/media?parent=9406"}],"curies":[{"name":"wp","href":"https:\/\/api.w.org\/{rel}","templated":true}]}}