{"id":9210,"date":"2024-08-12T18:55:49","date_gmt":"2024-08-12T16:55:49","guid":{"rendered":"https:\/\/agora.xtec.cat\/ceipsesmondolo\/?page_id=9210"},"modified":"2024-09-09T19:26:29","modified_gmt":"2024-09-09T17:26:29","slug":"els-globus-que-exploten","status":"publish","type":"page","link":"https:\/\/agora.xtec.cat\/ceipsesmondolo\/steam\/lluitadors-del-foc\/els-globus-que-exploten\/","title":{"rendered":"Els globus que exploten"},"content":{"rendered":"<p><strong>La calor com energia d\u2019activaci\u00f3<\/strong><\/p>\n<p>La calor, \u00e9s l&#8217;energia necess\u00e0ria per a la combusti\u00f3, pot provenir de fonts naturals com els llamps i la lava o de fonts artificials com un misto.<br \/>\nLa calor funciona com a catalitzador de la reacci\u00f3 de la combusti\u00f3.<\/p>\n<p>En aquest taller l&#8217;alumnat far\u00e0 servir la energia solar per iniciar una combusti\u00f3 seguin\u00a0 els passos que determina el LAB 3 de la Missi\u00f3 Alba : <a href=\"https:\/\/agora.xtec.cat\/ceipsesmondolo\/wp-content\/uploads\/usu311\/2024\/08\/MA_Lab3_cat.pdf\">MA_Lab3_cat<\/a><\/p>\n","protected":false},"excerpt":{"rendered":"<p>La calor com energia d\u2019activaci\u00f3<br \/>\nLa calor, \u00e9s l&#8217;energia necess\u00e0ria per a la combusti\u00f3, pot provenir de fonts naturals com els llamps i la lava o de fonts artificials com un misto.<br \/>\nLa calor funciona com a catalitzador de la reacci\u00f3 de la combusti\u00f3.<br \/>\nEn aquest taller l&#8217;alumnat&hellip;  <a href=\"https:\/\/agora.xtec.cat\/ceipsesmondolo\/steam\/lluitadors-del-foc\/els-globus-que-exploten\/\" title=\"Read Els globus que exploten\">Llegeix m\u00e9s\u00bb<\/a><\/p>\n","protected":false},"author":36,"featured_media":0,"parent":8958,"menu_order":20,"comment_status":"closed","ping_status":"closed","template":"page-templates\/side-menu.php","meta":{"_bbp_topic_count":0,"_bbp_reply_count":0,"_bbp_total_topic_count":0,"_bbp_total_reply_count":0,"_bbp_voice_count":0,"_bbp_anonymous_reply_count":0,"_bbp_topic_count_hidden":0,"_bbp_reply_count_hidden":0,"_bbp_forum_subforum_count":0,"footnotes":""},"class_list":["post-9210","page","type-page","status-publish","hentry"],"post_mailing_queue_ids":[],"_links":{"self":[{"href":"https:\/\/agora.xtec.cat\/ceipsesmondolo\/wp-json\/wp\/v2\/pages\/9210","targetHints":{"allow":["GET"]}}],"collection":[{"href":"https:\/\/agora.xtec.cat\/ceipsesmondolo\/wp-json\/wp\/v2\/pages"}],"about":[{"href":"https:\/\/agora.xtec.cat\/ceipsesmondolo\/wp-json\/wp\/v2\/types\/page"}],"author":[{"embeddable":true,"href":"https:\/\/agora.xtec.cat\/ceipsesmondolo\/wp-json\/wp\/v2\/users\/36"}],"replies":[{"embeddable":true,"href":"https:\/\/agora.xtec.cat\/ceipsesmondolo\/wp-json\/wp\/v2\/comments?post=9210"}],"version-history":[{"count":3,"href":"https:\/\/agora.xtec.cat\/ceipsesmondolo\/wp-json\/wp\/v2\/pages\/9210\/revisions"}],"predecessor-version":[{"id":9389,"href":"https:\/\/agora.xtec.cat\/ceipsesmondolo\/wp-json\/wp\/v2\/pages\/9210\/revisions\/9389"}],"up":[{"embeddable":true,"href":"https:\/\/agora.xtec.cat\/ceipsesmondolo\/wp-json\/wp\/v2\/pages\/8958"}],"wp:attachment":[{"href":"https:\/\/agora.xtec.cat\/ceipsesmondolo\/wp-json\/wp\/v2\/media?parent=9210"}],"curies":[{"name":"wp","href":"https:\/\/api.w.org\/{rel}","templated":true}]}}