{"id":9199,"date":"2024-08-12T12:28:45","date_gmt":"2024-08-12T10:28:45","guid":{"rendered":"https:\/\/agora.xtec.cat\/ceipsesmondolo\/?page_id=9199"},"modified":"2024-09-16T17:23:14","modified_gmt":"2024-09-16T15:23:14","slug":"taller-de-bolas-nendo","status":"publish","type":"page","link":"https:\/\/agora.xtec.cat\/ceipsesmondolo\/steam\/lluitadors-del-foc\/taller-de-bolas-nendo\/","title":{"rendered":"Taller de boles Nendo Dango"},"content":{"rendered":"<p>Es podria dir que \u00e9s el pare de tots els trucs,com a m\u00e8tode per aconseguir sembrar gran quantitat de llavors d&#8217;una vegada i d&#8217;una manera r\u00e0pida i molt efica\u00e7. Nendo Dango significa boles d&#8217;argila en japon\u00e8s, l&#8217;idioma de l&#8217;inventor d&#8217;aquesta t\u00e8cnica, Masanobu Fukuoka, defensor de l&#8217;agricultura natural, que fa 70 anys va idear aquest m\u00e8tode de plantaci\u00f3, tamb\u00e9 anomenat pildoritzaci\u00f3.<\/p>\n<p><strong>Proc\u00e9s Nendo Dango <\/strong><\/p>\n<p>El truc consisteix en fer boles petites d&#8217;argila amb llavors de diferents esp\u00e8cies d&#8217;arbres o arbustos. Les boles s&#8217;escampen per la superf\u00edcie, terra o terreny de manera que, la capa d&#8217;argila, un cop seca, evita que les llavors es converteixin en aliment d&#8217;ocells, rosegadors i altres animals. \u00c9s la pluja l&#8217;encarregada d&#8217;alliberar aquestes llavors i d&#8217;ajudar-les a germinar.<\/p>\n<p>La barreja es realitza amb argila; si pot ser origin\u00e0ria de la zona on anem a sembrar, millor; aigua, fertilitzant i algun repel\u00b7lent natural. A aquesta barreja s&#8217;afegeixen les llavors de plantes, arbustos o arbres, que creixeran millor si s\u00f3n esp\u00e8cies aut\u00f2ctones. S&#8217;ha d&#8217;aconseguir una massa tova, que es pugui modelar fins a fer una petita bola.<\/p>\n<p>Si no pots aconseguir argila de la zona, pots comprar-la en establiments de jardineria. Compra l&#8217;argila vermella pura en pols, i barreja-la amb substrat o terra de la zona, sempre afegint el doble d&#8217;argila que de terra.<\/p>\n<table style=\"border-collapse: collapse; width: 100%; height: 381px;\">\n<tbody>\n<tr style=\"height: 349px;\">\n<td style=\"width: 100%; height: 349px;\"><a href=\"https:\/\/agora.xtec.cat\/ceipsesmondolo\/wp-content\/uploads\/usu311\/2024\/08\/Nendo-Dango.jpg\"><img loading=\"lazy\" decoding=\"async\" class=\" wp-image-9204 aligncenter\" src=\"https:\/\/agora.xtec.cat\/ceipsesmondolo\/wp-content\/uploads\/usu311\/2024\/08\/Nendo-Dango-1024x1024.jpg\" alt=\"\" width=\"333\" height=\"333\" srcset=\"https:\/\/agora.xtec.cat\/ceipsesmondolo\/wp-content\/uploads\/usu311\/2024\/08\/Nendo-Dango-1024x1024.jpg 1024w, https:\/\/agora.xtec.cat\/ceipsesmondolo\/wp-content\/uploads\/usu311\/2024\/08\/Nendo-Dango-300x300.jpg 300w, https:\/\/agora.xtec.cat\/ceipsesmondolo\/wp-content\/uploads\/usu311\/2024\/08\/Nendo-Dango-150x150.jpg 150w, https:\/\/agora.xtec.cat\/ceipsesmondolo\/wp-content\/uploads\/usu311\/2024\/08\/Nendo-Dango-768x768.jpg 768w, https:\/\/agora.xtec.cat\/ceipsesmondolo\/wp-content\/uploads\/usu311\/2024\/08\/Nendo-Dango-1536x1536.jpg 1536w, https:\/\/agora.xtec.cat\/ceipsesmondolo\/wp-content\/uploads\/usu311\/2024\/08\/Nendo-Dango.jpg 2048w\" sizes=\"auto, (max-width: 333px) 100vw, 333px\" \/><\/a><\/td>\n<\/tr>\n<tr style=\"height: 32px;\">\n<td style=\"width: 100%; height: 32px; text-align: center;\">\u00a0<a href=\"https:\/\/agora.xtec.cat\/zermoianesllevant\/portada\/les-tres-escoles-de-la-zer-participen-a-les-jornades-descola-rural-en-la-formacio-inicial-de-mestres\/\"> Bola Nendo Dango regalada a tots els assistents a la XXVII edici\u00f3 de les Jornades d\u2019Escola Rural a Manresa i Castellnou de Bages el 5\/3\/2024<\/a><\/td>\n<\/tr>\n<\/tbody>\n<\/table>\n<p>Detalls del taller: <a href=\"https:\/\/agora.xtec.cat\/ceipsesmondolo\/wp-content\/uploads\/usu311\/2024\/08\/Taller-de-boles-Nendo-2024.pdf\">Taller de boles Nendo 2024<\/a><\/p>\n","protected":false},"excerpt":{"rendered":"<p>Es podria dir que \u00e9s el pare de tots els trucs,com a m\u00e8tode per aconseguir sembrar gran quantitat de llavors d&#8217;una vegada i d&#8217;una manera r\u00e0pida i molt efica\u00e7. Nendo Dango significa boles d&#8217;argila en japon\u00e8s, l&#8217;idioma de l&#8217;inventor d&#8217;aquesta t\u00e8cnica, Masanobu Fukuoka, defensor de&hellip;  <a href=\"https:\/\/agora.xtec.cat\/ceipsesmondolo\/steam\/lluitadors-del-foc\/taller-de-bolas-nendo\/\" title=\"Read Taller de boles Nendo Dango\">Llegeix m\u00e9s\u00bb<\/a><\/p>\n","protected":false},"author":36,"featured_media":0,"parent":8958,"menu_order":60,"comment_status":"closed","ping_status":"closed","template":"page-templates\/side-menu.php","meta":{"_bbp_topic_count":0,"_bbp_reply_count":0,"_bbp_total_topic_count":0,"_bbp_total_reply_count":0,"_bbp_voice_count":0,"_bbp_anonymous_reply_count":0,"_bbp_topic_count_hidden":0,"_bbp_reply_count_hidden":0,"_bbp_forum_subforum_count":0,"footnotes":""},"class_list":["post-9199","page","type-page","status-publish","hentry"],"post_mailing_queue_ids":[],"_links":{"self":[{"href":"https:\/\/agora.xtec.cat\/ceipsesmondolo\/wp-json\/wp\/v2\/pages\/9199","targetHints":{"allow":["GET"]}}],"collection":[{"href":"https:\/\/agora.xtec.cat\/ceipsesmondolo\/wp-json\/wp\/v2\/pages"}],"about":[{"href":"https:\/\/agora.xtec.cat\/ceipsesmondolo\/wp-json\/wp\/v2\/types\/page"}],"author":[{"embeddable":true,"href":"https:\/\/agora.xtec.cat\/ceipsesmondolo\/wp-json\/wp\/v2\/users\/36"}],"replies":[{"embeddable":true,"href":"https:\/\/agora.xtec.cat\/ceipsesmondolo\/wp-json\/wp\/v2\/comments?post=9199"}],"version-history":[{"count":7,"href":"https:\/\/agora.xtec.cat\/ceipsesmondolo\/wp-json\/wp\/v2\/pages\/9199\/revisions"}],"predecessor-version":[{"id":9437,"href":"https:\/\/agora.xtec.cat\/ceipsesmondolo\/wp-json\/wp\/v2\/pages\/9199\/revisions\/9437"}],"up":[{"embeddable":true,"href":"https:\/\/agora.xtec.cat\/ceipsesmondolo\/wp-json\/wp\/v2\/pages\/8958"}],"wp:attachment":[{"href":"https:\/\/agora.xtec.cat\/ceipsesmondolo\/wp-json\/wp\/v2\/media?parent=9199"}],"curies":[{"name":"wp","href":"https:\/\/api.w.org\/{rel}","templated":true}]}}