{"id":9080,"date":"2024-07-29T20:42:21","date_gmt":"2024-07-29T18:42:21","guid":{"rendered":"https:\/\/agora.xtec.cat\/ceipsesmondolo\/?page_id=9080"},"modified":"2024-11-01T17:09:01","modified_gmt":"2024-11-01T16:09:01","slug":"scratch","status":"publish","type":"page","link":"https:\/\/agora.xtec.cat\/ceipsesmondolo\/steam\/scratch\/","title":{"rendered":"SCRATCH"},"content":{"rendered":"<p><a href=\"https:\/\/agora.xtec.cat\/ceipsesmondolo\/wp-content\/uploads\/usu311\/2024\/07\/scratch.png\"><img loading=\"lazy\" decoding=\"async\" class=\"wp-image-9084 aligncenter\" src=\"https:\/\/agora.xtec.cat\/ceipsesmondolo\/wp-content\/uploads\/usu311\/2024\/07\/scratch.png\" alt=\"\" width=\"369\" height=\"194\" srcset=\"https:\/\/agora.xtec.cat\/ceipsesmondolo\/wp-content\/uploads\/usu311\/2024\/07\/scratch.png 916w, https:\/\/agora.xtec.cat\/ceipsesmondolo\/wp-content\/uploads\/usu311\/2024\/07\/scratch-300x158.png 300w, https:\/\/agora.xtec.cat\/ceipsesmondolo\/wp-content\/uploads\/usu311\/2024\/07\/scratch-768x403.png 768w\" sizes=\"auto, (max-width: 369px) 100vw, 369px\" \/><\/a><\/p>\n<p>Scratch es un entorno de programaci\u00f3n desarrollado y mantenido por un grupo de investigadores del Instituto de Tecnolog\u00eda de Massachusetts (MIT) para hacer que la programaci\u00f3n sea atractiva y accesible para todo aquel que se enfrente por primera vez a programar.<br \/>\nProgramando con Scratch se pueden crear historias interactivas, juegos, animaciones, m\u00fasica y producciones art\u00edsticas. El s\u00edtio WEB del MIT tambi\u00e9n permite compartir creaciones e ideas con otros j\u00f3venes con intereses similares. Desde su lanzamiento al p\u00fablico en Mayo de 2007, el s\u00edtio Web de Scratch se ha convertido en una gran comunidad en l\u00ednea, donde se aprende, se intercambian ideas y se mezclan programas propios con los de otros. Cada d\u00eda, los scratchers de todo el mundo, suben al sitio miles de proyectos nuevos con el c\u00f3digo de acceso libre (cualquiera que est\u00e9 registrado puede ver c\u00f3mo se ha creado el proyecto, baj\u00e1rselo, modificarlo, etc). La edad de la mayor\u00eda de visitantes del sitio web se ubica entre los 8 y los 16 a\u00f1os (con un pico en los 12 a\u00f1os).<\/p>\n<p>Es importante, antes de realizar alguna actividad con SCRATCH, estar registrado en el entorno de trabajo SCRATCH. Para ello es suficiente seguir los pasos que aqu\u00ed se indican: <a href=\"https:\/\/agora.xtec.cat\/ceipsesmondolo\/wp-content\/uploads\/usu311\/2024\/09\/Nou-usuari-i-confirmar-correu-a-scratch.pdf\">Nou-usuari-i-confirmar-correu-a-scratch<\/a><\/p>\n<p>Una vez registrado, una de las cosas que es posible realizar es compartir trabajos:\u00a0<a href=\"https:\/\/agora.xtec.cat\/zermoianesllevant\/steam\/scratch-3-0\/\">SCRATCH en otras escuelas del Moian\u00e8s.\u00a0<\/a><\/p>\n<p>&nbsp;<\/p>\n<p>Finalmente, sugerir que al finalizar los talleres que cuelgan de esta p\u00e1gina, ser\u00eda interesante comentar con los alumnos el contenido de esta p\u00e1gina de la wikepedia de scratch: <a href=\"https:\/\/en.scratch-wiki.info\/wiki\/blocks\">https:\/\/en.scratch-wiki.info\/wiki\/blocks<\/a><\/p>\n<p>Al hacer los comentarios es un buen momento para cerrar el cap\u00edtulo scratch y anunciar los nuevos retos o nuevos entornos de aprendizaje donde se aplicar\u00e1 todos los conceptos aprendidos.<\/p>\n<p>&nbsp;<\/p>\n<p>&nbsp;<\/p>\n","protected":false},"excerpt":{"rendered":"<p><a href=\"https:\/\/agora.xtec.cat\/ceipsesmondolo\/wp-content\/uploads\/usu311\/2024\/07\/scratch.png\"><\/a><br \/>\nScratch es un entorno de programaci\u00f3n desarrollado y mantenido por un grupo de investigadores del Instituto de Tecnolog\u00eda de Massachusetts (MIT) para hacer que la programaci\u00f3n sea atractiva y accesible para todo aquel que se enfrente por primera vez a programar.<br \/>\nProgramando con Scratch se&hellip;  <a href=\"https:\/\/agora.xtec.cat\/ceipsesmondolo\/steam\/scratch\/\" title=\"Read SCRATCH\">Llegeix m\u00e9s\u00bb<\/a><\/p>\n","protected":false},"author":36,"featured_media":0,"parent":8955,"menu_order":100,"comment_status":"closed","ping_status":"closed","template":"page-templates\/side-menu.php","meta":{"_bbp_topic_count":0,"_bbp_reply_count":0,"_bbp_total_topic_count":0,"_bbp_total_reply_count":0,"_bbp_voice_count":0,"_bbp_anonymous_reply_count":0,"_bbp_topic_count_hidden":0,"_bbp_reply_count_hidden":0,"_bbp_forum_subforum_count":0,"footnotes":""},"class_list":["post-9080","page","type-page","status-publish","hentry"],"post_mailing_queue_ids":[],"_links":{"self":[{"href":"https:\/\/agora.xtec.cat\/ceipsesmondolo\/wp-json\/wp\/v2\/pages\/9080","targetHints":{"allow":["GET"]}}],"collection":[{"href":"https:\/\/agora.xtec.cat\/ceipsesmondolo\/wp-json\/wp\/v2\/pages"}],"about":[{"href":"https:\/\/agora.xtec.cat\/ceipsesmondolo\/wp-json\/wp\/v2\/types\/page"}],"author":[{"embeddable":true,"href":"https:\/\/agora.xtec.cat\/ceipsesmondolo\/wp-json\/wp\/v2\/users\/36"}],"replies":[{"embeddable":true,"href":"https:\/\/agora.xtec.cat\/ceipsesmondolo\/wp-json\/wp\/v2\/comments?post=9080"}],"version-history":[{"count":6,"href":"https:\/\/agora.xtec.cat\/ceipsesmondolo\/wp-json\/wp\/v2\/pages\/9080\/revisions"}],"predecessor-version":[{"id":9621,"href":"https:\/\/agora.xtec.cat\/ceipsesmondolo\/wp-json\/wp\/v2\/pages\/9080\/revisions\/9621"}],"up":[{"embeddable":true,"href":"https:\/\/agora.xtec.cat\/ceipsesmondolo\/wp-json\/wp\/v2\/pages\/8955"}],"wp:attachment":[{"href":"https:\/\/agora.xtec.cat\/ceipsesmondolo\/wp-json\/wp\/v2\/media?parent=9080"}],"curies":[{"name":"wp","href":"https:\/\/api.w.org\/{rel}","templated":true}]}}