{"id":9069,"date":"2024-07-28T13:56:03","date_gmt":"2024-07-28T11:56:03","guid":{"rendered":"https:\/\/agora.xtec.cat\/ceipsesmondolo\/?page_id=9069"},"modified":"2024-07-28T14:26:22","modified_gmt":"2024-07-28T12:26:22","slug":"mi-primer-circuito","status":"publish","type":"page","link":"https:\/\/agora.xtec.cat\/ceipsesmondolo\/steam\/tinkercad-circuitos\/mi-primer-circuito\/","title":{"rendered":"Mi primer circuito"},"content":{"rendered":"<p>En est\u00e1 p\u00edldora formativa los alumnos aprender\u00e1n los conocimientos b\u00e1sicos para moverse por la interfaz del programa Tinkercad Circuitos. Una vez familiarizados con esta utilidad, construir\u00e1n un circuito simple consistente en conectar una bater\u00eda, un diodo emisor de luz (LED) y una resistencia para proteger el LED.<\/p>\n<p>El simulador Tinkercad Circuitos mostrar\u00e1 si el circuito est\u00e1 bien construido, haciendo que el LED emita luz. En caso contrario el alumno deber\u00e1 corregir el problema.<\/p>\n<p>La gu\u00eda de creaci\u00f3n del circuito est\u00e1 a continuaci\u00f3n:<a href=\"https:\/\/agora.xtec.cat\/zermoianesllevant\/wp-content\/uploads\/usu130\/2021\/09\/01.0.00-T-ESP-Mi-primer-circuito-con-LED.pdf\">01.0.00-[T]-[ESP]-Mi primer circuito con LED<\/a><\/p>\n<table style=\"border-collapse: collapse; width: 100%;\">\n<tbody>\n<tr>\n<td style=\"width: 50%;\"><img loading=\"lazy\" decoding=\"async\" class=\"aligncenter\" src=\"https:\/\/agora.xtec.cat\/zermoianesllevant\/wp-content\/uploads\/usu130\/2022\/01\/MiPrimerCircuito.jpg\" width=\"415\" height=\"655\" \/><\/td>\n<td style=\"width: 50%;\"><img decoding=\"async\" src=\"https:\/\/agora.xtec.cat\/zermoianesllevant\/wp-content\/uploads\/usu130\/2022\/01\/MiPrimerCircuitoEsquema.jpg\" \/><\/td>\n<\/tr>\n<\/tbody>\n<\/table>\n<p>En esta simulaci\u00f3n se podr\u00e1 validar la influencia del valor de la resistencia sobre la intensidad de la corriente el\u00e9ctrica que circula por el circuito. Se ir\u00e1n variando los valores de la resistencia seg\u00fan la tabla que se detalla:<\/p>\n<p>&nbsp;<\/p>\n<p><a href=\"https:\/\/agora.xtec.cat\/ceipsesmondolo\/wp-content\/uploads\/usu311\/2024\/07\/Resistencia-Corriente-electrica.png\"><img loading=\"lazy\" decoding=\"async\" class=\"wp-image-9072 aligncenter\" src=\"https:\/\/agora.xtec.cat\/ceipsesmondolo\/wp-content\/uploads\/usu311\/2024\/07\/Resistencia-Corriente-electrica-1024x392.png\" alt=\"\" width=\"851\" height=\"326\" srcset=\"https:\/\/agora.xtec.cat\/ceipsesmondolo\/wp-content\/uploads\/usu311\/2024\/07\/Resistencia-Corriente-electrica-1024x392.png 1024w, https:\/\/agora.xtec.cat\/ceipsesmondolo\/wp-content\/uploads\/usu311\/2024\/07\/Resistencia-Corriente-electrica-300x115.png 300w, https:\/\/agora.xtec.cat\/ceipsesmondolo\/wp-content\/uploads\/usu311\/2024\/07\/Resistencia-Corriente-electrica-768x294.png 768w, https:\/\/agora.xtec.cat\/ceipsesmondolo\/wp-content\/uploads\/usu311\/2024\/07\/Resistencia-Corriente-electrica-1536x588.png 1536w, https:\/\/agora.xtec.cat\/ceipsesmondolo\/wp-content\/uploads\/usu311\/2024\/07\/Resistencia-Corriente-electrica.png 1876w\" sizes=\"auto, (max-width: 851px) 100vw, 851px\" \/><\/a><\/p>\n<table style=\"width: 33.8794%;\">\n<tbody>\n<tr>\n<td style=\"width: 27.8287%; text-align: center;\">Resistencia<\/td>\n<td style=\"width: 89.2966%; text-align: center;\">Intensidad de la corriente el\u00e9ctrica<\/td>\n<\/tr>\n<tr>\n<td style=\"width: 27.8287%; text-align: center;\">1 kilo ohm<\/td>\n<td style=\"width: 89.2966%; text-align: center;\">7,04 mili amperios<\/td>\n<\/tr>\n<tr>\n<td style=\"width: 27.8287%; text-align: center;\">100 ohms<\/td>\n<td style=\"width: 89.2966%; text-align: center;\">65 mili Amperios<\/td>\n<\/tr>\n<tr>\n<td style=\"width: 27.8287%; text-align: center;\">10 ohms<\/td>\n<td style=\"width: 89.2966%; text-align: center;\">395 mili Amperios<\/td>\n<\/tr>\n<\/tbody>\n<\/table>\n<p>Y se podr\u00e1 observar como a menor valor \u00f3hmico de la resistencia, la corriente el\u00e9ctrica circula con mayor facilidad y por lo tanto se incrementa la cantidad de corriente que circular\u00e1 por el circuito y podremos determinar que los ohmios y los amperios son valores que se relacionan en una proporci\u00f3n inversa.<\/p>\n<p>Finalmente aqu\u00ed se detallan aspectos trabajados del curr\u00edculo de primaria:\u00a0<a href=\"https:\/\/agora.xtec.cat\/zermoianesllevant\/wp-content\/uploads\/usu130\/2021\/10\/Sessio2.docx.pdf\">Sessi\u00f32.docx<\/a><\/p>\n<p>Conceptos clave: Magnitudes, multiplos y submultiplos, resistencia, ohmios, intensidad de la corriente, amperios, LED, semiconductores, &#8230;<\/p>\n","protected":false},"excerpt":{"rendered":"<p>En est\u00e1 p\u00edldora formativa los alumnos aprender\u00e1n los conocimientos b\u00e1sicos para moverse por la interfaz del programa Tinkercad Circuitos. Una vez familiarizados con esta utilidad, construir\u00e1n un circuito simple consistente en conectar una bater\u00eda, un diodo emisor de luz (LED) y una resistencia para proteger&hellip;  <a href=\"https:\/\/agora.xtec.cat\/ceipsesmondolo\/steam\/tinkercad-circuitos\/mi-primer-circuito\/\" title=\"Read Mi primer circuito\">Llegeix m\u00e9s\u00bb<\/a><\/p>\n","protected":false},"author":36,"featured_media":0,"parent":9039,"menu_order":20,"comment_status":"closed","ping_status":"closed","template":"page-templates\/side-menu.php","meta":{"_bbp_topic_count":0,"_bbp_reply_count":0,"_bbp_total_topic_count":0,"_bbp_total_reply_count":0,"_bbp_voice_count":0,"_bbp_anonymous_reply_count":0,"_bbp_topic_count_hidden":0,"_bbp_reply_count_hidden":0,"_bbp_forum_subforum_count":0,"footnotes":""},"class_list":["post-9069","page","type-page","status-publish","hentry"],"post_mailing_queue_ids":[],"_links":{"self":[{"href":"https:\/\/agora.xtec.cat\/ceipsesmondolo\/wp-json\/wp\/v2\/pages\/9069","targetHints":{"allow":["GET"]}}],"collection":[{"href":"https:\/\/agora.xtec.cat\/ceipsesmondolo\/wp-json\/wp\/v2\/pages"}],"about":[{"href":"https:\/\/agora.xtec.cat\/ceipsesmondolo\/wp-json\/wp\/v2\/types\/page"}],"author":[{"embeddable":true,"href":"https:\/\/agora.xtec.cat\/ceipsesmondolo\/wp-json\/wp\/v2\/users\/36"}],"replies":[{"embeddable":true,"href":"https:\/\/agora.xtec.cat\/ceipsesmondolo\/wp-json\/wp\/v2\/comments?post=9069"}],"version-history":[{"count":6,"href":"https:\/\/agora.xtec.cat\/ceipsesmondolo\/wp-json\/wp\/v2\/pages\/9069\/revisions"}],"predecessor-version":[{"id":9078,"href":"https:\/\/agora.xtec.cat\/ceipsesmondolo\/wp-json\/wp\/v2\/pages\/9069\/revisions\/9078"}],"up":[{"embeddable":true,"href":"https:\/\/agora.xtec.cat\/ceipsesmondolo\/wp-json\/wp\/v2\/pages\/9039"}],"wp:attachment":[{"href":"https:\/\/agora.xtec.cat\/ceipsesmondolo\/wp-json\/wp\/v2\/media?parent=9069"}],"curies":[{"name":"wp","href":"https:\/\/api.w.org\/{rel}","templated":true}]}}