{"id":9056,"date":"2024-07-28T12:56:49","date_gmt":"2024-07-28T10:56:49","guid":{"rendered":"https:\/\/agora.xtec.cat\/ceipsesmondolo\/?page_id=9056"},"modified":"2024-09-16T17:43:21","modified_gmt":"2024-09-16T15:43:21","slug":"mi-vieja-linterna","status":"publish","type":"page","link":"https:\/\/agora.xtec.cat\/ceipsesmondolo\/steam\/tinkercad-circuitos\/mi-vieja-linterna\/","title":{"rendered":"Mi vieja linterna"},"content":{"rendered":"<p>En este ejercicio, el alumno construir\u00e1 con la ayuda del simulador Tinkercad una reproducci\u00f3n del funcionamiento de una linterna antigua. Recordar que las linternas\u00a0 funcionaban con bombillas, actualmente est\u00e1n siendo sustituidas por linternas con LED (Diodo Emisor de Luz).<\/p>\n<p>Recordaremos el funcionamiento de las viejas linternas en el siguiente PDF, hay las instrucciones paso a paso de como realizar el ejercicio:\u00a0 <a href=\"https:\/\/agora.xtec.cat\/ceipsesmondolo\/wp-content\/uploads\/usu311\/2024\/07\/Mi-vieja-linterna.pdf\">Mi-vieja-linterna<\/a><\/p>\n<p>En el siguiente documento <a href=\"https:\/\/agora.xtec.cat\/ceipsesmondolo\/wp-content\/uploads\/usu311\/2024\/07\/CIRCUITS-ELECTRICS-BASICS.pdf\">CIRCUITS-ELECTRICS-BASICS<\/a> hay ideas por si el profesor desea ampliar la p\u00edldora formativa recomendada y en las siguientes im\u00e1genes se ve como muestra TinkerCad la simulaci\u00f3n del circuito y el esquema asociado al\u00a0 mismo.<\/p>\n<table style=\"border-collapse: collapse; width: 100%;\">\n<tbody>\n<tr>\n<td style=\"width: 50%;\"><img decoding=\"async\" src=\"https:\/\/agora.xtec.cat\/zermoianesllevant\/wp-content\/uploads\/usu130\/2022\/01\/ViejaLinterna_Componentes_Apagada.jpg\" \/><\/td>\n<td style=\"width: 50%;\"><img decoding=\"async\" src=\"https:\/\/agora.xtec.cat\/zermoianesllevant\/wp-content\/uploads\/usu130\/2022\/01\/ViejaLinterna_Esquema_Apagada.jpg\" \/><\/td>\n<\/tr>\n<tr>\n<td style=\"width: 50%;\"><img decoding=\"async\" src=\"https:\/\/agora.xtec.cat\/zermoianesllevant\/wp-content\/uploads\/usu130\/2022\/01\/ViejaLinterna_Componentes_Encendida.jpg\" \/><\/td>\n<td style=\"width: 50%;\"><img decoding=\"async\" src=\"https:\/\/agora.xtec.cat\/zermoianesllevant\/wp-content\/uploads\/usu130\/2022\/01\/ViejaLinterna_Esquema_AEncendida.jpg\" \/><\/td>\n<\/tr>\n<\/tbody>\n<\/table>\n<p>&nbsp;<\/p>\n<p>Finalmente, aqu\u00ed se detallan aspectos trabajados del curr\u00edculo de primaria: <a href=\"https:\/\/agora.xtec.cat\/ceipsesmondolo\/wp-content\/uploads\/usu311\/2024\/07\/Sessio1.docx.pdf\">Sessio1.docx<\/a><\/p>\n<p>Conceptos clave: cables conductores, interruptores, pilas (bater\u00edas) volt\u00e1icas, bombillas, circuito el\u00e9ctrico, esquema el\u00e9ctrico, serie, paralelo,..<\/p>\n","protected":false},"excerpt":{"rendered":"<p>En este ejercicio, el alumno construir\u00e1 con la ayuda del simulador Tinkercad una reproducci\u00f3n del funcionamiento de una linterna antigua. Recordar que las linternas\u00a0 funcionaban con bombillas, actualmente est\u00e1n siendo sustituidas por linternas con LED (Diodo Emisor de Luz).<br \/>\nRecordaremos el funcionamiento de las viejas linternas&hellip;  <a href=\"https:\/\/agora.xtec.cat\/ceipsesmondolo\/steam\/tinkercad-circuitos\/mi-vieja-linterna\/\" title=\"Read Mi vieja linterna\">Llegeix m\u00e9s\u00bb<\/a><\/p>\n","protected":false},"author":36,"featured_media":0,"parent":9039,"menu_order":10,"comment_status":"closed","ping_status":"closed","template":"page-templates\/side-menu.php","meta":{"_bbp_topic_count":0,"_bbp_reply_count":0,"_bbp_total_topic_count":0,"_bbp_total_reply_count":0,"_bbp_voice_count":0,"_bbp_anonymous_reply_count":0,"_bbp_topic_count_hidden":0,"_bbp_reply_count_hidden":0,"_bbp_forum_subforum_count":0,"footnotes":""},"class_list":["post-9056","page","type-page","status-publish","hentry"],"post_mailing_queue_ids":[],"_links":{"self":[{"href":"https:\/\/agora.xtec.cat\/ceipsesmondolo\/wp-json\/wp\/v2\/pages\/9056","targetHints":{"allow":["GET"]}}],"collection":[{"href":"https:\/\/agora.xtec.cat\/ceipsesmondolo\/wp-json\/wp\/v2\/pages"}],"about":[{"href":"https:\/\/agora.xtec.cat\/ceipsesmondolo\/wp-json\/wp\/v2\/types\/page"}],"author":[{"embeddable":true,"href":"https:\/\/agora.xtec.cat\/ceipsesmondolo\/wp-json\/wp\/v2\/users\/36"}],"replies":[{"embeddable":true,"href":"https:\/\/agora.xtec.cat\/ceipsesmondolo\/wp-json\/wp\/v2\/comments?post=9056"}],"version-history":[{"count":7,"href":"https:\/\/agora.xtec.cat\/ceipsesmondolo\/wp-json\/wp\/v2\/pages\/9056\/revisions"}],"predecessor-version":[{"id":9439,"href":"https:\/\/agora.xtec.cat\/ceipsesmondolo\/wp-json\/wp\/v2\/pages\/9056\/revisions\/9439"}],"up":[{"embeddable":true,"href":"https:\/\/agora.xtec.cat\/ceipsesmondolo\/wp-json\/wp\/v2\/pages\/9039"}],"wp:attachment":[{"href":"https:\/\/agora.xtec.cat\/ceipsesmondolo\/wp-json\/wp\/v2\/media?parent=9056"}],"curies":[{"name":"wp","href":"https:\/\/api.w.org\/{rel}","templated":true}]}}