{"id":9039,"date":"2024-07-26T12:15:19","date_gmt":"2024-07-26T10:15:19","guid":{"rendered":"https:\/\/agora.xtec.cat\/ceipsesmondolo\/?page_id=9039"},"modified":"2025-03-18T09:33:02","modified_gmt":"2025-03-18T08:33:02","slug":"tinkercad-circuitos","status":"publish","type":"page","link":"https:\/\/agora.xtec.cat\/ceipsesmondolo\/steam\/tinkercad-circuitos\/","title":{"rendered":"TINKERCAD Circuitos"},"content":{"rendered":"<p><a href=\"https:\/\/www.tinkercad.com\/\">TINKERCAD<\/a> es un programa\u00a0 <span style=\"font-family: inherit; font-size: 1em;\">construido y mantenido\u00a0 por Autodesk. Est\u00e0 disponible en l\u00ednea y es gratuito.<\/span><\/p>\n<p><a href=\"https:\/\/agora.xtec.cat\/ceipsesmondolo\/wp-content\/uploads\/usu311\/2024\/07\/Autodesk.jpg\"><img loading=\"lazy\" decoding=\"async\" class=\"wp-image-9052 aligncenter\" src=\"https:\/\/agora.xtec.cat\/ceipsesmondolo\/wp-content\/uploads\/usu311\/2024\/07\/Autodesk-1024x347.jpg\" alt=\"\" width=\"404\" height=\"137\" srcset=\"https:\/\/agora.xtec.cat\/ceipsesmondolo\/wp-content\/uploads\/usu311\/2024\/07\/Autodesk-1024x347.jpg 1024w, https:\/\/agora.xtec.cat\/ceipsesmondolo\/wp-content\/uploads\/usu311\/2024\/07\/Autodesk-300x102.jpg 300w, https:\/\/agora.xtec.cat\/ceipsesmondolo\/wp-content\/uploads\/usu311\/2024\/07\/Autodesk-768x260.jpg 768w, https:\/\/agora.xtec.cat\/ceipsesmondolo\/wp-content\/uploads\/usu311\/2024\/07\/Autodesk-1536x520.jpg 1536w, https:\/\/agora.xtec.cat\/ceipsesmondolo\/wp-content\/uploads\/usu311\/2024\/07\/Autodesk.jpg 1937w\" sizes=\"auto, (max-width: 404px) 100vw, 404px\" \/><\/a><\/p>\n<p>Para su utilizaci\u00f3n s\u00f3lo se requiere crear una cuenta de usuario. De entre sus utilidades, probablemente la m\u00e1s conocida es la de dise\u00f1ar piezas en 3D para su posterior impresi\u00f3n. Sin embargo, ofrece tambi\u00e9n una posibilidad realmente interesante y es la de\u00a0<strong>construir y simular el funcionamiento de circuitos<\/strong>\u00a0con componentes discretos, como:<\/p>\n<p>\u2013 Bater\u00edas<br \/>\n\u2013 Resistencias<br \/>\n\u2013 LED<br \/>\n\u2013 Bombetas<br \/>\n\u2013 Interruptores, etc.<\/p>\n<p>Tambi\u00e9n permite simular la integraci\u00f3n con <a href=\"https:\/\/agora.xtec.cat\/ceipsesmondolo\/steam\/microbit\/\">micro:bit<\/a> y de una amplia gama de componentes electr\u00f3nicos discretos, sensores y actuadores, dando al alumno de primaria la oportunidad de programar un procesador utilizando bloques gr\u00e1ficos y validar que todo ello funciona, si bien en un entorno virtual.<\/p>\n<p>El curr\u00edculo que ha aprobado la escuela <a href=\"https:\/\/agora.xtec.cat\/ceipsesmondolo\/\">SESMON<\/a> para alumnos de quinto y sexto de primaria es realizar diferentes iteraciones de ense\u00f1anza-aprendizaje sobre algo muy pr\u00f3ximo al alumno como es, la estructura de un circuito b\u00e1sico compuesto por una fuente de energ\u00eda y por un consumidor de la misma. Este tipo de circuito se ensayar\u00e1 en dos modalidades en clase.<\/p>\n<p>Bater\u00eda \u2014&gt; Bombilla (Linterna)<br \/>\nPlaca solar \u2014&gt; LED<\/p>\n<p>En las salidas al campo se les puede mostrar al alumnado un circuito b\u00e1sico existente en el mundo rural: El pastor el\u00e9ctrico.<\/p>\n<p><a href=\"https:\/\/agora.xtec.cat\/ceipsesmondolo\/wp-content\/uploads\/usu311\/2024\/07\/Pastor-electrico-1.png\"><img loading=\"lazy\" decoding=\"async\" class=\"size-full wp-image-9047 aligncenter\" src=\"https:\/\/agora.xtec.cat\/ceipsesmondolo\/wp-content\/uploads\/usu311\/2024\/07\/Pastor-electrico-1.png\" alt=\"\" width=\"526\" height=\"208\" srcset=\"https:\/\/agora.xtec.cat\/ceipsesmondolo\/wp-content\/uploads\/usu311\/2024\/07\/Pastor-electrico-1.png 526w, https:\/\/agora.xtec.cat\/ceipsesmondolo\/wp-content\/uploads\/usu311\/2024\/07\/Pastor-electrico-1-300x119.png 300w\" sizes=\"auto, (max-width: 526px) 100vw, 526px\" \/><\/a><\/p>\n<p>No obstante, en clase tambi\u00e9n se ensayar\u00e1 con circuitos b\u00e1sicos como son las luces de un sem\u00e1foro, pero para ello se requerir\u00e1 un componente programable, en nuestro caso el micro:bit.\u00a0 El alumno no tendr\u00e1 dificultad para solucionar estos retos b\u00e1sicos en el entorno <a href=\"https:\/\/www.tinkercad.com\/\">TINKERCAD<\/a><em>,\u00a0<\/em>si el alumno ya est\u00e1 familiarizado con la resoluci\u00f3n de retos en el entorno <a href=\"https:\/\/scratch.mit.edu\/\">SCRATCH 3.0<\/a>, como es el caso de la escuela <a href=\"https:\/\/agora.xtec.cat\/ceipsesmondolo\/\">SESMON<\/a>.<\/p>\n<p>Todos los ejercicios simulados en <a href=\"https:\/\/www.tinkercad.com\/\">TinkerCAD<\/a> podr\u00e1n ser reproducidos en el mundo real sin dificultad. Primero, el alumno ha de construir f\u00edsicamente lo que antes ha ejercitado en el simulador y en segundo lugar, dotar al procesador micro:bit de la secuencia de instrucciones que el propio <a href=\"https:\/\/www.tinkercad.com\/\">TinkerCAD<\/a> aporta en un lenguaje entendible por el micro:bit al finalizar cada reto.<\/p>\n<p>Todo lo anterior se expone en detalle, con ejecuciones paso a paso, a lo largo de las p\u00edldoras formativas dise\u00f1adas expresamente para que el alumno, siguiendo una secuencia planificada sea capaz de llegar a construir y entender el funcionamiento de un conjunto remoto de sensores de humedad y temperatura cuyos valores ser\u00e1n enviados a un concentrador que ser\u00e1 capaz de construir (simular) el <a href=\"https:\/\/interior.gencat.cat\/ca\/arees_dactuacio\/agents-rurals\/pla-alfa\/\">PLA ALFA<\/a> del Departament d&#8217;Interior de la Generalitat de Catalunya.<\/p>\n<p>El proyecto <a href=\"https:\/\/agora.xtec.cat\/ceipsesmondolo\/steam\/lluitadors-del-foc\/\"><em>Lluitadors contra el foc<\/em><\/a>, dentro de la escuela <a href=\"https:\/\/agora.xtec.cat\/ceipsesmondolo\/\">SESMON<\/a>, es parte del compromiso de su comunidad educativa respecto a la protecci\u00f3n de nuestros entornos rurales ante el fuego no deseado.<\/p>\n","protected":false},"excerpt":{"rendered":"<p><a href=\"https:\/\/www.tinkercad.com\/\">TINKERCAD<\/a> es un programa\u00a0 construido y mantenido\u00a0 por Autodesk. Est\u00e0 disponible en l\u00ednea y es gratuito.<br \/>\n<a href=\"https:\/\/agora.xtec.cat\/ceipsesmondolo\/wp-content\/uploads\/usu311\/2024\/07\/Autodesk.jpg\"><\/a><br \/>\nPara su utilizaci\u00f3n s\u00f3lo se requiere crear una cuenta de usuario. De entre sus utilidades, probablemente la m\u00e1s conocida es la de dise\u00f1ar piezas en 3D para su&hellip;  <a href=\"https:\/\/agora.xtec.cat\/ceipsesmondolo\/steam\/tinkercad-circuitos\/\" title=\"Read TINKERCAD Circuitos\">Llegeix m\u00e9s\u00bb<\/a><\/p>\n","protected":false},"author":36,"featured_media":0,"parent":8955,"menu_order":520,"comment_status":"closed","ping_status":"closed","template":"page-templates\/side-menu.php","meta":{"_bbp_topic_count":0,"_bbp_reply_count":0,"_bbp_total_topic_count":0,"_bbp_total_reply_count":0,"_bbp_voice_count":0,"_bbp_anonymous_reply_count":0,"_bbp_topic_count_hidden":0,"_bbp_reply_count_hidden":0,"_bbp_forum_subforum_count":0,"footnotes":""},"class_list":["post-9039","page","type-page","status-publish","hentry"],"post_mailing_queue_ids":[],"_links":{"self":[{"href":"https:\/\/agora.xtec.cat\/ceipsesmondolo\/wp-json\/wp\/v2\/pages\/9039","targetHints":{"allow":["GET"]}}],"collection":[{"href":"https:\/\/agora.xtec.cat\/ceipsesmondolo\/wp-json\/wp\/v2\/pages"}],"about":[{"href":"https:\/\/agora.xtec.cat\/ceipsesmondolo\/wp-json\/wp\/v2\/types\/page"}],"author":[{"embeddable":true,"href":"https:\/\/agora.xtec.cat\/ceipsesmondolo\/wp-json\/wp\/v2\/users\/36"}],"replies":[{"embeddable":true,"href":"https:\/\/agora.xtec.cat\/ceipsesmondolo\/wp-json\/wp\/v2\/comments?post=9039"}],"version-history":[{"count":6,"href":"https:\/\/agora.xtec.cat\/ceipsesmondolo\/wp-json\/wp\/v2\/pages\/9039\/revisions"}],"predecessor-version":[{"id":9091,"href":"https:\/\/agora.xtec.cat\/ceipsesmondolo\/wp-json\/wp\/v2\/pages\/9039\/revisions\/9091"}],"up":[{"embeddable":true,"href":"https:\/\/agora.xtec.cat\/ceipsesmondolo\/wp-json\/wp\/v2\/pages\/8955"}],"wp:attachment":[{"href":"https:\/\/agora.xtec.cat\/ceipsesmondolo\/wp-json\/wp\/v2\/media?parent=9039"}],"curies":[{"name":"wp","href":"https:\/\/api.w.org\/{rel}","templated":true}]}}