{"id":8962,"date":"2024-07-10T11:30:48","date_gmt":"2024-07-10T09:30:48","guid":{"rendered":"https:\/\/agora.xtec.cat\/ceipsesmondolo\/?page_id=8962"},"modified":"2025-05-01T18:51:02","modified_gmt":"2025-05-01T16:51:02","slug":"semafor","status":"publish","type":"page","link":"https:\/\/agora.xtec.cat\/ceipsesmondolo\/steam\/microbit\/semafor\/","title":{"rendered":"SEM\u00c0FOR"},"content":{"rendered":"<p><strong>CONEIXEMENTS PREVIS<\/strong><\/p>\n<p>Funcionament d\u2019un sem\u00e0for<br \/>\nLlenguatge SCRATCH<\/p>\n<p><strong>ESPECIFICACIONS sem\u00e0for de carretera<\/strong><\/p>\n<p style=\"text-align: center;\"><iframe loading=\"lazy\" title=\"YouTube video player\" src=\"https:\/\/www.youtube.com\/embed\/JGXDI3Anw_w?si=YddPESBHlk_l7n1V\" width=\"560\" height=\"315\" frameborder=\"0\" allowfullscreen=\"allowfullscreen\"><\/iframe><\/p>\n<p>0.- El sem\u00e0for estar\u00e0 normalment verd pels cotxes i vermell pels vianants.<\/p>\n<p>1.- La situaci\u00f3 canviar\u00e0 quan un vianant ho sol\u00b7liciti (pressionant tant el bot\u00f3 A com el B de la placa micro:bit del sem\u00e0for de vianants):<\/p>\n<ul>\n<li>Verd pels vianants i vermell per als cotxes.<\/li>\n<\/ul>\n<p>2.- S\u2019esperar\u00e0 un temps prudencial a qu\u00e8 creu\u00efn els vianants i es tornar\u00e0 a comen\u00e7ar.<\/p>\n<p><strong>REQUISITS<\/strong><\/p>\n<p>Targeta: micro:bit<br \/>\nExtensi\u00f3 pel makecode: microbitshield<br \/>\nLlums: NeoPixels integratsa la placa microshield<\/p>\n<p><strong>ESTATS DELS SEM\u00c0FORS<\/strong><\/p>\n<table style=\"border-collapse: collapse; width: 85.8259%;\">\n<tbody>\n<tr>\n<td style=\"width: 27.397%; text-align: center;\"><strong>Estat<\/strong><\/td>\n<td style=\"width: 31.8677%; text-align: center;\"><strong>Vianants<\/strong><\/td>\n<td style=\"width: 34.7295%; text-align: center;\"><strong>Cotxes<\/strong><\/td>\n<\/tr>\n<tr>\n<td style=\"width: 27.397%; text-align: center;\">0<\/td>\n<td style=\"width: 31.8677%; text-align: center;\">No passen (vermell)<\/td>\n<td style=\"width: 34.7295%; text-align: center;\">Passen (verd)<\/td>\n<\/tr>\n<tr>\n<td style=\"width: 27.397%; text-align: center;\">1<br \/>\n(S&#8217;ha pressionat A o B)<\/td>\n<td style=\"width: 31.8677%; text-align: center;\"><\/td>\n<td style=\"width: 34.7295%; text-align: center;\">Passa a vermell<\/td>\n<\/tr>\n<tr>\n<td style=\"width: 27.397%; text-align: center;\">2<\/td>\n<td style=\"width: 31.8677%; text-align: center;\">Passen durant un temps<br \/>\n(verd + groc)<\/td>\n<td style=\"width: 34.7295%; text-align: center;\">No passen (vermell)<\/td>\n<\/tr>\n<\/tbody>\n<\/table>\n<p>Els estats es sincronitzaran via r\u00e0dio.<\/p>\n<p><strong>BASE D&#8217;ORIENTACI\u00d3<\/strong><\/p>\n<p><a href=\"https:\/\/agora.xtec.cat\/ceipsesmondolo\/wp-content\/uploads\/usu311\/2025\/03\/semafor.drawio-1.png\"><img loading=\"lazy\" decoding=\"async\" class=\"alignnone size-full wp-image-10134\" src=\"https:\/\/agora.xtec.cat\/ceipsesmondolo\/wp-content\/uploads\/usu311\/2025\/03\/semafor.drawio-1.png\" alt=\"\" width=\"798\" height=\"820\" srcset=\"https:\/\/agora.xtec.cat\/ceipsesmondolo\/wp-content\/uploads\/usu311\/2025\/03\/semafor.drawio-1.png 798w, https:\/\/agora.xtec.cat\/ceipsesmondolo\/wp-content\/uploads\/usu311\/2025\/03\/semafor.drawio-1-292x300.png 292w, https:\/\/agora.xtec.cat\/ceipsesmondolo\/wp-content\/uploads\/usu311\/2025\/03\/semafor.drawio-1-768x789.png 768w\" sizes=\"auto, (max-width: 798px) 100vw, 798px\" \/><\/a><\/p>\n<p data-pm-slice=\"1 1 []\"><strong>Programaci\u00f3 comuna a vianants i cotxes<\/strong><\/p>\n<p><a href=\"https:\/\/agora.xtec.cat\/ceipsesmondolo\/wp-content\/uploads\/usu311\/2025\/03\/Comun.jpg\"><img loading=\"lazy\" decoding=\"async\" class=\"size-large wp-image-10121 aligncenter\" src=\"https:\/\/agora.xtec.cat\/ceipsesmondolo\/wp-content\/uploads\/usu311\/2025\/03\/Comun-1024x747.jpg\" alt=\"\" width=\"1024\" height=\"747\" srcset=\"https:\/\/agora.xtec.cat\/ceipsesmondolo\/wp-content\/uploads\/usu311\/2025\/03\/Comun-1024x747.jpg 1024w, https:\/\/agora.xtec.cat\/ceipsesmondolo\/wp-content\/uploads\/usu311\/2025\/03\/Comun-300x219.jpg 300w, https:\/\/agora.xtec.cat\/ceipsesmondolo\/wp-content\/uploads\/usu311\/2025\/03\/Comun-768x561.jpg 768w, https:\/\/agora.xtec.cat\/ceipsesmondolo\/wp-content\/uploads\/usu311\/2025\/03\/Comun.jpg 1344w\" sizes=\"auto, (max-width: 1024px) 100vw, 1024px\" \/><\/a><\/p>\n<p><strong>Programaci\u00f3 vianants<\/strong><\/p>\n<p><a href=\"https:\/\/agora.xtec.cat\/ceipsesmondolo\/wp-content\/uploads\/usu311\/2025\/03\/vianants_if.jpg\"><img loading=\"lazy\" decoding=\"async\" class=\"alignnone size-large wp-image-10129\" src=\"https:\/\/agora.xtec.cat\/ceipsesmondolo\/wp-content\/uploads\/usu311\/2025\/03\/vianants_if-1024x944.jpg\" alt=\"\" width=\"1024\" height=\"944\" srcset=\"https:\/\/agora.xtec.cat\/ceipsesmondolo\/wp-content\/uploads\/usu311\/2025\/03\/vianants_if-1024x944.jpg 1024w, https:\/\/agora.xtec.cat\/ceipsesmondolo\/wp-content\/uploads\/usu311\/2025\/03\/vianants_if-300x277.jpg 300w, https:\/\/agora.xtec.cat\/ceipsesmondolo\/wp-content\/uploads\/usu311\/2025\/03\/vianants_if-768x708.jpg 768w, https:\/\/agora.xtec.cat\/ceipsesmondolo\/wp-content\/uploads\/usu311\/2025\/03\/vianants_if.jpg 1468w\" sizes=\"auto, (max-width: 1024px) 100vw, 1024px\" \/><\/a><\/p>\n<p><strong>Programaci\u00f3 cotxes<\/strong><\/p>\n<p><a href=\"https:\/\/agora.xtec.cat\/ceipsesmondolo\/wp-content\/uploads\/usu311\/2025\/03\/cotxes-a-collsuspina.jpg\"><img loading=\"lazy\" decoding=\"async\" class=\"alignnone size-full wp-image-10136\" src=\"https:\/\/agora.xtec.cat\/ceipsesmondolo\/wp-content\/uploads\/usu311\/2025\/03\/cotxes-a-collsuspina.jpg\" alt=\"\" width=\"1014\" height=\"973\" srcset=\"https:\/\/agora.xtec.cat\/ceipsesmondolo\/wp-content\/uploads\/usu311\/2025\/03\/cotxes-a-collsuspina.jpg 1014w, https:\/\/agora.xtec.cat\/ceipsesmondolo\/wp-content\/uploads\/usu311\/2025\/03\/cotxes-a-collsuspina-300x288.jpg 300w, https:\/\/agora.xtec.cat\/ceipsesmondolo\/wp-content\/uploads\/usu311\/2025\/03\/cotxes-a-collsuspina-768x737.jpg 768w\" sizes=\"auto, (max-width: 1014px) 100vw, 1014px\" \/><\/a><\/p>\n<p style=\"text-align: right;\">Soluci\u00f3 dissenyada per les mestres de l&#8217;escola Sesmon d&#8217;Ol\u00f3 i &#8220;<em>powered by&#8221;<\/em> <a href=\"https:\/\/sites.google.com\/view\/web-steam4all-catala\">STEAM4ALL<\/a><\/p>\n","protected":false},"excerpt":{"rendered":"<p>CONEIXEMENTS PREVIS<br \/>\nFuncionament d\u2019un sem\u00e0for<br \/>\nLlenguatge SCRATCH<br \/>\nESPECIFICACIONS sem\u00e0for de carretera<\/p>\n<p>0.- El sem\u00e0for estar\u00e0 normalment verd pels cotxes i vermell pels vianants.<br \/>\n1.- La situaci\u00f3 canviar\u00e0 quan un vianant ho sol\u00b7liciti (pressionant tant el bot\u00f3 A com el B de la placa micro:bit del sem\u00e0for de vianants):<\/p>\n<ul>\n<li>Verd pels vianants&hellip;  <a href=\"https:\/\/agora.xtec.cat\/ceipsesmondolo\/steam\/microbit\/semafor\/\" title=\"Read SEM\u00c0FOR\">Llegeix m\u00e9s\u00bb<\/a><br \/>\n","protected":false},"author":36,"featured_media":0,"parent":8960,"menu_order":100,"comment_status":"closed","ping_status":"closed","template":"page-templates\/side-menu.php","meta":{"_bbp_topic_count":0,"_bbp_reply_count":0,"_bbp_total_topic_count":0,"_bbp_total_reply_count":0,"_bbp_voice_count":0,"_bbp_anonymous_reply_count":0,"_bbp_topic_count_hidden":0,"_bbp_reply_count_hidden":0,"_bbp_forum_subforum_count":0,"footnotes":""},"class_list":["post-8962","page","type-page","status-publish","hentry"],"post_mailing_queue_ids":[],"_links":{"self":[{"href":"https:\/\/agora.xtec.cat\/ceipsesmondolo\/wp-json\/wp\/v2\/pages\/8962","targetHints":{"allow":["GET"]}}],"collection":[{"href":"https:\/\/agora.xtec.cat\/ceipsesmondolo\/wp-json\/wp\/v2\/pages"}],"about":[{"href":"https:\/\/agora.xtec.cat\/ceipsesmondolo\/wp-json\/wp\/v2\/types\/page"}],"author":[{"embeddable":true,"href":"https:\/\/agora.xtec.cat\/ceipsesmondolo\/wp-json\/wp\/v2\/users\/36"}],"replies":[{"embeddable":true,"href":"https:\/\/agora.xtec.cat\/ceipsesmondolo\/wp-json\/wp\/v2\/comments?post=8962"}],"version-history":[{"count":7,"href":"https:\/\/agora.xtec.cat\/ceipsesmondolo\/wp-json\/wp\/v2\/pages\/8962\/revisions"}],"predecessor-version":[{"id":10145,"href":"https:\/\/agora.xtec.cat\/ceipsesmondolo\/wp-json\/wp\/v2\/pages\/8962\/revisions\/10145"}],"up":[{"embeddable":true,"href":"https:\/\/agora.xtec.cat\/ceipsesmondolo\/wp-json\/wp\/v2\/pages\/8960"}],"wp:attachment":[{"href":"https:\/\/agora.xtec.cat\/ceipsesmondolo\/wp-json\/wp\/v2\/media?parent=8962"}],"curies":[{"name":"wp","href":"https:\/\/api.w.org\/{rel}","templated":true}]}}