{"id":8960,"date":"2024-07-10T11:29:32","date_gmt":"2024-07-10T09:29:32","guid":{"rendered":"https:\/\/agora.xtec.cat\/ceipsesmondolo\/?page_id=8960"},"modified":"2024-07-28T18:54:00","modified_gmt":"2024-07-28T16:54:00","slug":"microbit","status":"publish","type":"page","link":"https:\/\/agora.xtec.cat\/ceipsesmondolo\/steam\/microbit\/","title":{"rendered":"micro:bit"},"content":{"rendered":"<h3><b>Qu\u00e8 \u00e9s micro:bit?<\/b><\/h3>\n<p><a href=\"https:\/\/microbit.org\/get-started\/features\/overview\/\">micro:bit<\/a> \u00e9s una placa de circuit electr\u00f2nic dissenyada perqu\u00e8 els estudiants aprenguin electr\u00f2nica, codificaci\u00f3 i desenvolupen el pensament computacional per poder portar a terme alguns projectes escolars. La placa inclou botons, llums, altaveu, micr\u00f2fon i sensors que es faciliten a crear projectes interactius sorprenents.<\/p>\n<p>Placa micro:bit nova (Amb so)<\/p>\n<p><a href=\"https:\/\/agora.xtec.cat\/ceipsesmondolo\/wp-content\/uploads\/usu311\/2024\/07\/Microbit-amb-so.png\"><img loading=\"lazy\" decoding=\"async\" class=\"alignnone size-full wp-image-9000\" src=\"https:\/\/agora.xtec.cat\/ceipsesmondolo\/wp-content\/uploads\/usu311\/2024\/07\/Microbit-amb-so.png\" alt=\"\" width=\"1000\" height=\"415\" srcset=\"https:\/\/agora.xtec.cat\/ceipsesmondolo\/wp-content\/uploads\/usu311\/2024\/07\/Microbit-amb-so.png 1000w, https:\/\/agora.xtec.cat\/ceipsesmondolo\/wp-content\/uploads\/usu311\/2024\/07\/Microbit-amb-so-300x125.png 300w, https:\/\/agora.xtec.cat\/ceipsesmondolo\/wp-content\/uploads\/usu311\/2024\/07\/Microbit-amb-so-768x319.png 768w\" sizes=\"auto, (max-width: 1000px) 100vw, 1000px\" \/><\/a><\/p>\n<p>Quan un estudiant connecta el micro:bit a un ordinador amb un cable USB, pot programar r\u00e0pidament la placa mitjan\u00e7ant entorns de codi de blocs del tipo <a href=\"https:\/\/scratch.mit.edu\/\">scratch<\/a>, com ara <a class=\"blog-link\" href=\"https:\/\/makecode.microbit.org\/\" rel=\"noreferrer noopener\">Microsoft MakeCode,\u00a0<\/a>o el que \u00e9s m\u00e9s important, per aquelles persones que s&#8217;inicien en aquest entorn est\u00e0 disponible el programari <a href=\"https:\/\/www.tinkercad.com\/\">Tinkercad<\/a>, que no sol permet programar la placa micro:bit, si no tamb\u00e9 simular en l&#8217;ordinador la configuraci\u00f3 dissenyada antes de portar-la mon f\u00edsic i aix\u00ed evitar problemes de qualsevol tipus..<\/p>\n<p>Tamb\u00e9, apart de tots els recursos que aporta el Departament d&#8217;Ensenyament, existeix un <a class=\"blog-link\" href=\"https:\/\/microbit.org\/lessons\/\" rel=\"noreferrer noopener\">curr\u00edculum<\/a> desenvolupat per per l&#8217;<em>Educational Foundation<\/em> de Micro:bit que ens porta a veure com es treballa el pensament computacional en el mon de parla anglesa.<\/p>\n<p>&nbsp;<\/p>\n<p><a href=\"https:\/\/microbit.org\/es-es\/code\/\"><strong>Anem a programar-la!<\/strong><\/a><\/p>\n<div class=\"CjVfdc CJIdie\"><a href=\"https:\/\/www.microbitcatala.cat\/recull-recursos\"><span class=\"qVJ7Ab C9DxTc \"><strong>Recull de materials did\u00e0ctics de micro:bit en catal\u00e0.<\/strong><\/span><\/a><\/div>\n<div><\/div>\n<div><\/div>\n","protected":false},"excerpt":{"rendered":"<p>Qu\u00e8 \u00e9s micro:bit?<br \/>\n<a href=\"https:\/\/microbit.org\/get-started\/features\/overview\/\">micro:bit<\/a> \u00e9s una placa de circuit electr\u00f2nic dissenyada perqu\u00e8 els estudiants aprenguin electr\u00f2nica, codificaci\u00f3 i desenvolupen el pensament computacional per poder portar a terme alguns projectes escolars. La placa inclou botons, llums, altaveu, micr\u00f2fon i sensors que es faciliten a crear projectes&hellip;  <a href=\"https:\/\/agora.xtec.cat\/ceipsesmondolo\/steam\/microbit\/\" title=\"Read micro:bit\">Llegeix m\u00e9s\u00bb<\/a><\/p>\n","protected":false},"author":36,"featured_media":0,"parent":8955,"menu_order":300,"comment_status":"closed","ping_status":"closed","template":"page-templates\/side-menu.php","meta":{"_bbp_topic_count":0,"_bbp_reply_count":0,"_bbp_total_topic_count":0,"_bbp_total_reply_count":0,"_bbp_voice_count":0,"_bbp_anonymous_reply_count":0,"_bbp_topic_count_hidden":0,"_bbp_reply_count_hidden":0,"_bbp_forum_subforum_count":0,"footnotes":""},"class_list":["post-8960","page","type-page","status-publish","hentry"],"post_mailing_queue_ids":[],"_links":{"self":[{"href":"https:\/\/agora.xtec.cat\/ceipsesmondolo\/wp-json\/wp\/v2\/pages\/8960","targetHints":{"allow":["GET"]}}],"collection":[{"href":"https:\/\/agora.xtec.cat\/ceipsesmondolo\/wp-json\/wp\/v2\/pages"}],"about":[{"href":"https:\/\/agora.xtec.cat\/ceipsesmondolo\/wp-json\/wp\/v2\/types\/page"}],"author":[{"embeddable":true,"href":"https:\/\/agora.xtec.cat\/ceipsesmondolo\/wp-json\/wp\/v2\/users\/36"}],"replies":[{"embeddable":true,"href":"https:\/\/agora.xtec.cat\/ceipsesmondolo\/wp-json\/wp\/v2\/comments?post=8960"}],"version-history":[{"count":7,"href":"https:\/\/agora.xtec.cat\/ceipsesmondolo\/wp-json\/wp\/v2\/pages\/8960\/revisions"}],"predecessor-version":[{"id":9079,"href":"https:\/\/agora.xtec.cat\/ceipsesmondolo\/wp-json\/wp\/v2\/pages\/8960\/revisions\/9079"}],"up":[{"embeddable":true,"href":"https:\/\/agora.xtec.cat\/ceipsesmondolo\/wp-json\/wp\/v2\/pages\/8955"}],"wp:attachment":[{"href":"https:\/\/agora.xtec.cat\/ceipsesmondolo\/wp-json\/wp\/v2\/media?parent=8960"}],"curies":[{"name":"wp","href":"https:\/\/api.w.org\/{rel}","templated":true}]}}