{"id":8958,"date":"2024-07-10T11:25:48","date_gmt":"2024-07-10T09:25:48","guid":{"rendered":"https:\/\/agora.xtec.cat\/ceipsesmondolo\/?page_id=8958"},"modified":"2025-05-09T19:20:31","modified_gmt":"2025-05-09T17:20:31","slug":"lluitadors-del-foc","status":"publish","type":"page","link":"https:\/\/agora.xtec.cat\/ceipsesmondolo\/steam\/lluitadors-del-foc\/","title":{"rendered":"LLuitadors del foc"},"content":{"rendered":"<p><strong>INTRODUCCI\u00d3<\/strong><\/p>\n<p>En la lluita contra el foc forestal hi ha tres activitats principals:<\/p>\n<ul style=\"list-style-type: circle;\">\n<li>reaccionar (apagar el foc)<\/li>\n<li>prevenir (evitar el foc) i<\/li>\n<li>predir (imaginar el futur) en la defensa forestal amb recursos STEM<\/li>\n<\/ul>\n<p>A l&#8217;escola SESMON d&#8217;Ol\u00f3 volem introduir a l\u2019alumnat en qu\u00e8 \u00e9s la predicci\u00f3 d\u2019incendis, tasca que actualment fa el grup d\u2019Agents Rurals de la Generalitat de Catalunya amb gran precisi\u00f3. Aqu\u00ed tenim adjuntat el mapa de risc d&#8217;incendis forestals (<strong>Pla Alfa<\/strong>) de les nostres comarques en temps real.<\/p>\n<p style=\"text-align: center;\"><iframe loading=\"lazy\" src=\"https:\/\/experience.arcgis.com\/experience\/2cf7ebbe492f401db826cb21eae9bfae\" width=\"100%\" height=\"650px\" frameborder=\"0\" allowfullscreen=\"allowfullscreen\"><\/iframe><\/p>\n<p>En la realitat el Pla Alfa, \u00e9s el resultat de combinar una s\u00e8rie d&#8217;eines de programari molt potent que poden incerir dades preses des de l\u2019espai i plasmar-les en un mapa. El <a href=\"https:\/\/lpdaac.usgs.gov\/news\/nasa-and-meti-release-aster-global-dem-version-3\/\">METI\/NASA<\/a> \u00e9s un dels prove\u00efdors de les dades capturades des de l&#8217;espai i que l&#8217;utilitza.<\/p>\n<p><strong>EL PROJECTE<\/strong><\/p>\n<p>L\u2019objectiu d\u2019aquest projecte, que t\u00e9 una durada d&#8217;un curs, \u00e9s arribar a simular el mapa del Pla Alfa amb el seg\u00fcent procediment:<\/p>\n<ul style=\"list-style-type: circle;\">\n<li>Recollir la humitat del terra i la temperatura ambient en diferents llocs i sobre la base d&#8217;unes regles, elaborades per l&#8217;alumnat, determinar el color de la llum corresponent al risc de cada lloc.<\/li>\n<li>Enviar l&#8217;estat del risc (alt, moderat o baix) de cada lloc via r\u00e0dio a un concentrador<\/li>\n<\/ul>\n<p>&nbsp;<\/p>\n<p><a href=\"https:\/\/agora.xtec.cat\/ceipsesmondolo\/wp-content\/uploads\/usu311\/2024\/07\/LLOCS-Concentrador-Lluitadors-del-foc-1.png\"><img loading=\"lazy\" decoding=\"async\" class=\"size-large wp-image-8996 aligncenter\" src=\"https:\/\/agora.xtec.cat\/ceipsesmondolo\/wp-content\/uploads\/usu311\/2024\/07\/LLOCS-Concentrador-Lluitadors-del-foc-1-1024x575.png\" alt=\"\" width=\"1024\" height=\"575\" srcset=\"https:\/\/agora.xtec.cat\/ceipsesmondolo\/wp-content\/uploads\/usu311\/2024\/07\/LLOCS-Concentrador-Lluitadors-del-foc-1-1024x575.png 1024w, https:\/\/agora.xtec.cat\/ceipsesmondolo\/wp-content\/uploads\/usu311\/2024\/07\/LLOCS-Concentrador-Lluitadors-del-foc-1-300x168.png 300w, https:\/\/agora.xtec.cat\/ceipsesmondolo\/wp-content\/uploads\/usu311\/2024\/07\/LLOCS-Concentrador-Lluitadors-del-foc-1-768x431.png 768w, https:\/\/agora.xtec.cat\/ceipsesmondolo\/wp-content\/uploads\/usu311\/2024\/07\/LLOCS-Concentrador-Lluitadors-del-foc-1.png 1354w\" sizes=\"auto, (max-width: 1024px) 100vw, 1024px\" \/><\/a><\/p>\n<p>&nbsp;<\/p>\n<p>Proposta provisional de com portar a terme el projecte: <a href=\"https:\/\/agora.xtec.cat\/ceipsesmondolo\/wp-content\/uploads\/usu311\/2024\/08\/SESMON-Lluitadors-del-foc_V5.pptx.pdf\">SESMON Lluitadors del foc_V5<\/a><\/p>\n<p>Lluitadors del foc a secund\u00e0ria:\u00a0 <a href=\"https:\/\/www.edufiretoolkit.eu\/ca\/home\/\">EDUFIRE TOOLKIT<\/a><\/p>\n","protected":false},"excerpt":{"rendered":"<p>INTRODUCCI\u00d3<br \/>\nEn la lluita contra el foc forestal hi ha tres activitats principals:<\/p>\n<ul style=\"list-style-type: circle;\">\n<li>reaccionar (apagar el foc)<\/li>\n<li>prevenir (evitar el foc) i<\/li>\n<li>predir (imaginar el futur) en la defensa forestal amb recursos STEM<\/li>\n<\/ul>\n<p>A l&#8217;escola SESMON d&#8217;Ol\u00f3 volem introduir a l\u2019alumnat en qu\u00e8 \u00e9s la predicci\u00f3 d\u2019incendis, tasca&hellip;  <a href=\"https:\/\/agora.xtec.cat\/ceipsesmondolo\/steam\/lluitadors-del-foc\/\" title=\"Read LLuitadors del foc\">Llegeix m\u00e9s\u00bb<\/a><\/p>\n","protected":false},"author":36,"featured_media":0,"parent":8955,"menu_order":20,"comment_status":"closed","ping_status":"closed","template":"page-templates\/side-menu.php","meta":{"_bbp_topic_count":0,"_bbp_reply_count":0,"_bbp_total_topic_count":0,"_bbp_total_reply_count":0,"_bbp_voice_count":0,"_bbp_anonymous_reply_count":0,"_bbp_topic_count_hidden":0,"_bbp_reply_count_hidden":0,"_bbp_forum_subforum_count":0,"footnotes":""},"class_list":["post-8958","page","type-page","status-publish","hentry"],"post_mailing_queue_ids":[],"_links":{"self":[{"href":"https:\/\/agora.xtec.cat\/ceipsesmondolo\/wp-json\/wp\/v2\/pages\/8958","targetHints":{"allow":["GET"]}}],"collection":[{"href":"https:\/\/agora.xtec.cat\/ceipsesmondolo\/wp-json\/wp\/v2\/pages"}],"about":[{"href":"https:\/\/agora.xtec.cat\/ceipsesmondolo\/wp-json\/wp\/v2\/types\/page"}],"author":[{"embeddable":true,"href":"https:\/\/agora.xtec.cat\/ceipsesmondolo\/wp-json\/wp\/v2\/users\/36"}],"replies":[{"embeddable":true,"href":"https:\/\/agora.xtec.cat\/ceipsesmondolo\/wp-json\/wp\/v2\/comments?post=8958"}],"version-history":[{"count":7,"href":"https:\/\/agora.xtec.cat\/ceipsesmondolo\/wp-json\/wp\/v2\/pages\/8958\/revisions"}],"predecessor-version":[{"id":10505,"href":"https:\/\/agora.xtec.cat\/ceipsesmondolo\/wp-json\/wp\/v2\/pages\/8958\/revisions\/10505"}],"up":[{"embeddable":true,"href":"https:\/\/agora.xtec.cat\/ceipsesmondolo\/wp-json\/wp\/v2\/pages\/8955"}],"wp:attachment":[{"href":"https:\/\/agora.xtec.cat\/ceipsesmondolo\/wp-json\/wp\/v2\/media?parent=8958"}],"curies":[{"name":"wp","href":"https:\/\/api.w.org\/{rel}","templated":true}]}}