{"id":8955,"date":"2024-07-10T11:18:01","date_gmt":"2024-07-10T09:18:01","guid":{"rendered":"https:\/\/agora.xtec.cat\/ceipsesmondolo\/?page_id=8955"},"modified":"2024-07-21T16:30:53","modified_gmt":"2024-07-21T14:30:53","slug":"steam","status":"publish","type":"page","link":"https:\/\/agora.xtec.cat\/ceipsesmondolo\/steam\/","title":{"rendered":"STEAM"},"content":{"rendered":"<p>Durant el curs 2024-25, l&#8217;escola Sesmon d&#8217;Ol\u00f3 s&#8217;adhereix al projecte STEAM (<span class=\"gBYvFf C9DxTc \">Science, Technology, Engineering, Arts and Maths) que<\/span><span class=\"gBYvFf C9DxTc \">\u00a0fa refer\u00e8ncia a un nou model d\u2019aprenentatge d\u2019aquestes mat\u00e8ries, amb un enfocament integral basat en el Learning-by-doing (aprenentatge mitjan\u00e7ant la pr\u00e0ctica), amb la col\u00b7laboraci\u00f3 d&#8217;Steam4all.<\/span><\/p>\n<p><a href=\"https:\/\/sites.google.com\/view\/web-steam4all-catala\">Steam4all<\/a><span class=\"gBYvFf C9DxTc \">, \u00e9s una associaci\u00f3 sense \u00e0nim de lucre que neix amb l\u2019objectiu de promoure les <\/span><span class=\"gBYvFf C9DxTc \">STEAM <\/span><span class=\"gBYvFf C9DxTc \">en l\u2019alumnat de les escoles de zones rurals, incorporant una perspectiva de g\u00e8nere.\u00a0<\/span><\/p>\n<p>Els nostres objectius seran:<\/p>\n<ul>\n<li>Fomentar la formaci\u00f3 dels docents del claustre dins l&#8217;\u00e0mbit cient\u00edfic, tecnol\u00f2gic i matem\u00e0tic.<\/li>\n<li>Potenciar les compet\u00e8ncies cient\u00edfiques, tecnol\u00f2giques i matem\u00e0tiques entre l&#8217;alumnat i desenvolupar procediments per fer-ne l&#8217;avaluaci\u00f3.<\/li>\n<li>Fomentar les vocacions STEAM i la cultura innovadora en la inf\u00e0ncia.<\/li>\n<\/ul>\n<p>Els treballs es realitzaran utilitzant els seg\u00fcents recursos:<\/p>\n<ul>\n<li style=\"list-style-type: none;\">\n<ul>\n<li>LEGO SPIKE (Essential i Prime)<\/li>\n<li>SCRATCH 3.0<\/li>\n<li>TINKERCAD<\/li>\n<li>micro:bit<\/li>\n<li>&#8230;<\/li>\n<\/ul>\n<\/li>\n<\/ul>\n<p>La metodologia de treball, normalment , ser\u00e0 la coneguda com la de les quatre C.<\/p>\n<p>Exemple: Construir un sem\u00e0for<\/p>\n<table style=\"border-collapse: collapse; width: 100%; height: 159px;\">\n<tbody>\n<tr style=\"height: 63px;\">\n<td style=\"width: 26.6067%; height: 63px;\"><strong><span style=\"font-size: 16px;\">Connectar<\/span><\/strong><\/p>\n<p><span style=\"font-size: 16px;\">Desenvolupa el pensament cr\u00edtic<br \/>\nHo modera el professor<\/span><\/td>\n<td style=\"width: 73.3933%; height: 63px;\"><span style=\"font-size: 16px;\">0.- El sem\u00e0for estar\u00e0 normalment verd per als cotxes i vermell per als vianants.<br \/>\n1.- La situaci\u00f3 canviar\u00e0 quan un vianant ho sol\u00b7liciti: Verd per els vianants i vermell per als cotxes.<br \/>\n2.- S\u2019<span style=\"font-family: inherit; font-size: 0.875em;\">esperar\u00e0 <\/span>un temps prudencial a que creuin els vianants i es <span style=\"font-family: inherit; font-size: 0.875em;\">tornar\u00e0<\/span> a comen\u00e7ar.<\/span><\/td>\n<\/tr>\n<tr style=\"height: 32px;\">\n<td style=\"width: 26.6067%; height: 32px;\"><strong><span style=\"font-size: 16px;\">Construir<\/span><\/strong><\/p>\n<p><span style=\"font-size: 16px;\">Es desenvolupa la creativitat.<br \/>\nHi ha suport puntual del professor.<span style=\"font-size: 16px;\"><br \/>\n<\/span><\/span><\/td>\n<td style=\"width: 73.3933%; height: 32px;\">\n<table style=\"border-collapse: collapse; width: 100%;\">\n<tbody>\n<tr>\n<td style=\"width: 50%;\"><a style=\"font-size: 16px;\" href=\"https:\/\/agora.xtec.cat\/ceipsesmondolo\/wp-content\/uploads\/usu311\/2024\/07\/semafor.png\"><span style=\"color: #222222;\"><img loading=\"lazy\" decoding=\"async\" class=\"alignnone size-full wp-image-9032\" src=\"https:\/\/agora.xtec.cat\/ceipsesmondolo\/wp-content\/uploads\/usu311\/2024\/07\/semafor.png\" alt=\"\" width=\"697\" height=\"496\" srcset=\"https:\/\/agora.xtec.cat\/ceipsesmondolo\/wp-content\/uploads\/usu311\/2024\/07\/semafor.png 697w, https:\/\/agora.xtec.cat\/ceipsesmondolo\/wp-content\/uploads\/usu311\/2024\/07\/semafor-300x213.png 300w\" sizes=\"auto, (max-width: 697px) 100vw, 697px\" \/><\/span><\/a><\/td>\n<td style=\"width: 50%;\"><a style=\"font-size: 16px;\" href=\"https:\/\/agora.xtec.cat\/ceipsesmondolo\/wp-content\/uploads\/usu311\/2024\/07\/codi.png\"><span style=\"color: #222222;\"><img loading=\"lazy\" decoding=\"async\" class=\"alignnone size-large wp-image-9033\" src=\"https:\/\/agora.xtec.cat\/ceipsesmondolo\/wp-content\/uploads\/usu311\/2024\/07\/codi-1024x723.png\" alt=\"\" width=\"1024\" height=\"723\" srcset=\"https:\/\/agora.xtec.cat\/ceipsesmondolo\/wp-content\/uploads\/usu311\/2024\/07\/codi-1024x723.png 1024w, https:\/\/agora.xtec.cat\/ceipsesmondolo\/wp-content\/uploads\/usu311\/2024\/07\/codi-300x212.png 300w, https:\/\/agora.xtec.cat\/ceipsesmondolo\/wp-content\/uploads\/usu311\/2024\/07\/codi-768x542.png 768w, https:\/\/agora.xtec.cat\/ceipsesmondolo\/wp-content\/uploads\/usu311\/2024\/07\/codi.png 1098w\" sizes=\"auto, (max-width: 1024px) 100vw, 1024px\" \/><\/span><\/a><\/td>\n<\/tr>\n<\/tbody>\n<\/table>\n<\/td>\n<\/tr>\n<tr style=\"height: 32px;\">\n<td style=\"width: 26.6067%; height: 32px;\"><strong><span style=\"font-size: 16px;\">Contemplar<\/span><\/strong><\/p>\n<p><span style=\"font-size: 16px;\">S&#8217;estimula la col\u00b7laboraci\u00f3.<br \/>\nCada equip en valora la creaci\u00f3.<\/span><\/td>\n<td style=\"width: 73.3933%; height: 32px;\"><span style=\"font-size: 16px;\"><a href=\"https:\/\/agora.xtec.cat\/ceipsesmondolo\/wp-content\/uploads\/usu311\/2024\/07\/contemplar.jpg\"><img loading=\"lazy\" decoding=\"async\" class=\"wp-image-9034 aligncenter\" src=\"https:\/\/agora.xtec.cat\/ceipsesmondolo\/wp-content\/uploads\/usu311\/2024\/07\/contemplar-1024x1024.jpg\" alt=\"\" width=\"358\" height=\"358\" srcset=\"https:\/\/agora.xtec.cat\/ceipsesmondolo\/wp-content\/uploads\/usu311\/2024\/07\/contemplar-1024x1024.jpg 1024w, https:\/\/agora.xtec.cat\/ceipsesmondolo\/wp-content\/uploads\/usu311\/2024\/07\/contemplar-300x300.jpg 300w, https:\/\/agora.xtec.cat\/ceipsesmondolo\/wp-content\/uploads\/usu311\/2024\/07\/contemplar-150x150.jpg 150w, https:\/\/agora.xtec.cat\/ceipsesmondolo\/wp-content\/uploads\/usu311\/2024\/07\/contemplar-768x768.jpg 768w, https:\/\/agora.xtec.cat\/ceipsesmondolo\/wp-content\/uploads\/usu311\/2024\/07\/contemplar-1536x1536.jpg 1536w, https:\/\/agora.xtec.cat\/ceipsesmondolo\/wp-content\/uploads\/usu311\/2024\/07\/contemplar.jpg 2048w\" sizes=\"auto, (max-width: 358px) 100vw, 358px\" \/><\/a><\/span><\/td>\n<\/tr>\n<tr style=\"height: 32px;\">\n<td style=\"width: 26.6067%; height: 32px;\"><strong><span style=\"font-size: 16px;\">\u00a0Comunicar \/ Continuar<\/span><\/strong><\/p>\n<p><span style=\"font-size: 16px;\">Els equips determinen que han de millorar.<br \/>\nIndividualment es realitza un pla de comunicaci\u00f3.<\/span><\/td>\n<td style=\"width: 73.3933%; height: 32px;\"><span style=\"font-size: 16px;\">\u00a0<\/span><\/td>\n<\/tr>\n<\/tbody>\n<\/table>\n","protected":false},"excerpt":{"rendered":"<p>Durant el curs 2024-25, l&#8217;escola Sesmon d&#8217;Ol\u00f3 s&#8217;adhereix al projecte STEAM (Science, Technology, Engineering, Arts and Maths) que\u00a0fa refer\u00e8ncia a un nou model d\u2019aprenentatge d\u2019aquestes mat\u00e8ries, amb un enfocament integral basat en el Learning-by-doing (aprenentatge mitjan\u00e7ant la pr\u00e0ctica), amb la col\u00b7laboraci\u00f3 d&#8217;Steam4all.<br \/>\n<a href=\"https:\/\/sites.google.com\/view\/web-steam4all-catala\">Steam4all<\/a>, \u00e9s una&hellip;  <a href=\"https:\/\/agora.xtec.cat\/ceipsesmondolo\/steam\/\" title=\"Read STEAM\">Llegeix m\u00e9s\u00bb<\/a><\/p>\n","protected":false},"author":19,"featured_media":0,"parent":0,"menu_order":0,"comment_status":"closed","ping_status":"closed","template":"page-templates\/side-menu.php","meta":{"_bbp_topic_count":0,"_bbp_reply_count":0,"_bbp_total_topic_count":0,"_bbp_total_reply_count":0,"_bbp_voice_count":0,"_bbp_anonymous_reply_count":0,"_bbp_topic_count_hidden":0,"_bbp_reply_count_hidden":0,"_bbp_forum_subforum_count":0,"footnotes":""},"class_list":["post-8955","page","type-page","status-publish","hentry"],"post_mailing_queue_ids":[],"_links":{"self":[{"href":"https:\/\/agora.xtec.cat\/ceipsesmondolo\/wp-json\/wp\/v2\/pages\/8955","targetHints":{"allow":["GET"]}}],"collection":[{"href":"https:\/\/agora.xtec.cat\/ceipsesmondolo\/wp-json\/wp\/v2\/pages"}],"about":[{"href":"https:\/\/agora.xtec.cat\/ceipsesmondolo\/wp-json\/wp\/v2\/types\/page"}],"author":[{"embeddable":true,"href":"https:\/\/agora.xtec.cat\/ceipsesmondolo\/wp-json\/wp\/v2\/users\/19"}],"replies":[{"embeddable":true,"href":"https:\/\/agora.xtec.cat\/ceipsesmondolo\/wp-json\/wp\/v2\/comments?post=8955"}],"version-history":[{"count":7,"href":"https:\/\/agora.xtec.cat\/ceipsesmondolo\/wp-json\/wp\/v2\/pages\/8955\/revisions"}],"predecessor-version":[{"id":9038,"href":"https:\/\/agora.xtec.cat\/ceipsesmondolo\/wp-json\/wp\/v2\/pages\/8955\/revisions\/9038"}],"wp:attachment":[{"href":"https:\/\/agora.xtec.cat\/ceipsesmondolo\/wp-json\/wp\/v2\/media?parent=8955"}],"curies":[{"name":"wp","href":"https:\/\/api.w.org\/{rel}","templated":true}]}}