{"id":8411,"date":"2023-05-24T19:43:14","date_gmt":"2023-05-24T17:43:14","guid":{"rendered":"https:\/\/agora.xtec.cat\/ceipsesmondolo\/?page_id=8411"},"modified":"2023-05-25T13:05:13","modified_gmt":"2023-05-25T11:05:13","slug":"bon-dia","status":"publish","type":"page","link":"https:\/\/agora.xtec.cat\/ceipsesmondolo\/ampa\/bon-dia\/","title":{"rendered":"BON DIA"},"content":{"rendered":"<p>L&#8217;AFA de l&#8217;escola ofereix un servei de monitoratge matinal en horari de<strong> 8 a 9<\/strong> del mat\u00ed. Durant aquest servei <strong>es pot esmorzar<\/strong>, per\u00f2 el menjar s\u2019ha de dur de casa i no es pot manipular a l\u2019aula.<\/p>\n<p>El preu del servei varia en funci\u00f3 de l&#8217;\u00fas si \u00e9s fix o espor\u00e0dic. Enguany l&#8217;espor\u00e0dic haur\u00e0 de portar 3\u20ac justos i entregar-li a la monitora. Els usuaris fixes pagaran la quota de 30\u20ac\/mes.<\/p>\n<p>El servei \u00e9s permanent, per tant no cal que les fam\u00edlies avisin abans. Hi ha un grup de WhatsApp creat per a comunicacions urgents del servei, si voleu formar-hi part cal que us poseu en contacte amb algun membre de la Junta de l&#8217;AFA.<\/p>\n<p>Durant el servei es realitzen diverses activitats: dibuix, jocs de taula, contes, etc.<\/p>\n<p>L&#8217;AFA fa un seguiment constant del funcionament a trav\u00e9s de la comissi\u00f3 de Bon Dia.<\/p>\n","protected":false},"excerpt":{"rendered":"<p>L&#8217;AFA de l&#8217;escola ofereix un servei de monitoratge matinal en horari de 8 a 9 del mat\u00ed. Durant aquest servei es pot esmorzar, per\u00f2 el menjar s\u2019ha de dur de casa i no es pot manipular a l\u2019aula.<br \/>\nEl preu del servei varia en funci\u00f3 de&hellip;  <a href=\"https:\/\/agora.xtec.cat\/ceipsesmondolo\/ampa\/bon-dia\/\" title=\"Read BON DIA\">Llegeix m\u00e9s\u00bb<\/a><\/p>\n","protected":false},"author":13,"featured_media":0,"parent":4481,"menu_order":4,"comment_status":"closed","ping_status":"closed","template":"page-templates\/side-menu.php","meta":{"_bbp_topic_count":0,"_bbp_reply_count":0,"_bbp_total_topic_count":0,"_bbp_total_reply_count":0,"_bbp_voice_count":0,"_bbp_anonymous_reply_count":0,"_bbp_topic_count_hidden":0,"_bbp_reply_count_hidden":0,"_bbp_forum_subforum_count":0,"footnotes":""},"class_list":["post-8411","page","type-page","status-publish","hentry"],"post_mailing_queue_ids":[],"_links":{"self":[{"href":"https:\/\/agora.xtec.cat\/ceipsesmondolo\/wp-json\/wp\/v2\/pages\/8411","targetHints":{"allow":["GET"]}}],"collection":[{"href":"https:\/\/agora.xtec.cat\/ceipsesmondolo\/wp-json\/wp\/v2\/pages"}],"about":[{"href":"https:\/\/agora.xtec.cat\/ceipsesmondolo\/wp-json\/wp\/v2\/types\/page"}],"author":[{"embeddable":true,"href":"https:\/\/agora.xtec.cat\/ceipsesmondolo\/wp-json\/wp\/v2\/users\/13"}],"replies":[{"embeddable":true,"href":"https:\/\/agora.xtec.cat\/ceipsesmondolo\/wp-json\/wp\/v2\/comments?post=8411"}],"version-history":[{"count":1,"href":"https:\/\/agora.xtec.cat\/ceipsesmondolo\/wp-json\/wp\/v2\/pages\/8411\/revisions"}],"predecessor-version":[{"id":8412,"href":"https:\/\/agora.xtec.cat\/ceipsesmondolo\/wp-json\/wp\/v2\/pages\/8411\/revisions\/8412"}],"up":[{"embeddable":true,"href":"https:\/\/agora.xtec.cat\/ceipsesmondolo\/wp-json\/wp\/v2\/pages\/4481"}],"wp:attachment":[{"href":"https:\/\/agora.xtec.cat\/ceipsesmondolo\/wp-json\/wp\/v2\/media?parent=8411"}],"curies":[{"name":"wp","href":"https:\/\/api.w.org\/{rel}","templated":true}]}}