{"id":7977,"date":"2022-09-15T18:56:16","date_gmt":"2022-09-15T16:56:16","guid":{"rendered":"https:\/\/agora.xtec.cat\/ceipsesmondolo\/?page_id=7977"},"modified":"2023-05-25T13:41:18","modified_gmt":"2023-05-25T11:41:18","slug":"extraescolars-22-23","status":"publish","type":"page","link":"https:\/\/agora.xtec.cat\/ceipsesmondolo\/ampa\/extra-escolars\/extraescolars-22-23\/","title":{"rendered":"Oferta Extraescolars 22-23"},"content":{"rendered":"<p>Despr\u00e9s d&#8217;enviar l&#8217;oferta d&#8217;extraescolars per aquest curs 22-23 a trav\u00e9s de whatsapp a totes les fam\u00edlies. Us les pengem per alg\u00fa que ho fa a \u00faltima hora.<\/p>\n<p>\ud83e\udd73\ud83e\udd73\ud83e\udd73Benvolgudes, Ja tenim a punt l&#8217;oferta d&#8217;extraescolars d&#8217;aquest curs. Aqu\u00ed podeu veure la taula resum de les activitats que oferim. Igualment el formulari per apuntar-se. Som-hi!!!\u00a0 Fi inscripcions: 15 de setembre \ud83e\udd73\ud83e\udd73\ud83e\udd73<a href=\"https:\/\/forms.gle\/6GuKqtH7x6mmH5zL9\">https:\/\/forms.gle\/6GuKqtH7x6mmH5zL9 <\/a><\/p>\n<p><img loading=\"lazy\" decoding=\"async\" class=\"aligncenter size-medium wp-image-7978\" src=\"https:\/\/agora.xtec.cat\/ceipsesmondolo\/wp-content\/uploads\/usu311\/2022\/09\/ofera-extraescolars-300x138.jpeg\" alt=\"\" width=\"300\" height=\"138\" srcset=\"https:\/\/agora.xtec.cat\/ceipsesmondolo\/wp-content\/uploads\/usu311\/2022\/09\/ofera-extraescolars-300x138.jpeg 300w, https:\/\/agora.xtec.cat\/ceipsesmondolo\/wp-content\/uploads\/usu311\/2022\/09\/ofera-extraescolars-1024x472.jpeg 1024w, https:\/\/agora.xtec.cat\/ceipsesmondolo\/wp-content\/uploads\/usu311\/2022\/09\/ofera-extraescolars-768x354.jpeg 768w, https:\/\/agora.xtec.cat\/ceipsesmondolo\/wp-content\/uploads\/usu311\/2022\/09\/ofera-extraescolars-1536x708.jpeg 1536w, https:\/\/agora.xtec.cat\/ceipsesmondolo\/wp-content\/uploads\/usu311\/2022\/09\/ofera-extraescolars.jpeg 1600w\" sizes=\"auto, (max-width: 300px) 100vw, 300px\" \/><\/p>\n<p>En breu ens posarem en contacte amb vosaltres per parlar amb m\u00e9s detall el tema de les extraescolars. Dies d&#8217;inici, entregar-vos calendaris i parlar sobre la log\u00edstica de les activitats que aix\u00ed ho requereixin.<\/p>\n<p>Endavant!<\/p>\n","protected":false},"excerpt":{"rendered":"<p>Despr\u00e9s d&#8217;enviar l&#8217;oferta d&#8217;extraescolars per aquest curs 22-23 a trav\u00e9s de whatsapp a totes les fam\u00edlies. Us les pengem per alg\u00fa que ho fa a \u00faltima hora.<br \/>\n\ud83e\udd73\ud83e\udd73\ud83e\udd73Benvolgudes, Ja tenim a punt l&#8217;oferta d&#8217;extraescolars d&#8217;aquest curs. Aqu\u00ed podeu veure la taula resum de les activitats que&hellip;  <a href=\"https:\/\/agora.xtec.cat\/ceipsesmondolo\/ampa\/extra-escolars\/extraescolars-22-23\/\" title=\"Read Oferta Extraescolars 22-23\">Llegeix m\u00e9s\u00bb<\/a><\/p>\n","protected":false},"author":13,"featured_media":0,"parent":4154,"menu_order":0,"comment_status":"closed","ping_status":"closed","template":"page-templates\/side-menu.php","meta":{"_bbp_topic_count":0,"_bbp_reply_count":0,"_bbp_total_topic_count":0,"_bbp_total_reply_count":0,"_bbp_voice_count":0,"_bbp_anonymous_reply_count":0,"_bbp_topic_count_hidden":0,"_bbp_reply_count_hidden":0,"_bbp_forum_subforum_count":0,"footnotes":""},"class_list":["post-7977","page","type-page","status-publish","hentry"],"post_mailing_queue_ids":[],"_links":{"self":[{"href":"https:\/\/agora.xtec.cat\/ceipsesmondolo\/wp-json\/wp\/v2\/pages\/7977","targetHints":{"allow":["GET"]}}],"collection":[{"href":"https:\/\/agora.xtec.cat\/ceipsesmondolo\/wp-json\/wp\/v2\/pages"}],"about":[{"href":"https:\/\/agora.xtec.cat\/ceipsesmondolo\/wp-json\/wp\/v2\/types\/page"}],"author":[{"embeddable":true,"href":"https:\/\/agora.xtec.cat\/ceipsesmondolo\/wp-json\/wp\/v2\/users\/13"}],"replies":[{"embeddable":true,"href":"https:\/\/agora.xtec.cat\/ceipsesmondolo\/wp-json\/wp\/v2\/comments?post=7977"}],"version-history":[{"count":2,"href":"https:\/\/agora.xtec.cat\/ceipsesmondolo\/wp-json\/wp\/v2\/pages\/7977\/revisions"}],"predecessor-version":[{"id":8459,"href":"https:\/\/agora.xtec.cat\/ceipsesmondolo\/wp-json\/wp\/v2\/pages\/7977\/revisions\/8459"}],"up":[{"embeddable":true,"href":"https:\/\/agora.xtec.cat\/ceipsesmondolo\/wp-json\/wp\/v2\/pages\/4154"}],"wp:attachment":[{"href":"https:\/\/agora.xtec.cat\/ceipsesmondolo\/wp-json\/wp\/v2\/media?parent=7977"}],"curies":[{"name":"wp","href":"https:\/\/api.w.org\/{rel}","templated":true}]}}