{"id":73,"date":"2023-01-09T08:00:51","date_gmt":"2023-01-09T07:00:51","guid":{"rendered":"http:\/\/agora.xtec.cat\/ceipsesmondolo\/?page_id=73"},"modified":"2024-02-05T10:37:54","modified_gmt":"2024-02-05T09:37:54","slug":"menjador-escolar","status":"publish","type":"page","link":"https:\/\/agora.xtec.cat\/ceipsesmondolo\/serveis\/menjador-escolar-2\/menjador-escolar\/","title":{"rendered":"Men\u00fa del mes"},"content":{"rendered":"<h6>Aqu\u00ed us deixem l&#8217;enlla\u00e7 amb els men\u00fas del menjador escolar:<\/h6>\n<h5 style=\"text-align: center;\"><a href=\"https:\/\/drive.google.com\/file\/d\/1vrhGXD0l-XNvbtM4rcaF9Yossp8G1A15\/view?usp=drive_link\">Men\u00fa trimestral sense propostes de sopar<\/a><\/h5>\n<h5 style=\"text-align: center;\"><a href=\"https:\/\/drive.google.com\/file\/d\/1A3Zwe_ZT_6K5a9ttbDyGyQ3EgDP-PbVH\/view?usp=sharing\">Men\u00fa trimestral amb propostes de sopar<\/a><\/h5>\n<p>&nbsp;<\/p>\n<p><a href=\"https:\/\/drive.google.com\/file\/d\/1A3Zwe_ZT_6K5a9ttbDyGyQ3EgDP-PbVH\/view?usp=sharing\">3T MEN\u00da<\/a><\/p>\n","protected":false},"excerpt":{"rendered":"<p>Aqu\u00ed us deixem l&#8217;enlla\u00e7 amb els men\u00fas del menjador escolar:<br \/>\n<a href=\"https:\/\/drive.google.com\/file\/d\/1vrhGXD0l-XNvbtM4rcaF9Yossp8G1A15\/view?usp=drive_link\">Men\u00fa trimestral sense propostes de sopar<\/a><br \/>\n<a href=\"https:\/\/drive.google.com\/file\/d\/1A3Zwe_ZT_6K5a9ttbDyGyQ3EgDP-PbVH\/view?usp=sharing\">Men\u00fa trimestral amb propostes de sopar<\/a><br \/>\n&nbsp;<br \/>\n<a href=\"https:\/\/drive.google.com\/file\/d\/1A3Zwe_ZT_6K5a9ttbDyGyQ3EgDP-PbVH\/view?usp=sharing\">3T MEN\u00da<\/a><\/p>\n","protected":false},"author":1,"featured_media":0,"parent":4417,"menu_order":30,"comment_status":"closed","ping_status":"closed","template":"","meta":{"_bbp_topic_count":0,"_bbp_reply_count":0,"_bbp_total_topic_count":0,"_bbp_total_reply_count":0,"_bbp_voice_count":0,"_bbp_anonymous_reply_count":0,"_bbp_topic_count_hidden":0,"_bbp_reply_count_hidden":0,"_bbp_forum_subforum_count":0,"footnotes":""},"class_list":["post-73","page","type-page","status-publish","hentry"],"post_mailing_queue_ids":[],"_links":{"self":[{"href":"https:\/\/agora.xtec.cat\/ceipsesmondolo\/wp-json\/wp\/v2\/pages\/73","targetHints":{"allow":["GET"]}}],"collection":[{"href":"https:\/\/agora.xtec.cat\/ceipsesmondolo\/wp-json\/wp\/v2\/pages"}],"about":[{"href":"https:\/\/agora.xtec.cat\/ceipsesmondolo\/wp-json\/wp\/v2\/types\/page"}],"author":[{"embeddable":true,"href":"https:\/\/agora.xtec.cat\/ceipsesmondolo\/wp-json\/wp\/v2\/users\/1"}],"replies":[{"embeddable":true,"href":"https:\/\/agora.xtec.cat\/ceipsesmondolo\/wp-json\/wp\/v2\/comments?post=73"}],"version-history":[{"count":8,"href":"https:\/\/agora.xtec.cat\/ceipsesmondolo\/wp-json\/wp\/v2\/pages\/73\/revisions"}],"predecessor-version":[{"id":8696,"href":"https:\/\/agora.xtec.cat\/ceipsesmondolo\/wp-json\/wp\/v2\/pages\/73\/revisions\/8696"}],"up":[{"embeddable":true,"href":"https:\/\/agora.xtec.cat\/ceipsesmondolo\/wp-json\/wp\/v2\/pages\/4417"}],"wp:attachment":[{"href":"https:\/\/agora.xtec.cat\/ceipsesmondolo\/wp-json\/wp\/v2\/media?parent=73"}],"curies":[{"name":"wp","href":"https:\/\/api.w.org\/{rel}","templated":true}]}}