{"id":7251,"date":"2021-03-26T15:48:49","date_gmt":"2021-03-26T14:48:49","guid":{"rendered":"https:\/\/agora.xtec.cat\/ceipsesmondolo\/?page_id=7251"},"modified":"2025-11-04T10:26:23","modified_gmt":"2025-11-04T09:26:23","slug":"altres-projectes-accions-del-departament","status":"publish","type":"page","link":"https:\/\/agora.xtec.cat\/ceipsesmondolo\/projectes-de-centre-2\/altres-projectes-accions-del-departament\/","title":{"rendered":"Altres projectes\/accions del Departament"},"content":{"rendered":"<p><strong>Projecte Escola Solid\u00e0ria<\/strong> (Coordinadora del voluntariat d&#8217;Osona)<\/p>\n<p>L\u2019Escola Solid\u00e0ria promou l\u2019educaci\u00f3 en valors socials i c\u00edvics entorn la solidaritat, a partir de projectes de voluntariat. Fomenta actituds de servei i de comprom\u00eds ciutad\u00e0 entre els infants i joves.\u00a0 Ho fem a trav\u00e9s de la realitzaci\u00f3 de tallers, visites i activitats que ens porten a con\u00e8ixer la funci\u00f3 d&#8217;entitats i persones que, a trav\u00e9s del voluntariat, ajuden a fer m\u00e9s hum\u00e0 i sostenible el nostre entorn.<\/p>\n<p><strong>Escoles Formadores<\/strong><\/p>\n<p>Amb l\u2019objectiu d\u2019oferir un entorn d\u2019acolliment i aprenentatge a persones interessades en el m\u00f3n educatiu, aix\u00ed com tamb\u00e9 poder oferir noves experi\u00e8ncies d\u2019aprenentatge per als nostres alumnes, formem part d\u2019aquest projecte gestionat pel Departament d\u2019Ensenyament.<\/p>\n<p><strong>Projecte de conviv\u00e8ncia<\/strong><\/p>\n<p>En aquest projecte s\u2019hi reflecteixen les accions que el centre desenvolupa per capacitar tots els alumnes i la resta de la comunitat escolar per a la conviv\u00e8ncia i la gesti\u00f3 positiva dels conflictes. Tal i com s\u2019estableix des del Departament, aquestes accions s\u2019aborden des de tres nivells diferents: valors i actituds, resoluci\u00f3 de conflictes i marc organitzatiu. Aquestes accions s\u2019adrecen a la millora de la conviv\u00e8ncia en tres \u00e0mbits diferents: aula, centre i entorn.<\/p>\n<p><strong>Programes Educatius<\/strong><\/p>\n<p>Es continua amb el Programa Cooperatiu per a la Reutilitzaci\u00f3 de llibres de text i material complementari. Les fam\u00edlies del centre firmen un comprom\u00eds del projecte de reutilitzaci\u00f3 de llibres que els responsabilitza a fer un \u00fas correcte d\u2019aquests, tot responent en cas de mal \u00fas. El material fungible, fotocopiat, documentaci\u00f3,\u2026 tamb\u00e9 es proporciona de forma socialitzada des de l\u2019escola.<\/p>\n<p><a href=\"https:\/\/agora.xtec.cat\/ceipsesmondolo\/wp-content\/uploads\/usu311\/2018\/04\/portada.jpg\"><img loading=\"lazy\" decoding=\"async\" class=\"wp-image-5580 alignnone\" src=\"https:\/\/agora.xtec.cat\/ceipsesmondolo\/wp-content\/uploads\/usu311\/2018\/04\/portada.jpg\" alt=\"\" width=\"297\" height=\"223\" \/><img loading=\"lazy\" decoding=\"async\" class=\"alignnone\" src=\"https:\/\/estrip.cat\/wp-content\/uploads\/2023\/07\/escola-508x334.jpg\" width=\"339\" height=\"223\" \/><\/a><a href=\"https:\/\/agora.xtec.cat\/ceipsesmondolo\/wp-content\/uploads\/usu311\/2025\/11\/IMG-20250528-WA0009.jpg\"><img loading=\"lazy\" decoding=\"async\" class=\"wp-image-10719 alignnone\" src=\"https:\/\/agora.xtec.cat\/ceipsesmondolo\/wp-content\/uploads\/usu311\/2025\/11\/IMG-20250528-WA0009-1024x768.jpg\" alt=\"\" width=\"300\" height=\"225\" srcset=\"https:\/\/agora.xtec.cat\/ceipsesmondolo\/wp-content\/uploads\/usu311\/2025\/11\/IMG-20250528-WA0009-1024x768.jpg 1024w, https:\/\/agora.xtec.cat\/ceipsesmondolo\/wp-content\/uploads\/usu311\/2025\/11\/IMG-20250528-WA0009-300x225.jpg 300w, https:\/\/agora.xtec.cat\/ceipsesmondolo\/wp-content\/uploads\/usu311\/2025\/11\/IMG-20250528-WA0009-768x576.jpg 768w, https:\/\/agora.xtec.cat\/ceipsesmondolo\/wp-content\/uploads\/usu311\/2025\/11\/IMG-20250528-WA0009-200x150.jpg 200w, https:\/\/agora.xtec.cat\/ceipsesmondolo\/wp-content\/uploads\/usu311\/2025\/11\/IMG-20250528-WA0009.jpg 1170w\" sizes=\"auto, (max-width: 300px) 100vw, 300px\" \/><\/a><a href=\"https:\/\/agora.xtec.cat\/ceipsesmondolo\/wp-content\/uploads\/usu311\/2016\/11\/xerrada.jpg\"><img loading=\"lazy\" decoding=\"async\" class=\"wp-image-4373 alignnone\" src=\"https:\/\/agora.xtec.cat\/ceipsesmondolo\/wp-content\/uploads\/usu311\/2016\/11\/xerrada-1024x421.jpg\" alt=\"\" width=\"542\" height=\"223\" srcset=\"https:\/\/agora.xtec.cat\/ceipsesmondolo\/wp-content\/uploads\/usu311\/2016\/11\/xerrada-1024x421.jpg 1024w, https:\/\/agora.xtec.cat\/ceipsesmondolo\/wp-content\/uploads\/usu311\/2016\/11\/xerrada-300x123.jpg 300w, https:\/\/agora.xtec.cat\/ceipsesmondolo\/wp-content\/uploads\/usu311\/2016\/11\/xerrada-768x315.jpg 768w\" sizes=\"auto, (max-width: 542px) 100vw, 542px\" \/><\/a><a href=\"https:\/\/agora.xtec.cat\/ceipsesmondolo\/wp-content\/uploads\/usu311\/2018\/10\/atrapasomnis-grup-1.jpg\"><img loading=\"lazy\" decoding=\"async\" class=\"wp-image-5802 alignnone\" src=\"https:\/\/agora.xtec.cat\/ceipsesmondolo\/wp-content\/uploads\/usu311\/2018\/10\/atrapasomnis-grup-1.jpg\" alt=\"\" width=\"168\" height=\"224\" srcset=\"https:\/\/agora.xtec.cat\/ceipsesmondolo\/wp-content\/uploads\/usu311\/2018\/10\/atrapasomnis-grup-1.jpg 336w, https:\/\/agora.xtec.cat\/ceipsesmondolo\/wp-content\/uploads\/usu311\/2018\/10\/atrapasomnis-grup-1-225x300.jpg 225w\" sizes=\"auto, (max-width: 168px) 100vw, 168px\" \/> <\/a> <a href=\"https:\/\/agora.xtec.cat\/ceipsesmondolo\/wp-content\/uploads\/usu311\/2019\/11\/IMG-20191127-WA0000.jpg\"><img loading=\"lazy\" decoding=\"async\" class=\"wp-image-6556 alignnone\" src=\"https:\/\/agora.xtec.cat\/ceipsesmondolo\/wp-content\/uploads\/usu311\/2019\/11\/IMG-20191127-WA0000.jpg\" alt=\"\" width=\"295\" height=\"222\" srcset=\"https:\/\/agora.xtec.cat\/ceipsesmondolo\/wp-content\/uploads\/usu311\/2019\/11\/IMG-20191127-WA0000.jpg 833w, https:\/\/agora.xtec.cat\/ceipsesmondolo\/wp-content\/uploads\/usu311\/2019\/11\/IMG-20191127-WA0000-300x225.jpg 300w, https:\/\/agora.xtec.cat\/ceipsesmondolo\/wp-content\/uploads\/usu311\/2019\/11\/IMG-20191127-WA0000-768x576.jpg 768w, https:\/\/agora.xtec.cat\/ceipsesmondolo\/wp-content\/uploads\/usu311\/2019\/11\/IMG-20191127-WA0000-200x150.jpg 200w\" sizes=\"auto, (max-width: 295px) 100vw, 295px\" \/><\/a><\/p>\n","protected":false},"excerpt":{"rendered":"<p>Projecte Escola Solid\u00e0ria (Coordinadora del voluntariat d&#8217;Osona)<br \/>\nL\u2019Escola Solid\u00e0ria promou l\u2019educaci\u00f3 en valors socials i c\u00edvics entorn la solidaritat, a partir de projectes de voluntariat. Fomenta actituds de servei i de comprom\u00eds ciutad\u00e0 entre els infants i joves.\u00a0 Ho fem a trav\u00e9s de la realitzaci\u00f3 de&hellip;  <a href=\"https:\/\/agora.xtec.cat\/ceipsesmondolo\/projectes-de-centre-2\/altres-projectes-accions-del-departament\/\" title=\"Read Altres projectes\/accions del Departament\">Llegeix m\u00e9s\u00bb<\/a><\/p>\n","protected":false},"author":1,"featured_media":0,"parent":7170,"menu_order":0,"comment_status":"closed","ping_status":"closed","template":"","meta":{"_bbp_topic_count":0,"_bbp_reply_count":0,"_bbp_total_topic_count":0,"_bbp_total_reply_count":0,"_bbp_voice_count":0,"_bbp_anonymous_reply_count":0,"_bbp_topic_count_hidden":0,"_bbp_reply_count_hidden":0,"_bbp_forum_subforum_count":0,"footnotes":""},"class_list":["post-7251","page","type-page","status-publish","hentry"],"post_mailing_queue_ids":[],"_links":{"self":[{"href":"https:\/\/agora.xtec.cat\/ceipsesmondolo\/wp-json\/wp\/v2\/pages\/7251","targetHints":{"allow":["GET"]}}],"collection":[{"href":"https:\/\/agora.xtec.cat\/ceipsesmondolo\/wp-json\/wp\/v2\/pages"}],"about":[{"href":"https:\/\/agora.xtec.cat\/ceipsesmondolo\/wp-json\/wp\/v2\/types\/page"}],"author":[{"embeddable":true,"href":"https:\/\/agora.xtec.cat\/ceipsesmondolo\/wp-json\/wp\/v2\/users\/1"}],"replies":[{"embeddable":true,"href":"https:\/\/agora.xtec.cat\/ceipsesmondolo\/wp-json\/wp\/v2\/comments?post=7251"}],"version-history":[{"count":7,"href":"https:\/\/agora.xtec.cat\/ceipsesmondolo\/wp-json\/wp\/v2\/pages\/7251\/revisions"}],"predecessor-version":[{"id":10723,"href":"https:\/\/agora.xtec.cat\/ceipsesmondolo\/wp-json\/wp\/v2\/pages\/7251\/revisions\/10723"}],"up":[{"embeddable":true,"href":"https:\/\/agora.xtec.cat\/ceipsesmondolo\/wp-json\/wp\/v2\/pages\/7170"}],"wp:attachment":[{"href":"https:\/\/agora.xtec.cat\/ceipsesmondolo\/wp-json\/wp\/v2\/media?parent=7251"}],"curies":[{"name":"wp","href":"https:\/\/api.w.org\/{rel}","templated":true}]}}