{"id":7143,"date":"2021-03-12T10:34:27","date_gmt":"2021-03-12T09:34:27","guid":{"rendered":"https:\/\/agora.xtec.cat\/ceipsesmondolo\/?page_id=7143"},"modified":"2025-10-29T13:53:18","modified_gmt":"2025-10-29T12:53:18","slug":"projecte-cantania","status":"publish","type":"page","link":"https:\/\/agora.xtec.cat\/ceipsesmondolo\/projectes-de-centre-2\/projecte-cantania\/","title":{"rendered":"Projectes Art\u00edstics"},"content":{"rendered":"<p><strong>CANT\u00c0NIA: <\/strong>Ens preparem i assistim al concert interescolar del teatre Kursaal de Manresa anualment amb els alumnes de CS. Els objectius de l\u2019activitat s\u00f3n: Participar en un concert, fomentar el gust per la m\u00fasica i apropar i normalitzar la relaci\u00f3 entre el p\u00fablic i la m\u00fasica. Les activitats que s\u2019hi porten a terme s\u00f3n: Sessions de formaci\u00f3 a l\u2019Auditori de Barcelona per part de la mestra de m\u00fasica, treball a l\u2019aula amb els alumnes per preparar les can\u00e7ons proposades, concert a la Sala Gran del Kursaal, on participen de forma conjunta totes les escoles inscrites, acompanyades en directe de m\u00fasics i actors professionals, amb l&#8217;assist\u00e8ncia dels familiars i mestres com a p\u00fablic.<\/p>\n<p><strong>ART I ESCOLA<\/strong>: sempre que la tem\u00e0tica de curs i l\u2019organitzaci\u00f3 d\u2019aquest ho permeti, es participa en algun projecte art\u00edstic com per exemple el d\u2019ART i Escola.<\/p>\n<p><strong>OBRA DE TEATRE DE NADAL<\/strong>: cada curs, els alumnes de 5\u00e8 i 6\u00e8 preparen una obra de teatre per Nadal relacionada amb la tem\u00e0tica de curs on s\u2019hi intercalen totes classes de l\u2019escola amb actuacions art\u00edstiques, de can\u00e7\u00f3, dansa i instrument, que s<span style=\"font-family: inherit; font-size: 1em;\">egueixen el fil condu<\/span><span style=\"font-family: inherit; font-size: 1em;\">ctor de l\u2019obra.<\/span><\/p>\n<p><a href=\"https:\/\/agora.xtec.cat\/ceipsesmondolo\/wp-content\/uploads\/usu311\/2017\/03\/foto-collage-PENDOL-SIMPLE.jpg\"><img loading=\"lazy\" decoding=\"async\" class=\"alignnone wp-image-4814\" src=\"https:\/\/agora.xtec.cat\/ceipsesmondolo\/wp-content\/uploads\/usu311\/2017\/03\/foto-collage-PENDOL-SIMPLE.jpg\" alt=\"\" width=\"260\" height=\"260\" srcset=\"https:\/\/agora.xtec.cat\/ceipsesmondolo\/wp-content\/uploads\/usu311\/2017\/03\/foto-collage-PENDOL-SIMPLE.jpg 1024w, https:\/\/agora.xtec.cat\/ceipsesmondolo\/wp-content\/uploads\/usu311\/2017\/03\/foto-collage-PENDOL-SIMPLE-150x150.jpg 150w, https:\/\/agora.xtec.cat\/ceipsesmondolo\/wp-content\/uploads\/usu311\/2017\/03\/foto-collage-PENDOL-SIMPLE-300x300.jpg 300w, https:\/\/agora.xtec.cat\/ceipsesmondolo\/wp-content\/uploads\/usu311\/2017\/03\/foto-collage-PENDOL-SIMPLE-768x768.jpg 768w\" sizes=\"auto, (max-width: 260px) 100vw, 260px\" \/>\u00a0<\/a><a href=\"https:\/\/agora.xtec.cat\/ceipsesmondolo\/wp-content\/uploads\/usu311\/2019\/05\/MANS.jpg\"><img loading=\"lazy\" decoding=\"async\" class=\" wp-image-6346 alignnone\" src=\"https:\/\/agora.xtec.cat\/ceipsesmondolo\/wp-content\/uploads\/usu311\/2019\/05\/MANS.jpg\" alt=\"\" width=\"334\" height=\"250\" srcset=\"https:\/\/agora.xtec.cat\/ceipsesmondolo\/wp-content\/uploads\/usu311\/2019\/05\/MANS.jpg 448w, https:\/\/agora.xtec.cat\/ceipsesmondolo\/wp-content\/uploads\/usu311\/2019\/05\/MANS-300x225.jpg 300w, https:\/\/agora.xtec.cat\/ceipsesmondolo\/wp-content\/uploads\/usu311\/2019\/05\/MANS-200x150.jpg 200w\" sizes=\"auto, (max-width: 334px) 100vw, 334px\" \/><\/a><a href=\"https:\/\/agora.xtec.cat\/ceipsesmondolo\/wp-content\/uploads\/usu311\/2025\/10\/Captura-de-pantalla-2025-10-29-134922.png\"><img loading=\"lazy\" decoding=\"async\" class=\"wp-image-10702 alignleft\" src=\"https:\/\/agora.xtec.cat\/ceipsesmondolo\/wp-content\/uploads\/usu311\/2025\/10\/Captura-de-pantalla-2025-10-29-134922-1024x601.png\" alt=\"\" width=\"428\" height=\"251\" srcset=\"https:\/\/agora.xtec.cat\/ceipsesmondolo\/wp-content\/uploads\/usu311\/2025\/10\/Captura-de-pantalla-2025-10-29-134922-1024x601.png 1024w, https:\/\/agora.xtec.cat\/ceipsesmondolo\/wp-content\/uploads\/usu311\/2025\/10\/Captura-de-pantalla-2025-10-29-134922-300x176.png 300w, https:\/\/agora.xtec.cat\/ceipsesmondolo\/wp-content\/uploads\/usu311\/2025\/10\/Captura-de-pantalla-2025-10-29-134922-768x451.png 768w, https:\/\/agora.xtec.cat\/ceipsesmondolo\/wp-content\/uploads\/usu311\/2025\/10\/Captura-de-pantalla-2025-10-29-134922.png 1031w\" sizes=\"auto, (max-width: 428px) 100vw, 428px\" \/><\/a><\/p>\n","protected":false},"excerpt":{"rendered":"<p>CANT\u00c0NIA: Ens preparem i assistim al concert interescolar del teatre Kursaal de Manresa anualment amb els alumnes de CS. Els objectius de l\u2019activitat s\u00f3n: Participar en un concert, fomentar el gust per la m\u00fasica i apropar i normalitzar la relaci\u00f3 entre el p\u00fablic i la&hellip;  <a href=\"https:\/\/agora.xtec.cat\/ceipsesmondolo\/projectes-de-centre-2\/projecte-cantania\/\" title=\"Read Projectes Art\u00edstics\">Llegeix m\u00e9s\u00bb<\/a><\/p>\n","protected":false},"author":1,"featured_media":0,"parent":7170,"menu_order":0,"comment_status":"closed","ping_status":"closed","template":"","meta":{"_bbp_topic_count":0,"_bbp_reply_count":0,"_bbp_total_topic_count":0,"_bbp_total_reply_count":0,"_bbp_voice_count":0,"_bbp_anonymous_reply_count":0,"_bbp_topic_count_hidden":0,"_bbp_reply_count_hidden":0,"_bbp_forum_subforum_count":0,"footnotes":""},"class_list":["post-7143","page","type-page","status-publish","hentry"],"post_mailing_queue_ids":[],"_links":{"self":[{"href":"https:\/\/agora.xtec.cat\/ceipsesmondolo\/wp-json\/wp\/v2\/pages\/7143","targetHints":{"allow":["GET"]}}],"collection":[{"href":"https:\/\/agora.xtec.cat\/ceipsesmondolo\/wp-json\/wp\/v2\/pages"}],"about":[{"href":"https:\/\/agora.xtec.cat\/ceipsesmondolo\/wp-json\/wp\/v2\/types\/page"}],"author":[{"embeddable":true,"href":"https:\/\/agora.xtec.cat\/ceipsesmondolo\/wp-json\/wp\/v2\/users\/1"}],"replies":[{"embeddable":true,"href":"https:\/\/agora.xtec.cat\/ceipsesmondolo\/wp-json\/wp\/v2\/comments?post=7143"}],"version-history":[{"count":6,"href":"https:\/\/agora.xtec.cat\/ceipsesmondolo\/wp-json\/wp\/v2\/pages\/7143\/revisions"}],"predecessor-version":[{"id":10704,"href":"https:\/\/agora.xtec.cat\/ceipsesmondolo\/wp-json\/wp\/v2\/pages\/7143\/revisions\/10704"}],"up":[{"embeddable":true,"href":"https:\/\/agora.xtec.cat\/ceipsesmondolo\/wp-json\/wp\/v2\/pages\/7170"}],"wp:attachment":[{"href":"https:\/\/agora.xtec.cat\/ceipsesmondolo\/wp-json\/wp\/v2\/media?parent=7143"}],"curies":[{"name":"wp","href":"https:\/\/api.w.org\/{rel}","templated":true}]}}