{"id":7138,"date":"2021-03-12T10:19:45","date_gmt":"2021-03-12T09:19:45","guid":{"rendered":"https:\/\/agora.xtec.cat\/ceipsesmondolo\/?page_id=7138"},"modified":"2025-11-04T10:35:01","modified_gmt":"2025-11-04T09:35:01","slug":"projecte-de-collaboracio-amb-els-ies","status":"publish","type":"page","link":"https:\/\/agora.xtec.cat\/ceipsesmondolo\/projectes-de-centre-2\/projecte-de-collaboracio-amb-els-ies\/","title":{"rendered":"Projecte de Sostenibilitat i co-creaci\u00f3 del pati"},"content":{"rendered":"<p>Formem part de la xarxa d\u2019ESCOLES VERDES havent obtingut el distintiu el desembre del 2018. En aquest projecte s\u2019hi estableixen una s\u00e8rie d\u2019actuacions encaminades al desenvolupament d\u2019una consci\u00e8ncia de respecte cap a l\u2019entorn a trav\u00e9s de la sostenibilitat. Concretament, les actuacions que ens ajuden a fer-ho possible s\u00f3n les seg\u00fcents:<\/p>\n<ul>\n<li>Participaci\u00f3 en el Programa per formar part d\u2019Escoles verdes<\/li>\n<li>Projecte de cocreaci\u00f3 del pati<\/li>\n<li>\u00das de carmanyoles i \u201cboc and roll\u201d<\/li>\n<li>El reciclatge<\/li>\n<li>La reutilitzaci\u00f3<\/li>\n<li>La reutilitzaci\u00f3 i socialitzaci\u00f3 de llibres<\/li>\n<li>L\u2019intercanvi de llibres<\/li>\n<li>La recollida de roba usada<\/li>\n<li>La deixalleria m\u00f2bil<\/li>\n<li>Tallers mediambientals de la Diputaci\u00f3 de Barcelona<\/li>\n<\/ul>\n<p>Dins d\u2019aquest projecte de sostenibilitat s\u2019hi troba descrit el \u201c<strong>Projecte de cocreaci\u00f3 del pati\u201d<\/strong>, el qual, malgrat estigui descrit en el document annex esmentat, creiem oport\u00fa destacar aqu\u00ed que els elements l\u00fadics que el formen, construits per fam\u00edlies i mestres en diverses jornades de treball, tenen per objectiu complir una funci\u00f3 educativa com a espais estimuladors, mitjan\u00e7ant l\u2019aprenentatge a trav\u00e9s del joc, i del desenvolupament de les funcions motrius, cognitives i socials.<\/p>\n<p><a href=\"https:\/\/agora.xtec.cat\/ceipsesmondolo\/wp-content\/uploads\/usu311\/2018\/12\/20181201_1032140.jpg\"><img loading=\"lazy\" decoding=\"async\" class=\"wp-image-5987 alignnone\" src=\"https:\/\/agora.xtec.cat\/ceipsesmondolo\/wp-content\/uploads\/usu311\/2018\/12\/20181201_1032140.jpg\" alt=\"\" width=\"401\" height=\"268\" srcset=\"https:\/\/agora.xtec.cat\/ceipsesmondolo\/wp-content\/uploads\/usu311\/2018\/12\/20181201_1032140.jpg 448w, https:\/\/agora.xtec.cat\/ceipsesmondolo\/wp-content\/uploads\/usu311\/2018\/12\/20181201_1032140-300x200.jpg 300w\" sizes=\"auto, (max-width: 401px) 100vw, 401px\" \/><\/a><a href=\"https:\/\/agora.xtec.cat\/ceipsesmondolo\/wp-content\/uploads\/usu311\/2025\/11\/IMG-20241116-WA0005.jpg\"><img loading=\"lazy\" decoding=\"async\" class=\"wp-image-10724 alignleft\" src=\"https:\/\/agora.xtec.cat\/ceipsesmondolo\/wp-content\/uploads\/usu311\/2025\/11\/IMG-20241116-WA0005.jpg\" alt=\"\" width=\"196\" height=\"261\" srcset=\"https:\/\/agora.xtec.cat\/ceipsesmondolo\/wp-content\/uploads\/usu311\/2025\/11\/IMG-20241116-WA0005.jpg 659w, https:\/\/agora.xtec.cat\/ceipsesmondolo\/wp-content\/uploads\/usu311\/2025\/11\/IMG-20241116-WA0005-225x300.jpg 225w\" sizes=\"auto, (max-width: 196px) 100vw, 196px\" \/><\/a><a href=\"https:\/\/agora.xtec.cat\/ceipsesmondolo\/wp-content\/uploads\/usu311\/2017\/03\/IMG-20170305-WA0035.jpg\"><img loading=\"lazy\" decoding=\"async\" class=\"wp-image-4766 alignleft\" src=\"https:\/\/agora.xtec.cat\/ceipsesmondolo\/wp-content\/uploads\/usu311\/2017\/03\/IMG-20170305-WA0035-1024x1024.jpg\" alt=\"\" width=\"331\" height=\"331\" srcset=\"https:\/\/agora.xtec.cat\/ceipsesmondolo\/wp-content\/uploads\/usu311\/2017\/03\/IMG-20170305-WA0035-1024x1024.jpg 1024w, https:\/\/agora.xtec.cat\/ceipsesmondolo\/wp-content\/uploads\/usu311\/2017\/03\/IMG-20170305-WA0035-150x150.jpg 150w, https:\/\/agora.xtec.cat\/ceipsesmondolo\/wp-content\/uploads\/usu311\/2017\/03\/IMG-20170305-WA0035-300x300.jpg 300w, https:\/\/agora.xtec.cat\/ceipsesmondolo\/wp-content\/uploads\/usu311\/2017\/03\/IMG-20170305-WA0035-768x768.jpg 768w, https:\/\/agora.xtec.cat\/ceipsesmondolo\/wp-content\/uploads\/usu311\/2017\/03\/IMG-20170305-WA0035.jpg 1080w\" sizes=\"auto, (max-width: 331px) 100vw, 331px\" \/><\/a><\/p>\n","protected":false},"excerpt":{"rendered":"<p>Formem part de la xarxa d\u2019ESCOLES VERDES havent obtingut el distintiu el desembre del 2018. En aquest projecte s\u2019hi estableixen una s\u00e8rie d\u2019actuacions encaminades al desenvolupament d\u2019una consci\u00e8ncia de respecte cap a l\u2019entorn a trav\u00e9s de la sostenibilitat. Concretament, les actuacions que ens ajuden a&hellip;  <a href=\"https:\/\/agora.xtec.cat\/ceipsesmondolo\/projectes-de-centre-2\/projecte-de-collaboracio-amb-els-ies\/\" title=\"Read Projecte de Sostenibilitat i co-creaci\u00f3 del pati\">Llegeix m\u00e9s\u00bb<\/a><\/p>\n","protected":false},"author":1,"featured_media":0,"parent":7170,"menu_order":0,"comment_status":"closed","ping_status":"closed","template":"","meta":{"_bbp_topic_count":0,"_bbp_reply_count":0,"_bbp_total_topic_count":0,"_bbp_total_reply_count":0,"_bbp_voice_count":0,"_bbp_anonymous_reply_count":0,"_bbp_topic_count_hidden":0,"_bbp_reply_count_hidden":0,"_bbp_forum_subforum_count":0,"footnotes":""},"class_list":["post-7138","page","type-page","status-publish","hentry"],"post_mailing_queue_ids":[],"_links":{"self":[{"href":"https:\/\/agora.xtec.cat\/ceipsesmondolo\/wp-json\/wp\/v2\/pages\/7138","targetHints":{"allow":["GET"]}}],"collection":[{"href":"https:\/\/agora.xtec.cat\/ceipsesmondolo\/wp-json\/wp\/v2\/pages"}],"about":[{"href":"https:\/\/agora.xtec.cat\/ceipsesmondolo\/wp-json\/wp\/v2\/types\/page"}],"author":[{"embeddable":true,"href":"https:\/\/agora.xtec.cat\/ceipsesmondolo\/wp-json\/wp\/v2\/users\/1"}],"replies":[{"embeddable":true,"href":"https:\/\/agora.xtec.cat\/ceipsesmondolo\/wp-json\/wp\/v2\/comments?post=7138"}],"version-history":[{"count":4,"href":"https:\/\/agora.xtec.cat\/ceipsesmondolo\/wp-json\/wp\/v2\/pages\/7138\/revisions"}],"predecessor-version":[{"id":10726,"href":"https:\/\/agora.xtec.cat\/ceipsesmondolo\/wp-json\/wp\/v2\/pages\/7138\/revisions\/10726"}],"up":[{"embeddable":true,"href":"https:\/\/agora.xtec.cat\/ceipsesmondolo\/wp-json\/wp\/v2\/pages\/7170"}],"wp:attachment":[{"href":"https:\/\/agora.xtec.cat\/ceipsesmondolo\/wp-json\/wp\/v2\/media?parent=7138"}],"curies":[{"name":"wp","href":"https:\/\/api.w.org\/{rel}","templated":true}]}}