{"id":4491,"date":"2016-12-23T13:38:31","date_gmt":"2016-12-23T12:38:31","guid":{"rendered":"http:\/\/agora.xtec.cat\/ceipsesmondolo\/?page_id=4491"},"modified":"2023-05-25T13:05:33","modified_gmt":"2023-05-25T11:05:33","slug":"fapac","status":"publish","type":"page","link":"https:\/\/agora.xtec.cat\/ceipsesmondolo\/ampa\/fapac\/","title":{"rendered":"AFFAC"},"content":{"rendered":"<p>&nbsp;<\/p>\n<p>La AFFAC \u00e9s la principal federaci\u00f3 d&#8217;AFAs de Catalunya i representa Associacions de Fam\u00edlies d&#8217;Alumnes tant escoles de prim\u00e0ria com de secund\u00e0ria. A trav\u00e9s d&#8217;aquesta entitat posem en com\u00fa problem\u00e0tiques i idees amb altres AFAs, ens assessorem d&#8217;aspectes legals i ens recolzem en la gesti\u00f3 de les activitats que fem (per exemple, amb les assegurances de les extraescolars).<\/p>\n<p>Si voleu aprofundir en la federaci\u00f3 aqu\u00ed teniu l&#8217;enlla\u00e7:<\/p>\n<p><a href=\"http:\/\/affac.cat\/ac.cat\/\">http:\/\/affac.cat\/<\/a><\/p>\n","protected":false},"excerpt":{"rendered":"<p>&nbsp;<br \/>\nLa AFFAC \u00e9s la principal federaci\u00f3 d&#8217;AFAs de Catalunya i representa Associacions de Fam\u00edlies d&#8217;Alumnes tant escoles de prim\u00e0ria com de secund\u00e0ria. A trav\u00e9s d&#8217;aquesta entitat posem en com\u00fa problem\u00e0tiques i idees amb altres AFAs, ens assessorem d&#8217;aspectes legals i ens recolzem en la gesti\u00f3&hellip;  <a href=\"https:\/\/agora.xtec.cat\/ceipsesmondolo\/ampa\/fapac\/\" title=\"Read AFFAC\">Llegeix m\u00e9s\u00bb<\/a><\/p>\n","protected":false},"author":1,"featured_media":0,"parent":4481,"menu_order":3,"comment_status":"closed","ping_status":"closed","template":"page-templates\/side-menu.php","meta":{"_bbp_topic_count":0,"_bbp_reply_count":0,"_bbp_total_topic_count":0,"_bbp_total_reply_count":0,"_bbp_voice_count":0,"_bbp_anonymous_reply_count":0,"_bbp_topic_count_hidden":0,"_bbp_reply_count_hidden":0,"_bbp_forum_subforum_count":0,"footnotes":""},"class_list":["post-4491","page","type-page","status-publish","hentry"],"post_mailing_queue_ids":[],"_links":{"self":[{"href":"https:\/\/agora.xtec.cat\/ceipsesmondolo\/wp-json\/wp\/v2\/pages\/4491","targetHints":{"allow":["GET"]}}],"collection":[{"href":"https:\/\/agora.xtec.cat\/ceipsesmondolo\/wp-json\/wp\/v2\/pages"}],"about":[{"href":"https:\/\/agora.xtec.cat\/ceipsesmondolo\/wp-json\/wp\/v2\/types\/page"}],"author":[{"embeddable":true,"href":"https:\/\/agora.xtec.cat\/ceipsesmondolo\/wp-json\/wp\/v2\/users\/1"}],"replies":[{"embeddable":true,"href":"https:\/\/agora.xtec.cat\/ceipsesmondolo\/wp-json\/wp\/v2\/comments?post=4491"}],"version-history":[{"count":4,"href":"https:\/\/agora.xtec.cat\/ceipsesmondolo\/wp-json\/wp\/v2\/pages\/4491\/revisions"}],"predecessor-version":[{"id":7954,"href":"https:\/\/agora.xtec.cat\/ceipsesmondolo\/wp-json\/wp\/v2\/pages\/4491\/revisions\/7954"}],"up":[{"embeddable":true,"href":"https:\/\/agora.xtec.cat\/ceipsesmondolo\/wp-json\/wp\/v2\/pages\/4481"}],"wp:attachment":[{"href":"https:\/\/agora.xtec.cat\/ceipsesmondolo\/wp-json\/wp\/v2\/media?parent=4491"}],"curies":[{"name":"wp","href":"https:\/\/api.w.org\/{rel}","templated":true}]}}