{"id":4481,"date":"2016-12-23T13:14:30","date_gmt":"2016-12-23T12:14:30","guid":{"rendered":"http:\/\/agora.xtec.cat\/ceipsesmondolo\/?page_id=4481"},"modified":"2023-10-26T13:41:36","modified_gmt":"2023-10-26T11:41:36","slug":"ampa","status":"publish","type":"page","link":"https:\/\/agora.xtec.cat\/ceipsesmondolo\/ampa\/","title":{"rendered":"AFA"},"content":{"rendered":"<p><a href=\"https:\/\/agora.xtec.cat\/ceipsesmondolo\/wp-content\/uploads\/usu311\/2022\/11\/WhatsApp-Image-2022-11-04-at-20.24.08.jpeg\"><img loading=\"lazy\" decoding=\"async\" class=\"aligncenter size-medium wp-image-8129\" src=\"https:\/\/agora.xtec.cat\/ceipsesmondolo\/wp-content\/uploads\/usu311\/2022\/11\/WhatsApp-Image-2022-11-04-at-20.24.08-300x139.jpeg\" alt=\"\" width=\"300\" height=\"139\" srcset=\"https:\/\/agora.xtec.cat\/ceipsesmondolo\/wp-content\/uploads\/usu311\/2022\/11\/WhatsApp-Image-2022-11-04-at-20.24.08-300x139.jpeg 300w, https:\/\/agora.xtec.cat\/ceipsesmondolo\/wp-content\/uploads\/usu311\/2022\/11\/WhatsApp-Image-2022-11-04-at-20.24.08-768x355.jpeg 768w, https:\/\/agora.xtec.cat\/ceipsesmondolo\/wp-content\/uploads\/usu311\/2022\/11\/WhatsApp-Image-2022-11-04-at-20.24.08.jpeg 1024w\" sizes=\"auto, (max-width: 300px) 100vw, 300px\" \/><\/a><\/p>\n<p>Des de la nova Junta, volem fer-vos una proposta per aquest nou curs escolar 2022-23. Es vol decidir canviar la denominaci\u00f3 d\u2019AMPA (Associaci\u00f3 de pares i mares d\u2019alumnes) i passar-se a dir AFA (Associaci\u00f3 de fam\u00edlies d\u2019alumnes).<\/p>\n<p>El concepte de fam\u00edlia ha anat evolucionant amb el temps i, rere d\u2019aquesta evoluci\u00f3, ha canviat la societat. Ha canviat la manera que tenim de viure en com\u00fa. I al capdavall ha canviat tamb\u00e9 el poble i l\u2019escola, que \u00e9s el marc on s\u2019acullen i es troben totes les formes de fam\u00edlia que avui coexisteixen.<\/p>\n<p>Des de l\u2019escola Sesmon d\u2019Ol\u00f3 apostem per aquest canvi de denominaci\u00f3. En aquest nou llenguatge, molts no trobareu la difer\u00e8ncia, per\u00f2 si ho analitzem b\u00e9 veureu que moltes vegades utilitzem termes sense reflexionar si tothom que \u00e9s part\u00edcip es sent reflectit d\u2019igual manera. Fa molts anys als centres escolars l\u2019agrupament de fam\u00edlies es denominava APA (associaci\u00f3 de pares d\u2019alumnes) aquest terme nom\u00e9s es referia a la figura masculina de la fam\u00edlia. Amb el temps es va veure que aquest terme era poc inclusiu i es va proposar fer un canvi de denominaci\u00f3 i passar-se a dir AMPA (associaci\u00f3 de mares i pares d\u2019alumnes). Durant molts anys s\u2019ha seguit utilitzant aquest terme, per\u00f2 actualment es segueix veient limitacions, ja que el concepte de fam\u00edlia es va construint i actualment trobem moltes tipologies de fam\u00edlies. \u00c9s per aix\u00f2 que neix un nou terme evitant que la diversitat cre\u00ef exclusi\u00f3.<\/p>\n<p>Com que es tracta d\u2019una decisi\u00f3 que ens afecta a totes les fam\u00edlies vol\u00edem fer-vos-en part\u00edcips.<\/p>\n<p>Aqu\u00ed trobareu les activitats que organitzem i informacions v\u00e0ries que son de l&#8217;inter\u00e8s de totes les fam\u00edlies. Cal a dir que les assemblees d&#8217;AFA resten obertes per a tothom en tot moment.<\/p>\n<p>Esperem ser una AFA oberta, inclusiva i transparent. On la comunicaci\u00f3 amb vosaltres sigui la m\u00e0xima a aconseguir.<\/p>\n<p>Entre totes juntes crearem la nostra comunitat educativa!!!<\/p>\n<p>Salut,<\/p>\n<p>Nova Junta de l\u2019Escola Sesmon d\u2019Ol\u00f3<\/p>\n","protected":false},"excerpt":{"rendered":"<p><a href=\"https:\/\/agora.xtec.cat\/ceipsesmondolo\/wp-content\/uploads\/usu311\/2022\/11\/WhatsApp-Image-2022-11-04-at-20.24.08.jpeg\"><\/a><br \/>\nDes de la nova Junta, volem fer-vos una proposta per aquest nou curs escolar 2022-23. Es vol decidir canviar la denominaci\u00f3 d\u2019AMPA (Associaci\u00f3 de pares i mares d\u2019alumnes) i passar-se a dir AFA (Associaci\u00f3 de fam\u00edlies d\u2019alumnes).<br \/>\nEl concepte de fam\u00edlia ha anat evolucionant amb&hellip;  <a href=\"https:\/\/agora.xtec.cat\/ceipsesmondolo\/ampa\/\" title=\"Read AFA\">Llegeix m\u00e9s\u00bb<\/a><\/p>\n","protected":false},"author":1,"featured_media":0,"parent":0,"menu_order":0,"comment_status":"closed","ping_status":"closed","template":"page-templates\/front-page.php","meta":{"_bbp_topic_count":0,"_bbp_reply_count":0,"_bbp_total_topic_count":0,"_bbp_total_reply_count":0,"_bbp_voice_count":0,"_bbp_anonymous_reply_count":0,"_bbp_topic_count_hidden":0,"_bbp_reply_count_hidden":0,"_bbp_forum_subforum_count":0,"footnotes":""},"class_list":["post-4481","page","type-page","status-publish","hentry"],"post_mailing_queue_ids":[],"_links":{"self":[{"href":"https:\/\/agora.xtec.cat\/ceipsesmondolo\/wp-json\/wp\/v2\/pages\/4481","targetHints":{"allow":["GET"]}}],"collection":[{"href":"https:\/\/agora.xtec.cat\/ceipsesmondolo\/wp-json\/wp\/v2\/pages"}],"about":[{"href":"https:\/\/agora.xtec.cat\/ceipsesmondolo\/wp-json\/wp\/v2\/types\/page"}],"author":[{"embeddable":true,"href":"https:\/\/agora.xtec.cat\/ceipsesmondolo\/wp-json\/wp\/v2\/users\/1"}],"replies":[{"embeddable":true,"href":"https:\/\/agora.xtec.cat\/ceipsesmondolo\/wp-json\/wp\/v2\/comments?post=4481"}],"version-history":[{"count":3,"href":"https:\/\/agora.xtec.cat\/ceipsesmondolo\/wp-json\/wp\/v2\/pages\/4481\/revisions"}],"predecessor-version":[{"id":8130,"href":"https:\/\/agora.xtec.cat\/ceipsesmondolo\/wp-json\/wp\/v2\/pages\/4481\/revisions\/8130"}],"wp:attachment":[{"href":"https:\/\/agora.xtec.cat\/ceipsesmondolo\/wp-json\/wp\/v2\/media?parent=4481"}],"curies":[{"name":"wp","href":"https:\/\/api.w.org\/{rel}","templated":true}]}}