{"id":4158,"date":"2016-10-03T18:31:52","date_gmt":"2016-10-03T17:31:52","guid":{"rendered":"http:\/\/agora.xtec.cat\/ceipsesmondolo\/?page_id=4158"},"modified":"2023-05-25T12:46:21","modified_gmt":"2023-05-25T10:46:21","slug":"contacte","status":"publish","type":"page","link":"https:\/\/agora.xtec.cat\/ceipsesmondolo\/ampa\/contacte\/","title":{"rendered":"CONTACTE"},"content":{"rendered":"<p><a href=\"https:\/\/agora.xtec.cat\/ceipsesmondolo\/wp-content\/uploads\/usu311\/2022\/11\/WhatsApp-Image-2022-11-04-at-20.24.08.jpeg\"><img loading=\"lazy\" decoding=\"async\" class=\"aligncenter wp-image-8129\" src=\"https:\/\/agora.xtec.cat\/ceipsesmondolo\/wp-content\/uploads\/usu311\/2022\/11\/WhatsApp-Image-2022-11-04-at-20.24.08-300x139.jpeg\" alt=\"\" width=\"166\" height=\"77\" srcset=\"https:\/\/agora.xtec.cat\/ceipsesmondolo\/wp-content\/uploads\/usu311\/2022\/11\/WhatsApp-Image-2022-11-04-at-20.24.08-300x139.jpeg 300w, https:\/\/agora.xtec.cat\/ceipsesmondolo\/wp-content\/uploads\/usu311\/2022\/11\/WhatsApp-Image-2022-11-04-at-20.24.08-768x355.jpeg 768w, https:\/\/agora.xtec.cat\/ceipsesmondolo\/wp-content\/uploads\/usu311\/2022\/11\/WhatsApp-Image-2022-11-04-at-20.24.08.jpeg 1024w\" sizes=\"auto, (max-width: 166px) 100vw, 166px\" \/><\/a>Si voleu contactar amb l&#8217;AFA us podeu dirigir a nosaltres per correu electr\u00f2nic:<\/p>\n<h3 style=\"text-align: center;\"><a href=\"mailto:ampasesmon@gmail.com\"><strong>afasesmon@gmail.com<\/strong><\/a><\/h3>\n<p><a style=\"color: #2795b6;\" href=\"https:\/\/agora.xtec.cat\/ceipsesmondolo\/wp-content\/uploads\/usu311\/2022\/09\/bustia-blog.png\"><img loading=\"lazy\" decoding=\"async\" class=\"size-full wp-image-7975 alignright\" src=\"https:\/\/agora.xtec.cat\/ceipsesmondolo\/wp-content\/uploads\/usu311\/2022\/09\/bustia-blog.png\" alt=\"\" width=\"114\" height=\"89\" \/><\/a><\/p>\n<p>Per les activitats extraescolars tamb\u00e9 hi ha creats grups de whatsApp.<\/p>\n<p>&nbsp;<\/p>\n<p>I de manera m\u00e9s tradicional, a l&#8217;entrada de l&#8217;escola hi ha una b\u00fastia de l&#8217;AFA on fer-nos arribar documents f\u00edsics.<\/p>\n","protected":false},"excerpt":{"rendered":"<p><a href=\"https:\/\/agora.xtec.cat\/ceipsesmondolo\/wp-content\/uploads\/usu311\/2022\/11\/WhatsApp-Image-2022-11-04-at-20.24.08.jpeg\"><\/a>Si voleu contactar amb l&#8217;AFA us podeu dirigir a nosaltres per correu electr\u00f2nic:<br \/>\n<a href=\"mailto:ampasesmon@gmail.com\">afasesmon@gmail.com<\/a><br \/>\n<a style=\"color: #2795b6;\" href=\"https:\/\/agora.xtec.cat\/ceipsesmondolo\/wp-content\/uploads\/usu311\/2022\/09\/bustia-blog.png\"><\/a><br \/>\nPer les activitats extraescolars tamb\u00e9 hi ha creats grups de whatsApp.<br \/>\n&nbsp;<br \/>\nI de manera m\u00e9s tradicional, a l&#8217;entrada de l&#8217;escola hi ha una b\u00fastia de l&#8217;AFA on fer-nos arribar&hellip;  <a href=\"https:\/\/agora.xtec.cat\/ceipsesmondolo\/ampa\/contacte\/\" title=\"Read CONTACTE\">Llegeix m\u00e9s\u00bb<\/a><\/p>\n","protected":false},"author":1,"featured_media":0,"parent":4481,"menu_order":0,"comment_status":"closed","ping_status":"closed","template":"page-templates\/side-menu.php","meta":{"_bbp_topic_count":0,"_bbp_reply_count":0,"_bbp_total_topic_count":0,"_bbp_total_reply_count":0,"_bbp_voice_count":0,"_bbp_anonymous_reply_count":0,"_bbp_topic_count_hidden":0,"_bbp_reply_count_hidden":0,"_bbp_forum_subforum_count":0,"footnotes":""},"class_list":["post-4158","page","type-page","status-publish","hentry"],"post_mailing_queue_ids":[],"_links":{"self":[{"href":"https:\/\/agora.xtec.cat\/ceipsesmondolo\/wp-json\/wp\/v2\/pages\/4158","targetHints":{"allow":["GET"]}}],"collection":[{"href":"https:\/\/agora.xtec.cat\/ceipsesmondolo\/wp-json\/wp\/v2\/pages"}],"about":[{"href":"https:\/\/agora.xtec.cat\/ceipsesmondolo\/wp-json\/wp\/v2\/types\/page"}],"author":[{"embeddable":true,"href":"https:\/\/agora.xtec.cat\/ceipsesmondolo\/wp-json\/wp\/v2\/users\/1"}],"replies":[{"embeddable":true,"href":"https:\/\/agora.xtec.cat\/ceipsesmondolo\/wp-json\/wp\/v2\/comments?post=4158"}],"version-history":[{"count":3,"href":"https:\/\/agora.xtec.cat\/ceipsesmondolo\/wp-json\/wp\/v2\/pages\/4158\/revisions"}],"predecessor-version":[{"id":8187,"href":"https:\/\/agora.xtec.cat\/ceipsesmondolo\/wp-json\/wp\/v2\/pages\/4158\/revisions\/8187"}],"up":[{"embeddable":true,"href":"https:\/\/agora.xtec.cat\/ceipsesmondolo\/wp-json\/wp\/v2\/pages\/4481"}],"wp:attachment":[{"href":"https:\/\/agora.xtec.cat\/ceipsesmondolo\/wp-json\/wp\/v2\/media?parent=4158"}],"curies":[{"name":"wp","href":"https:\/\/api.w.org\/{rel}","templated":true}]}}