{"id":4006,"date":"2016-07-25T17:02:00","date_gmt":"2016-07-25T16:02:00","guid":{"rendered":"http:\/\/agora.xtec.cat\/ceipsesmondolo\/?page_id=4006"},"modified":"2025-07-17T11:12:30","modified_gmt":"2025-07-17T09:12:30","slug":"equip-docent","status":"publish","type":"page","link":"https:\/\/agora.xtec.cat\/ceipsesmondolo\/equip-docent\/","title":{"rendered":"Equip docent"},"content":{"rendered":"<p>&nbsp;<\/p>\n<table style=\"border-color: #000000; height: 529px; width: 54.4709%;\">\n<tbody>\n<tr style=\"height: 31px;\">\n<td style=\"text-align: center; height: 31px; width: 36.1979%;\"><strong>Direcci\u00f3<\/strong><\/td>\n<td style=\"height: 31px; width: 67.1645%;\">Ester Garcia<\/td>\n<\/tr>\n<tr style=\"height: 31px;\">\n<td style=\"text-align: center; height: 31px; width: 36.1979%;\"><strong>Secret\u00e0ria<\/strong><\/td>\n<td style=\"height: 31px; width: 67.1645%;\">No\u00e8lia Par\u00e9s<\/td>\n<\/tr>\n<tr style=\"height: 31px;\">\n<td style=\"text-align: center; height: 31px; width: 36.1979%;\"><strong>Cap d&#8217;Estudis<\/strong><\/td>\n<td style=\"height: 31px; width: 67.1645%;\">Eva Colom<\/td>\n<\/tr>\n<tr style=\"height: 31px;\">\n<td style=\"text-align: center; height: 31px; width: 36.1979%;\"><strong>PETITS 1<\/strong><\/td>\n<td style=\"height: 31px; width: 67.1645%;\"><span style=\"background-color: #ffffff;\">Cristina Torras<\/span><\/td>\n<\/tr>\n<tr style=\"height: 32px;\">\n<td style=\"text-align: center; width: 36.1979%; height: 32px;\"><strong>PETITS 2<\/strong><\/td>\n<td style=\"width: 67.1645%; height: 32px;\"><span style=\"background-color: #ffffff;\">No\u00e8lia Par\u00e9s<\/span><\/td>\n<\/tr>\n<tr style=\"height: 31px;\">\n<td style=\"text-align: center; height: 31px; width: 36.1979%;\"><strong>1r &#8211; 2n<\/strong><\/td>\n<td style=\"height: 31px; width: 67.1645%;\"><span style=\"background-color: #f9f9f9;\">Eli Munts \/ Ester Garcia<\/span><\/td>\n<\/tr>\n<tr style=\"height: 31px;\">\n<td style=\"text-align: center; height: 31px; width: 36.1979%;\"><strong style=\"background-color: #ffffff;\">3r<\/strong><\/td>\n<td style=\"height: 31px; width: 67.1645%;\"><span style=\"background-color: #ffffff;\">Laura Oliveras<\/span><\/td>\n<\/tr>\n<tr style=\"height: 32px;\">\n<td style=\"text-align: center; width: 36.1979%; height: 32px;\"><strong style=\"background-color: #ffffff;\">4t<\/strong><\/td>\n<td style=\"width: 67.1645%; height: 32px;\"><span style=\"background-color: #ffffff;\">Mariona Sort<\/span><\/td>\n<\/tr>\n<tr style=\"height: 31px;\">\n<td style=\"text-align: center; height: 31px; width: 36.1979%;\"><b>5\u00e8 &#8211; 6\u00e8<\/b><\/td>\n<td style=\"height: 31px; width: 67.1645%;\"><span style=\"background-color: #ffffff;\"> Eva Colom \/ Bruna Capdevila<\/span><\/td>\n<\/tr>\n<tr style=\"height: 31px;\">\n<td style=\"text-align: center; height: 31px; width: 36.1979%;\"><strong>Educaci\u00f3 F\u00edsica<\/strong><\/td>\n<td style=\"height: 31px; width: 67.1645%;\">Eli Munts<\/td>\n<\/tr>\n<tr style=\"height: 31px;\">\n<td style=\"text-align: center; height: 31px; width: 36.1979%;\"><strong>Llengua Anglesa<\/strong><\/td>\n<td style=\"height: 31px; width: 67.1645%;\">Patr\u00edcia Fern\u00e1ndez<\/td>\n<\/tr>\n<tr style=\"height: 31px;\">\n<td style=\"text-align: center; height: 31px; width: 36.1979%;\"><strong>Educaci\u00f3 Musical<\/strong><\/td>\n<td style=\"height: 31px; width: 67.1645%;\">Laia Prat<\/td>\n<\/tr>\n<tr style=\"height: 31px;\">\n<td style=\"text-align: center; height: 31px; width: 36.1979%;\"><strong>Educaci\u00f3 Especial<\/strong><\/td>\n<td style=\"height: 31px; width: 67.1645%;\">Laia Prat<\/td>\n<\/tr>\n<tr style=\"height: 31px;\">\n<td style=\"text-align: center; height: 31px; width: 36.1979%;\"><strong>Valors\/Religi\u00f3<\/strong><\/td>\n<td style=\"height: 31px; width: 67.1645%;\">&#8212;<\/td>\n<\/tr>\n<tr style=\"height: 31px;\">\n<td style=\"text-align: center; height: 31px; width: 36.1979%;\"><strong>Logop\u00e8dia CREDA<\/strong><\/td>\n<td style=\"height: 31px; width: 67.1645%;\">Carolina Garriga<\/td>\n<\/tr>\n<tr style=\"height: 31px;\">\n<td style=\"text-align: center; height: 31px; width: 36.1979%;\"><strong>EAP<\/strong><\/td>\n<td style=\"height: 31px; width: 67.1645%;\">Miracle Trull\u00e0s<\/td>\n<\/tr>\n<\/tbody>\n<\/table>\n<p>&nbsp;<\/p>\n<p><strong>Traject\u00f2ria professional de l&#8217;equip directiu:<\/strong><\/p>\n<p><strong>Directora:<\/strong> Ester Garcia Dilmer<\/p>\n<p>2008-2010 Equip directiu (Cap d&#8217;Estudis) de la ZER GAVARRESA<\/p>\n<p>2010-2025 Equip directiu (Directora) de l&#8217;Escola Sesmon d&#8217;Ol\u00f3<\/p>\n<p><strong>Cap d&#8217;Estudis:<\/strong> Eva Colom Iba\u00f1ez<\/p>\n<p>2007-2009 Coordinadora de cicle a l&#8217;escola Mare de D\u00e9u del Sol del Pont de Roda de Ter<\/p>\n<p>2012-2013 Coordinadora de Riscos Laborals de la ZER Gavarresa<\/p>\n<p>2015-2017 Equip directiu (Secret\u00e0ria) de l&#8217;Escola Sesmon d&#8217;Ol\u00f3<\/p>\n<p>2017-2025 Equip directiu (Cap d&#8217;estudis) de l&#8217;escola Sesmon d&#8217;Ol\u00f3<\/p>\n<p><strong>Secret\u00e0ria:<\/strong> No\u00e8lia Par\u00e9s Panam\u00e0<\/p>\n<p>2017-2025 Equip directiu (Secret\u00e0ria)<\/p>\n","protected":false},"excerpt":{"rendered":"<p>&nbsp;<\/p>\n<p>Direcci\u00f3<br \/>\nEster Garcia<\/p>\n<p>Secret\u00e0ria<br \/>\nNo\u00e8lia Par\u00e9s<\/p>\n<p>Cap d&#8217;Estudis<br \/>\nEva Colom<\/p>\n<p>PETITS 1<br \/>\nCristina Torras<\/p>\n<p>PETITS 2<br \/>\nNo\u00e8lia Par\u00e9s<\/p>\n<p>1r &#8211; 2n<br \/>\nEli Munts \/ Ester Garcia<\/p>\n<p>3r<br \/>\nLaura Oliveras<\/p>\n<p>4t<br \/>\nMariona Sort<\/p>\n<p>5\u00e8 &#8211; 6\u00e8<br \/>\n Eva Colom \/ Bruna Capdevila<\/p>\n<p>Educaci\u00f3 F\u00edsica<br \/>\nEli Munts<\/p>\n<p>Llengua Anglesa<br \/>\nPatr\u00edcia Fern\u00e1ndez<\/p>\n<p>Educaci\u00f3 Musical<br \/>\nLaia Prat<\/p>\n<p>Educaci\u00f3 Especial<br \/>\nLaia Prat<\/p>\n<p>Valors\/Religi\u00f3<br \/>\n&#8212;<\/p>\n<p>Logop\u00e8dia CREDA<br \/>\nCarolina Garriga<\/p>\n<p>EAP<br \/>\nMiracle Trull\u00e0s<\/p>\n<p>&nbsp;<br \/>\nTraject\u00f2ria professional de l&#8217;equip directiu:<br \/>\nDirectora: Ester Garcia Dilmer<br \/>\n2008-2010 Equip directiu (Cap&hellip;  <a href=\"https:\/\/agora.xtec.cat\/ceipsesmondolo\/equip-docent\/\" title=\"Read Equip docent\">Llegeix m\u00e9s\u00bb<\/a><\/p>\n","protected":false},"author":1,"featured_media":0,"parent":0,"menu_order":0,"comment_status":"closed","ping_status":"closed","template":"","meta":{"_bbp_topic_count":0,"_bbp_reply_count":0,"_bbp_total_topic_count":0,"_bbp_total_reply_count":0,"_bbp_voice_count":0,"_bbp_anonymous_reply_count":0,"_bbp_topic_count_hidden":0,"_bbp_reply_count_hidden":0,"_bbp_forum_subforum_count":0,"footnotes":""},"class_list":["post-4006","page","type-page","status-publish","hentry"],"post_mailing_queue_ids":[],"_links":{"self":[{"href":"https:\/\/agora.xtec.cat\/ceipsesmondolo\/wp-json\/wp\/v2\/pages\/4006","targetHints":{"allow":["GET"]}}],"collection":[{"href":"https:\/\/agora.xtec.cat\/ceipsesmondolo\/wp-json\/wp\/v2\/pages"}],"about":[{"href":"https:\/\/agora.xtec.cat\/ceipsesmondolo\/wp-json\/wp\/v2\/types\/page"}],"author":[{"embeddable":true,"href":"https:\/\/agora.xtec.cat\/ceipsesmondolo\/wp-json\/wp\/v2\/users\/1"}],"replies":[{"embeddable":true,"href":"https:\/\/agora.xtec.cat\/ceipsesmondolo\/wp-json\/wp\/v2\/comments?post=4006"}],"version-history":[{"count":10,"href":"https:\/\/agora.xtec.cat\/ceipsesmondolo\/wp-json\/wp\/v2\/pages\/4006\/revisions"}],"predecessor-version":[{"id":10613,"href":"https:\/\/agora.xtec.cat\/ceipsesmondolo\/wp-json\/wp\/v2\/pages\/4006\/revisions\/10613"}],"wp:attachment":[{"href":"https:\/\/agora.xtec.cat\/ceipsesmondolo\/wp-json\/wp\/v2\/media?parent=4006"}],"curies":[{"name":"wp","href":"https:\/\/api.w.org\/{rel}","templated":true}]}}