{"id":36,"date":"2014-09-18T12:33:11","date_gmt":"2014-09-18T11:33:11","guid":{"rendered":"http:\/\/agora.xtec.cat\/ceipsesmondolo\/?page_id=36"},"modified":"2023-04-12T13:02:50","modified_gmt":"2023-04-12T11:02:50","slug":"material-escolar","status":"publish","type":"page","link":"https:\/\/agora.xtec.cat\/ceipsesmondolo\/lescola\/material-escolar\/","title":{"rendered":"Material escolar i aportacions"},"content":{"rendered":"<h3><span style=\"color: #008000;\"><strong>MATERIAL D&#8217; EDUCACI\u00d3 INFANTIL<u><br \/>\n<\/u><\/strong><\/span><\/h3>\n<p>&#8211;\u00a0 <strong>1 BATA PER PINTAR <\/strong>(pot ser una bata vella o samarreta. Amb la beta al coll i nom)<\/p>\n<p>&#8211;\u00a0 <strong>1 BOSSA AMB\u00a0 ROBA DE\u00a0 RECANVI <\/strong>(1 muda completa: pantalons, jersei, samarreta, calces o cal\u00e7otets, mitjons i un parell de sabates velles). <u>Cal que la muda estigui actualitzada en funci\u00f3 de l&#8217;\u00e8poca de l&#8217;any.<\/u><\/p>\n<p>&#8211;\u00a0 <strong>1 TOVALL\u00d3 <\/strong>(amb el nom ben visible)<\/p>\n<p>&#8211;\u00a0 <strong>1 CANTIMPLORA D\u2019AIGUA O AMPOLLA <\/strong>(amb el nom ben visible)<\/p>\n<p>&#8211;\u00a0 <strong>1\u00a0 MOTXILLA PETITA <\/strong>(Motxilles sense rodes)<\/p>\n<p>&#8211;\u00a0 <strong>1 CAPSA DE<\/strong> <strong>MOCADORS DE PAPER<\/strong><\/p>\n<p>&#8211;<strong>\u00a0 SABATILLES D\u2019ESTAR PER CASA PER DEIXAR A L\u2019ESCOLA<\/strong><\/p>\n<p>CAL QUE LES CINTES PER PENJAR TOTES LES COSES SIGUIN DE 12 CMS. RECORDEU QUE TOTA LA ROBA HA D\u2019ANAR MARCADA AMB EL NOM PERQU\u00c8 NO ES PERDI.<\/p>\n<h3><span style=\"color: #008000;\">\u00a0<strong>MATERIAL PRIM\u00c0RIA <\/strong><\/span><\/h3>\n<ul>\n<li>1 bata per fer pintura o una camisa vella gran (amb goma o veta)<\/li>\n<li>1 cantimplora d\u2019aigua.<\/li>\n<li>1 capsa de mocadors de paper<\/li>\n<li>Sabatilles d\u2019estar per casa que es quedaran a l\u2019escola<\/li>\n<\/ul>\n<h2 style=\"text-align: left;\"><span style=\"color: #008000;\"><strong>Aportacions\u00a0<\/strong><\/span><\/h2>\n<table style=\"width: 357px;\">\n<tbody>\n<tr>\n<td style=\"width: 279px; text-align: center;\">Programes educatius<\/td>\n<td style=\"width: 70px;\">25\u20ac<\/td>\n<\/tr>\n<tr>\n<td style=\"width: 279px; text-align: center;\">Material fotocopiat<\/td>\n<td style=\"width: 70px;\">20\u20ac<\/td>\n<\/tr>\n<tr>\n<td style=\"width: 279px; text-align: center;\">Material did\u00e0ctic i fungible<\/td>\n<td style=\"width: 70px;\">70\u20ac<\/td>\n<\/tr>\n<\/tbody>\n<\/table>\n","protected":false},"excerpt":{"rendered":"<p>MATERIAL D&#8217; EDUCACI\u00d3 INFANTIL<\/p>\n<p>&#8211;\u00a0 1 BATA PER PINTAR (pot ser una bata vella o samarreta. Amb la beta al coll i nom)<br \/>\n&#8211;\u00a0 1 BOSSA AMB\u00a0 ROBA DE\u00a0 RECANVI (1 muda completa: pantalons, jersei, samarreta, calces o cal\u00e7otets, mitjons i un parell de sabates velles). Cal&hellip;  <a href=\"https:\/\/agora.xtec.cat\/ceipsesmondolo\/lescola\/material-escolar\/\" title=\"Read Material escolar i aportacions\">Llegeix m\u00e9s\u00bb<\/a><\/p>\n","protected":false},"author":1,"featured_media":0,"parent":22,"menu_order":70,"comment_status":"closed","ping_status":"closed","template":"page-templates\/side-menu.php","meta":{"_bbp_topic_count":0,"_bbp_reply_count":0,"_bbp_total_topic_count":0,"_bbp_total_reply_count":0,"_bbp_voice_count":0,"_bbp_anonymous_reply_count":0,"_bbp_topic_count_hidden":0,"_bbp_reply_count_hidden":0,"_bbp_forum_subforum_count":0,"footnotes":""},"class_list":["post-36","page","type-page","status-publish","hentry"],"post_mailing_queue_ids":[],"_links":{"self":[{"href":"https:\/\/agora.xtec.cat\/ceipsesmondolo\/wp-json\/wp\/v2\/pages\/36","targetHints":{"allow":["GET"]}}],"collection":[{"href":"https:\/\/agora.xtec.cat\/ceipsesmondolo\/wp-json\/wp\/v2\/pages"}],"about":[{"href":"https:\/\/agora.xtec.cat\/ceipsesmondolo\/wp-json\/wp\/v2\/types\/page"}],"author":[{"embeddable":true,"href":"https:\/\/agora.xtec.cat\/ceipsesmondolo\/wp-json\/wp\/v2\/users\/1"}],"replies":[{"embeddable":true,"href":"https:\/\/agora.xtec.cat\/ceipsesmondolo\/wp-json\/wp\/v2\/comments?post=36"}],"version-history":[{"count":7,"href":"https:\/\/agora.xtec.cat\/ceipsesmondolo\/wp-json\/wp\/v2\/pages\/36\/revisions"}],"predecessor-version":[{"id":8366,"href":"https:\/\/agora.xtec.cat\/ceipsesmondolo\/wp-json\/wp\/v2\/pages\/36\/revisions\/8366"}],"up":[{"embeddable":true,"href":"https:\/\/agora.xtec.cat\/ceipsesmondolo\/wp-json\/wp\/v2\/pages\/22"}],"wp:attachment":[{"href":"https:\/\/agora.xtec.cat\/ceipsesmondolo\/wp-json\/wp\/v2\/media?parent=36"}],"curies":[{"name":"wp","href":"https:\/\/api.w.org\/{rel}","templated":true}]}}