{"id":26,"date":"2014-09-18T12:24:32","date_gmt":"2014-09-18T11:24:32","guid":{"rendered":"http:\/\/agora.xtec.cat\/ceipsesmondolo\/?page_id=26"},"modified":"2018-10-02T09:32:54","modified_gmt":"2018-10-02T07:32:54","slug":"historia","status":"publish","type":"page","link":"https:\/\/agora.xtec.cat\/ceipsesmondolo\/lescola\/historia\/","title":{"rendered":"Hist\u00f2ria"},"content":{"rendered":"<p>La nostra escola va formar part de la ZER Gavarresa juntament amb l&#8217;Escola Llevant d&#8217;Orist\u00e0 i l&#8217;Escola Els Roures de Sant Feliu Sasserra fins el curs 2012-2013.<br \/>\nEls curs 2013-14 vam comen\u00e7ar a caminar com a escola independent per necessitats de coordinaci\u00f3, tan a nivell de ZER com a nivell d&#8217;escola, que ha anat creixent. Estem molt agra\u00efts a la ZER per tot el que hem compartit.<\/p>\n<p>Est\u00e0 situada a les afores del poble a una zona residencial nova, des d&#8217;on podem gaudir d&#8217;unes bones vistes panor\u00e0miques.<br \/>\nAra ja fa uns anys que de tan que vam cr\u00e9ixer l&#8217;escola se&#8217;ns va quedar petita i tenim dues cargoleres amb la Biblioteca, la sala de psicomotricitat i m\u00fasica i el Cicle Superior.<\/p>\n","protected":false},"excerpt":{"rendered":"<p>La nostra escola va formar part de la ZER Gavarresa juntament amb l&#8217;Escola Llevant d&#8217;Orist\u00e0 i l&#8217;Escola Els Roures de Sant Feliu Sasserra fins el curs 2012-2013.<br \/>\nEls curs 2013-14 vam comen\u00e7ar a caminar com a escola independent per necessitats de coordinaci\u00f3, tan a nivell de&hellip;  <a href=\"https:\/\/agora.xtec.cat\/ceipsesmondolo\/lescola\/historia\/\" title=\"Read Hist\u00f2ria\">Llegeix m\u00e9s\u00bb<\/a><\/p>\n","protected":false},"author":1,"featured_media":0,"parent":22,"menu_order":20,"comment_status":"closed","ping_status":"closed","template":"page-templates\/side-menu.php","meta":{"_bbp_topic_count":0,"_bbp_reply_count":0,"_bbp_total_topic_count":0,"_bbp_total_reply_count":0,"_bbp_voice_count":0,"_bbp_anonymous_reply_count":0,"_bbp_topic_count_hidden":0,"_bbp_reply_count_hidden":0,"_bbp_forum_subforum_count":0,"footnotes":""},"class_list":["post-26","page","type-page","status-publish","hentry"],"post_mailing_queue_ids":[],"_links":{"self":[{"href":"https:\/\/agora.xtec.cat\/ceipsesmondolo\/wp-json\/wp\/v2\/pages\/26","targetHints":{"allow":["GET"]}}],"collection":[{"href":"https:\/\/agora.xtec.cat\/ceipsesmondolo\/wp-json\/wp\/v2\/pages"}],"about":[{"href":"https:\/\/agora.xtec.cat\/ceipsesmondolo\/wp-json\/wp\/v2\/types\/page"}],"author":[{"embeddable":true,"href":"https:\/\/agora.xtec.cat\/ceipsesmondolo\/wp-json\/wp\/v2\/users\/1"}],"replies":[{"embeddable":true,"href":"https:\/\/agora.xtec.cat\/ceipsesmondolo\/wp-json\/wp\/v2\/comments?post=26"}],"version-history":[{"count":3,"href":"https:\/\/agora.xtec.cat\/ceipsesmondolo\/wp-json\/wp\/v2\/pages\/26\/revisions"}],"predecessor-version":[{"id":5787,"href":"https:\/\/agora.xtec.cat\/ceipsesmondolo\/wp-json\/wp\/v2\/pages\/26\/revisions\/5787"}],"up":[{"embeddable":true,"href":"https:\/\/agora.xtec.cat\/ceipsesmondolo\/wp-json\/wp\/v2\/pages\/22"}],"wp:attachment":[{"href":"https:\/\/agora.xtec.cat\/ceipsesmondolo\/wp-json\/wp\/v2\/media?parent=26"}],"curies":[{"name":"wp","href":"https:\/\/api.w.org\/{rel}","templated":true}]}}