{"id":10894,"date":"2026-04-08T13:10:23","date_gmt":"2026-04-08T11:10:23","guid":{"rendered":"https:\/\/agora.xtec.cat\/ceipsesmondolo\/?page_id=10894"},"modified":"2026-04-08T13:22:36","modified_gmt":"2026-04-08T11:22:36","slug":"estacio-meteorologica","status":"publish","type":"page","link":"https:\/\/agora.xtec.cat\/ceipsesmondolo\/steam\/reg-automatic\/estacio-meteorologica\/","title":{"rendered":"Estaci\u00f3 meteorol\u00f2gica"},"content":{"rendered":"<p>Us deixem l&#8217;enlla\u00e7 a la p\u00e0gina web de Thingspeak on es poden visualitzar les dades que transmet la nostra estaci\u00f3 meteorol\u00f2gica<\/p>\n<p><a href=\"https:\/\/thingspeak.mathworks.com\/channels\/3313060\">Estaci\u00f3 meteorol\u00f2gica\u00a0<\/a><\/p>\n","protected":false},"excerpt":{"rendered":"<p>Us deixem l&#8217;enlla\u00e7 a la p\u00e0gina web de Thingspeak on es poden visualitzar les dades que transmet la nostra estaci\u00f3 meteorol\u00f2gica<br \/>\n<a href=\"https:\/\/thingspeak.mathworks.com\/channels\/3313060\">Estaci\u00f3 meteorol\u00f2gica\u00a0<\/a><\/p>\n","protected":false},"author":29,"featured_media":0,"parent":10617,"menu_order":20,"comment_status":"closed","ping_status":"closed","template":"page-templates\/side-menu.php","meta":{"_bbp_topic_count":0,"_bbp_reply_count":0,"_bbp_total_topic_count":0,"_bbp_total_reply_count":0,"_bbp_voice_count":0,"_bbp_anonymous_reply_count":0,"_bbp_topic_count_hidden":0,"_bbp_reply_count_hidden":0,"_bbp_forum_subforum_count":0,"footnotes":""},"class_list":["post-10894","page","type-page","status-publish","hentry"],"post_mailing_queue_ids":[],"_links":{"self":[{"href":"https:\/\/agora.xtec.cat\/ceipsesmondolo\/wp-json\/wp\/v2\/pages\/10894","targetHints":{"allow":["GET"]}}],"collection":[{"href":"https:\/\/agora.xtec.cat\/ceipsesmondolo\/wp-json\/wp\/v2\/pages"}],"about":[{"href":"https:\/\/agora.xtec.cat\/ceipsesmondolo\/wp-json\/wp\/v2\/types\/page"}],"author":[{"embeddable":true,"href":"https:\/\/agora.xtec.cat\/ceipsesmondolo\/wp-json\/wp\/v2\/users\/29"}],"replies":[{"embeddable":true,"href":"https:\/\/agora.xtec.cat\/ceipsesmondolo\/wp-json\/wp\/v2\/comments?post=10894"}],"version-history":[{"count":3,"href":"https:\/\/agora.xtec.cat\/ceipsesmondolo\/wp-json\/wp\/v2\/pages\/10894\/revisions"}],"predecessor-version":[{"id":10897,"href":"https:\/\/agora.xtec.cat\/ceipsesmondolo\/wp-json\/wp\/v2\/pages\/10894\/revisions\/10897"}],"up":[{"embeddable":true,"href":"https:\/\/agora.xtec.cat\/ceipsesmondolo\/wp-json\/wp\/v2\/pages\/10617"}],"wp:attachment":[{"href":"https:\/\/agora.xtec.cat\/ceipsesmondolo\/wp-json\/wp\/v2\/media?parent=10894"}],"curies":[{"name":"wp","href":"https:\/\/api.w.org\/{rel}","templated":true}]}}