{"id":10761,"date":"2025-11-26T09:16:38","date_gmt":"2025-11-26T08:16:38","guid":{"rendered":"https:\/\/agora.xtec.cat\/ceipsesmondolo\/?page_id=10761"},"modified":"2026-01-21T10:23:31","modified_gmt":"2026-01-21T09:23:31","slug":"circuito-sobre-placa-de-pruebas","status":"publish","type":"page","link":"https:\/\/agora.xtec.cat\/ceipsesmondolo\/steam\/tinkercad-circuitos\/circuito-sobre-placa-de-pruebas\/","title":{"rendered":"Circuit sobre placa de proves"},"content":{"rendered":"<header class=\"entry-header\"><\/header>\n<div class=\"entry-content\">\n<p data-start=\"82\" data-end=\"476\">En aquesta <strong data-start=\"93\" data-end=\"114\">p\u00edndola formativa<\/strong>, l\u2019alumne construir\u00e0 un <strong data-start=\"139\" data-end=\"156\">circuit b\u00e0sic<\/strong> compost per una <strong data-start=\"173\" data-end=\"191\">font d\u2019energia<\/strong>, una <strong data-start=\"197\" data-end=\"212\">resist\u00e8ncia<\/strong> i un <strong data-start=\"218\" data-end=\"225\">LED<\/strong>, tot muntat sobre una <strong data-start=\"248\" data-end=\"285\">placa de proves o de prototipatge<\/strong>. La placa de proves permet realitzar la connexi\u00f3 dels components del circuit <strong data-start=\"363\" data-end=\"393\">sense necessitat de soldar<\/strong>, facilitant el muntatge, la correcci\u00f3 d\u2019errors i la reutilitzaci\u00f3 dels components.<\/p>\n<p data-start=\"478\" data-end=\"812\">A partir d\u2019aquest moment, l\u2019alumne entra en una <strong data-start=\"526\" data-end=\"561\">nova dimensi\u00f3 de l\u2019aprenentatge<\/strong>: tot all\u00f2 que dissenyi amb <strong data-start=\"589\" data-end=\"602\">TinkerCAD<\/strong> i funcioni correctament en el <strong data-start=\"633\" data-end=\"661\">simulador del ciberespai<\/strong> podr\u00e0 ser <strong data-start=\"672\" data-end=\"701\">reprodu\u00eft en el m\u00f3n f\u00edsic<\/strong> amb <strong data-start=\"706\" data-end=\"742\">molt\u00edssimes possibilitats d\u2019\u00e8xit<\/strong>, sempre que es respectin les connexions i els valors dels components.<\/p>\n<p data-start=\"814\" data-end=\"975\">La <strong data-start=\"817\" data-end=\"836\">guia de treball<\/strong> per realitzar l\u2019exercici en l\u2019entorn virtual es troba en el fitxer PDF:<br data-start=\"908\" data-end=\"911\" \/><a href=\"https:\/\/drive.google.com\/file\/d\/1AogMsiKQCS_oiDkDnxnvX7x0Xxyp7awe\/view?usp=drive_link\"><strong data-start=\"911\" data-end=\"975\">01.5.00-[T]-[ESP]-Mi primer circuito LED sobre placa pruebas<\/strong><\/a><\/p>\n<p data-start=\"977\" data-end=\"1288\">Un cop <strong data-start=\"984\" data-end=\"1050\">validat el correcte funcionament del circuit en el m\u00f3n virtual<\/strong>, l\u2019alumne podr\u00e0 consultar a <strong data-start=\"1079\" data-end=\"1092\">TinkerCAD<\/strong> la <strong data-start=\"1096\" data-end=\"1119\">llista de materials<\/strong> necessaris per construir la mateixa soluci\u00f3 en el m\u00f3n real. A partir d\u2019aquesta llista, seleccionar\u00e0 el material adequat entre els elements que es mostren a continuaci\u00f3.<\/p>\n<figure class=\"figure wp-caption alignnone\"><a href=\"https:\/\/agora.xtec.cat\/zermoianesllevant\/wp-content\/uploads\/usu130\/2021\/09\/IMG-20210929-WA0009.jpg\"><img loading=\"lazy\" decoding=\"async\" class=\" wp-image-8423\" src=\"https:\/\/agora.xtec.cat\/zermoianesllevant\/wp-content\/uploads\/usu130\/2021\/09\/IMG-20210929-WA0009-1024x576.jpg\" sizes=\"auto, (max-width: 574px) 100vw, 574px\" srcset=\"https:\/\/agora.xtec.cat\/zermoianesllevant\/wp-content\/uploads\/usu130\/2021\/09\/IMG-20210929-WA0009-1024x576.jpg 1024w, https:\/\/agora.xtec.cat\/zermoianesllevant\/wp-content\/uploads\/usu130\/2021\/09\/IMG-20210929-WA0009-300x169.jpg 300w, https:\/\/agora.xtec.cat\/zermoianesllevant\/wp-content\/uploads\/usu130\/2021\/09\/IMG-20210929-WA0009-768x432.jpg 768w, https:\/\/agora.xtec.cat\/zermoianesllevant\/wp-content\/uploads\/usu130\/2021\/09\/IMG-20210929-WA0009-1536x864.jpg 1536w, https:\/\/agora.xtec.cat\/zermoianesllevant\/wp-content\/uploads\/usu130\/2021\/09\/IMG-20210929-WA0009.jpg 2016w\" alt=\"\" width=\"574\" height=\"323\" \/><\/a><figcaption class=\"wp-caption-text\">Componentes circuito LED b\u00e1sico<\/figcaption><\/figure>\n<p>&nbsp;<\/p>\n<p data-start=\"69\" data-end=\"354\">En buscar els materials, l\u2019alumne s\u2019ha d\u2019enfrontar a un <strong data-start=\"125\" data-end=\"143\">petit problema<\/strong>: les <strong data-start=\"149\" data-end=\"195\">resist\u00e8ncies no porten impr\u00e8s el seu valor<\/strong>, sin\u00f3 que incorporen un <strong data-start=\"220\" data-end=\"238\">codi de colors<\/strong>. Com passa amb qualsevol codi, <strong data-start=\"270\" data-end=\"298\">cal saber-lo interpretar<\/strong>, i la <strong data-start=\"305\" data-end=\"324\">clau per fer-ho<\/strong> es troba en aquestes imatges:<\/p>\n<p data-start=\"356\" data-end=\"451\" data-is-last-node=\"\" data-is-only-node=\"\"><strong data-start=\"356\" data-end=\"363\">1.-<\/strong> La resist\u00e8ncia t\u00e9 <strong data-start=\"382\" data-end=\"409\">quatre anells de colors<\/strong>, <strong data-start=\"411\" data-end=\"430\">tres d\u2019agrupats<\/strong> i <strong data-start=\"433\" data-end=\"450\" data-is-only-node=\"\">un de separat<\/strong>:<\/p>\n<table>\n<tbody>\n<tr>\n<td><a href=\"https:\/\/agora.xtec.cat\/zermoianesllevant\/wp-content\/uploads\/usu130\/2021\/09\/Resistencia-de-27MR.jpg\"><img loading=\"lazy\" decoding=\"async\" class=\"alignnone wp-image-8429\" src=\"https:\/\/agora.xtec.cat\/zermoianesllevant\/wp-content\/uploads\/usu130\/2021\/09\/Resistencia-de-27MR.jpg\" sizes=\"auto, (max-width: 281px) 100vw, 281px\" srcset=\"https:\/\/agora.xtec.cat\/zermoianesllevant\/wp-content\/uploads\/usu130\/2021\/09\/Resistencia-de-27MR.jpg 390w, https:\/\/agora.xtec.cat\/zermoianesllevant\/wp-content\/uploads\/usu130\/2021\/09\/Resistencia-de-27MR-300x148.jpg 300w\" alt=\"\" width=\"281\" height=\"138\" \/><\/a><\/td>\n<td><a href=\"https:\/\/agora.xtec.cat\/zermoianesllevant\/wp-content\/uploads\/usu130\/2021\/09\/Codi-colors-resistencies-4-bandas.jpg\"><img loading=\"lazy\" decoding=\"async\" class=\"alignnone size-large wp-image-8431\" src=\"https:\/\/agora.xtec.cat\/zermoianesllevant\/wp-content\/uploads\/usu130\/2021\/09\/Codi-colors-resistencies-4-bandas-1024x581.jpg\" sizes=\"auto, (max-width: 1024px) 100vw, 1024px\" srcset=\"https:\/\/agora.xtec.cat\/zermoianesllevant\/wp-content\/uploads\/usu130\/2021\/09\/Codi-colors-resistencies-4-bandas-1024x581.jpg 1024w, https:\/\/agora.xtec.cat\/zermoianesllevant\/wp-content\/uploads\/usu130\/2021\/09\/Codi-colors-resistencies-4-bandas-300x170.jpg 300w, https:\/\/agora.xtec.cat\/zermoianesllevant\/wp-content\/uploads\/usu130\/2021\/09\/Codi-colors-resistencies-4-bandas-768x435.jpg 768w, https:\/\/agora.xtec.cat\/zermoianesllevant\/wp-content\/uploads\/usu130\/2021\/09\/Codi-colors-resistencies-4-bandas.jpg 1143w\" alt=\"\" width=\"1024\" height=\"581\" \/><\/a><\/td>\n<\/tr>\n<\/tbody>\n<\/table>\n<figure>\n<table style=\"border-collapse: collapse; width: 100%;\">\n<tbody>\n<tr>\n<td style=\"width: 50%;\"><a href=\"https:\/\/agora.xtec.cat\/zermoianesllevant\/wp-content\/uploads\/usu130\/2021\/11\/ohmio.jpg\"><img loading=\"lazy\" decoding=\"async\" class=\"wp-image-8540 aligncenter\" src=\"https:\/\/agora.xtec.cat\/zermoianesllevant\/wp-content\/uploads\/usu130\/2021\/11\/ohmio-1024x773.jpg\" sizes=\"auto, (max-width: 661px) 100vw, 661px\" srcset=\"https:\/\/agora.xtec.cat\/zermoianesllevant\/wp-content\/uploads\/usu130\/2021\/11\/ohmio-1024x773.jpg 1024w, https:\/\/agora.xtec.cat\/zermoianesllevant\/wp-content\/uploads\/usu130\/2021\/11\/ohmio-300x226.jpg 300w, https:\/\/agora.xtec.cat\/zermoianesllevant\/wp-content\/uploads\/usu130\/2021\/11\/ohmio-768x580.jpg 768w, https:\/\/agora.xtec.cat\/zermoianesllevant\/wp-content\/uploads\/usu130\/2021\/11\/ohmio-200x150.jpg 200w, https:\/\/agora.xtec.cat\/zermoianesllevant\/wp-content\/uploads\/usu130\/2021\/11\/ohmio.jpg 1085w\" alt=\"\" width=\"661\" height=\"499\" \/><\/a><\/td>\n<td style=\"width: 50%;\"><a href=\"https:\/\/agora.xtec.cat\/ceipsesmondolo\/wp-content\/uploads\/usu311\/2026\/01\/resistors.jpg\"><img loading=\"lazy\" decoding=\"async\" class=\"wp-image-10783 aligncenter\" src=\"https:\/\/agora.xtec.cat\/ceipsesmondolo\/wp-content\/uploads\/usu311\/2026\/01\/resistors.jpg\" alt=\"\" width=\"282\" height=\"439\" srcset=\"https:\/\/agora.xtec.cat\/ceipsesmondolo\/wp-content\/uploads\/usu311\/2026\/01\/resistors.jpg 613w, https:\/\/agora.xtec.cat\/ceipsesmondolo\/wp-content\/uploads\/usu311\/2026\/01\/resistors-193x300.jpg 193w\" sizes=\"auto, (max-width: 282px) 100vw, 282px\" \/><\/a><\/td>\n<\/tr>\n<\/tbody>\n<\/table>\n<\/figure>\n<figure class=\"figure wp-caption aligncenter\"><figcaption class=\"wp-caption-text\"><\/figcaption><\/figure>\n<p><strong data-start=\"69\" data-end=\"76\">2.-<\/strong> La resist\u00e8ncia t\u00e9 <strong data-start=\"95\" data-end=\"120\">cinc anells de colors<\/strong>, <strong data-start=\"122\" data-end=\"143\" data-is-only-node=\"\">quatre d\u2019agrupats<\/strong> i <strong data-start=\"146\" data-end=\"163\">un de separat<\/strong>:<\/p>\n<table>\n<tbody>\n<tr>\n<td><a href=\"https:\/\/agora.xtec.cat\/zermoianesllevant\/wp-content\/uploads\/usu130\/2021\/09\/Como-leer-las-bandas.jpg\"><img loading=\"lazy\" decoding=\"async\" class=\"alignnone wp-image-8432\" src=\"https:\/\/agora.xtec.cat\/zermoianesllevant\/wp-content\/uploads\/usu130\/2021\/09\/Como-leer-las-bandas.jpg\" sizes=\"auto, (max-width: 295px) 100vw, 295px\" srcset=\"https:\/\/agora.xtec.cat\/zermoianesllevant\/wp-content\/uploads\/usu130\/2021\/09\/Como-leer-las-bandas.jpg 730w, https:\/\/agora.xtec.cat\/zermoianesllevant\/wp-content\/uploads\/usu130\/2021\/09\/Como-leer-las-bandas-300x219.jpg 300w\" alt=\"\" width=\"295\" height=\"215\" \/><\/a><\/td>\n<td><a href=\"https:\/\/agora.xtec.cat\/zermoianesllevant\/wp-content\/uploads\/usu130\/2021\/09\/Codi-colors-resistencies-5-BANDAS.jpg\"><img loading=\"lazy\" decoding=\"async\" class=\"alignnone size-full wp-image-8433\" src=\"https:\/\/agora.xtec.cat\/zermoianesllevant\/wp-content\/uploads\/usu130\/2021\/09\/Codi-colors-resistencies-5-BANDAS.jpg\" sizes=\"auto, (max-width: 884px) 100vw, 884px\" srcset=\"https:\/\/agora.xtec.cat\/zermoianesllevant\/wp-content\/uploads\/usu130\/2021\/09\/Codi-colors-resistencies-5-BANDAS.jpg 884w, https:\/\/agora.xtec.cat\/zermoianesllevant\/wp-content\/uploads\/usu130\/2021\/09\/Codi-colors-resistencies-5-BANDAS-300x180.jpg 300w, https:\/\/agora.xtec.cat\/zermoianesllevant\/wp-content\/uploads\/usu130\/2021\/09\/Codi-colors-resistencies-5-BANDAS-768x460.jpg 768w\" alt=\"\" width=\"884\" height=\"530\" \/><\/a><\/td>\n<\/tr>\n<\/tbody>\n<\/table>\n<\/div>\n","protected":false},"excerpt":{"rendered":"<p>En aquesta p\u00edndola formativa, l\u2019alumne construir\u00e0 un circuit b\u00e0sic compost per una font d\u2019energia, una resist\u00e8ncia i un LED, tot muntat sobre una placa de proves o de prototipatge. La placa de proves permet realitzar la connexi\u00f3 dels components del circuit sense necessitat de soldar,&hellip;  <a href=\"https:\/\/agora.xtec.cat\/ceipsesmondolo\/steam\/tinkercad-circuitos\/circuito-sobre-placa-de-pruebas\/\" title=\"Read Circuit sobre placa de proves\">Llegeix m\u00e9s\u00bb<\/a><\/p>\n","protected":false},"author":36,"featured_media":0,"parent":9039,"menu_order":40,"comment_status":"closed","ping_status":"closed","template":"page-templates\/side-menu.php","meta":{"_bbp_topic_count":0,"_bbp_reply_count":0,"_bbp_total_topic_count":0,"_bbp_total_reply_count":0,"_bbp_voice_count":0,"_bbp_anonymous_reply_count":0,"_bbp_topic_count_hidden":0,"_bbp_reply_count_hidden":0,"_bbp_forum_subforum_count":0,"footnotes":""},"class_list":["post-10761","page","type-page","status-publish","hentry"],"post_mailing_queue_ids":[],"_links":{"self":[{"href":"https:\/\/agora.xtec.cat\/ceipsesmondolo\/wp-json\/wp\/v2\/pages\/10761","targetHints":{"allow":["GET"]}}],"collection":[{"href":"https:\/\/agora.xtec.cat\/ceipsesmondolo\/wp-json\/wp\/v2\/pages"}],"about":[{"href":"https:\/\/agora.xtec.cat\/ceipsesmondolo\/wp-json\/wp\/v2\/types\/page"}],"author":[{"embeddable":true,"href":"https:\/\/agora.xtec.cat\/ceipsesmondolo\/wp-json\/wp\/v2\/users\/36"}],"replies":[{"embeddable":true,"href":"https:\/\/agora.xtec.cat\/ceipsesmondolo\/wp-json\/wp\/v2\/comments?post=10761"}],"version-history":[{"count":6,"href":"https:\/\/agora.xtec.cat\/ceipsesmondolo\/wp-json\/wp\/v2\/pages\/10761\/revisions"}],"predecessor-version":[{"id":10785,"href":"https:\/\/agora.xtec.cat\/ceipsesmondolo\/wp-json\/wp\/v2\/pages\/10761\/revisions\/10785"}],"up":[{"embeddable":true,"href":"https:\/\/agora.xtec.cat\/ceipsesmondolo\/wp-json\/wp\/v2\/pages\/9039"}],"wp:attachment":[{"href":"https:\/\/agora.xtec.cat\/ceipsesmondolo\/wp-json\/wp\/v2\/media?parent=10761"}],"curies":[{"name":"wp","href":"https:\/\/api.w.org\/{rel}","templated":true}]}}