{"id":10615,"date":"2025-09-02T13:17:40","date_gmt":"2025-09-02T11:17:40","guid":{"rendered":"https:\/\/agora.xtec.cat\/ceipsesmondolo\/?page_id=10615"},"modified":"2025-09-02T13:17:40","modified_gmt":"2025-09-02T11:17:40","slug":"cronometre","status":"publish","type":"page","link":"https:\/\/agora.xtec.cat\/ceipsesmondolo\/steam\/scratch\/cronometre\/","title":{"rendered":"CRON\u00d2METRE"},"content":{"rendered":"<header class=\"entry-header\">\n<h1 class=\"entry-title\">Reloj anal\u00f3gico no sincronizado<\/h1>\n<\/header>\n<div class=\"entry-content\">\n<p>Objetivo de la pr\u00e1ctica<\/p>\n<ul>\n<li>Este trabajo permitir\u00e1 al alumno resolver problemas en contenidos clave como:\n<ol>\n<li>C\u00e1lculo<\/li>\n<li>Espacio y forma<\/li>\n<li>Medida<\/li>\n<\/ol>\n<\/li>\n<li>Y lograr con la ayuda de las TIC:\n<ol>\n<li>Situar figuras en un plano determinado por dos ejes de coordenadas<\/li>\n<li>Estudiar las unidades de tiempo horas, minutos y segundos<\/li>\n<li>Comparar y relacionar las medidas de \u00e1ngulos y de indicadores de tiempo situadas en dos esferas<\/li>\n<li>Reconocimiento y construcci\u00f3n de \u00e1ngulos a partir de giros<\/li>\n<li>Traducir un texto a expresi\u00f3n matem\u00e1tica para resolver un problema<\/li>\n<li>Utilizar variables para poner en hora el reloj<\/li>\n<li>Construcci\u00f3n de \u00e1ngulos apuntando en una direcci\u00f3n<\/li>\n<\/ol>\n<\/li>\n<\/ul>\n<table>\n<tbody>\n<tr>\n<td><\/td>\n<td><iframe loading=\"lazy\" src=\"https:\/\/scratch.mit.edu\/projects\/389194916\/embed\" width=\"485\" height=\"402\" frameborder=\"0\" data-mce-fragment=\"1\"><\/iframe><\/td>\n<td><\/td>\n<\/tr>\n<tr>\n<td><a href=\"https:\/\/agora.xtec.cat\/zermoianesllevant\/wp-content\/uploads\/usu130\/2021\/04\/SegunderoAnal%C3%B3gicp.jpg\"><img loading=\"lazy\" decoding=\"async\" class=\"wp-image-8185 aligncenter\" src=\"https:\/\/agora.xtec.cat\/zermoianesllevant\/wp-content\/uploads\/usu130\/2021\/04\/SegunderoAnal%C3%B3gicp.jpg\" sizes=\"auto, (max-width: 217px) 100vw, 217px\" srcset=\"https:\/\/agora.xtec.cat\/zermoianesllevant\/wp-content\/uploads\/usu130\/2021\/04\/SegunderoAnal\u00f3gicp.jpg 361w, https:\/\/agora.xtec.cat\/zermoianesllevant\/wp-content\/uploads\/usu130\/2021\/04\/SegunderoAnal\u00f3gicp-153x300.jpg 153w\" alt=\"\" width=\"217\" height=\"427\" \/><\/a><\/td>\n<td><a href=\"https:\/\/agora.xtec.cat\/zermoianesllevant\/wp-content\/uploads\/usu130\/2021\/04\/NibuteroAnal%C3%B3gico.jpg\"><img loading=\"lazy\" decoding=\"async\" class=\"wp-image-8187 aligncenter\" src=\"https:\/\/agora.xtec.cat\/zermoianesllevant\/wp-content\/uploads\/usu130\/2021\/04\/NibuteroAnal%C3%B3gico.jpg\" sizes=\"auto, (max-width: 263px) 100vw, 263px\" srcset=\"https:\/\/agora.xtec.cat\/zermoianesllevant\/wp-content\/uploads\/usu130\/2021\/04\/NibuteroAnal\u00f3gico.jpg 357w, https:\/\/agora.xtec.cat\/zermoianesllevant\/wp-content\/uploads\/usu130\/2021\/04\/NibuteroAnal\u00f3gico-190x300.jpg 190w\" alt=\"\" width=\"263\" height=\"416\" \/><\/a><\/td>\n<td><a href=\"https:\/\/agora.xtec.cat\/zermoianesllevant\/wp-content\/uploads\/usu130\/2021\/04\/HoraAnal%C3%B3gica.jpg\"><img loading=\"lazy\" decoding=\"async\" class=\"alignnone wp-image-8188\" src=\"https:\/\/agora.xtec.cat\/zermoianesllevant\/wp-content\/uploads\/usu130\/2021\/04\/HoraAnal%C3%B3gica.jpg\" sizes=\"auto, (max-width: 221px) 100vw, 221px\" srcset=\"https:\/\/agora.xtec.cat\/zermoianesllevant\/wp-content\/uploads\/usu130\/2021\/04\/HoraAnal\u00f3gica.jpg 339w, https:\/\/agora.xtec.cat\/zermoianesllevant\/wp-content\/uploads\/usu130\/2021\/04\/HoraAnal\u00f3gica-180x300.jpg 180w\" alt=\"\" width=\"221\" height=\"368\" \/><\/a><\/td>\n<\/tr>\n<\/tbody>\n<\/table>\n<p>Gu\u00eda de implementaci\u00f3n del profesor<\/p>\n<p><a href=\"https:\/\/agora.xtec.cat\/zermoianesllevant\/wp-content\/uploads\/usu130\/2021\/04\/Reloj-anal%C3%B3gico-no-sincronizado.pdf\">Reloj anal\u00f3gico no sincronizado<\/a><\/p>\n<p>Nota: El apartado sincronizaci\u00f3n manual con la hora real no se ha realizado en este estudio y el profesorado ha decidido realizarlo en otra sesi\u00f3n de trabajo m\u00e1s adelante. Por otro lado de la gu\u00eda de trabajo los profesores han seleccionado el material a mostrar en clase as\u00ed como su modulaci\u00f3n para adaptarlo a cada alumno.<\/p>\n<\/div>\n","protected":false},"excerpt":{"rendered":"<p>Reloj anal\u00f3gico no sincronizado<\/p>\n<p>Objetivo de la pr\u00e1ctica<\/p>\n<ul>\n<li>Este trabajo permitir\u00e1 al alumno resolver problemas en contenidos clave como:\n<ol>\n<li>C\u00e1lculo<\/li>\n<li>Espacio y forma<\/li>\n<li>Medida<\/li>\n<\/ol>\n<\/li>\n<li>Y lograr con la ayuda de las TIC:\n<ol>\n<li>Situar figuras en un plano determinado por dos ejes de coordenadas<\/li>\n<li>Estudiar las unidades de tiempo horas, minutos y segundos<\/li>\n<li>Comparar y&hellip;  <a href=\"https:\/\/agora.xtec.cat\/ceipsesmondolo\/steam\/scratch\/cronometre\/\" title=\"Read CRON\u00d2METRE\">Llegeix m\u00e9s\u00bb<\/a><br \/>\n","protected":false},"author":19,"featured_media":0,"parent":9080,"menu_order":60,"comment_status":"closed","ping_status":"closed","template":"page-templates\/side-menu.php","meta":{"_bbp_topic_count":0,"_bbp_reply_count":0,"_bbp_total_topic_count":0,"_bbp_total_reply_count":0,"_bbp_voice_count":0,"_bbp_anonymous_reply_count":0,"_bbp_topic_count_hidden":0,"_bbp_reply_count_hidden":0,"_bbp_forum_subforum_count":0,"footnotes":""},"class_list":["post-10615","page","type-page","status-publish","hentry"],"post_mailing_queue_ids":[],"_links":{"self":[{"href":"https:\/\/agora.xtec.cat\/ceipsesmondolo\/wp-json\/wp\/v2\/pages\/10615","targetHints":{"allow":["GET"]}}],"collection":[{"href":"https:\/\/agora.xtec.cat\/ceipsesmondolo\/wp-json\/wp\/v2\/pages"}],"about":[{"href":"https:\/\/agora.xtec.cat\/ceipsesmondolo\/wp-json\/wp\/v2\/types\/page"}],"author":[{"embeddable":true,"href":"https:\/\/agora.xtec.cat\/ceipsesmondolo\/wp-json\/wp\/v2\/users\/19"}],"replies":[{"embeddable":true,"href":"https:\/\/agora.xtec.cat\/ceipsesmondolo\/wp-json\/wp\/v2\/comments?post=10615"}],"version-history":[{"count":1,"href":"https:\/\/agora.xtec.cat\/ceipsesmondolo\/wp-json\/wp\/v2\/pages\/10615\/revisions"}],"predecessor-version":[{"id":10616,"href":"https:\/\/agora.xtec.cat\/ceipsesmondolo\/wp-json\/wp\/v2\/pages\/10615\/revisions\/10616"}],"up":[{"embeddable":true,"href":"https:\/\/agora.xtec.cat\/ceipsesmondolo\/wp-json\/wp\/v2\/pages\/9080"}],"wp:attachment":[{"href":"https:\/\/agora.xtec.cat\/ceipsesmondolo\/wp-json\/wp\/v2\/media?parent=10615"}],"curies":[{"name":"wp","href":"https:\/\/api.w.org\/{rel}","templated":true}]}}