{"id":10539,"date":"2025-06-20T15:00:55","date_gmt":"2025-06-20T13:00:55","guid":{"rendered":"https:\/\/agora.xtec.cat\/ceipsesmondolo\/?page_id=10539"},"modified":"2025-06-26T10:58:14","modified_gmt":"2025-06-26T08:58:14","slug":"bridging-the-gap-etwinning-project-2024-25","status":"publish","type":"page","link":"https:\/\/agora.xtec.cat\/ceipsesmondolo\/esep-etwinning-project\/esep-etwinning-projects\/bridging-the-gap-etwinning-project-2024-25\/","title":{"rendered":"BRIDGING THE GAP &#8211; eTwinning Project 2024-25"},"content":{"rendered":"<p>In this eTwinning project, students and teachers from Lithuania, Romania, Poland, Greece, Italy, Catalonia, and Turkey came together to explore and share how schools operate in their respective countries. Through a variety of engaging and collaborative activities, we have shared and learnt about different educational systems, daily routines, and school cultures.<\/p>\n<p><span style=\"color: #0000ff;\">En aquest projecte eTwinning, estudiants i mestres de Litu\u00e0nia, Romania, Pol\u00f2nia, Gr\u00e8cia, It\u00e0lia, Catalunya i Turquia ens hem reunit per explorar i compartir com funcionen les escoles als seus respectius pa\u00efsos. A trav\u00e9s d&#8217;una varietat d&#8217;activitats atractives i col\u00b7laboratives, hem compartit i apr\u00e8s sobre diferents sistemes educatius, rutines di\u00e0ries i cultures escolars.<\/span><\/p>\n<h2><strong><span style=\"color: #000000;\">ACTIVITIES<\/span><\/strong><\/h2>\n<ul>\n<li>\n<h3><strong>Our schools in the map<\/strong><\/h3>\n<\/li>\n<\/ul>\n<p><iframe loading=\"lazy\" src=\"https:\/\/www.google.com\/maps\/d\/embed?mid=1apNL9JzUyhpXVbFicelX9DmAlD1rFjQ&amp;ehbc=2E312F\" width=\"640\" height=\"480\"><\/iframe><\/p>\n<ul>\n<li>\n<h3>Logo Contest<\/h3>\n<\/li>\n<li><a href=\"https:\/\/agora.xtec.cat\/ceipsesmondolo\/wp-content\/uploads\/usu311\/2025\/06\/logos-1.png\"><img loading=\"lazy\" decoding=\"async\" class=\"alignnone wp-image-10550\" src=\"https:\/\/agora.xtec.cat\/ceipsesmondolo\/wp-content\/uploads\/usu311\/2025\/06\/logos-1.png\" alt=\"\" width=\"480\" height=\"605\" srcset=\"https:\/\/agora.xtec.cat\/ceipsesmondolo\/wp-content\/uploads\/usu311\/2025\/06\/logos-1.png 682w, https:\/\/agora.xtec.cat\/ceipsesmondolo\/wp-content\/uploads\/usu311\/2025\/06\/logos-1-238x300.png 238w\" sizes=\"auto, (max-width: 480px) 100vw, 480px\" \/><\/a> <a href=\"https:\/\/agora.xtec.cat\/ceipsesmondolo\/wp-content\/uploads\/usu311\/2025\/06\/logos-2.png\"><img loading=\"lazy\" decoding=\"async\" class=\"alignnone wp-image-10551\" src=\"https:\/\/agora.xtec.cat\/ceipsesmondolo\/wp-content\/uploads\/usu311\/2025\/06\/logos-2.png\" alt=\"\" width=\"520\" height=\"647\" srcset=\"https:\/\/agora.xtec.cat\/ceipsesmondolo\/wp-content\/uploads\/usu311\/2025\/06\/logos-2.png 693w, https:\/\/agora.xtec.cat\/ceipsesmondolo\/wp-content\/uploads\/usu311\/2025\/06\/logos-2-241x300.png 241w\" sizes=\"auto, (max-width: 520px) 100vw, 520px\" \/><\/a> <a href=\"https:\/\/agora.xtec.cat\/ceipsesmondolo\/wp-content\/uploads\/usu311\/2025\/06\/logos-3.png\"><img loading=\"lazy\" decoding=\"async\" class=\"alignnone wp-image-10552\" src=\"https:\/\/agora.xtec.cat\/ceipsesmondolo\/wp-content\/uploads\/usu311\/2025\/06\/logos-3.png\" alt=\"\" width=\"505\" height=\"234\" srcset=\"https:\/\/agora.xtec.cat\/ceipsesmondolo\/wp-content\/uploads\/usu311\/2025\/06\/logos-3.png 676w, https:\/\/agora.xtec.cat\/ceipsesmondolo\/wp-content\/uploads\/usu311\/2025\/06\/logos-3-300x139.png 300w\" sizes=\"auto, (max-width: 505px) 100vw, 505px\" \/><\/a><\/li>\n<\/ul>\n<p>WINNER LOGO:<\/p>\n<p><a href=\"https:\/\/agora.xtec.cat\/ceipsesmondolo\/wp-content\/uploads\/usu311\/2025\/06\/winner-logo.png\"><img loading=\"lazy\" decoding=\"async\" class=\"alignnone wp-image-10553\" src=\"https:\/\/agora.xtec.cat\/ceipsesmondolo\/wp-content\/uploads\/usu311\/2025\/06\/winner-logo.png\" alt=\"\" width=\"564\" height=\"601\" srcset=\"https:\/\/agora.xtec.cat\/ceipsesmondolo\/wp-content\/uploads\/usu311\/2025\/06\/winner-logo.png 772w, https:\/\/agora.xtec.cat\/ceipsesmondolo\/wp-content\/uploads\/usu311\/2025\/06\/winner-logo-281x300.png 281w, https:\/\/agora.xtec.cat\/ceipsesmondolo\/wp-content\/uploads\/usu311\/2025\/06\/winner-logo-768x819.png 768w\" sizes=\"auto, (max-width: 564px) 100vw, 564px\" \/><\/a> <a href=\"https:\/\/agora.xtec.cat\/ceipsesmondolo\/wp-content\/uploads\/usu311\/2025\/06\/winner-logo-chart.png\"><img loading=\"lazy\" decoding=\"async\" class=\"alignnone size-full wp-image-10554\" src=\"https:\/\/agora.xtec.cat\/ceipsesmondolo\/wp-content\/uploads\/usu311\/2025\/06\/winner-logo-chart.png\" alt=\"\" width=\"757\" height=\"456\" srcset=\"https:\/\/agora.xtec.cat\/ceipsesmondolo\/wp-content\/uploads\/usu311\/2025\/06\/winner-logo-chart.png 757w, https:\/\/agora.xtec.cat\/ceipsesmondolo\/wp-content\/uploads\/usu311\/2025\/06\/winner-logo-chart-300x181.png 300w\" sizes=\"auto, (max-width: 757px) 100vw, 757px\" \/><\/a><\/p>\n<ul>\n<li>\n<h3>Students&#8217; Introductions<\/h3>\n<\/li>\n<\/ul>\n<p>Link to Padlet: <a href=\"https:\/\/padlet.com\/hmzrsln51\/bridging-the-gap-gvptyohjo3ukmkob\">https:\/\/padlet.com\/hmzrsln51\/bridging-the-gap-gvptyohjo3ukmkob<\/a><\/p>\n<ul>\n<li>\n<h3>Virtual School Tours<\/h3>\n<p>Click on the pictures to watch the videos.<\/li>\n<\/ul>\n<p>Lithuania:<\/p>\n<p><a href=\"https:\/\/animoto.com\/play\/wx56lFmQecbSkEi3olDx1w\"><img loading=\"lazy\" decoding=\"async\" class=\"alignnone wp-image-10542\" src=\"https:\/\/agora.xtec.cat\/ceipsesmondolo\/wp-content\/uploads\/usu311\/2025\/06\/Lithuania-1024x665.png\" alt=\"\" width=\"418\" height=\"271\" srcset=\"https:\/\/agora.xtec.cat\/ceipsesmondolo\/wp-content\/uploads\/usu311\/2025\/06\/Lithuania-1024x665.png 1024w, https:\/\/agora.xtec.cat\/ceipsesmondolo\/wp-content\/uploads\/usu311\/2025\/06\/Lithuania-300x195.png 300w, https:\/\/agora.xtec.cat\/ceipsesmondolo\/wp-content\/uploads\/usu311\/2025\/06\/Lithuania-768x499.png 768w, https:\/\/agora.xtec.cat\/ceipsesmondolo\/wp-content\/uploads\/usu311\/2025\/06\/Lithuania.png 1335w\" sizes=\"auto, (max-width: 418px) 100vw, 418px\" \/><\/a><\/p>\n<p>Volos, Greece:<\/p>\n<p><a href=\"https:\/\/animoto.com\/play\/wx56lFmQecbSkEi3olDx1w\"><img loading=\"lazy\" decoding=\"async\" class=\"alignnone wp-image-10543\" src=\"https:\/\/agora.xtec.cat\/ceipsesmondolo\/wp-content\/uploads\/usu311\/2025\/06\/Volos-Greece.png\" alt=\"\" width=\"418\" height=\"271\" srcset=\"https:\/\/agora.xtec.cat\/ceipsesmondolo\/wp-content\/uploads\/usu311\/2025\/06\/Volos-Greece.png 805w, https:\/\/agora.xtec.cat\/ceipsesmondolo\/wp-content\/uploads\/usu311\/2025\/06\/Volos-Greece-300x195.png 300w, https:\/\/agora.xtec.cat\/ceipsesmondolo\/wp-content\/uploads\/usu311\/2025\/06\/Volos-Greece-768x499.png 768w\" sizes=\"auto, (max-width: 418px) 100vw, 418px\" \/><\/a><\/p>\n<p>Thessaloniki, Greece:<\/p>\n<p><a href=\"https:\/\/www.youtube.com\/watch?v=atUESrQfG-Q\"><img loading=\"lazy\" decoding=\"async\" class=\"alignnone wp-image-10544\" src=\"https:\/\/agora.xtec.cat\/ceipsesmondolo\/wp-content\/uploads\/usu311\/2025\/06\/Thessaloniki-Greece-1024x501.png\" alt=\"\" width=\"422\" height=\"207\" srcset=\"https:\/\/agora.xtec.cat\/ceipsesmondolo\/wp-content\/uploads\/usu311\/2025\/06\/Thessaloniki-Greece-1024x501.png 1024w, https:\/\/agora.xtec.cat\/ceipsesmondolo\/wp-content\/uploads\/usu311\/2025\/06\/Thessaloniki-Greece-300x147.png 300w, https:\/\/agora.xtec.cat\/ceipsesmondolo\/wp-content\/uploads\/usu311\/2025\/06\/Thessaloniki-Greece-768x376.png 768w, https:\/\/agora.xtec.cat\/ceipsesmondolo\/wp-content\/uploads\/usu311\/2025\/06\/Thessaloniki-Greece.png 1042w\" sizes=\"auto, (max-width: 422px) 100vw, 422px\" \/><\/a><\/p>\n<p>Patras, Greece:<\/p>\n<p><a href=\"https:\/\/animoto.com\/play\/fIeqi3tDlqYC209ks0AmhA\"><img loading=\"lazy\" decoding=\"async\" class=\"alignnone wp-image-10545\" src=\"https:\/\/agora.xtec.cat\/ceipsesmondolo\/wp-content\/uploads\/usu311\/2025\/06\/Patras-Greece.png\" alt=\"\" width=\"419\" height=\"199\" srcset=\"https:\/\/agora.xtec.cat\/ceipsesmondolo\/wp-content\/uploads\/usu311\/2025\/06\/Patras-Greece.png 867w, https:\/\/agora.xtec.cat\/ceipsesmondolo\/wp-content\/uploads\/usu311\/2025\/06\/Patras-Greece-300x143.png 300w, https:\/\/agora.xtec.cat\/ceipsesmondolo\/wp-content\/uploads\/usu311\/2025\/06\/Patras-Greece-768x365.png 768w\" sizes=\"auto, (max-width: 419px) 100vw, 419px\" \/><\/a><\/p>\n<p>Hungary:<\/p>\n<p><a href=\"https:\/\/www.youtube.com\/watch?v=syPdCrpHOv0&amp;t=2s\"><img loading=\"lazy\" decoding=\"async\" class=\"alignnone wp-image-10546\" src=\"https:\/\/agora.xtec.cat\/ceipsesmondolo\/wp-content\/uploads\/usu311\/2025\/06\/Hungary-1024x514.png\" alt=\"\" width=\"420\" height=\"211\" srcset=\"https:\/\/agora.xtec.cat\/ceipsesmondolo\/wp-content\/uploads\/usu311\/2025\/06\/Hungary-1024x514.png 1024w, https:\/\/agora.xtec.cat\/ceipsesmondolo\/wp-content\/uploads\/usu311\/2025\/06\/Hungary-300x151.png 300w, https:\/\/agora.xtec.cat\/ceipsesmondolo\/wp-content\/uploads\/usu311\/2025\/06\/Hungary-768x385.png 768w, https:\/\/agora.xtec.cat\/ceipsesmondolo\/wp-content\/uploads\/usu311\/2025\/06\/Hungary.png 1054w\" sizes=\"auto, (max-width: 420px) 100vw, 420px\" \/><\/a><\/p>\n<p>Poland:<\/p>\n<p><a href=\"https:\/\/www.youtube.com\/watch?v=YAjouU1qXN4\"><img loading=\"lazy\" decoding=\"async\" class=\"alignnone wp-image-10547\" src=\"https:\/\/agora.xtec.cat\/ceipsesmondolo\/wp-content\/uploads\/usu311\/2025\/06\/Poland-1024x504.png\" alt=\"\" width=\"421\" height=\"207\" srcset=\"https:\/\/agora.xtec.cat\/ceipsesmondolo\/wp-content\/uploads\/usu311\/2025\/06\/Poland-1024x504.png 1024w, https:\/\/agora.xtec.cat\/ceipsesmondolo\/wp-content\/uploads\/usu311\/2025\/06\/Poland-300x148.png 300w, https:\/\/agora.xtec.cat\/ceipsesmondolo\/wp-content\/uploads\/usu311\/2025\/06\/Poland-768x378.png 768w, https:\/\/agora.xtec.cat\/ceipsesmondolo\/wp-content\/uploads\/usu311\/2025\/06\/Poland.png 1051w\" sizes=\"auto, (max-width: 421px) 100vw, 421px\" \/><\/a><\/p>\n<p>Sicily, Italy:<\/p>\n<p><a href=\"https:\/\/agora.xtec.cat\/ceipsesmondolo\/wp-content\/uploads\/usu311\/2025\/06\/Sicily-Italy.png\"><img loading=\"lazy\" decoding=\"async\" class=\"alignnone wp-image-10548\" src=\"https:\/\/agora.xtec.cat\/ceipsesmondolo\/wp-content\/uploads\/usu311\/2025\/06\/Sicily-Italy.png\" alt=\"\" width=\"419\" height=\"283\" srcset=\"https:\/\/agora.xtec.cat\/ceipsesmondolo\/wp-content\/uploads\/usu311\/2025\/06\/Sicily-Italy.png 796w, https:\/\/agora.xtec.cat\/ceipsesmondolo\/wp-content\/uploads\/usu311\/2025\/06\/Sicily-Italy-300x203.png 300w, https:\/\/agora.xtec.cat\/ceipsesmondolo\/wp-content\/uploads\/usu311\/2025\/06\/Sicily-Italy-768x519.png 768w\" sizes=\"auto, (max-width: 419px) 100vw, 419px\" \/><\/a><\/p>\n<p>Turkey:<\/p>\n<p><a href=\"https:\/\/youtube.com\/shorts\/nenSZ3cIb-g?si=oJn02Y0tF86fznHk\"><img loading=\"lazy\" decoding=\"async\" class=\"alignnone wp-image-10549\" src=\"https:\/\/agora.xtec.cat\/ceipsesmondolo\/wp-content\/uploads\/usu311\/2025\/06\/Turkey.png\" alt=\"\" width=\"421\" height=\"188\" srcset=\"https:\/\/agora.xtec.cat\/ceipsesmondolo\/wp-content\/uploads\/usu311\/2025\/06\/Turkey.png 967w, https:\/\/agora.xtec.cat\/ceipsesmondolo\/wp-content\/uploads\/usu311\/2025\/06\/Turkey-300x134.png 300w, https:\/\/agora.xtec.cat\/ceipsesmondolo\/wp-content\/uploads\/usu311\/2025\/06\/Turkey-768x343.png 768w\" sizes=\"auto, (max-width: 421px) 100vw, 421px\" \/><\/a><\/p>\n<p><strong>OUR SCHOOL TOUR!<\/strong> ESCOLA SESMON D&#8217;OL\u00d3, CATALONIA, SPAIN.<\/p>\n<p>Although you know the school, don&#8217;t miss our virtual school tour!<\/p>\n<p><iframe loading=\"lazy\" title=\"School Sesmon d\u2019Ol\u00f3 Virtual Tour\" width=\"500\" height=\"281\" src=\"https:\/\/www.youtube.com\/embed\/-mKqrZsuR_Q?feature=oembed\" frameborder=\"0\" allow=\"accelerometer; autoplay; clipboard-write; encrypted-media; gyroscope; picture-in-picture; web-share\" referrerpolicy=\"strict-origin-when-cross-origin\" allowfullscreen><\/iframe><\/p>\n<p>ONLINE MEETINGS:<\/p>\n<p><img loading=\"lazy\" decoding=\"async\" class=\"\" src=\"https:\/\/school-education.ec.europa.eu\/sites\/default\/files\/styles\/large\/public\/2025-01\/students_online_meeting_.png?itok=5lnIs-tu\" alt=\"Pupils Online Meeting\" width=\"313\" height=\"556\" \/>\u00a0 \u00a0 <a href=\"https:\/\/agora.xtec.cat\/ceipsesmondolo\/wp-content\/uploads\/usu311\/2025\/06\/MEETING-2.png\"><img loading=\"lazy\" decoding=\"async\" class=\"alignnone wp-image-10555\" src=\"https:\/\/agora.xtec.cat\/ceipsesmondolo\/wp-content\/uploads\/usu311\/2025\/06\/MEETING-2.png\" alt=\"\" width=\"380\" height=\"601\" srcset=\"https:\/\/agora.xtec.cat\/ceipsesmondolo\/wp-content\/uploads\/usu311\/2025\/06\/MEETING-2.png 520w, https:\/\/agora.xtec.cat\/ceipsesmondolo\/wp-content\/uploads\/usu311\/2025\/06\/MEETING-2-190x300.png 190w\" sizes=\"auto, (max-width: 380px) 100vw, 380px\" \/><\/a><\/p>\n<p>&nbsp;<\/p>\n<p>CHRISTMAS BOXES EXCHANGE<\/p>\n<ul>\n<li>We have shared Christmas Traditions and cards with our school partner in Patras, Greece.<\/li>\n<\/ul>\n<p><a href=\"https:\/\/agora.xtec.cat\/ceipsesmondolo\/wp-content\/uploads\/usu311\/2025\/06\/PREPARING-XMAS-BOX.png\"><img loading=\"lazy\" decoding=\"async\" class=\"alignnone wp-image-10556\" src=\"https:\/\/agora.xtec.cat\/ceipsesmondolo\/wp-content\/uploads\/usu311\/2025\/06\/PREPARING-XMAS-BOX.png\" alt=\"\" width=\"563\" height=\"564\" srcset=\"https:\/\/agora.xtec.cat\/ceipsesmondolo\/wp-content\/uploads\/usu311\/2025\/06\/PREPARING-XMAS-BOX.png 630w, https:\/\/agora.xtec.cat\/ceipsesmondolo\/wp-content\/uploads\/usu311\/2025\/06\/PREPARING-XMAS-BOX-300x300.png 300w, https:\/\/agora.xtec.cat\/ceipsesmondolo\/wp-content\/uploads\/usu311\/2025\/06\/PREPARING-XMAS-BOX-150x150.png 150w\" sizes=\"auto, (max-width: 563px) 100vw, 563px\" \/><\/a> <a href=\"https:\/\/agora.xtec.cat\/ceipsesmondolo\/wp-content\/uploads\/usu311\/2025\/06\/GREEK-XMAS-BOX.png\"><img loading=\"lazy\" decoding=\"async\" class=\"alignnone wp-image-10557\" src=\"https:\/\/agora.xtec.cat\/ceipsesmondolo\/wp-content\/uploads\/usu311\/2025\/06\/GREEK-XMAS-BOX.png\" alt=\"\" width=\"556\" height=\"558\" srcset=\"https:\/\/agora.xtec.cat\/ceipsesmondolo\/wp-content\/uploads\/usu311\/2025\/06\/GREEK-XMAS-BOX.png 616w, https:\/\/agora.xtec.cat\/ceipsesmondolo\/wp-content\/uploads\/usu311\/2025\/06\/GREEK-XMAS-BOX-300x300.png 300w, https:\/\/agora.xtec.cat\/ceipsesmondolo\/wp-content\/uploads\/usu311\/2025\/06\/GREEK-XMAS-BOX-150x150.png 150w\" sizes=\"auto, (max-width: 556px) 100vw, 556px\" \/><\/a><\/p>\n<p>&nbsp;<\/p>\n<p><strong>DAILY ROUTINES COLLAGE<\/strong><\/p>\n<p>We have compared our daily routines in the different European Schools, here we have some examples of collages.<\/p>\n<p>CATALONIA<\/p>\n<p><a href=\"https:\/\/agora.xtec.cat\/ceipsesmondolo\/wp-content\/uploads\/usu311\/2025\/06\/Routines-Catalonia-Vinyet.png\"><img loading=\"lazy\" decoding=\"async\" class=\"alignnone wp-image-10574\" src=\"https:\/\/agora.xtec.cat\/ceipsesmondolo\/wp-content\/uploads\/usu311\/2025\/06\/Routines-Catalonia-Vinyet.png\" alt=\"\" width=\"380\" height=\"575\" srcset=\"https:\/\/agora.xtec.cat\/ceipsesmondolo\/wp-content\/uploads\/usu311\/2025\/06\/Routines-Catalonia-Vinyet.png 502w, https:\/\/agora.xtec.cat\/ceipsesmondolo\/wp-content\/uploads\/usu311\/2025\/06\/Routines-Catalonia-Vinyet-198x300.png 198w\" sizes=\"auto, (max-width: 380px) 100vw, 380px\" \/>\u00a0<\/a> <a href=\"https:\/\/agora.xtec.cat\/ceipsesmondolo\/wp-content\/uploads\/usu311\/2025\/06\/routines-Pol-.png\"><img loading=\"lazy\" decoding=\"async\" class=\"alignnone wp-image-10575\" src=\"https:\/\/agora.xtec.cat\/ceipsesmondolo\/wp-content\/uploads\/usu311\/2025\/06\/routines-Pol-.png\" alt=\"\" width=\"562\" height=\"404\" srcset=\"https:\/\/agora.xtec.cat\/ceipsesmondolo\/wp-content\/uploads\/usu311\/2025\/06\/routines-Pol-.png 744w, https:\/\/agora.xtec.cat\/ceipsesmondolo\/wp-content\/uploads\/usu311\/2025\/06\/routines-Pol--300x216.png 300w\" sizes=\"auto, (max-width: 562px) 100vw, 562px\" \/><\/a><\/p>\n<p>POLAND<\/p>\n<p><a href=\"https:\/\/agora.xtec.cat\/ceipsesmondolo\/wp-content\/uploads\/usu311\/2025\/06\/Routines-Poland-0.png\"><img loading=\"lazy\" decoding=\"async\" class=\"alignnone size-large wp-image-10576\" src=\"https:\/\/agora.xtec.cat\/ceipsesmondolo\/wp-content\/uploads\/usu311\/2025\/06\/Routines-Poland-0.png\" alt=\"\" width=\"499\" height=\"748\" srcset=\"https:\/\/agora.xtec.cat\/ceipsesmondolo\/wp-content\/uploads\/usu311\/2025\/06\/Routines-Poland-0.png 499w, https:\/\/agora.xtec.cat\/ceipsesmondolo\/wp-content\/uploads\/usu311\/2025\/06\/Routines-Poland-0-200x300.png 200w\" sizes=\"auto, (max-width: 499px) 100vw, 499px\" \/><\/a> <a href=\"https:\/\/agora.xtec.cat\/ceipsesmondolo\/wp-content\/uploads\/usu311\/2025\/06\/routines-Poland.png\"><img loading=\"lazy\" decoding=\"async\" class=\"alignnone size-large wp-image-10577\" src=\"https:\/\/agora.xtec.cat\/ceipsesmondolo\/wp-content\/uploads\/usu311\/2025\/06\/routines-Poland.png\" alt=\"\" width=\"502\" height=\"745\" srcset=\"https:\/\/agora.xtec.cat\/ceipsesmondolo\/wp-content\/uploads\/usu311\/2025\/06\/routines-Poland.png 502w, https:\/\/agora.xtec.cat\/ceipsesmondolo\/wp-content\/uploads\/usu311\/2025\/06\/routines-Poland-202x300.png 202w\" sizes=\"auto, (max-width: 502px) 100vw, 502px\" \/><\/a><\/p>\n<p>TURKEY<\/p>\n<p>&nbsp;<\/p>\n<p>&nbsp;<\/p>\n<p><a href=\"https:\/\/agora.xtec.cat\/ceipsesmondolo\/wp-content\/uploads\/usu311\/2025\/06\/Routines-Turkey.png\"><img loading=\"lazy\" decoding=\"async\" class=\"alignnone size-large wp-image-10579\" src=\"https:\/\/agora.xtec.cat\/ceipsesmondolo\/wp-content\/uploads\/usu311\/2025\/06\/Routines-Turkey.png\" alt=\"\" width=\"916\" height=\"727\" srcset=\"https:\/\/agora.xtec.cat\/ceipsesmondolo\/wp-content\/uploads\/usu311\/2025\/06\/Routines-Turkey.png 916w, https:\/\/agora.xtec.cat\/ceipsesmondolo\/wp-content\/uploads\/usu311\/2025\/06\/Routines-Turkey-300x238.png 300w, https:\/\/agora.xtec.cat\/ceipsesmondolo\/wp-content\/uploads\/usu311\/2025\/06\/Routines-Turkey-768x610.png 768w\" sizes=\"auto, (max-width: 916px) 100vw, 916px\" \/><\/a><\/p>\n<p>GREECE<\/p>\n<p><a href=\"https:\/\/agora.xtec.cat\/ceipsesmondolo\/wp-content\/uploads\/usu311\/2025\/06\/Routines-Volos-Greece.png\"><img loading=\"lazy\" decoding=\"async\" class=\"alignnone size-large wp-image-10580\" src=\"https:\/\/agora.xtec.cat\/ceipsesmondolo\/wp-content\/uploads\/usu311\/2025\/06\/Routines-Volos-Greece.png\" alt=\"\" width=\"502\" height=\"670\" srcset=\"https:\/\/agora.xtec.cat\/ceipsesmondolo\/wp-content\/uploads\/usu311\/2025\/06\/Routines-Volos-Greece.png 502w, https:\/\/agora.xtec.cat\/ceipsesmondolo\/wp-content\/uploads\/usu311\/2025\/06\/Routines-Volos-Greece-225x300.png 225w\" sizes=\"auto, (max-width: 502px) 100vw, 502px\" \/><\/a><\/p>\n<p>LITHUANIA<\/p>\n<p><a href=\"https:\/\/agora.xtec.cat\/ceipsesmondolo\/wp-content\/uploads\/usu311\/2025\/06\/LITHUANIA-ROUTINES.png\"><img loading=\"lazy\" decoding=\"async\" class=\"alignnone wp-image-10582\" src=\"https:\/\/agora.xtec.cat\/ceipsesmondolo\/wp-content\/uploads\/usu311\/2025\/06\/LITHUANIA-ROUTINES.png\" alt=\"\" width=\"552\" height=\"420\" srcset=\"https:\/\/agora.xtec.cat\/ceipsesmondolo\/wp-content\/uploads\/usu311\/2025\/06\/LITHUANIA-ROUTINES.png 901w, https:\/\/agora.xtec.cat\/ceipsesmondolo\/wp-content\/uploads\/usu311\/2025\/06\/LITHUANIA-ROUTINES-300x228.png 300w, https:\/\/agora.xtec.cat\/ceipsesmondolo\/wp-content\/uploads\/usu311\/2025\/06\/LITHUANIA-ROUTINES-768x584.png 768w\" sizes=\"auto, (max-width: 552px) 100vw, 552px\" \/><\/a><\/p>\n<p><strong>WELCOME TIPS POSTER<\/strong><\/p>\n<p>THIS IS OUR WINNER POSTER! CONGRATULATIONS TO ALL STUDENTS FOR THEIR COLLABORATION, YOU ALL DID A GREAT JOB!<\/p>\n<div class=\"media-content\">\n<div class=\"field field--name-oe-media-image field--type-image field--label-hidden field__item\"><a class=\"colorbox cboxElement\" title=\"WINNER &quot;WELCOME TIPS&quot; POSTER\" role=\"button\" href=\"https:\/\/school-education.ec.europa.eu\/sites\/default\/files\/styles\/large\/public\/2025-06\/welcome_tips_poster_2.png?itok=pt_SF_Js\" aria-label=\"{&quot;title&quot;:&quot;WINNER &quot;WELCOME TIPS&quot; POSTER&quot;,&quot;alt&quot;:&quot;WINNER POSTER&quot;}\" data-colorbox-gallery=\"gallery-image-6424381--xnZAc1i7RM\" aria-controls=\"colorbox-GB61ZUu6hzQ\" data-cbox-img-attrs=\"{&quot;title&quot;:&quot;WINNER &quot;WELCOME TIPS&quot; POSTER&quot;,&quot;alt&quot;:&quot;WINNER POSTER&quot;}\" data-once=\"init-colorbox\"><img loading=\"lazy\" decoding=\"async\" id=\"colorbox-GB61ZUu6hzQ\" class=\"\" title=\"WINNER &quot;WELCOME TIPS&quot; POSTER\" src=\"https:\/\/school-education.ec.europa.eu\/sites\/default\/files\/styles\/esep_group_page_media\/public\/2025-06\/welcome_tips_poster_2.png?itok=vh0WMW6f\" alt=\"WINNER POSTER\" width=\"614\" height=\"869\" \/><\/a><\/div>\n<\/div>\n<p>&nbsp;<\/p>\n<p>The results of our poll:<\/p>\n<div class=\"media-content\">\n<div class=\"field field--name-oe-media-image field--type-image field--label-hidden field__item\"><a class=\"colorbox cboxElement\" title=\"POSTER POLL RESULTS\" role=\"button\" href=\"https:\/\/school-education.ec.europa.eu\/sites\/default\/files\/styles\/large\/public\/2025-06\/captura_de_pantalla_2025-06-04_a_las_21.49.56.png?itok=A0LVx2Ut\" aria-label=\"{&quot;title&quot;:&quot;POSTER POLL RESULTS&quot;,&quot;alt&quot;:&quot;POLL RESULTS&quot;}\" data-colorbox-gallery=\"gallery-image-6424451--xnZAc1i7RM\" aria-controls=\"colorbox-rzgQHKot8EM\" data-cbox-img-attrs=\"{&quot;title&quot;:&quot;POSTER POLL RESULTS&quot;,&quot;alt&quot;:&quot;POLL RESULTS&quot;}\" data-once=\"init-colorbox\"><img loading=\"lazy\" decoding=\"async\" id=\"colorbox-rzgQHKot8EM\" class=\"\" title=\"POSTER POLL RESULTS\" src=\"https:\/\/school-education.ec.europa.eu\/sites\/default\/files\/styles\/esep_group_page_media\/public\/2025-06\/captura_de_pantalla_2025-06-04_a_las_21.49.56.png?itok=Zg_mqXSr\" alt=\"POLL RESULTS\" width=\"617\" height=\"289\" \/><\/a><\/div>\n<\/div>\n<p>&nbsp;<\/p>\n<p><strong>MULTILINGUAL SONG<\/strong><\/p>\n<p>Video prepared by all students comparing words in their mother tongue and singing a common song.\u00a0\ud83d\ude42<\/p>\n<p><iframe loading=\"lazy\" title=\"YouTube video player\" src=\"https:\/\/www.youtube.com\/embed\/4YhNF_alCDg?si=_c9RFniUOK-hPqd7\" width=\"560\" height=\"315\" frameborder=\"0\" allowfullscreen=\"allowfullscreen\"><\/iframe><\/p>\n<p><strong>MURALS<\/strong><\/p>\n<p><strong>Each school has created a mural to display the project&#8217;s activities.<\/strong><\/p>\n<p><a href=\"https:\/\/agora.xtec.cat\/ceipsesmondolo\/wp-content\/uploads\/usu311\/2025\/06\/MURALS.png\"><img loading=\"lazy\" decoding=\"async\" class=\"alignnone size-full wp-image-10583\" src=\"https:\/\/agora.xtec.cat\/ceipsesmondolo\/wp-content\/uploads\/usu311\/2025\/06\/MURALS.png\" alt=\"\" width=\"826\" height=\"849\" srcset=\"https:\/\/agora.xtec.cat\/ceipsesmondolo\/wp-content\/uploads\/usu311\/2025\/06\/MURALS.png 826w, https:\/\/agora.xtec.cat\/ceipsesmondolo\/wp-content\/uploads\/usu311\/2025\/06\/MURALS-292x300.png 292w, https:\/\/agora.xtec.cat\/ceipsesmondolo\/wp-content\/uploads\/usu311\/2025\/06\/MURALS-768x789.png 768w\" sizes=\"auto, (max-width: 826px) 100vw, 826px\" \/><\/a><\/p>\n<p><strong>OUR MURAL<\/strong><\/p>\n<p><a href=\"https:\/\/agora.xtec.cat\/ceipsesmondolo\/wp-content\/uploads\/usu311\/2025\/06\/mural-scaled.jpg\"><img loading=\"lazy\" decoding=\"async\" class=\"alignnone size-large wp-image-10584\" src=\"https:\/\/agora.xtec.cat\/ceipsesmondolo\/wp-content\/uploads\/usu311\/2025\/06\/mural-1024x660.jpg\" alt=\"\" width=\"1024\" height=\"660\" srcset=\"https:\/\/agora.xtec.cat\/ceipsesmondolo\/wp-content\/uploads\/usu311\/2025\/06\/mural-1024x660.jpg 1024w, https:\/\/agora.xtec.cat\/ceipsesmondolo\/wp-content\/uploads\/usu311\/2025\/06\/mural-300x193.jpg 300w, https:\/\/agora.xtec.cat\/ceipsesmondolo\/wp-content\/uploads\/usu311\/2025\/06\/mural-768x495.jpg 768w, https:\/\/agora.xtec.cat\/ceipsesmondolo\/wp-content\/uploads\/usu311\/2025\/06\/mural-1536x990.jpg 1536w, https:\/\/agora.xtec.cat\/ceipsesmondolo\/wp-content\/uploads\/usu311\/2025\/06\/mural-2048x1320.jpg 2048w\" sizes=\"auto, (max-width: 1024px) 100vw, 1024px\" \/><\/a><\/p>\n<p><strong>THANK YOU ALL FOR YOUR PARTICIPATION AND COLLABORATION!\u00a0 \ud83d\ude09\u00a0<\/strong><\/p>\n<p><a href=\"https:\/\/agora.xtec.cat\/ceipsesmondolo\/wp-content\/uploads\/usu311\/2025\/06\/kids-with-certificate.png\"><img loading=\"lazy\" decoding=\"async\" class=\"alignnone wp-image-10586\" src=\"https:\/\/agora.xtec.cat\/ceipsesmondolo\/wp-content\/uploads\/usu311\/2025\/06\/kids-with-certificate.png\" alt=\"\" width=\"645\" height=\"482\" srcset=\"https:\/\/agora.xtec.cat\/ceipsesmondolo\/wp-content\/uploads\/usu311\/2025\/06\/kids-with-certificate.png 816w, https:\/\/agora.xtec.cat\/ceipsesmondolo\/wp-content\/uploads\/usu311\/2025\/06\/kids-with-certificate-300x224.png 300w, https:\/\/agora.xtec.cat\/ceipsesmondolo\/wp-content\/uploads\/usu311\/2025\/06\/kids-with-certificate-768x574.png 768w, https:\/\/agora.xtec.cat\/ceipsesmondolo\/wp-content\/uploads\/usu311\/2025\/06\/kids-with-certificate-200x150.png 200w\" sizes=\"auto, (max-width: 645px) 100vw, 645px\" \/><\/a><\/p>\n<p>&nbsp;<\/p>\n","protected":false},"excerpt":{"rendered":"<p>In this eTwinning project, students and teachers from Lithuania, Romania, Poland, Greece, Italy, Catalonia, and Turkey came together to explore and share how schools operate in their respective countries. Through a variety of engaging and collaborative activities, we have shared and learnt about different educational&hellip;  <a href=\"https:\/\/agora.xtec.cat\/ceipsesmondolo\/esep-etwinning-project\/esep-etwinning-projects\/bridging-the-gap-etwinning-project-2024-25\/\" title=\"Read BRIDGING THE GAP &#8211; eTwinning Project 2024-25\">Llegeix m\u00e9s\u00bb<\/a><\/p>\n","protected":false},"author":19,"featured_media":0,"parent":9894,"menu_order":0,"comment_status":"closed","ping_status":"closed","template":"","meta":{"_bbp_topic_count":0,"_bbp_reply_count":0,"_bbp_total_topic_count":0,"_bbp_total_reply_count":0,"_bbp_voice_count":0,"_bbp_anonymous_reply_count":0,"_bbp_topic_count_hidden":0,"_bbp_reply_count_hidden":0,"_bbp_forum_subforum_count":0,"footnotes":""},"class_list":["post-10539","page","type-page","status-publish","hentry"],"post_mailing_queue_ids":[],"_links":{"self":[{"href":"https:\/\/agora.xtec.cat\/ceipsesmondolo\/wp-json\/wp\/v2\/pages\/10539","targetHints":{"allow":["GET"]}}],"collection":[{"href":"https:\/\/agora.xtec.cat\/ceipsesmondolo\/wp-json\/wp\/v2\/pages"}],"about":[{"href":"https:\/\/agora.xtec.cat\/ceipsesmondolo\/wp-json\/wp\/v2\/types\/page"}],"author":[{"embeddable":true,"href":"https:\/\/agora.xtec.cat\/ceipsesmondolo\/wp-json\/wp\/v2\/users\/19"}],"replies":[{"embeddable":true,"href":"https:\/\/agora.xtec.cat\/ceipsesmondolo\/wp-json\/wp\/v2\/comments?post=10539"}],"version-history":[{"count":6,"href":"https:\/\/agora.xtec.cat\/ceipsesmondolo\/wp-json\/wp\/v2\/pages\/10539\/revisions"}],"predecessor-version":[{"id":10588,"href":"https:\/\/agora.xtec.cat\/ceipsesmondolo\/wp-json\/wp\/v2\/pages\/10539\/revisions\/10588"}],"up":[{"embeddable":true,"href":"https:\/\/agora.xtec.cat\/ceipsesmondolo\/wp-json\/wp\/v2\/pages\/9894"}],"wp:attachment":[{"href":"https:\/\/agora.xtec.cat\/ceipsesmondolo\/wp-json\/wp\/v2\/media?parent=10539"}],"curies":[{"name":"wp","href":"https:\/\/api.w.org\/{rel}","templated":true}]}}