{"id":10533,"date":"2025-05-23T15:49:33","date_gmt":"2025-05-23T13:49:33","guid":{"rendered":"https:\/\/agora.xtec.cat\/ceipsesmondolo\/?page_id=10533"},"modified":"2025-05-23T15:51:16","modified_gmt":"2025-05-23T13:51:16","slug":"soporte-plegable-para-un-movil","status":"publish","type":"page","link":"https:\/\/agora.xtec.cat\/ceipsesmondolo\/steam\/tinkercad-imatges-3d\/soporte-plegable-para-un-movil\/","title":{"rendered":"Soporte plegable para un m\u00f3vil"},"content":{"rendered":"<p>Dise\u00f1o e impresi\u00f3n 3D de soporte plegable para un m\u00f3vil.<\/p>\n<p>El taller se divide en los siguientes temas:<br \/>\n\u2022 Breve introducci\u00f3n en modelar e impresi\u00f3n 3D<br \/>\n\u2022 Preparar el llavero para impresi\u00f3n<br \/>\n\u2022 Poner en marcha la impresi\u00f3n<br \/>\n\u2022 Introducci\u00f3n en Tinkercad<br \/>\n\u2022 Modelar el soporte con Tinkercad<\/p>\n<p><a href=\"https:\/\/agora.xtec.cat\/ceipsesmondolo\/wp-content\/uploads\/usu311\/2025\/05\/O4G-Impresion-3D.pdf\">O4G &#8211; Impresi\u00f3n 3D<\/a><\/p>\n<p>&nbsp;<\/p>\n","protected":false},"excerpt":{"rendered":"<p>Dise\u00f1o e impresi\u00f3n 3D de soporte plegable para un m\u00f3vil.<br \/>\nEl taller se divide en los siguientes temas:<br \/>\n\u2022 Breve introducci\u00f3n en modelar e impresi\u00f3n 3D<br \/>\n\u2022 Preparar el llavero para impresi\u00f3n<br \/>\n\u2022 Poner en marcha la impresi\u00f3n<br \/>\n\u2022 Introducci\u00f3n en Tinkercad<br \/>\n\u2022 Modelar el soporte con Tinkercad<br \/>\n<a href=\"https:\/\/agora.xtec.cat\/ceipsesmondolo\/wp-content\/uploads\/usu311\/2025\/05\/O4G-Impresion-3D.pdf\">O4G &#8211; Impresi\u00f3n&hellip;  <a href=\"https:\/\/agora.xtec.cat\/ceipsesmondolo\/steam\/tinkercad-imatges-3d\/soporte-plegable-para-un-movil\/\" title=\"Read Soporte plegable para un m\u00f3vil\">Llegeix m\u00e9s\u00bb<\/a><\/p>\n","protected":false},"author":36,"featured_media":0,"parent":10152,"menu_order":70,"comment_status":"closed","ping_status":"closed","template":"page-templates\/side-menu.php","meta":{"_bbp_topic_count":0,"_bbp_reply_count":0,"_bbp_total_topic_count":0,"_bbp_total_reply_count":0,"_bbp_voice_count":0,"_bbp_anonymous_reply_count":0,"_bbp_topic_count_hidden":0,"_bbp_reply_count_hidden":0,"_bbp_forum_subforum_count":0,"footnotes":""},"class_list":["post-10533","page","type-page","status-publish","hentry"],"post_mailing_queue_ids":[],"_links":{"self":[{"href":"https:\/\/agora.xtec.cat\/ceipsesmondolo\/wp-json\/wp\/v2\/pages\/10533","targetHints":{"allow":["GET"]}}],"collection":[{"href":"https:\/\/agora.xtec.cat\/ceipsesmondolo\/wp-json\/wp\/v2\/pages"}],"about":[{"href":"https:\/\/agora.xtec.cat\/ceipsesmondolo\/wp-json\/wp\/v2\/types\/page"}],"author":[{"embeddable":true,"href":"https:\/\/agora.xtec.cat\/ceipsesmondolo\/wp-json\/wp\/v2\/users\/36"}],"replies":[{"embeddable":true,"href":"https:\/\/agora.xtec.cat\/ceipsesmondolo\/wp-json\/wp\/v2\/comments?post=10533"}],"version-history":[{"count":2,"href":"https:\/\/agora.xtec.cat\/ceipsesmondolo\/wp-json\/wp\/v2\/pages\/10533\/revisions"}],"predecessor-version":[{"id":10536,"href":"https:\/\/agora.xtec.cat\/ceipsesmondolo\/wp-json\/wp\/v2\/pages\/10533\/revisions\/10536"}],"up":[{"embeddable":true,"href":"https:\/\/agora.xtec.cat\/ceipsesmondolo\/wp-json\/wp\/v2\/pages\/10152"}],"wp:attachment":[{"href":"https:\/\/agora.xtec.cat\/ceipsesmondolo\/wp-json\/wp\/v2\/media?parent=10533"}],"curies":[{"name":"wp","href":"https:\/\/api.w.org\/{rel}","templated":true}]}}