{"id":10451,"date":"2025-05-01T17:56:32","date_gmt":"2025-05-01T15:56:32","guid":{"rendered":"https:\/\/agora.xtec.cat\/ceipsesmondolo\/?page_id=10451"},"modified":"2025-05-05T19:12:05","modified_gmt":"2025-05-05T17:12:05","slug":"lluitador-del-foc-concentrador","status":"publish","type":"page","link":"https:\/\/agora.xtec.cat\/ceipsesmondolo\/steam\/microbit\/lluitador-del-foc-concentrador\/","title":{"rendered":"Lluitador del foc &#8211; Concentrador"},"content":{"rendered":"<h3 class=\"\" data-start=\"189\" data-end=\"250\">Control del risc d&#8217;incendis amb la micro:bit<\/h3>\n<p class=\"\" data-start=\"252\" data-end=\"372\">En aquest projecte, utilitzarem la micro:bit per <strong data-start=\"301\" data-end=\"341\">vigilar el nivell de risc d&#8217;incendis<\/strong> de les comarques de Catalunya.<\/p>\n<p data-start=\"252\" data-end=\"372\">Cada comarca envia per r\u00e0dio el seu nivell de risc al concentrador, que guarda els valors rebuts en una llista.<\/p>\n<h3 class=\"\" data-start=\"374\" data-end=\"394\">Com funciona?<\/h3>\n<ol data-start=\"396\" data-end=\"794\">\n<li class=\"\" data-start=\"396\" data-end=\"530\">\n<p class=\"\" data-start=\"399\" data-end=\"530\"><strong data-start=\"399\" data-end=\"438\">Cada comarca t\u00e9 un lloc a la llista<\/strong>. La primera comarca estar\u00e0 a la posici\u00f3 0, la segona a la posici\u00f3 1, i aix\u00ed successivament.<\/p>\n<\/li>\n<li class=\"\" data-start=\"531\" data-end=\"651\">\n<p class=\"\" data-start=\"534\" data-end=\"651\">Quan rebem dades per r\u00e0dio, <strong data-start=\"562\" data-end=\"591\">guardem el nivell de risc<\/strong> (baix, mitj\u00e0 o alt) a la posici\u00f3 corresponent de la llista.<\/p>\n<\/li>\n<li class=\"\" data-start=\"652\" data-end=\"794\">\n<p class=\"\" data-start=\"655\" data-end=\"794\">Despr\u00e9s, llegim la llista <strong data-start=\"681\" data-end=\"709\">una comarca darrere l&#8217;altre<\/strong>\u00a0i mostrem el seu risc de dues maneres<\/p>\n<ol data-start=\"396\" data-end=\"794\">\n<li data-start=\"652\" data-end=\"794\">Mostrem en la pantalla OLED el n\u00famero de totes les comarques i el seu nivell de risc.<\/li>\n<li data-start=\"652\" data-end=\"794\">En la tira de LEDs s&#8217;enc\u00e9n un neop\u00edxel per cada comarca d&#8217;acord amb una codificaci\u00f3 de colors del risc. La posici\u00f3 del neop\u00edxel coincidir\u00e0 amb el n\u00famero de la comarca.<\/li>\n<li data-start=\"652\" data-end=\"794\">La pantalla de LEDs del micro:bit anir\u00e0 mostrant la recepci\u00f3 de la r\u00e0dio amb el n\u00famero de la comarca: n\u00famero del risc de la comarca.<\/li>\n<\/ol>\n<\/li>\n<\/ol>\n<h3 class=\"\" data-start=\"796\" data-end=\"825\">Codificaci\u00f3 de colors:<\/h3>\n<ul data-start=\"826\" data-end=\"917\">\n<li class=\"\" data-start=\"826\" data-end=\"854\">\n<p class=\"\" data-start=\"828\" data-end=\"854\">\ud83d\udd35 <strong data-start=\"831\" data-end=\"844\">Verd (1):<\/strong> risc baix<\/p>\n<\/li>\n<li class=\"\" data-start=\"855\" data-end=\"886\">\n<p class=\"\" data-start=\"857\" data-end=\"886\">\ud83d\udfe1 <strong data-start=\"860\" data-end=\"873\">Groc (2):<\/strong> risc moderat<\/p>\n<\/li>\n<li class=\"\" data-start=\"887\" data-end=\"917\">\n<p class=\"\" data-start=\"889\" data-end=\"917\">\ud83d\udd34 <strong data-start=\"892\" data-end=\"908\">Vermell (3):<\/strong> risc alt<\/p>\n<\/li>\n<\/ul>\n<h3 data-start=\"919\" data-end=\"958\"><a href=\"https:\/\/agora.xtec.cat\/ceipsesmondolo\/wp-content\/uploads\/usu311\/2025\/05\/concentrador.jpg\"><img loading=\"lazy\" decoding=\"async\" class=\"alignnone size-large wp-image-10483\" src=\"https:\/\/agora.xtec.cat\/ceipsesmondolo\/wp-content\/uploads\/usu311\/2025\/05\/concentrador-1024x461.jpg\" alt=\"\" width=\"1024\" height=\"461\" srcset=\"https:\/\/agora.xtec.cat\/ceipsesmondolo\/wp-content\/uploads\/usu311\/2025\/05\/concentrador-1024x461.jpg 1024w, https:\/\/agora.xtec.cat\/ceipsesmondolo\/wp-content\/uploads\/usu311\/2025\/05\/concentrador-300x135.jpg 300w, https:\/\/agora.xtec.cat\/ceipsesmondolo\/wp-content\/uploads\/usu311\/2025\/05\/concentrador-768x346.jpg 768w, https:\/\/agora.xtec.cat\/ceipsesmondolo\/wp-content\/uploads\/usu311\/2025\/05\/concentrador-1536x691.jpg 1536w, https:\/\/agora.xtec.cat\/ceipsesmondolo\/wp-content\/uploads\/usu311\/2025\/05\/concentrador.jpg 1600w\" sizes=\"auto, (max-width: 1024px) 100vw, 1024px\" \/><\/a><\/h3>\n<h3 class=\"\" data-start=\"919\" data-end=\"958\">Qu\u00e8 \u00e9s una llista en aquest cas?<\/h3>\n<p class=\"\" data-start=\"959\" data-end=\"1129\">\u00c9s com una <strong data-start=\"970\" data-end=\"997\">caixa amb compartiments<\/strong>, on cada compartiment cont\u00e9 el risc d&#8217;una comarca. Quan arriba una nova dada, nom\u00e9s canviem el valor del compartiment corresponent.<\/p>\n<hr class=\"\" data-start=\"1131\" data-end=\"1134\" \/>\n<h3 class=\"\" data-start=\"1136\" data-end=\"1150\">Exemple<\/h3>\n<p class=\"\" data-start=\"1152\" data-end=\"1181\">Si tenim 3 comarques i rebem:<\/p>\n<ul data-start=\"1182\" data-end=\"1268\">\n<li class=\"\" data-start=\"1182\" data-end=\"1209\">\n<p class=\"\" data-start=\"1184\" data-end=\"1209\">Comarca 1\u2192 risc 1 (verd)<\/p>\n<\/li>\n<li class=\"\" data-start=\"1182\" data-end=\"1209\">\n<p class=\"\" data-start=\"1184\" data-end=\"1209\">Comarca 2 \u2192 risc 3 (vermell)<\/p>\n<\/li>\n<li class=\"\" data-start=\"1241\" data-end=\"1268\">\n<p class=\"\" data-start=\"1243\" data-end=\"1268\">Comarca 3 \u2192 risc 2 (groc)<\/p>\n<\/li>\n<\/ul>\n<p class=\"\" data-start=\"1270\" data-end=\"1394\">La llista quedar\u00e0 aix\u00ed: <code data-start=\"1294\" data-end=\"1305\">[1, 3, 2]<\/code><br data-start=\"1305\" data-end=\"1308\" \/>I a la tira de LEDs veurem veurem tres llums amb els colors verd, vermell i groc.<\/p>\n<h3 class=\"\" data-start=\"1136\" data-end=\"1150\">El cas treballat a la nostra escola<\/h3>\n<p>Esquema conceptual:<\/p>\n<p><a href=\"https:\/\/agora.xtec.cat\/ceipsesmondolo\/wp-content\/uploads\/usu311\/2025\/05\/pila-esquema-conceptual.jpg\"><img loading=\"lazy\" decoding=\"async\" class=\"wp-image-10490 aligncenter\" src=\"https:\/\/agora.xtec.cat\/ceipsesmondolo\/wp-content\/uploads\/usu311\/2025\/05\/pila-esquema-conceptual.jpg\" alt=\"\" width=\"516\" height=\"594\" srcset=\"https:\/\/agora.xtec.cat\/ceipsesmondolo\/wp-content\/uploads\/usu311\/2025\/05\/pila-esquema-conceptual.jpg 799w, https:\/\/agora.xtec.cat\/ceipsesmondolo\/wp-content\/uploads\/usu311\/2025\/05\/pila-esquema-conceptual-261x300.jpg 261w, https:\/\/agora.xtec.cat\/ceipsesmondolo\/wp-content\/uploads\/usu311\/2025\/05\/pila-esquema-conceptual-768x883.jpg 768w\" sizes=\"auto, (max-width: 516px) 100vw, 516px\" \/><\/a><\/p>\n<p><strong>&#8220;en iniciar&#8221;<\/strong><\/p>\n<p><a href=\"https:\/\/agora.xtec.cat\/ceipsesmondolo\/wp-content\/uploads\/usu311\/2025\/05\/en-iniciar-del-concentrador.jpg\"><img loading=\"lazy\" decoding=\"async\" class=\"wp-image-10456 aligncenter\" src=\"https:\/\/agora.xtec.cat\/ceipsesmondolo\/wp-content\/uploads\/usu311\/2025\/05\/en-iniciar-del-concentrador-1024x716.jpg\" alt=\"\" width=\"338\" height=\"236\" srcset=\"https:\/\/agora.xtec.cat\/ceipsesmondolo\/wp-content\/uploads\/usu311\/2025\/05\/en-iniciar-del-concentrador-1024x716.jpg 1024w, https:\/\/agora.xtec.cat\/ceipsesmondolo\/wp-content\/uploads\/usu311\/2025\/05\/en-iniciar-del-concentrador-300x210.jpg 300w, https:\/\/agora.xtec.cat\/ceipsesmondolo\/wp-content\/uploads\/usu311\/2025\/05\/en-iniciar-del-concentrador-768x537.jpg 768w, https:\/\/agora.xtec.cat\/ceipsesmondolo\/wp-content\/uploads\/usu311\/2025\/05\/en-iniciar-del-concentrador-1536x1074.jpg 1536w, https:\/\/agora.xtec.cat\/ceipsesmondolo\/wp-content\/uploads\/usu311\/2025\/05\/en-iniciar-del-concentrador.jpg 2004w\" sizes=\"auto, (max-width: 338px) 100vw, 338px\" \/><\/a><\/p>\n<p>D&#8217;aquesta manera es defineixen 4 \u00edtems.<\/p>\n<ol>\n<li>R\u00e0dio: el grup de radio &#8211;&gt; 1<\/li>\n<li>OLED: l&#8217;adre\u00e7a &#8220;60<sub>D<\/sub>&#8221; (3C<sub>H<\/sub>) de la pantalla OLED en el BUS I<sup>2<\/sup>C.<\/li>\n<li>Tira de LEDs: ell pin al que va connectada la tira de LEDs i la quantitat de neop\u00edxels.<\/li>\n<li>Llista: es determina la longitud de la &#8220;llista&#8221; i es posen totes les seves posicions a &#8220;0&#8221;<\/li>\n<\/ol>\n<p><strong>Recepci\u00f3 de r\u00e0dio.<\/strong><\/p>\n<p><a href=\"https:\/\/agora.xtec.cat\/ceipsesmondolo\/wp-content\/uploads\/usu311\/2025\/05\/Receptor-de-radio.jpg\"><img loading=\"lazy\" decoding=\"async\" class=\"wp-image-10458 aligncenter\" src=\"https:\/\/agora.xtec.cat\/ceipsesmondolo\/wp-content\/uploads\/usu311\/2025\/05\/Receptor-de-radio-1024x669.jpg\" alt=\"\" width=\"392\" height=\"256\" srcset=\"https:\/\/agora.xtec.cat\/ceipsesmondolo\/wp-content\/uploads\/usu311\/2025\/05\/Receptor-de-radio-1024x669.jpg 1024w, https:\/\/agora.xtec.cat\/ceipsesmondolo\/wp-content\/uploads\/usu311\/2025\/05\/Receptor-de-radio-300x196.jpg 300w, https:\/\/agora.xtec.cat\/ceipsesmondolo\/wp-content\/uploads\/usu311\/2025\/05\/Receptor-de-radio-768x502.jpg 768w, https:\/\/agora.xtec.cat\/ceipsesmondolo\/wp-content\/uploads\/usu311\/2025\/05\/Receptor-de-radio-1536x1003.jpg 1536w, https:\/\/agora.xtec.cat\/ceipsesmondolo\/wp-content\/uploads\/usu311\/2025\/05\/Receptor-de-radio.jpg 1614w\" sizes=\"auto, (max-width: 392px) 100vw, 392px\" \/><\/a><\/p>\n<p>De totes las comarques se reben missatges amb l&#8217;estructura clau:valor. La clau \u00e9s un missatge de text que indica la comarca i el valor \u00e9s missatge num\u00e8ric que indica el risc d&#8217;incendis de la comarca.<\/p>\n<p>Al rebre el missatge es fan les seg\u00fcents accions:<\/p>\n<ol>\n<li>Convertir el n\u00famero de la comarca que ens arriba en format text a format num\u00e8ric.<\/li>\n<li>Escriure en la casella de la llista de la comarca (n\u00famero comarca &#8211; 1) el valor de risc<\/li>\n<li>Mostrar en pantalla de LEDs de la micro:bit els valors rebuts.<\/li>\n<\/ol>\n<p><strong>Mostrar el contingut de la llista en la pantalla OLED<\/strong><\/p>\n<p><a href=\"https:\/\/agora.xtec.cat\/ceipsesmondolo\/wp-content\/uploads\/usu311\/2025\/05\/pantalla-OLED.jpg\"><img loading=\"lazy\" decoding=\"async\" class=\"size-large wp-image-10462 aligncenter\" src=\"https:\/\/agora.xtec.cat\/ceipsesmondolo\/wp-content\/uploads\/usu311\/2025\/05\/pantalla-OLED-389x1024.jpg\" alt=\"\" width=\"389\" height=\"1024\" srcset=\"https:\/\/agora.xtec.cat\/ceipsesmondolo\/wp-content\/uploads\/usu311\/2025\/05\/pantalla-OLED-389x1024.jpg 389w, https:\/\/agora.xtec.cat\/ceipsesmondolo\/wp-content\/uploads\/usu311\/2025\/05\/pantalla-OLED-114x300.jpg 114w, https:\/\/agora.xtec.cat\/ceipsesmondolo\/wp-content\/uploads\/usu311\/2025\/05\/pantalla-OLED.jpg 465w\" sizes=\"auto, (max-width: 389px) 100vw, 389px\" \/><\/a><\/p>\n<p><strong>Mostrar el estat de risc en la tira de LEDs<\/strong><\/p>\n<p><a href=\"https:\/\/agora.xtec.cat\/ceipsesmondolo\/wp-content\/uploads\/usu311\/2025\/05\/neoPixels.jpg\"><img loading=\"lazy\" decoding=\"async\" class=\"wp-image-10464 aligncenter\" src=\"https:\/\/agora.xtec.cat\/ceipsesmondolo\/wp-content\/uploads\/usu311\/2025\/05\/neoPixels.jpg\" alt=\"\" width=\"370\" height=\"501\" srcset=\"https:\/\/agora.xtec.cat\/ceipsesmondolo\/wp-content\/uploads\/usu311\/2025\/05\/neoPixels.jpg 676w, https:\/\/agora.xtec.cat\/ceipsesmondolo\/wp-content\/uploads\/usu311\/2025\/05\/neoPixels-221x300.jpg 221w\" sizes=\"auto, (max-width: 370px) 100vw, 370px\" \/><\/a><\/p>\n<p>&nbsp;<\/p>\n","protected":false},"excerpt":{"rendered":"<p>Control del risc d&#8217;incendis amb la micro:bit<br \/>\nEn aquest projecte, utilitzarem la micro:bit per vigilar el nivell de risc d&#8217;incendis de les comarques de Catalunya.<br \/>\nCada comarca envia per r\u00e0dio el seu nivell de risc al concentrador, que guarda els valors rebuts en una llista.<br \/>\nCom funciona?<\/p>\n<ol data-start=\"396\"&hellip;  <a href=\"https:\/\/agora.xtec.cat\/ceipsesmondolo\/steam\/microbit\/lluitador-del-foc-concentrador\/\" title=\"Read Lluitador del foc &#8211; Concentrador\">Llegeix m\u00e9s\u00bb<\/a><\/p>\n","protected":false},"author":36,"featured_media":0,"parent":8960,"menu_order":210,"comment_status":"closed","ping_status":"closed","template":"page-templates\/side-menu.php","meta":{"_bbp_topic_count":0,"_bbp_reply_count":0,"_bbp_total_topic_count":0,"_bbp_total_reply_count":0,"_bbp_voice_count":0,"_bbp_anonymous_reply_count":0,"_bbp_topic_count_hidden":0,"_bbp_reply_count_hidden":0,"_bbp_forum_subforum_count":0,"footnotes":""},"class_list":["post-10451","page","type-page","status-publish","hentry"],"post_mailing_queue_ids":[],"_links":{"self":[{"href":"https:\/\/agora.xtec.cat\/ceipsesmondolo\/wp-json\/wp\/v2\/pages\/10451","targetHints":{"allow":["GET"]}}],"collection":[{"href":"https:\/\/agora.xtec.cat\/ceipsesmondolo\/wp-json\/wp\/v2\/pages"}],"about":[{"href":"https:\/\/agora.xtec.cat\/ceipsesmondolo\/wp-json\/wp\/v2\/types\/page"}],"author":[{"embeddable":true,"href":"https:\/\/agora.xtec.cat\/ceipsesmondolo\/wp-json\/wp\/v2\/users\/36"}],"replies":[{"embeddable":true,"href":"https:\/\/agora.xtec.cat\/ceipsesmondolo\/wp-json\/wp\/v2\/comments?post=10451"}],"version-history":[{"count":6,"href":"https:\/\/agora.xtec.cat\/ceipsesmondolo\/wp-json\/wp\/v2\/pages\/10451\/revisions"}],"predecessor-version":[{"id":10504,"href":"https:\/\/agora.xtec.cat\/ceipsesmondolo\/wp-json\/wp\/v2\/pages\/10451\/revisions\/10504"}],"up":[{"embeddable":true,"href":"https:\/\/agora.xtec.cat\/ceipsesmondolo\/wp-json\/wp\/v2\/pages\/8960"}],"wp:attachment":[{"href":"https:\/\/agora.xtec.cat\/ceipsesmondolo\/wp-json\/wp\/v2\/media?parent=10451"}],"curies":[{"name":"wp","href":"https:\/\/api.w.org\/{rel}","templated":true}]}}