{"id":10367,"date":"2025-04-25T18:32:41","date_gmt":"2025-04-25T16:32:41","guid":{"rendered":"https:\/\/agora.xtec.cat\/ceipsesmondolo\/?page_id=10367"},"modified":"2025-04-25T18:40:27","modified_gmt":"2025-04-25T16:40:27","slug":"interruptors-en-un-passadis","status":"publish","type":"page","link":"https:\/\/agora.xtec.cat\/ceipsesmondolo\/steam\/tinkercad-circuitos\/interruptors-en-un-passadis\/","title":{"rendered":"Interruptors en un passad\u00eds"},"content":{"rendered":"<p data-pm-slice=\"1 1 []\">Tenim una bombeta en un passad\u00eds o en una escala i volem tenir dos interruptors als extrems del passad\u00eds o de l&#8217;escala per apagar o encendre la llum.<\/p>\n<p>Recordem primer, que en un circuit b\u00e0sic format per una <strong data-start=\"35\" data-end=\"43\">pila<\/strong>, una <strong data-start=\"49\" data-end=\"60\">bombeta<\/strong> i un <strong data-start=\"66\" data-end=\"81\">interruptor<\/strong>, els <strong data-start=\"87\" data-end=\"127\">electrons circulen en un cam\u00ed tancat<\/strong>. Anem a veure com funciona pas a pas:<\/p>\n<h3 class=\"\" data-start=\"167\" data-end=\"182\">Components:<\/h3>\n<ol data-start=\"183\" data-end=\"352\">\n<li class=\"\" data-start=\"183\" data-end=\"243\">\n<p class=\"\" data-start=\"186\" data-end=\"243\"><strong data-start=\"186\" data-end=\"194\">Pila<\/strong>: proporciona l&#8217;energia (la for\u00e7a electromotriu).<\/p>\n<\/li>\n<li class=\"\" data-start=\"244\" data-end=\"288\">\n<p class=\"\" data-start=\"247\" data-end=\"288\"><strong data-start=\"247\" data-end=\"262\">Interruptor<\/strong>: obre o tanca el circuit.<\/p>\n<\/li>\n<li class=\"\" data-start=\"289\" data-end=\"352\">\n<p class=\"\" data-start=\"292\" data-end=\"352\"><strong data-start=\"292\" data-end=\"303\">Bombeta<\/strong>: transforma l&#8217;energia el\u00e8ctrica en llum i calor.<\/p>\n<\/li>\n<\/ol>\n<hr class=\"\" data-start=\"354\" data-end=\"357\" \/>\n<h3 class=\"\" data-start=\"359\" data-end=\"389\">Circulaci\u00f3 dels electrons:<\/h3>\n<ol data-start=\"391\" data-end=\"991\">\n<li class=\"\" data-start=\"391\" data-end=\"835\">\n<p class=\"\" data-start=\"394\" data-end=\"446\"><strong data-start=\"394\" data-end=\"446\">Quan l&#8217;interruptor est\u00e0 tancat (circuit tancat):<\/strong><\/p>\n<ul data-start=\"450\" data-end=\"835\">\n<li class=\"\" data-start=\"450\" data-end=\"543\">\n<p class=\"\" data-start=\"452\" data-end=\"543\">Els <strong data-start=\"456\" data-end=\"503\">electrons surten del pol negatiu de la pila<\/strong> (que \u00e9s on hi ha un exc\u00e9s d&#8217;electrons).<\/p>\n<\/li>\n<li class=\"\" data-start=\"547\" data-end=\"605\">\n<p class=\"\" data-start=\"549\" data-end=\"605\">Viatgen pel fil conductor fins arribar a la <strong data-start=\"593\" data-end=\"604\">bombeta<\/strong>.<\/p>\n<\/li>\n<li class=\"\" data-start=\"609\" data-end=\"759\">\n<p class=\"\" data-start=\"611\" data-end=\"759\">En passar per la bombeta, els electrons <strong data-start=\"651\" data-end=\"687\">cedeixen part de la seva energia<\/strong> a la resist\u00e8ncia interna de la bombeta, que es <strong data-start=\"735\" data-end=\"758\">calenta i emet llum<\/strong>.<\/p>\n<\/li>\n<li class=\"\" data-start=\"763\" data-end=\"835\">\n<p class=\"\" data-start=\"765\" data-end=\"835\">Despr\u00e9s, continuen pel fil fins arribar al <strong data-start=\"808\" data-end=\"834\">pol positiu de la pila<\/strong>.<\/p>\n<\/li>\n<\/ul>\n<\/li>\n<li class=\"\" data-start=\"837\" data-end=\"991\">\n<p class=\"\" data-start=\"840\" data-end=\"890\"><strong data-start=\"840\" data-end=\"890\">Quan l&#8217;interruptor est\u00e0 obert (circuit obert):<\/strong><\/p>\n<ul data-start=\"894\" data-end=\"991\">\n<li class=\"\" data-start=\"894\" data-end=\"991\">\n<p class=\"\" data-start=\"896\" data-end=\"991\">El cam\u00ed est\u00e0 tallat, aix\u00ed que <strong data-start=\"926\" data-end=\"961\">els electrons no poden circular<\/strong>, i la bombeta <strong data-start=\"976\" data-end=\"990\">no s\u2019enc\u00e9n<\/strong>.<\/p>\n<\/li>\n<\/ul>\n<\/li>\n<\/ol>\n<hr class=\"\" data-start=\"993\" data-end=\"996\" \/>\n<h3 class=\"\" data-start=\"998\" data-end=\"1012\">Important:<\/h3>\n<ul data-start=\"1013\" data-end=\"1271\">\n<li class=\"\" data-start=\"1013\" data-end=\"1101\">\n<p class=\"\" data-start=\"1015\" data-end=\"1101\">El moviment dels <strong data-start=\"1032\" data-end=\"1051\">electrons reals<\/strong> va del <strong data-start=\"1059\" data-end=\"1089\">pol negatiu al pol positiu<\/strong> de la pila.<\/p>\n<\/li>\n<li class=\"\" data-start=\"1102\" data-end=\"1271\">\n<p class=\"\" data-start=\"1104\" data-end=\"1271\">Per\u00f2, tradicionalment, en els dibuixos i esquemes el\u00e8ctrics, es diu que el <strong data-start=\"1179\" data-end=\"1199\">corrent el\u00e8ctric<\/strong> va del <strong data-start=\"1207\" data-end=\"1233\">pol positiu al negatiu<\/strong> (aix\u00f2 es diu &#8220;corrent convencional&#8221;).<\/p>\n<\/li>\n<\/ul>\n<p>Ara anem al nostre cas. El esquema simplificat de la instal\u00b7laci\u00f3 a realitzar seria:<\/p>\n<p><a href=\"https:\/\/agora.xtec.cat\/ceipsesmondolo\/wp-content\/uploads\/usu311\/2025\/04\/Esquema-pasillo.jpg\"><img loading=\"lazy\" decoding=\"async\" class=\"wp-image-10371 aligncenter\" src=\"https:\/\/agora.xtec.cat\/ceipsesmondolo\/wp-content\/uploads\/usu311\/2025\/04\/Esquema-pasillo.jpg\" alt=\"\" width=\"442\" height=\"266\" srcset=\"https:\/\/agora.xtec.cat\/ceipsesmondolo\/wp-content\/uploads\/usu311\/2025\/04\/Esquema-pasillo.jpg 745w, https:\/\/agora.xtec.cat\/ceipsesmondolo\/wp-content\/uploads\/usu311\/2025\/04\/Esquema-pasillo-300x180.jpg 300w\" sizes=\"auto, (max-width: 442px) 100vw, 442px\" \/><\/a><\/p>\n<p>Funcionaria?<\/p>\n<p>I a tinkercad, podriem simular-lo amb aquest esquema?<\/p>\n<p><a href=\"https:\/\/agora.xtec.cat\/ceipsesmondolo\/wp-content\/uploads\/usu311\/2025\/04\/TinkercadPasillo.jpg\"><img loading=\"lazy\" decoding=\"async\" class=\"wp-image-10373 aligncenter\" src=\"https:\/\/agora.xtec.cat\/ceipsesmondolo\/wp-content\/uploads\/usu311\/2025\/04\/TinkercadPasillo.jpg\" alt=\"\" width=\"488\" height=\"337\" srcset=\"https:\/\/agora.xtec.cat\/ceipsesmondolo\/wp-content\/uploads\/usu311\/2025\/04\/TinkercadPasillo.jpg 940w, https:\/\/agora.xtec.cat\/ceipsesmondolo\/wp-content\/uploads\/usu311\/2025\/04\/TinkercadPasillo-300x207.jpg 300w, https:\/\/agora.xtec.cat\/ceipsesmondolo\/wp-content\/uploads\/usu311\/2025\/04\/TinkercadPasillo-768x530.jpg 768w\" sizes=\"auto, (max-width: 488px) 100vw, 488px\" \/><\/a><\/p>\n<p>Anem a fer-lo!<\/p>\n","protected":false},"excerpt":{"rendered":"<p>Tenim una bombeta en un passad\u00eds o en una escala i volem tenir dos interruptors als extrems del passad\u00eds o de l&#8217;escala per apagar o encendre la llum.<br \/>\nRecordem primer, que en un circuit b\u00e0sic format per una pila, una bombeta i un interruptor, els electrons&hellip;  <a href=\"https:\/\/agora.xtec.cat\/ceipsesmondolo\/steam\/tinkercad-circuitos\/interruptors-en-un-passadis\/\" title=\"Read Interruptors en un passad\u00eds\">Llegeix m\u00e9s\u00bb<\/a><\/p>\n","protected":false},"author":36,"featured_media":0,"parent":9039,"menu_order":30,"comment_status":"closed","ping_status":"closed","template":"page-templates\/side-menu.php","meta":{"_bbp_topic_count":0,"_bbp_reply_count":0,"_bbp_total_topic_count":0,"_bbp_total_reply_count":0,"_bbp_voice_count":0,"_bbp_anonymous_reply_count":0,"_bbp_topic_count_hidden":0,"_bbp_reply_count_hidden":0,"_bbp_forum_subforum_count":0,"footnotes":""},"class_list":["post-10367","page","type-page","status-publish","hentry"],"post_mailing_queue_ids":[],"_links":{"self":[{"href":"https:\/\/agora.xtec.cat\/ceipsesmondolo\/wp-json\/wp\/v2\/pages\/10367","targetHints":{"allow":["GET"]}}],"collection":[{"href":"https:\/\/agora.xtec.cat\/ceipsesmondolo\/wp-json\/wp\/v2\/pages"}],"about":[{"href":"https:\/\/agora.xtec.cat\/ceipsesmondolo\/wp-json\/wp\/v2\/types\/page"}],"author":[{"embeddable":true,"href":"https:\/\/agora.xtec.cat\/ceipsesmondolo\/wp-json\/wp\/v2\/users\/36"}],"replies":[{"embeddable":true,"href":"https:\/\/agora.xtec.cat\/ceipsesmondolo\/wp-json\/wp\/v2\/comments?post=10367"}],"version-history":[{"count":6,"href":"https:\/\/agora.xtec.cat\/ceipsesmondolo\/wp-json\/wp\/v2\/pages\/10367\/revisions"}],"predecessor-version":[{"id":10375,"href":"https:\/\/agora.xtec.cat\/ceipsesmondolo\/wp-json\/wp\/v2\/pages\/10367\/revisions\/10375"}],"up":[{"embeddable":true,"href":"https:\/\/agora.xtec.cat\/ceipsesmondolo\/wp-json\/wp\/v2\/pages\/9039"}],"wp:attachment":[{"href":"https:\/\/agora.xtec.cat\/ceipsesmondolo\/wp-json\/wp\/v2\/media?parent=10367"}],"curies":[{"name":"wp","href":"https:\/\/api.w.org\/{rel}","templated":true}]}}