{"id":10293,"date":"2025-04-06T22:22:15","date_gmt":"2025-04-06T20:22:15","guid":{"rendered":"https:\/\/agora.xtec.cat\/ceipsesmondolo\/?page_id=10293"},"modified":"2025-04-25T10:33:22","modified_gmt":"2025-04-25T08:33:22","slug":"soporte-microshield","status":"publish","type":"page","link":"https:\/\/agora.xtec.cat\/ceipsesmondolo\/steam\/tinkercad-imatges-3d\/soporte-microshield\/","title":{"rendered":"Soporte microshield"},"content":{"rendered":"<p>El soporte de la placa microshield ha sido en primera instancia dise\u00f1ado por la escuela Xorigu\u00e8 de Centelles. Ahora ha sido &#8220;tuneado&#8221; por nuestra escuela Sesmon y es la versi\u00f3n STL que mostramos a continuaci\u00f3n:<\/p>\n<p><a href=\"https:\/\/agora.xtec.cat\/ceipsesmondolo\/wp-content\/uploads\/usu311\/2025\/04\/Soporte-placa-microshield.jpg\"><img loading=\"lazy\" decoding=\"async\" class=\"wp-image-10361 aligncenter\" src=\"https:\/\/agora.xtec.cat\/ceipsesmondolo\/wp-content\/uploads\/usu311\/2025\/04\/Soporte-placa-microshield.jpg\" alt=\"\" width=\"502\" height=\"386\" srcset=\"https:\/\/agora.xtec.cat\/ceipsesmondolo\/wp-content\/uploads\/usu311\/2025\/04\/Soporte-placa-microshield.jpg 1018w, https:\/\/agora.xtec.cat\/ceipsesmondolo\/wp-content\/uploads\/usu311\/2025\/04\/Soporte-placa-microshield-300x231.jpg 300w, https:\/\/agora.xtec.cat\/ceipsesmondolo\/wp-content\/uploads\/usu311\/2025\/04\/Soporte-placa-microshield-768x591.jpg 768w\" sizes=\"auto, (max-width: 502px) 100vw, 502px\" \/><\/a><\/p>\n<p>El fichero STL se puede descargar desde <a href=\"https:\/\/drive.google.com\/file\/d\/1s_qclPdInU_c38Rc1TMovNY71wYhBL4M\/view?usp=drive_link\">aqu\u00ed:<\/a><\/p>\n<p>https:\/\/drive.google.com\/file\/d\/1s_qclPdInU_c38Rc1TMovNY71wYhBL4M\/view?usp=drive_link<\/p>\n<p>&nbsp;<\/p>\n<p>&nbsp;<\/p>\n","protected":false},"excerpt":{"rendered":"<p>El soporte de la placa microshield ha sido en primera instancia dise\u00f1ado por la escuela Xorigu\u00e8 de Centelles. Ahora ha sido &#8220;tuneado&#8221; por nuestra escuela Sesmon y es la versi\u00f3n STL que mostramos a continuaci\u00f3n:<br \/>\n<a href=\"https:\/\/agora.xtec.cat\/ceipsesmondolo\/wp-content\/uploads\/usu311\/2025\/04\/Soporte-placa-microshield.jpg\"><\/a><br \/>\nEl fichero STL se puede descargar desde <a href=\"https:\/\/drive.google.com\/file\/d\/1s_qclPdInU_c38Rc1TMovNY71wYhBL4M\/view?usp=drive_link\">aqu\u00ed:<\/a><br \/>\nhttps:\/\/drive.google.com\/file\/d\/1s_qclPdInU_c38Rc1TMovNY71wYhBL4M\/view?usp=drive_link<br \/>\n&nbsp;<br \/>\n&nbsp;<\/p>\n","protected":false},"author":36,"featured_media":0,"parent":10152,"menu_order":40,"comment_status":"closed","ping_status":"closed","template":"page-templates\/side-menu.php","meta":{"_bbp_topic_count":0,"_bbp_reply_count":0,"_bbp_total_topic_count":0,"_bbp_total_reply_count":0,"_bbp_voice_count":0,"_bbp_anonymous_reply_count":0,"_bbp_topic_count_hidden":0,"_bbp_reply_count_hidden":0,"_bbp_forum_subforum_count":0,"footnotes":""},"class_list":["post-10293","page","type-page","status-publish","hentry"],"post_mailing_queue_ids":[],"_links":{"self":[{"href":"https:\/\/agora.xtec.cat\/ceipsesmondolo\/wp-json\/wp\/v2\/pages\/10293","targetHints":{"allow":["GET"]}}],"collection":[{"href":"https:\/\/agora.xtec.cat\/ceipsesmondolo\/wp-json\/wp\/v2\/pages"}],"about":[{"href":"https:\/\/agora.xtec.cat\/ceipsesmondolo\/wp-json\/wp\/v2\/types\/page"}],"author":[{"embeddable":true,"href":"https:\/\/agora.xtec.cat\/ceipsesmondolo\/wp-json\/wp\/v2\/users\/36"}],"replies":[{"embeddable":true,"href":"https:\/\/agora.xtec.cat\/ceipsesmondolo\/wp-json\/wp\/v2\/comments?post=10293"}],"version-history":[{"count":4,"href":"https:\/\/agora.xtec.cat\/ceipsesmondolo\/wp-json\/wp\/v2\/pages\/10293\/revisions"}],"predecessor-version":[{"id":10363,"href":"https:\/\/agora.xtec.cat\/ceipsesmondolo\/wp-json\/wp\/v2\/pages\/10293\/revisions\/10363"}],"up":[{"embeddable":true,"href":"https:\/\/agora.xtec.cat\/ceipsesmondolo\/wp-json\/wp\/v2\/pages\/10152"}],"wp:attachment":[{"href":"https:\/\/agora.xtec.cat\/ceipsesmondolo\/wp-json\/wp\/v2\/media?parent=10293"}],"curies":[{"name":"wp","href":"https:\/\/api.w.org\/{rel}","templated":true}]}}