{"id":10250,"date":"2025-04-06T00:42:36","date_gmt":"2025-04-05T22:42:36","guid":{"rendered":"https:\/\/agora.xtec.cat\/ceipsesmondolo\/?page_id=10250"},"modified":"2025-05-05T18:41:25","modified_gmt":"2025-05-05T16:41:25","slug":"riego-de-una-planta","status":"publish","type":"page","link":"https:\/\/agora.xtec.cat\/ceipsesmondolo\/steam\/microbit\/riego-de-una-planta\/","title":{"rendered":"Riego de una planta con bomba de agua"},"content":{"rendered":"<p><strong>Riego manual.<\/strong><\/p>\n<p style=\"text-align: left;\">Queremos que al presionar el bot\u00f3n A de la micro:bit se active el riego y al presionar el bot\u00f3n B se detenga el riego.<\/p>\n<table class=\" aligncenter\" style=\"border-collapse: collapse; width: 69.6944%;\">\n<tbody>\n<tr>\n<td style=\"width: 45.3015%;\"><a href=\"https:\/\/agora.xtec.cat\/ceipsesmondolo\/wp-content\/uploads\/usu311\/2025\/04\/Reg-manual-1.jpg\"><img loading=\"lazy\" decoding=\"async\" class=\"alignnone wp-image-10269 aligncenter\" src=\"https:\/\/agora.xtec.cat\/ceipsesmondolo\/wp-content\/uploads\/usu311\/2025\/04\/Reg-manual-1.jpg\" alt=\"\" width=\"473\" height=\"507\" srcset=\"https:\/\/agora.xtec.cat\/ceipsesmondolo\/wp-content\/uploads\/usu311\/2025\/04\/Reg-manual-1.jpg 876w, https:\/\/agora.xtec.cat\/ceipsesmondolo\/wp-content\/uploads\/usu311\/2025\/04\/Reg-manual-1-280x300.jpg 280w, https:\/\/agora.xtec.cat\/ceipsesmondolo\/wp-content\/uploads\/usu311\/2025\/04\/Reg-manual-1-768x824.jpg 768w\" sizes=\"auto, (max-width: 473px) 100vw, 473px\" \/><\/a><\/td>\n<td style=\"width: 24.3931%;\"><a href=\"https:\/\/agora.xtec.cat\/ceipsesmondolo\/wp-content\/uploads\/usu311\/2025\/04\/reg-manual-programacio.jpg\"><img loading=\"lazy\" decoding=\"async\" class=\"alignnone wp-image-10282\" src=\"https:\/\/agora.xtec.cat\/ceipsesmondolo\/wp-content\/uploads\/usu311\/2025\/04\/reg-manual-programacio.jpg\" alt=\"\" width=\"273\" height=\"284\" srcset=\"https:\/\/agora.xtec.cat\/ceipsesmondolo\/wp-content\/uploads\/usu311\/2025\/04\/reg-manual-programacio.jpg 595w, https:\/\/agora.xtec.cat\/ceipsesmondolo\/wp-content\/uploads\/usu311\/2025\/04\/reg-manual-programacio-288x300.jpg 288w\" sizes=\"auto, (max-width: 273px) 100vw, 273px\" \/><\/a><\/td>\n<\/tr>\n<\/tbody>\n<\/table>\n<p>Nota: Es muy importante que al iniciarse el programa se tenga la certeza que no se activa el riego, es por ello que el bloque &#8220;en iniciar&#8221; ordene al rel\u00e9 que no alimente a la bomba de agua.\u00a0Es decir, el Pin 12 que es el que se utilizar\u00e1 para controlar el rel\u00e9 &#8220;en iniciar&#8221; nos aseguraremos que est\u00e1 a 0.<\/p>\n<p>A continuaci\u00f3n, como se observa en la programaci\u00f3n el bot\u00f3n &#8220;A&#8221; hace que el Pin 12 (Se\u00f1al) pase a 1 (Hight), y en consecuencia el rel\u00e9 cierra el circuito de la bomba.<\/p>\n<p><strong>Riego autom\u00e1tico + manual opcional.<\/strong><\/p>\n<p>Se desea que se active el riego cuando el sensor de humedad del tierra nos indique que la tierra de la maceta est\u00e1 bastante seca. Procederemos como sigue.<\/p>\n<p><a href=\"https:\/\/agora.xtec.cat\/ceipsesmondolo\/wp-content\/uploads\/usu311\/2025\/04\/Sensor-humedad-mas-bomba.jpg\"><img loading=\"lazy\" decoding=\"async\" class=\"wp-image-10319 aligncenter\" src=\"https:\/\/agora.xtec.cat\/ceipsesmondolo\/wp-content\/uploads\/usu311\/2025\/04\/Sensor-humedad-mas-bomba.jpg\" alt=\"\" width=\"493\" height=\"506\" srcset=\"https:\/\/agora.xtec.cat\/ceipsesmondolo\/wp-content\/uploads\/usu311\/2025\/04\/Sensor-humedad-mas-bomba.jpg 904w, https:\/\/agora.xtec.cat\/ceipsesmondolo\/wp-content\/uploads\/usu311\/2025\/04\/Sensor-humedad-mas-bomba-292x300.jpg 292w, https:\/\/agora.xtec.cat\/ceipsesmondolo\/wp-content\/uploads\/usu311\/2025\/04\/Sensor-humedad-mas-bomba-768x788.jpg 768w\" sizes=\"auto, (max-width: 493px) 100vw, 493px\" \/><\/a><\/p>\n<p>&nbsp;<\/p>\n<p><strong>Cual debe ser el valor de la humedad que determine que se ha de regar?<\/strong><\/p>\n<p>Para una planta ornamental en condiciones normales, un valor razonable para automatizar el riego en funci\u00f3n de la humedad del suelo (0 a 100, donde 0 es completamente seco y 100 es completamente mojado) suele estar entre: 30 y 40. Este rango indica que el suelo empieza a secarse, pero a\u00fan no est\u00e1 completamente seco. Es un buen momento para activar el riego sin esperar a que la planta sufra estr\u00e9s h\u00eddrico.<\/p>\n<p>\u00bfC\u00f3mo ajustar este umbral?<\/p>\n<ul>\n<li>Plantas m\u00e1s delicadas o tropicales: puedes subir el umbral a 40-50.<\/li>\n<li>Plantas resistentes o faciles de cuidar: puedes bajarlo a 20-30 para evitar exceso de riego.<\/li>\n<\/ul>\n<p>Consejo extra:<\/p>\n<p>Si se tiene la opci\u00f3n, se mide c\u00f3mo responde la planta los primeros d\u00edas. Si el encendido del riego se realiza cuando el sensor indica que la humedad es menor que el 35% y se observa\u00a0 que la tierra est\u00e1 todav\u00eda h\u00fameda al tacto, se puede bajar\u00a0 el umbral.<\/p>\n<p>En la programaci\u00f3n que se detalla a continuaci\u00f3n, se hace uso de una variable (sem\u00e1foro) para controlar la bomba en modo manual o autom\u00e1tico.<\/p>\n<p><a href=\"https:\/\/agora.xtec.cat\/ceipsesmondolo\/wp-content\/uploads\/usu311\/2025\/04\/Reg-automatic-i-manual.jpg\"><img loading=\"lazy\" decoding=\"async\" class=\"alignnone size-large wp-image-10313\" src=\"https:\/\/agora.xtec.cat\/ceipsesmondolo\/wp-content\/uploads\/usu311\/2025\/04\/Reg-automatic-i-manual-1024x632.jpg\" alt=\"\" width=\"1024\" height=\"632\" srcset=\"https:\/\/agora.xtec.cat\/ceipsesmondolo\/wp-content\/uploads\/usu311\/2025\/04\/Reg-automatic-i-manual-1024x632.jpg 1024w, https:\/\/agora.xtec.cat\/ceipsesmondolo\/wp-content\/uploads\/usu311\/2025\/04\/Reg-automatic-i-manual-300x185.jpg 300w, https:\/\/agora.xtec.cat\/ceipsesmondolo\/wp-content\/uploads\/usu311\/2025\/04\/Reg-automatic-i-manual-768x474.jpg 768w, https:\/\/agora.xtec.cat\/ceipsesmondolo\/wp-content\/uploads\/usu311\/2025\/04\/Reg-automatic-i-manual-1536x948.jpg 1536w, https:\/\/agora.xtec.cat\/ceipsesmondolo\/wp-content\/uploads\/usu311\/2025\/04\/Reg-automatic-i-manual-2048x1264.jpg 2048w\" sizes=\"auto, (max-width: 1024px) 100vw, 1024px\" \/><\/a><\/p>\n<p>Si se desea alargar la vida del sensor de humedad, como se ha visto en otros talleres, deber\u00edamos suministrar energ\u00eda al sensor de humedad solo durante el tiempo que medimos la humedad de la tierra de la maceta. Utilizaremos el Pin 1 para suministrar esta energ\u00eda seg\u00fan se ve en la modificaci\u00f3n que hemos introducido en la programaci\u00f3n anterior. Es decir los VCC del sensor no se conectar\u00e1 a ning\u00fan pin rojo de la placa microshield, si no que se conectar\u00e1 a la se\u00f1al del Pin 1<\/p>\n<p><a href=\"https:\/\/agora.xtec.cat\/ceipsesmondolo\/wp-content\/uploads\/usu311\/2025\/04\/Sensor-de-humedad-protegido.jpg\"><img loading=\"lazy\" decoding=\"async\" class=\"alignnone size-large wp-image-10317\" src=\"https:\/\/agora.xtec.cat\/ceipsesmondolo\/wp-content\/uploads\/usu311\/2025\/04\/Sensor-de-humedad-protegido-1024x466.jpg\" alt=\"\" width=\"1024\" height=\"466\" srcset=\"https:\/\/agora.xtec.cat\/ceipsesmondolo\/wp-content\/uploads\/usu311\/2025\/04\/Sensor-de-humedad-protegido-1024x466.jpg 1024w, https:\/\/agora.xtec.cat\/ceipsesmondolo\/wp-content\/uploads\/usu311\/2025\/04\/Sensor-de-humedad-protegido-300x137.jpg 300w, https:\/\/agora.xtec.cat\/ceipsesmondolo\/wp-content\/uploads\/usu311\/2025\/04\/Sensor-de-humedad-protegido-768x350.jpg 768w, https:\/\/agora.xtec.cat\/ceipsesmondolo\/wp-content\/uploads\/usu311\/2025\/04\/Sensor-de-humedad-protegido-1536x699.jpg 1536w, https:\/\/agora.xtec.cat\/ceipsesmondolo\/wp-content\/uploads\/usu311\/2025\/04\/Sensor-de-humedad-protegido.jpg 2017w\" sizes=\"auto, (max-width: 1024px) 100vw, 1024px\" \/><\/a><\/p>\n<p>Observacion: Siempre que se tome el control manual, si se desea se puede presionar el boton &#8220;reset&#8221; de la placa micro:bit y todo lo programado comienzara desde el inicio.<\/p>\n<p class=\"\" data-start=\"91\" data-end=\"148\"><strong data-start=\"91\" data-end=\"148\">RESUM<\/strong><\/p>\n<p class=\"\" data-start=\"91\" data-end=\"148\"><strong data-start=\"91\" data-end=\"148\">Activaci\u00f3 del reg autom\u00e0tic segons la humitat del s\u00f2l<\/strong><\/p>\n<p class=\"\" data-start=\"150\" data-end=\"421\">A l&#8217;escola de prim\u00e0ria d&#8217;Ol\u00f3 estem treballant en un projecte de reg autom\u00e0tic amb la micro:bit. Hem fet servir un sensor d&#8217;humitat del s\u00f2l que hem calibrat perqu\u00e8 ens doni un valor entre 0 i 100, on 0 representa el s\u00f2l completament sec i 100 representa el s\u00f2l molt humit.<\/p>\n<p class=\"\" data-start=\"423\" data-end=\"799\">Un cop calibrat, hem decidit establir un llindar per activar el reg autom\u00e0tic. Despr\u00e9s d&#8217;observar el comportament del sensor i fer diverses proves amb diferents nivells d&#8217;humitat, hem considerat que un bon moment per regar \u00e9s quan la humitat baixa del <strong data-start=\"675\" data-end=\"682\">35%<\/strong>. D&#8217;aquesta manera, assegurem que la planta rep aigua abans que el s\u00f2l estigui massa sec, per\u00f2 sense malgastar l&#8217;aigua.<\/p>\n<p class=\"\" data-start=\"801\" data-end=\"1039\">Amb aquest criteri, el sistema activa el reg quan el valor del sensor \u00e9s inferior a 30 i l&#8217;atura quan la humitat puja per sobre d&#8217;aquest nivell. Aquesta automatitzaci\u00f3 ens ajuda a tenir cura de les plantes de manera eficient i sostenible.<\/p>\n<p data-start=\"801\" data-end=\"1039\">\n","protected":false},"excerpt":{"rendered":"<p>Riego manual.<br \/>\nQueremos que al presionar el bot\u00f3n A de la micro:bit se active el riego y al presionar el bot\u00f3n B se detenga el riego.<\/p>\n<p><a href=\"https:\/\/agora.xtec.cat\/ceipsesmondolo\/wp-content\/uploads\/usu311\/2025\/04\/Reg-manual-1.jpg\"><\/a><br \/>\n<a href=\"https:\/\/agora.xtec.cat\/ceipsesmondolo\/wp-content\/uploads\/usu311\/2025\/04\/reg-manual-programacio.jpg\"><\/a><\/p>\n<p>Nota: Es muy importante que al iniciarse el programa se tenga la certeza que no se activa el riego,&hellip;  <a href=\"https:\/\/agora.xtec.cat\/ceipsesmondolo\/steam\/microbit\/riego-de-una-planta\/\" title=\"Read Riego de una planta con bomba de agua\">Llegeix m\u00e9s\u00bb<\/a><\/p>\n","protected":false},"author":36,"featured_media":0,"parent":8960,"menu_order":80,"comment_status":"closed","ping_status":"closed","template":"page-templates\/side-menu.php","meta":{"_bbp_topic_count":0,"_bbp_reply_count":0,"_bbp_total_topic_count":0,"_bbp_total_reply_count":0,"_bbp_voice_count":0,"_bbp_anonymous_reply_count":0,"_bbp_topic_count_hidden":0,"_bbp_reply_count_hidden":0,"_bbp_forum_subforum_count":0,"footnotes":""},"class_list":["post-10250","page","type-page","status-publish","hentry"],"post_mailing_queue_ids":[],"_links":{"self":[{"href":"https:\/\/agora.xtec.cat\/ceipsesmondolo\/wp-json\/wp\/v2\/pages\/10250","targetHints":{"allow":["GET"]}}],"collection":[{"href":"https:\/\/agora.xtec.cat\/ceipsesmondolo\/wp-json\/wp\/v2\/pages"}],"about":[{"href":"https:\/\/agora.xtec.cat\/ceipsesmondolo\/wp-json\/wp\/v2\/types\/page"}],"author":[{"embeddable":true,"href":"https:\/\/agora.xtec.cat\/ceipsesmondolo\/wp-json\/wp\/v2\/users\/36"}],"replies":[{"embeddable":true,"href":"https:\/\/agora.xtec.cat\/ceipsesmondolo\/wp-json\/wp\/v2\/comments?post=10250"}],"version-history":[{"count":6,"href":"https:\/\/agora.xtec.cat\/ceipsesmondolo\/wp-json\/wp\/v2\/pages\/10250\/revisions"}],"predecessor-version":[{"id":10498,"href":"https:\/\/agora.xtec.cat\/ceipsesmondolo\/wp-json\/wp\/v2\/pages\/10250\/revisions\/10498"}],"up":[{"embeddable":true,"href":"https:\/\/agora.xtec.cat\/ceipsesmondolo\/wp-json\/wp\/v2\/pages\/8960"}],"wp:attachment":[{"href":"https:\/\/agora.xtec.cat\/ceipsesmondolo\/wp-json\/wp\/v2\/media?parent=10250"}],"curies":[{"name":"wp","href":"https:\/\/api.w.org\/{rel}","templated":true}]}}