{"id":10179,"date":"2025-03-31T16:23:53","date_gmt":"2025-03-31T14:23:53","guid":{"rendered":"https:\/\/agora.xtec.cat\/ceipsesmondolo\/?page_id=10179"},"modified":"2025-04-09T11:17:44","modified_gmt":"2025-04-09T09:17:44","slug":"sensor-temperatura-vii","status":"publish","type":"page","link":"https:\/\/agora.xtec.cat\/ceipsesmondolo\/steam\/microbit\/sensor-temperatura-vii\/","title":{"rendered":"Temperatura &#8211; OLED"},"content":{"rendered":"<p>En esta pr\u00e1ctica se repetir\u00e1 la l\u00f3gica empleada para mostrar la temperatura actual, donde se encuentre la placa microbit, as\u00ed como mostrar\u00e1 la m\u00e1xima temperatura y m\u00ednima temperatura registrada.<\/p>\n<p>Los valores de temperatura:<\/p>\n<ul>\n<li>Actual<\/li>\n<li>M\u00e1xima<\/li>\n<li>M\u00ednima<\/li>\n<\/ul>\n<p><strong><a href=\"https:\/\/agora.xtec.cat\/ceipsesmondolo\/steam\/recursos-steam\/pantalla-oled\/\">se mostrar\u00e1n en la pantalla OLED<\/a>.<\/strong><\/p>\n<p>Recordem que makecode requiere per manipular la pantalla OLED la extensi\u00f3n OLED12864_I2C.<\/p>\n<p><a href=\"https:\/\/agora.xtec.cat\/ceipsesmondolo\/wp-content\/uploads\/usu311\/2024\/08\/OLED12864_I2C.png\"><img loading=\"lazy\" decoding=\"async\" class=\"wp-image-9162 aligncenter\" src=\"https:\/\/agora.xtec.cat\/ceipsesmondolo\/wp-content\/uploads\/usu311\/2024\/08\/OLED12864_I2C.png\" sizes=\"auto, (max-width: 277px) 100vw, 277px\" srcset=\"https:\/\/agora.xtec.cat\/ceipsesmondolo\/wp-content\/uploads\/usu311\/2024\/08\/OLED12864_I2C.png 552w, https:\/\/agora.xtec.cat\/ceipsesmondolo\/wp-content\/uploads\/usu311\/2024\/08\/OLED12864_I2C-300x253.png 300w\" alt=\"\" width=\"277\" height=\"234\" \/><\/a><\/p>\n<p>En la secci\u00f3 &#8220;en iniciar&#8221; se indicar\u00e1 la direcci\u00f3n de la pantalla OLED (60) en la l\u00ednea de elementos I2C y se activar\u00e1n los valores de temperatura m\u00e1xima y m\u00ednima en el momento de arrancar el programa.<\/p>\n<p><a href=\"https:\/\/agora.xtec.cat\/ceipsesmondolo\/wp-content\/uploads\/usu311\/2025\/03\/Init.jpg\"><img loading=\"lazy\" decoding=\"async\" class=\"alignnone wp-image-10186\" src=\"https:\/\/agora.xtec.cat\/ceipsesmondolo\/wp-content\/uploads\/usu311\/2025\/03\/Init.jpg\" alt=\"\" width=\"372\" height=\"154\" srcset=\"https:\/\/agora.xtec.cat\/ceipsesmondolo\/wp-content\/uploads\/usu311\/2025\/03\/Init.jpg 856w, https:\/\/agora.xtec.cat\/ceipsesmondolo\/wp-content\/uploads\/usu311\/2025\/03\/Init-300x124.jpg 300w, https:\/\/agora.xtec.cat\/ceipsesmondolo\/wp-content\/uploads\/usu311\/2025\/03\/Init-768x318.jpg 768w\" sizes=\"auto, (max-width: 372px) 100vw, 372px\" \/><\/a><\/p>\n<p>El programa de manera permanente ir\u00e1 sensorizando la temperatura actual, decidiendo si la temperatura \u00e9s una temperatura m\u00e1xima o m\u00ednima y se mostraran estos\u00a0 valores en la pantalla OLED.<\/p>\n<p><a href=\"https:\/\/agora.xtec.cat\/ceipsesmondolo\/wp-content\/uploads\/usu311\/2025\/04\/Temperatura-OLED.jpg\"><img loading=\"lazy\" decoding=\"async\" class=\"alignnone size-large wp-image-10204\" src=\"https:\/\/agora.xtec.cat\/ceipsesmondolo\/wp-content\/uploads\/usu311\/2025\/04\/Temperatura-OLED-699x1024.jpg\" alt=\"\" width=\"699\" height=\"1024\" srcset=\"https:\/\/agora.xtec.cat\/ceipsesmondolo\/wp-content\/uploads\/usu311\/2025\/04\/Temperatura-OLED-699x1024.jpg 699w, https:\/\/agora.xtec.cat\/ceipsesmondolo\/wp-content\/uploads\/usu311\/2025\/04\/Temperatura-OLED-205x300.jpg 205w, https:\/\/agora.xtec.cat\/ceipsesmondolo\/wp-content\/uploads\/usu311\/2025\/04\/Temperatura-OLED-768x1125.jpg 768w, https:\/\/agora.xtec.cat\/ceipsesmondolo\/wp-content\/uploads\/usu311\/2025\/04\/Temperatura-OLED.jpg 924w\" sizes=\"auto, (max-width: 699px) 100vw, 699px\" \/><\/a><\/p>\n<p>Para mostrar las temperaturas y hacer m\u00e1s amigable la secuencia &#8220;per sempre&#8221; se han utilizado funciones, una funci\u00f3n para mostrar un texto o para mostrar un n\u00famero (variable) a partir de unas coordenadas<em><strong> x<\/strong><\/em> ,\u00a0<em><strong>y<\/strong><\/em>.<\/p>\n<p><a href=\"https:\/\/agora.xtec.cat\/ceipsesmondolo\/wp-content\/uploads\/usu311\/2025\/03\/Funcions.jpg\"><img loading=\"lazy\" decoding=\"async\" class=\"alignnone wp-image-10190\" src=\"https:\/\/agora.xtec.cat\/ceipsesmondolo\/wp-content\/uploads\/usu311\/2025\/03\/Funcions.jpg\" alt=\"\" width=\"398\" height=\"503\" srcset=\"https:\/\/agora.xtec.cat\/ceipsesmondolo\/wp-content\/uploads\/usu311\/2025\/03\/Funcions.jpg 772w, https:\/\/agora.xtec.cat\/ceipsesmondolo\/wp-content\/uploads\/usu311\/2025\/03\/Funcions-238x300.jpg 238w, https:\/\/agora.xtec.cat\/ceipsesmondolo\/wp-content\/uploads\/usu311\/2025\/03\/Funcions-768x970.jpg 768w\" sizes=\"auto, (max-width: 398px) 100vw, 398px\" \/><\/a><\/p>\n<p>&nbsp;<\/p>\n<p>&nbsp;<\/p>\n<p>&nbsp;<\/p>\n","protected":false},"excerpt":{"rendered":"<p>En esta pr\u00e1ctica se repetir\u00e1 la l\u00f3gica empleada para mostrar la temperatura actual, donde se encuentre la placa microbit, as\u00ed como mostrar\u00e1 la m\u00e1xima temperatura y m\u00ednima temperatura registrada.<br \/>\nLos valores de temperatura:<\/p>\n<ul>\n<li>Actual<\/li>\n<li>M\u00e1xima<\/li>\n<li>M\u00ednima<\/li>\n<\/ul>\n<p><a href=\"https:\/\/agora.xtec.cat\/ceipsesmondolo\/steam\/recursos-steam\/pantalla-oled\/\">se mostrar\u00e1n en la pantalla OLED<\/a>.<br \/>\nRecordem que makecode requiere per manipular la pantalla&hellip;  <a href=\"https:\/\/agora.xtec.cat\/ceipsesmondolo\/steam\/microbit\/sensor-temperatura-vii\/\" title=\"Read Temperatura &#8211; OLED\">Llegeix m\u00e9s\u00bb<\/a><\/p>\n","protected":false},"author":36,"featured_media":0,"parent":8960,"menu_order":36,"comment_status":"closed","ping_status":"closed","template":"page-templates\/side-menu.php","meta":{"_bbp_topic_count":0,"_bbp_reply_count":0,"_bbp_total_topic_count":0,"_bbp_total_reply_count":0,"_bbp_voice_count":0,"_bbp_anonymous_reply_count":0,"_bbp_topic_count_hidden":0,"_bbp_reply_count_hidden":0,"_bbp_forum_subforum_count":0,"footnotes":""},"class_list":["post-10179","page","type-page","status-publish","hentry"],"post_mailing_queue_ids":[],"_links":{"self":[{"href":"https:\/\/agora.xtec.cat\/ceipsesmondolo\/wp-json\/wp\/v2\/pages\/10179","targetHints":{"allow":["GET"]}}],"collection":[{"href":"https:\/\/agora.xtec.cat\/ceipsesmondolo\/wp-json\/wp\/v2\/pages"}],"about":[{"href":"https:\/\/agora.xtec.cat\/ceipsesmondolo\/wp-json\/wp\/v2\/types\/page"}],"author":[{"embeddable":true,"href":"https:\/\/agora.xtec.cat\/ceipsesmondolo\/wp-json\/wp\/v2\/users\/36"}],"replies":[{"embeddable":true,"href":"https:\/\/agora.xtec.cat\/ceipsesmondolo\/wp-json\/wp\/v2\/comments?post=10179"}],"version-history":[{"count":7,"href":"https:\/\/agora.xtec.cat\/ceipsesmondolo\/wp-json\/wp\/v2\/pages\/10179\/revisions"}],"predecessor-version":[{"id":10342,"href":"https:\/\/agora.xtec.cat\/ceipsesmondolo\/wp-json\/wp\/v2\/pages\/10179\/revisions\/10342"}],"up":[{"embeddable":true,"href":"https:\/\/agora.xtec.cat\/ceipsesmondolo\/wp-json\/wp\/v2\/pages\/8960"}],"wp:attachment":[{"href":"https:\/\/agora.xtec.cat\/ceipsesmondolo\/wp-json\/wp\/v2\/media?parent=10179"}],"curies":[{"name":"wp","href":"https:\/\/api.w.org\/{rel}","templated":true}]}}