{"id":10011,"date":"2025-01-16T23:41:31","date_gmt":"2025-01-16T22:41:31","guid":{"rendered":"https:\/\/agora.xtec.cat\/ceipsesmondolo\/?page_id=10011"},"modified":"2025-03-31T23:00:48","modified_gmt":"2025-03-31T21:00:48","slug":"sensor-de-temperatura-v","status":"publish","type":"page","link":"https:\/\/agora.xtec.cat\/ceipsesmondolo\/steam\/microbit\/sensor-de-temperatura-v\/","title":{"rendered":"Temperatura &#8211; Back Log"},"content":{"rendered":"<p>La soluci\u00f3n a la p\u00e9rdida de pulsaciones de los botones A i\/o B de la pr\u00e1ctica anterior<\/p>\n<p><a href=\"https:\/\/agora.xtec.cat\/ceipsesmondolo\/wp-content\/uploads\/usu311\/2025\/01\/CompletoConFuncion.png\"><img loading=\"lazy\" decoding=\"async\" class=\"alignnone size-large wp-image-10006\" src=\"https:\/\/agora.xtec.cat\/ceipsesmondolo\/wp-content\/uploads\/usu311\/2025\/01\/CompletoConFuncion-1024x847.png\" alt=\"\" width=\"1024\" height=\"847\" srcset=\"https:\/\/agora.xtec.cat\/ceipsesmondolo\/wp-content\/uploads\/usu311\/2025\/01\/CompletoConFuncion-1024x847.png 1024w, https:\/\/agora.xtec.cat\/ceipsesmondolo\/wp-content\/uploads\/usu311\/2025\/01\/CompletoConFuncion-300x248.png 300w, https:\/\/agora.xtec.cat\/ceipsesmondolo\/wp-content\/uploads\/usu311\/2025\/01\/CompletoConFuncion-768x635.png 768w, https:\/\/agora.xtec.cat\/ceipsesmondolo\/wp-content\/uploads\/usu311\/2025\/01\/CompletoConFuncion.png 1194w\" sizes=\"auto, (max-width: 1024px) 100vw, 1024px\" \/><\/a><\/p>\n<p>Puede ser reducida en instrucciones si decidimos que al apretar el bot\u00f3n A o B siempre ponga la tarea de mostrar temperatura m\u00e1xima o m\u00ednima en el backlog:<\/p>\n<p><a href=\"https:\/\/agora.xtec.cat\/ceipsesmondolo\/wp-content\/uploads\/usu311\/2025\/01\/fullbacklog.png\"><img loading=\"lazy\" decoding=\"async\" class=\"alignnone size-large wp-image-10014\" src=\"https:\/\/agora.xtec.cat\/ceipsesmondolo\/wp-content\/uploads\/usu311\/2025\/01\/fullbacklog-1024x762.png\" alt=\"\" width=\"1024\" height=\"762\" srcset=\"https:\/\/agora.xtec.cat\/ceipsesmondolo\/wp-content\/uploads\/usu311\/2025\/01\/fullbacklog-1024x762.png 1024w, https:\/\/agora.xtec.cat\/ceipsesmondolo\/wp-content\/uploads\/usu311\/2025\/01\/fullbacklog-300x223.png 300w, https:\/\/agora.xtec.cat\/ceipsesmondolo\/wp-content\/uploads\/usu311\/2025\/01\/fullbacklog-768x572.png 768w, https:\/\/agora.xtec.cat\/ceipsesmondolo\/wp-content\/uploads\/usu311\/2025\/01\/fullbacklog-200x150.png 200w, https:\/\/agora.xtec.cat\/ceipsesmondolo\/wp-content\/uploads\/usu311\/2025\/01\/fullbacklog.png 1153w\" sizes=\"auto, (max-width: 1024px) 100vw, 1024px\" \/><\/a><\/p>\n","protected":false},"excerpt":{"rendered":"<p>La soluci\u00f3n a la p\u00e9rdida de pulsaciones de los botones A i\/o B de la pr\u00e1ctica anterior<br \/>\n<a href=\"https:\/\/agora.xtec.cat\/ceipsesmondolo\/wp-content\/uploads\/usu311\/2025\/01\/CompletoConFuncion.png\"><\/a><br \/>\nPuede ser reducida en instrucciones si decidimos que al apretar el bot\u00f3n A o B siempre ponga la tarea de mostrar temperatura m\u00e1xima o m\u00ednima en el backlog:<br \/>\n<a&hellip;  <a href=\"https:\/\/agora.xtec.cat\/ceipsesmondolo\/steam\/microbit\/sensor-de-temperatura-v\/\" title=\"Read Temperatura &#8211; Back Log\">Llegeix m\u00e9s\u00bb<\/a><\/p>\n","protected":false},"author":36,"featured_media":0,"parent":8960,"menu_order":34,"comment_status":"closed","ping_status":"closed","template":"page-templates\/side-menu.php","meta":{"_bbp_topic_count":0,"_bbp_reply_count":0,"_bbp_total_topic_count":0,"_bbp_total_reply_count":0,"_bbp_voice_count":0,"_bbp_anonymous_reply_count":0,"_bbp_topic_count_hidden":0,"_bbp_reply_count_hidden":0,"_bbp_forum_subforum_count":0,"footnotes":""},"class_list":["post-10011","page","type-page","status-publish","hentry"],"post_mailing_queue_ids":[],"_links":{"self":[{"href":"https:\/\/agora.xtec.cat\/ceipsesmondolo\/wp-json\/wp\/v2\/pages\/10011","targetHints":{"allow":["GET"]}}],"collection":[{"href":"https:\/\/agora.xtec.cat\/ceipsesmondolo\/wp-json\/wp\/v2\/pages"}],"about":[{"href":"https:\/\/agora.xtec.cat\/ceipsesmondolo\/wp-json\/wp\/v2\/types\/page"}],"author":[{"embeddable":true,"href":"https:\/\/agora.xtec.cat\/ceipsesmondolo\/wp-json\/wp\/v2\/users\/36"}],"replies":[{"embeddable":true,"href":"https:\/\/agora.xtec.cat\/ceipsesmondolo\/wp-json\/wp\/v2\/comments?post=10011"}],"version-history":[{"count":4,"href":"https:\/\/agora.xtec.cat\/ceipsesmondolo\/wp-json\/wp\/v2\/pages\/10011\/revisions"}],"predecessor-version":[{"id":10197,"href":"https:\/\/agora.xtec.cat\/ceipsesmondolo\/wp-json\/wp\/v2\/pages\/10011\/revisions\/10197"}],"up":[{"embeddable":true,"href":"https:\/\/agora.xtec.cat\/ceipsesmondolo\/wp-json\/wp\/v2\/pages\/8960"}],"wp:attachment":[{"href":"https:\/\/agora.xtec.cat\/ceipsesmondolo\/wp-json\/wp\/v2\/media?parent=10011"}],"curies":[{"name":"wp","href":"https:\/\/api.w.org\/{rel}","templated":true}]}}