{"id":920,"date":"2019-12-04T12:02:04","date_gmt":"2019-12-04T11:02:04","guid":{"rendered":"http:\/\/agora.xtec.cat\/ceipserraparera\/?page_id=920"},"modified":"2019-12-04T12:02:54","modified_gmt":"2019-12-04T11:02:54","slug":"tallers-de-cicle-mitja","status":"publish","type":"page","link":"https:\/\/agora.xtec.cat\/ceipserraparera\/projecte-educatiu\/tallers-de-cicle-mitja\/","title":{"rendered":"Tallers de cicle mitj\u00e0"},"content":{"rendered":"<p>A cicle mitj\u00e0 desenvolupem tallers d&#8217;aprenentatge.<\/p>\n<p>Entenem aquests tallers com un moment educatiu en qu\u00e8 aprofundim en aspectes com:<\/p>\n<ul>\n<li>relacions socials entre alumnes de diferents grups-classe<\/li>\n<li>treball a partir de reptes d&#8217;aprenentatges<\/li>\n<li>treball contextualitzat<\/li>\n<li>abracem diversos \u00e0mbits de coneixement: ling\u00fc\u00edstic, matem\u00e0tic, tecnol\u00f2gic, art\u00edstic, de medi,&#8230;<\/li>\n<li>el mestre acompanya el proc\u00e9s de resoluci\u00f3 del repte<\/li>\n<\/ul>\n<p>Aquest curs hem iniciat amb 5 tallers<\/p>\n<table>\n<tbody>\n<tr>\n<td><strong>Juguem amb les Mates<\/strong><\/td>\n<td><strong>Let&#8217;s play<\/strong><\/td>\n<td><strong>Experimentem<\/strong><\/td>\n<\/tr>\n<tr>\n<td><a href=\"https:\/\/agora.xtec.cat\/ceipserraparera\/wp-content\/uploads\/usu207\/2019\/12\/IMG_20191021_121408.jpg\"><img loading=\"lazy\" decoding=\"async\" class=\"alignnone wp-image-923\" src=\"https:\/\/agora.xtec.cat\/ceipserraparera\/wp-content\/uploads\/usu207\/2019\/12\/IMG_20191021_121408-1024x768.jpg\" alt=\"\" width=\"412\" height=\"309\" srcset=\"https:\/\/agora.xtec.cat\/ceipserraparera\/wp-content\/uploads\/usu207\/2019\/12\/IMG_20191021_121408-1024x768.jpg 1024w, https:\/\/agora.xtec.cat\/ceipserraparera\/wp-content\/uploads\/usu207\/2019\/12\/IMG_20191021_121408-300x225.jpg 300w, https:\/\/agora.xtec.cat\/ceipserraparera\/wp-content\/uploads\/usu207\/2019\/12\/IMG_20191021_121408-768x576.jpg 768w, https:\/\/agora.xtec.cat\/ceipserraparera\/wp-content\/uploads\/usu207\/2019\/12\/IMG_20191021_121408-200x150.jpg 200w\" sizes=\"auto, (max-width: 412px) 100vw, 412px\" \/><\/a><\/td>\n<td><a href=\"https:\/\/agora.xtec.cat\/ceipserraparera\/wp-content\/uploads\/usu207\/2019\/12\/IMG_9839.jpg\"><img loading=\"lazy\" decoding=\"async\" class=\"alignnone wp-image-922\" src=\"https:\/\/agora.xtec.cat\/ceipserraparera\/wp-content\/uploads\/usu207\/2019\/12\/IMG_9839-1024x676.jpg\" alt=\"\" width=\"447\" height=\"295\" srcset=\"https:\/\/agora.xtec.cat\/ceipserraparera\/wp-content\/uploads\/usu207\/2019\/12\/IMG_9839-1024x676.jpg 1024w, https:\/\/agora.xtec.cat\/ceipserraparera\/wp-content\/uploads\/usu207\/2019\/12\/IMG_9839-300x198.jpg 300w, https:\/\/agora.xtec.cat\/ceipserraparera\/wp-content\/uploads\/usu207\/2019\/12\/IMG_9839-768x507.jpg 768w\" sizes=\"auto, (max-width: 447px) 100vw, 447px\" \/><\/a><\/td>\n<td><a href=\"https:\/\/agora.xtec.cat\/ceipserraparera\/wp-content\/uploads\/usu207\/2019\/12\/IMG_2197.jpg\"><img loading=\"lazy\" decoding=\"async\" class=\"alignnone wp-image-925\" src=\"https:\/\/agora.xtec.cat\/ceipserraparera\/wp-content\/uploads\/usu207\/2019\/12\/IMG_2197-1024x768.jpg\" alt=\"\" width=\"382\" height=\"287\" srcset=\"https:\/\/agora.xtec.cat\/ceipserraparera\/wp-content\/uploads\/usu207\/2019\/12\/IMG_2197-1024x768.jpg 1024w, https:\/\/agora.xtec.cat\/ceipserraparera\/wp-content\/uploads\/usu207\/2019\/12\/IMG_2197-300x225.jpg 300w, https:\/\/agora.xtec.cat\/ceipserraparera\/wp-content\/uploads\/usu207\/2019\/12\/IMG_2197-768x576.jpg 768w, https:\/\/agora.xtec.cat\/ceipserraparera\/wp-content\/uploads\/usu207\/2019\/12\/IMG_2197-200x150.jpg 200w, https:\/\/agora.xtec.cat\/ceipserraparera\/wp-content\/uploads\/usu207\/2019\/12\/IMG_2197.jpg 1210w\" sizes=\"auto, (max-width: 382px) 100vw, 382px\" \/><\/a><\/td>\n<\/tr>\n<\/tbody>\n<\/table>\n<table>\n<tbody>\n<tr>\n<td><strong>Rob\u00f2tica<\/strong><\/td>\n<td><strong>Tus ets el poeta!<\/strong><\/td>\n<\/tr>\n<tr>\n<td><a href=\"https:\/\/agora.xtec.cat\/ceipserraparera\/wp-content\/uploads\/usu207\/2019\/12\/20191120_152944_HDR.jpg\"><img loading=\"lazy\" decoding=\"async\" class=\"alignnone wp-image-921\" src=\"https:\/\/agora.xtec.cat\/ceipserraparera\/wp-content\/uploads\/usu207\/2019\/12\/20191120_152944_HDR-1024x576.jpg\" alt=\"\" width=\"464\" height=\"261\" srcset=\"https:\/\/agora.xtec.cat\/ceipserraparera\/wp-content\/uploads\/usu207\/2019\/12\/20191120_152944_HDR-1024x576.jpg 1024w, https:\/\/agora.xtec.cat\/ceipserraparera\/wp-content\/uploads\/usu207\/2019\/12\/20191120_152944_HDR-300x169.jpg 300w, https:\/\/agora.xtec.cat\/ceipserraparera\/wp-content\/uploads\/usu207\/2019\/12\/20191120_152944_HDR-768x432.jpg 768w\" sizes=\"auto, (max-width: 464px) 100vw, 464px\" \/><\/a><\/td>\n<td><a href=\"https:\/\/agora.xtec.cat\/ceipserraparera\/wp-content\/uploads\/usu207\/2019\/12\/IMG_20191104_122724.jpg\"><img loading=\"lazy\" decoding=\"async\" class=\" wp-image-924\" src=\"https:\/\/agora.xtec.cat\/ceipserraparera\/wp-content\/uploads\/usu207\/2019\/12\/IMG_20191104_122724-1024x768.jpg\" alt=\"\" width=\"441\" height=\"331\" srcset=\"https:\/\/agora.xtec.cat\/ceipserraparera\/wp-content\/uploads\/usu207\/2019\/12\/IMG_20191104_122724-1024x768.jpg 1024w, https:\/\/agora.xtec.cat\/ceipserraparera\/wp-content\/uploads\/usu207\/2019\/12\/IMG_20191104_122724-300x225.jpg 300w, https:\/\/agora.xtec.cat\/ceipserraparera\/wp-content\/uploads\/usu207\/2019\/12\/IMG_20191104_122724-768x576.jpg 768w, https:\/\/agora.xtec.cat\/ceipserraparera\/wp-content\/uploads\/usu207\/2019\/12\/IMG_20191104_122724-200x150.jpg 200w\" sizes=\"auto, (max-width: 441px) 100vw, 441px\" \/><\/a><\/td>\n<\/tr>\n<\/tbody>\n<\/table>\n","protected":false},"excerpt":{"rendered":"<p>A cicle mitj\u00e0 desenvolupem tallers d&#8217;aprenentatge.<br \/>\nEntenem aquests tallers com un moment educatiu en qu\u00e8 aprofundim en aspectes com:<\/p>\n<ul>\n<li>relacions socials entre alumnes de diferents grups-classe<\/li>\n<li>treball a partir de reptes d&#8217;aprenentatges<\/li>\n<li>treball contextualitzat<\/li>\n<li>abracem diversos \u00e0mbits de coneixement: ling\u00fc\u00edstic, matem\u00e0tic, tecnol\u00f2gic, art\u00edstic, de medi,&#8230;<\/li>\n<li>el mestre acompanya el proc\u00e9s de&hellip;  <a href=\"https:\/\/agora.xtec.cat\/ceipserraparera\/projecte-educatiu\/tallers-de-cicle-mitja\/\" title=\"Read Tallers de cicle mitj\u00e0\">Llegeix m\u00e9s\u00bb<\/a><br \/>\n","protected":false},"author":1,"featured_media":0,"parent":64,"menu_order":10,"comment_status":"closed","ping_status":"closed","template":"","meta":{"_bbp_topic_count":0,"_bbp_reply_count":0,"_bbp_total_topic_count":0,"_bbp_total_reply_count":0,"_bbp_voice_count":0,"_bbp_anonymous_reply_count":0,"_bbp_topic_count_hidden":0,"_bbp_reply_count_hidden":0,"_bbp_forum_subforum_count":0,"footnotes":""},"class_list":["post-920","page","type-page","status-publish","hentry"],"post_mailing_queue_ids":[],"_links":{"self":[{"href":"https:\/\/agora.xtec.cat\/ceipserraparera\/wp-json\/wp\/v2\/pages\/920","targetHints":{"allow":["GET"]}}],"collection":[{"href":"https:\/\/agora.xtec.cat\/ceipserraparera\/wp-json\/wp\/v2\/pages"}],"about":[{"href":"https:\/\/agora.xtec.cat\/ceipserraparera\/wp-json\/wp\/v2\/types\/page"}],"author":[{"embeddable":true,"href":"https:\/\/agora.xtec.cat\/ceipserraparera\/wp-json\/wp\/v2\/users\/1"}],"replies":[{"embeddable":true,"href":"https:\/\/agora.xtec.cat\/ceipserraparera\/wp-json\/wp\/v2\/comments?post=920"}],"version-history":[{"count":1,"href":"https:\/\/agora.xtec.cat\/ceipserraparera\/wp-json\/wp\/v2\/pages\/920\/revisions"}],"predecessor-version":[{"id":926,"href":"https:\/\/agora.xtec.cat\/ceipserraparera\/wp-json\/wp\/v2\/pages\/920\/revisions\/926"}],"up":[{"embeddable":true,"href":"https:\/\/agora.xtec.cat\/ceipserraparera\/wp-json\/wp\/v2\/pages\/64"}],"wp:attachment":[{"href":"https:\/\/agora.xtec.cat\/ceipserraparera\/wp-json\/wp\/v2\/media?parent=920"}],"curies":[{"name":"wp","href":"https:\/\/api.w.org\/{rel}","templated":true}]}}