{"id":87,"date":"2014-09-18T14:28:12","date_gmt":"2014-09-18T14:28:12","guid":{"rendered":"http:\/\/agora.xtec.cat\/ceipserraparera\/?page_id=87"},"modified":"2018-10-26T15:57:45","modified_gmt":"2018-10-26T13:57:45","slug":"nivells","status":"publish","type":"page","link":"https:\/\/agora.xtec.cat\/ceipserraparera\/nivells\/","title":{"rendered":"Nivells"},"content":{"rendered":"<p>L&#8217;escola t\u00e9 2 l\u00ednies des de EI3 fins a 6\u00e9 menys al curs de segon que nom\u00e9s hi ha una l\u00ednia. Es pot accedir a les not\u00edcies de cada nivell, seleccionant-lo al men\u00fa.<\/p>\n","protected":false},"excerpt":{"rendered":"<p>L&#8217;escola t\u00e9 2 l\u00ednies des de EI3 fins a 6\u00e9 menys al curs de segon que nom\u00e9s hi ha una l\u00ednia. Es pot accedir a les not\u00edcies de cada nivell, seleccionant-lo al men\u00fa.<\/p>\n","protected":false},"author":2,"featured_media":0,"parent":0,"menu_order":0,"comment_status":"closed","ping_status":"closed","template":"page-templates\/side-menu.php","meta":{"_bbp_topic_count":0,"_bbp_reply_count":0,"_bbp_total_topic_count":0,"_bbp_total_reply_count":0,"_bbp_voice_count":0,"_bbp_anonymous_reply_count":0,"_bbp_topic_count_hidden":0,"_bbp_reply_count_hidden":0,"_bbp_forum_subforum_count":0,"footnotes":""},"class_list":["post-87","page","type-page","status-publish","hentry"],"post_mailing_queue_ids":[],"_links":{"self":[{"href":"https:\/\/agora.xtec.cat\/ceipserraparera\/wp-json\/wp\/v2\/pages\/87","targetHints":{"allow":["GET"]}}],"collection":[{"href":"https:\/\/agora.xtec.cat\/ceipserraparera\/wp-json\/wp\/v2\/pages"}],"about":[{"href":"https:\/\/agora.xtec.cat\/ceipserraparera\/wp-json\/wp\/v2\/types\/page"}],"author":[{"embeddable":true,"href":"https:\/\/agora.xtec.cat\/ceipserraparera\/wp-json\/wp\/v2\/users\/2"}],"replies":[{"embeddable":true,"href":"https:\/\/agora.xtec.cat\/ceipserraparera\/wp-json\/wp\/v2\/comments?post=87"}],"version-history":[{"count":3,"href":"https:\/\/agora.xtec.cat\/ceipserraparera\/wp-json\/wp\/v2\/pages\/87\/revisions"}],"predecessor-version":[{"id":402,"href":"https:\/\/agora.xtec.cat\/ceipserraparera\/wp-json\/wp\/v2\/pages\/87\/revisions\/402"}],"wp:attachment":[{"href":"https:\/\/agora.xtec.cat\/ceipserraparera\/wp-json\/wp\/v2\/media?parent=87"}],"curies":[{"name":"wp","href":"https:\/\/api.w.org\/{rel}","templated":true}]}}