{"id":84,"date":"2014-09-18T14:11:31","date_gmt":"2014-09-18T14:11:31","guid":{"rendered":"http:\/\/agora.xtec.cat\/ceipserraparera\/?page_id=84"},"modified":"2025-12-19T10:57:40","modified_gmt":"2025-12-19T09:57:40","slug":"activitats-extraescolars","status":"publish","type":"page","link":"https:\/\/agora.xtec.cat\/ceipserraparera\/serveis\/activitats-extraescolars\/","title":{"rendered":"Activitats extraescolars"},"content":{"rendered":"<p>Les activitats extraescolars estan organitzades per l\u2019AFA de l\u2019escola a trav\u00e9s de la gesti\u00f3 de l\u2019empresa DAYANIS GUERRA CARBALLOSO. Aquestes activitats sempre guarden relaci\u00f3 amb el projecte educatiu de centre i s\u00f3n aprovades pel Consell Escolar.<\/p>\n<p>Entre les activitats que s&#8217;ofereixen n&#8217;hi ha de caire esportiu, ling\u00fc\u00edstic, l\u00fadic o relacionades emb els aprenentatges:<\/p>\n<ul>\n<li>Futbol<\/li>\n<li>Patinatge<\/li>\n<li>Gimn\u00e0stica r\u00edtmica<\/li>\n<li>Angl\u00e8s<\/li>\n<li>Judo<\/li>\n<li>Hip-hop<\/li>\n<li>Espai d&#8217;estudi<\/li>\n<\/ul>\n<p><strong>ACTIVITATS CURS 2025-2026:<\/strong><\/p>\n<p><a href=\"https:\/\/agora.xtec.cat\/ceipserraparera\/wp-content\/uploads\/usu207\/2025\/07\/temporada-25-26-escola-serraparera-3.pdf\">Curs 2025-2026 Serraparera<\/a><\/p>\n<p>L\u2019AFA Serraparera rep una subvenci\u00f3 per donar suport a les activitats esportives, gr\u00e0cies a l\u2019ajuntament de Cerdanyola.<\/p>\n<p><a href=\"https:\/\/agora.xtec.cat\/ceipserraparera\/wp-content\/uploads\/usu207\/2025\/12\/ajunatment-cerdanyola.png\"><img loading=\"lazy\" decoding=\"async\" class=\"alignnone  wp-image-3712\" src=\"https:\/\/agora.xtec.cat\/ceipserraparera\/wp-content\/uploads\/usu207\/2025\/12\/ajunatment-cerdanyola.png\" alt=\"\" width=\"189\" height=\"147\" \/><\/a><\/p>\n<p>&nbsp;<\/p>\n","protected":false},"excerpt":{"rendered":"<p>Les activitats extraescolars estan organitzades per l\u2019AFA de l\u2019escola a trav\u00e9s de la gesti\u00f3 de l\u2019empresa DAYANIS GUERRA CARBALLOSO. Aquestes activitats sempre guarden relaci\u00f3 amb el projecte educatiu de centre i s\u00f3n aprovades pel Consell Escolar.<br \/>\nEntre les activitats que s&#8217;ofereixen n&#8217;hi ha de caire esportiu,&hellip;  <a href=\"https:\/\/agora.xtec.cat\/ceipserraparera\/serveis\/activitats-extraescolars\/\" title=\"Read Activitats extraescolars\">Llegeix m\u00e9s\u00bb<\/a><\/p>\n","protected":false},"author":2,"featured_media":0,"parent":66,"menu_order":60,"comment_status":"closed","ping_status":"closed","template":"page-templates\/side-menu.php","meta":{"_bbp_topic_count":0,"_bbp_reply_count":0,"_bbp_total_topic_count":0,"_bbp_total_reply_count":0,"_bbp_voice_count":0,"_bbp_anonymous_reply_count":0,"_bbp_topic_count_hidden":0,"_bbp_reply_count_hidden":0,"_bbp_forum_subforum_count":0,"footnotes":""},"class_list":["post-84","page","type-page","status-publish","hentry"],"post_mailing_queue_ids":[],"_links":{"self":[{"href":"https:\/\/agora.xtec.cat\/ceipserraparera\/wp-json\/wp\/v2\/pages\/84","targetHints":{"allow":["GET"]}}],"collection":[{"href":"https:\/\/agora.xtec.cat\/ceipserraparera\/wp-json\/wp\/v2\/pages"}],"about":[{"href":"https:\/\/agora.xtec.cat\/ceipserraparera\/wp-json\/wp\/v2\/types\/page"}],"author":[{"embeddable":true,"href":"https:\/\/agora.xtec.cat\/ceipserraparera\/wp-json\/wp\/v2\/users\/2"}],"replies":[{"embeddable":true,"href":"https:\/\/agora.xtec.cat\/ceipserraparera\/wp-json\/wp\/v2\/comments?post=84"}],"version-history":[{"count":6,"href":"https:\/\/agora.xtec.cat\/ceipserraparera\/wp-json\/wp\/v2\/pages\/84\/revisions"}],"predecessor-version":[{"id":3715,"href":"https:\/\/agora.xtec.cat\/ceipserraparera\/wp-json\/wp\/v2\/pages\/84\/revisions\/3715"}],"up":[{"embeddable":true,"href":"https:\/\/agora.xtec.cat\/ceipserraparera\/wp-json\/wp\/v2\/pages\/66"}],"wp:attachment":[{"href":"https:\/\/agora.xtec.cat\/ceipserraparera\/wp-json\/wp\/v2\/media?parent=84"}],"curies":[{"name":"wp","href":"https:\/\/api.w.org\/{rel}","templated":true}]}}