{"id":77,"date":"2014-09-18T14:05:08","date_gmt":"2014-09-18T14:05:08","guid":{"rendered":"http:\/\/agora.xtec.cat\/ceipserraparera\/?page_id=77"},"modified":"2025-09-16T16:20:17","modified_gmt":"2025-09-16T14:20:17","slug":"acollida","status":"publish","type":"page","link":"https:\/\/agora.xtec.cat\/ceipserraparera\/serveis\/acollida\/","title":{"rendered":"Acollida"},"content":{"rendered":"<p>El servei est\u00e0 gestionat per l\u2019AMPA .<\/p>\n<ul>\n<li>Horari del mat\u00ed de 8:00 a 9:00 h.<\/li>\n<li>Horari de tarda: de 16:30 a 17:30h.<\/li>\n<\/ul>\n<p><strong>Funcionament:<\/strong><\/p>\n<p>Podeu contactar directament amb l\u2019AFA o be fer la inscripci\u00f3 en el moment de la utilitzaci\u00f3 del servei. La persona encarregada \u00e9s la Loli Delgado.<\/p>\n<p>Es pot utilitzar durant tot el curs o b\u00e9 en dies espor\u00e0dics.<\/p>\n<p>L\u2019activitat del canguratge, tant el del mat\u00ed com el de la tarda, s\u2019inicia el primer dia de curs i acaba l\u2019\u00faltim.<\/p>\n<p><strong>Preu<\/strong>:<\/p>\n<p>Usuaris fixes 5 dies\/setmana: 40\u20ac\/mes<\/p>\n<p>Usuaris espor\u00e0dics: 3\u20ac\/dia.<\/p>\n","protected":false},"excerpt":{"rendered":"<p>El servei est\u00e0 gestionat per l\u2019AMPA .<\/p>\n<ul>\n<li>Horari del mat\u00ed de 8:00 a 9:00 h.<\/li>\n<li>Horari de tarda: de 16:30 a 17:30h.<\/li>\n<\/ul>\n<p>Funcionament:<br \/>\nPodeu contactar directament amb l\u2019AFA o be fer la inscripci\u00f3 en el moment de la utilitzaci\u00f3 del servei. La persona encarregada \u00e9s la Loli Delgado.<br \/>\nEs pot&hellip;  <a href=\"https:\/\/agora.xtec.cat\/ceipserraparera\/serveis\/acollida\/\" title=\"Read Acollida\">Llegeix m\u00e9s\u00bb<\/a><\/p>\n","protected":false},"author":2,"featured_media":0,"parent":66,"menu_order":20,"comment_status":"closed","ping_status":"closed","template":"page-templates\/side-menu.php","meta":{"_bbp_topic_count":0,"_bbp_reply_count":0,"_bbp_total_topic_count":0,"_bbp_total_reply_count":0,"_bbp_voice_count":0,"_bbp_anonymous_reply_count":0,"_bbp_topic_count_hidden":0,"_bbp_reply_count_hidden":0,"_bbp_forum_subforum_count":0,"footnotes":""},"class_list":["post-77","page","type-page","status-publish","hentry"],"post_mailing_queue_ids":[],"_links":{"self":[{"href":"https:\/\/agora.xtec.cat\/ceipserraparera\/wp-json\/wp\/v2\/pages\/77","targetHints":{"allow":["GET"]}}],"collection":[{"href":"https:\/\/agora.xtec.cat\/ceipserraparera\/wp-json\/wp\/v2\/pages"}],"about":[{"href":"https:\/\/agora.xtec.cat\/ceipserraparera\/wp-json\/wp\/v2\/types\/page"}],"author":[{"embeddable":true,"href":"https:\/\/agora.xtec.cat\/ceipserraparera\/wp-json\/wp\/v2\/users\/2"}],"replies":[{"embeddable":true,"href":"https:\/\/agora.xtec.cat\/ceipserraparera\/wp-json\/wp\/v2\/comments?post=77"}],"version-history":[{"count":6,"href":"https:\/\/agora.xtec.cat\/ceipserraparera\/wp-json\/wp\/v2\/pages\/77\/revisions"}],"predecessor-version":[{"id":3709,"href":"https:\/\/agora.xtec.cat\/ceipserraparera\/wp-json\/wp\/v2\/pages\/77\/revisions\/3709"}],"up":[{"embeddable":true,"href":"https:\/\/agora.xtec.cat\/ceipserraparera\/wp-json\/wp\/v2\/pages\/66"}],"wp:attachment":[{"href":"https:\/\/agora.xtec.cat\/ceipserraparera\/wp-json\/wp\/v2\/media?parent=77"}],"curies":[{"name":"wp","href":"https:\/\/api.w.org\/{rel}","templated":true}]}}